{"id":1229,"date":"2019-04-23T15:08:40","date_gmt":"2019-04-23T13:08:40","guid":{"rendered":"https:\/\/kwf-hilger.com\/?page_id=1229"},"modified":"2020-07-15T15:08:10","modified_gmt":"2020-07-15T13:08:10","slug":"startseite","status":"publish","type":"page","link":"https:\/\/kwf-hilger.com\/de\/","title":{"rendered":"Startseite"},"content":{"rendered":"<div class=\"wpb-content-wrapper\">[mk_page_section bg_image=&#8220;https:\/\/kwf-hilger.com\/wp-content\/uploads\/2019\/04\/helligkeit_kontrast-1-kopie.jpg&#8220; bg_position=&#8220;center center&#8220; bg_repeat=&#8220;no-repeat&#8220; bg_stretch=&#8220;true&#8220; speed_factor=&#8220;0.4&#8243; min_height=&#8220;300&#8243; full_width=&#8220;true&#8220; js_vertical_centered=&#8220;true&#8220; padding_top=&#8220;0&#8243; padding_bottom=&#8220;0&#8243; sidebar=&#8220;sidebar-1&#8243;][vc_column][vc_single_image image=&#8220;1179&#8243; img_size=&#8220;full&#8220; alignment=&#8220;center&#8220;][vc_separator color=&#8220;white&#8220; el_width=&#8220;40&#8243;][vc_column_text css=&#8220;.vc_custom_1566892668049{margin-bottom: 0px !important;}&#8220;]\n<p style=\"text-align: center;\"><span style=\"color: #ffffff;\">DIE KALANDERWALZENFABRIK HILGER GMBH &amp; CO. KG \u2022 DIE DEUTSCHE KALANDERWALZENFABRIK<\/span><\/p>\n[\/vc_column_text][\/vc_column][\/mk_page_section][mk_page_section bg_image=&#8220;https:\/\/kwf-hilger.com\/wp-content\/uploads\/2019\/04\/hintergrund_logo.png&#8220; bg_position=&#8220;right center&#8220; video_color_mask=&#8220;#ffffff&#8220; video_opacity=&#8220;0.7&#8243; min_height=&#8220;0&#8243; padding_top=&#8220;0&#8243; padding_bottom=&#8220;0&#8243; sidebar=&#8220;sidebar-1&#8243;][vc_column][mk_padding_divider size=&#8220;60&#8243;][vc_column_text css=&#8220;.vc_custom_1569486358342{margin-bottom: 0px !important;}&#8220;]\n<p style=\"color: #00005e; text-align: justify !important;\"><span style=\"color: #00005e;\">Die <strong>KWF Hilger GmbH &amp; Co. KG<\/strong> ist ein weltweit f\u00fchrender Anbieter von hochwertigen Kalanderwalzen f\u00fcr die Papier-, Pr\u00e4ge- und Textilindustrie. Unsere Kunstfertigkeit und Pr\u00e4zision, verbunden mit unserem Wunsch nach Innovation, haben es uns erm\u00f6glicht, die f\u00fchrenden Papier- und Textilunternehmen sowie die Kalanderhersteller auf der ganzen Welt anzuziehen und zu halten.<br \/>\nUm unser Produktportfolio zu erweitern, haben die KWF Hilger und <strong>Richard Hough Ltd.<\/strong> Ende 2018 einen Technologietransfervertrag abgeschlossen. Dies hat es uns erm\u00f6glicht, unser Produktangebot auf die <strong>Automobilindustrie<\/strong> sowie auf die Herstellung von <strong>Vliesstoffwalzen f\u00fcr die Metallveredelung<\/strong> auszuweiten. RHLs f\u00fchrendes technisches Personal ist nun in der KWF-Werkstatt in Deutschland besch\u00e4ftigt und Herr Anthony Ashton ber\u00e4t.<br \/>\n<strong>Roberto\u2122<\/strong>, <strong>Robertex\u2122<\/strong>, <strong>Nollap\u2122<\/strong>, <strong>Super Elastic\u2122<\/strong>, <strong>Syncast\u2122<\/strong> und <strong>Simtex\u2122<\/strong> sind nun Teil unseres Produktportfolios. KWF-Walzen stehen seit jeher f\u00fcr Qualit\u00e4t und Langlebigkeit und haben sich auch in rauesten Produktionsumgebungen bew\u00e4hrt. Unsere langfristigen Kundenbeziehungen sind ein echter Beweis f\u00fcr unseren konstant hohen Arbeitsstandard.<br \/>\n.<\/span><\/p>\n[\/vc_column_text][mk_padding_divider][vc_column_text css=&#8220;.vc_custom_1566892819792{margin-bottom: 0px !important;}&#8220;]\n<h2 style=\"text-align: center;\"><span style=\"color: #00005e;\">Produkte<\/span><\/h2>\n[\/vc_column_text][vc_separator color=&#8220;custom&#8220; border_width=&#8220;2&#8243; accent_color=&#8220;#00005e&#8220;][mk_padding_divider size=&#8220;20&#8243;][vc_row_inner][vc_column_inner width=&#8220;1\/3&#8243;][vc_single_image image=&#8220;1652&#8243; img_size=&#8220;full&#8220; alignment=&#8220;center&#8220; el_class=&#8220;.productimg&#8220;][mk_button dimension=&#8220;outline&#8220; size=&#8220;large&#8220; url=&#8220;\/supercalendering-rolls-for-the-paper-industry\/&#8220; align=&#8220;center&#8220; fullwidth=&#8220;true&#8220; id=&#8220;productmenu&#8220; margin_bottom=&#8220;0&#8243; margin_right=&#8220;0&#8243; outline_skin=&#8220;custom&#8220; outline_active_color=&#8220;#00005e&#8220; outline_active_text_color=&#8220;#ffffff&#8220; outline_hover_bg_color=&#8220;#ffffff&#8220; outline_hover_color=&#8220;#00005e&#8220;]Superkalanderwalzen f\u00fcr die Papierindustrie[\/mk_button][mk_padding_divider visibility=&#8220;visible-sm&#8220;][\/vc_column_inner][vc_column_inner width=&#8220;1\/3&#8243;][vc_single_image image=&#8220;1660&#8243; img_size=&#8220;full&#8220; alignment=&#8220;center&#8220; el_class=&#8220;.productimg&#8220;][mk_button dimension=&#8220;outline&#8220; size=&#8220;large&#8220; url=&#8220;\/embossing-rolls\/&#8220; align=&#8220;center&#8220; fullwidth=&#8220;true&#8220; id=&#8220;productmenu&#8220; margin_bottom=&#8220;0&#8243; margin_right=&#8220;0&#8243; outline_skin=&#8220;custom&#8220; outline_active_color=&#8220;#00005e&#8220; outline_active_text_color=&#8220;#ffffff&#8220; outline_hover_bg_color=&#8220;#ffffff&#8220; outline_hover_color=&#8220;#00005e&#8220;]Pr\u00e4gewalzen[\/mk_button][mk_padding_divider visibility=&#8220;visible-sm&#8220;][\/vc_column_inner][vc_column_inner width=&#8220;1\/3&#8243;][vc_single_image image=&#8220;1650&#8243; img_size=&#8220;full&#8220; alignment=&#8220;center&#8220; el_class=&#8220;.productimg&#8220;][mk_button dimension=&#8220;outline&#8220; size=&#8220;large&#8220; url=&#8220;\/calendering-rolls-for-the-textile-industry\/&#8220; align=&#8220;center&#8220; fullwidth=&#8220;true&#8220; id=&#8220;productmenu&#8220; margin_bottom=&#8220;0&#8243; margin_right=&#8220;0&#8243; outline_skin=&#8220;custom&#8220; outline_active_color=&#8220;#00005e&#8220; outline_active_text_color=&#8220;#ffffff&#8220; outline_hover_bg_color=&#8220;#ffffff&#8220; outline_hover_color=&#8220;#00005e&#8220;]Kalanderwalzen f\u00fcr die Textilindustrie[\/mk_button][mk_padding_divider visibility=&#8220;visible-sm&#8220;][\/vc_column_inner][\/vc_row_inner][mk_padding_divider][vc_row_inner column_padding=&#8220;&#8220;][vc_column_inner width=&#8220;1\/3&#8243;][vc_single_image image=&#8220;1656&#8243; img_size=&#8220;full&#8220; alignment=&#8220;center&#8220; el_class=&#8220;.productimg&#8220;][mk_button dimension=&#8220;outline&#8220; size=&#8220;large&#8220; url=&#8220;\/calendering-rolls-for-the-textile-industry-2\/&#8220; align=&#8220;center&#8220; fullwidth=&#8220;true&#8220; id=&#8220;productmenu&#8220; margin_bottom=&#8220;0&#8243; margin_right=&#8220;0&#8243; outline_skin=&#8220;custom&#8220; outline_active_color=&#8220;#00005e&#8220; outline_active_text_color=&#8220;#ffffff&#8220; outline_hover_bg_color=&#8220;#ffffff&#8220; outline_hover_color=&#8220;#00005e&#8220;]Quetschwalzen f\u00fcr die Textilindustrie[\/mk_button][mk_padding_divider visibility=&#8220;visible-sm&#8220;][\/vc_column_inner][vc_column_inner width=&#8220;1\/3&#8243;][vc_single_image image=&#8220;1990&#8243; img_size=&#8220;full&#8220; alignment=&#8220;center&#8220; el_class=&#8220;.productimg&#8220;][mk_button dimension=&#8220;outline&#8220; size=&#8220;large&#8220; url=&#8220;\/nonwoven-rolls-for-metal-finishing\/&#8220; align=&#8220;center&#8220; fullwidth=&#8220;true&#8220; id=&#8220;productmenu&#8220; margin_bottom=&#8220;0&#8243; margin_right=&#8220;0&#8243; outline_skin=&#8220;custom&#8220; outline_active_color=&#8220;#00005e&#8220; outline_active_text_color=&#8220;#ffffff&#8220; outline_hover_bg_color=&#8220;#ffffff&#8220; outline_hover_color=&#8220;#00005e&#8220;]Vliesstoffwalzen f\u00fcr die Metallveredelung[\/mk_button][mk_padding_divider visibility=&#8220;visible-sm&#8220;][\/vc_column_inner][vc_column_inner width=&#8220;1\/3&#8243;][vc_single_image image=&#8220;1654&#8243; img_size=&#8220;full&#8220; alignment=&#8220;center&#8220; el_class=&#8220;.productimg&#8220;][mk_button dimension=&#8220;outline&#8220; size=&#8220;large&#8220; url=&#8220;\/rollers-for-the-automotive-industry-2\/&#8220; align=&#8220;center&#8220; fullwidth=&#8220;true&#8220; id=&#8220;productmenu&#8220; margin_bottom=&#8220;0&#8243; margin_right=&#8220;0&#8243; outline_skin=&#8220;custom&#8220; outline_active_color=&#8220;#00005e&#8220; outline_active_text_color=&#8220;#ffffff&#8220; outline_hover_bg_color=&#8220;#ffffff&#8220; outline_hover_color=&#8220;#00005e&#8220;]Walzen f\u00fcr die Automobilindustrie[\/mk_button][mk_padding_divider visibility=&#8220;visible-sm&#8220;][\/vc_column_inner][\/vc_row_inner][mk_padding_divider][vc_row_inner column_padding=&#8220;&#8220;][vc_column_inner width=&#8220;1\/3&#8243;][vc_single_image image=&#8220;1657&#8243; img_size=&#8220;full&#8220; alignment=&#8220;center&#8220; el_class=&#8220;.productimg&#8220;][mk_button dimension=&#8220;outline&#8220; size=&#8220;large&#8220; url=&#8220;\/service\/#new&#8220; align=&#8220;center&#8220; fullwidth=&#8220;true&#8220; id=&#8220;productmenu&#8220; margin_bottom=&#8220;0&#8243; margin_right=&#8220;0&#8243; outline_skin=&#8220;custom&#8220; outline_active_color=&#8220;#00005e&#8220; outline_active_text_color=&#8220;#ffffff&#8220; outline_hover_bg_color=&#8220;#ffffff&#8220; outline_hover_color=&#8220;#00005e&#8220;]Herstellung neuer Walzen[\/mk_button][mk_padding_divider visibility=&#8220;visible-sm&#8220;][\/vc_column_inner][vc_column_inner width=&#8220;1\/3&#8243;][vc_single_image image=&#8220;1655&#8243; img_size=&#8220;full&#8220; alignment=&#8220;center&#8220; el_class=&#8220;.productimg&#8220;][mk_button dimension=&#8220;outline&#8220; size=&#8220;large&#8220; url=&#8220;\/service\/#recon&#8220; align=&#8220;center&#8220; fullwidth=&#8220;true&#8220; id=&#8220;productmenu&#8220; margin_bottom=&#8220;0&#8243; margin_right=&#8220;0&#8243; outline_skin=&#8220;custom&#8220; outline_active_color=&#8220;#00005e&#8220; outline_active_text_color=&#8220;#ffffff&#8220; outline_hover_bg_color=&#8220;#ffffff&#8220; outline_hover_color=&#8220;#00005e&#8220;]Walzenaufbereitung[\/mk_button][mk_padding_divider visibility=&#8220;visible-sm&#8220;][\/vc_column_inner][vc_column_inner width=&#8220;1\/3&#8243;][vc_single_image image=&#8220;1658&#8243; img_size=&#8220;full&#8220; alignment=&#8220;center&#8220; el_class=&#8220;.productimg&#8220;][mk_button dimension=&#8220;outline&#8220; size=&#8220;large&#8220; url=&#8220;\/service\/#grind&#8220; align=&#8220;center&#8220; fullwidth=&#8220;true&#8220; id=&#8220;productmenu&#8220; margin_bottom=&#8220;0&#8243; margin_right=&#8220;0&#8243; outline_skin=&#8220;custom&#8220; outline_active_color=&#8220;#00005e&#8220; outline_active_text_color=&#8220;#ffffff&#8220; outline_hover_bg_color=&#8220;#ffffff&#8220; outline_hover_color=&#8220;#00005e&#8220;]Pr\u00e4zisionsschleifen[\/mk_button][mk_padding_divider visibility=&#8220;visible-sm&#8220;][\/vc_column_inner][\/vc_row_inner][mk_padding_divider][mk_padding_divider][mk_padding_divider][\/vc_column][\/mk_page_section][mk_page_section bg_image=&#8220;https:\/\/kwf-hilger.com\/wp-content\/uploads\/2019\/04\/helligkeit_kontrast-1-kopie.jpg&#8220; bg_position=&#8220;right bottom&#8220; bg_repeat=&#8220;no-repeat&#8220; bg_stretch=&#8220;true&#8220; speed_factor=&#8220;0.4&#8243; min_height=&#8220;0&#8243; js_vertical_centered=&#8220;true&#8220; padding_top=&#8220;0&#8243; padding_bottom=&#8220;0&#8243; sidebar=&#8220;sidebar-1&#8243;][vc_column][mk_padding_divider size=&#8220;60&#8243;][vc_column_text css=&#8220;.vc_custom_1567073412333{margin-bottom: 0px !important;}&#8220;]\n<h2 style=\"text-align: center;\"><span style=\"color: #ffffff;\">Innovation SIMTEX\u2122<\/span><\/h2>\n<p style=\"font-size: 23px; text-align: justify;\"><span style=\"color: #ffffff;\"><br \/>\nSimtex\u2122 wurde von RHL und KWF Hilger entwickelt und ist ein neuer Walzenbezug, der zum Kalandrieren von Papier und Textilien sowie zum Hochgeschwindigkeitspr\u00e4gen verwendet wird. Er besteht aus einer speziellen Formulierung von synthetischen Fasern und ist in der Lage, einer maximalen Oberfl\u00e4chentemperatur von 250\u02daCelsius standzuhalten.<br \/>\n<\/span><\/p>\n[\/vc_column_text][mk_padding_divider size=&#8220;20&#8243;][mk_button dimension=&#8220;outline&#8220; size=&#8220;large&#8220; url=&#8220;\/simtex_general\/&#8220; align=&#8220;center&#8220; margin_right=&#8220;0&#8243; el_class=&#8220;einereihe&#8220; outline_skin=&#8220;custom&#8220; outline_active_color=&#8220;#ffffff&#8220; outline_hover_bg_color=&#8220;#ffffff&#8220; outline_hover_color=&#8220;#00005e&#8220;]Weiter zu SIMTEX\u2122[\/mk_button][mk_padding_divider size=&#8220;60&#8243;][\/vc_column][\/mk_page_section]\n<\/div>","protected":false},"excerpt":{"rendered":"<p>[mk_page_section bg_image=&#8220;https:\/\/kwf-hilger.com\/wp-content\/uploads\/2019\/04\/helligkeit_kontrast-1-kopie.jpg&#8220; bg_position=&#8220;center center&#8220; bg_repeat=&#8220;no-repeat&#8220; bg_stretch=&#8220;true&#8220; speed_factor=&#8220;0.4&#8243; min_height=&#8220;300&#8243; full_width=&#8220;true&#8220; js_vertical_centered=&#8220;true&#8220; padding_top=&#8220;0&#8243; padding_bottom=&#8220;0&#8243; sidebar=&#8220;sidebar-1&#8243;][vc_column][vc_single_image image=&#8220;1179&#8243; img_size=&#8220;full&#8220; alignment=&#8220;center&#8220;][vc_separator color=&#8220;white&#8220; el_width=&#8220;40&#8243;][vc_column_text css=&#8220;.vc_custom_1566892668049{margin-bottom: 0px !important;}&#8220;] DIE KALANDERWALZENFABRIK HILGER GMBH &amp; CO. KG \u2022 DIE DEUTSCHE KALANDERWALZENFABRIK [\/vc_column_text][\/vc_column][\/mk_page_section][mk_page_section bg_image=&#8220;https:\/\/kwf-hilger.com\/wp-content\/uploads\/2019\/04\/hintergrund_logo.png&#8220; bg_position=&#8220;right center&#8220; video_color_mask=&#8220;#ffffff&#8220; video_opacity=&#8220;0.7&#8243; min_height=&#8220;0&#8243; padding_top=&#8220;0&#8243; padding_bottom=&#8220;0&#8243; sidebar=&#8220;sidebar-1&#8243;][vc_column][mk_padding_divider size=&#8220;60&#8243;][vc_column_text css=&#8220;.vc_custom_1569486358342{margin-bottom: 0px !important;}&#8220;] Die KWF Hilger GmbH &amp; Co. KG ist ein [&hellip;]<\/p>\n","protected":false},"author":1,"featured_media":0,"parent":0,"menu_order":0,"comment_status":"closed","ping_status":"closed","template":"","meta":{"footnotes":""},"class_list":["post-1229","page","type-page","status-publish","hentry"],"_links":{"self":[{"href":"https:\/\/kwf-hilger.com\/de\/wp-json\/wp\/v2\/pages\/1229","targetHints":{"allow":["GET"]}}],"collection":[{"href":"https:\/\/kwf-hilger.com\/de\/wp-json\/wp\/v2\/pages"}],"about":[{"href":"https:\/\/kwf-hilger.com\/de\/wp-json\/wp\/v2\/types\/page"}],"author":[{"embeddable":true,"href":"https:\/\/kwf-hilger.com\/de\/wp-json\/wp\/v2\/users\/1"}],"replies":[{"embeddable":true,"href":"https:\/\/kwf-hilger.com\/de\/wp-json\/wp\/v2\/comments?post=1229"}],"version-history":[{"count":77,"href":"https:\/\/kwf-hilger.com\/de\/wp-json\/wp\/v2\/pages\/1229\/revisions"}],"predecessor-version":[{"id":2309,"href":"https:\/\/kwf-hilger.com\/de\/wp-json\/wp\/v2\/pages\/1229\/revisions\/2309"}],"wp:attachment":[{"href":"https:\/\/kwf-hilger.com\/de\/wp-json\/wp\/v2\/media?parent=1229"}],"curies":[{"name":"wp","href":"https:\/\/api.w.org\/{rel}","templated":true}]}}