{"id":1528,"date":"2019-06-13T09:21:45","date_gmt":"2019-06-13T07:21:45","guid":{"rendered":"https:\/\/kwf-hilger.com\/?page_id=1528"},"modified":"2019-10-02T13:24:20","modified_gmt":"2019-10-02T11:24:20","slug":"overview","status":"publish","type":"page","link":"https:\/\/kwf-hilger.com\/de\/overview\/","title":{"rendered":"\u00dcberblick"},"content":{"rendered":"[mk_page_section bg_image=&#8220;https:\/\/kwf-hilger.com\/wp-content\/uploads\/2019\/04\/hintergrund_logo.png&#8220; bg_position=&#8220;center center&#8220; video_color_mask=&#8220;#ffffff&#8220; video_opacity=&#8220;0.7&#8243; min_height=&#8220;0&#8243; padding_top=&#8220;0&#8243; padding_bottom=&#8220;0&#8243; sidebar=&#8220;sidebar-1&#8243;][vc_column][mk_padding_divider size=&#8220;60&#8243;][vc_column_text css=&#8220;.vc_custom_1566913931374{margin-bottom: 0px !important;}&#8220;]\n<h2 style=\"text-align: center;\"><span style=\"color: #00005e;\">\u00dcberblick<\/span><\/h2>\n[\/vc_column_text][vc_separator color=&#8220;custom&#8220; border_width=&#8220;2&#8243; accent_color=&#8220;#00005e&#8220;][\/vc_column][vc_column][vc_column_text disable_pattern=&#8220;false&#8220; css=&#8220;.vc_custom_1569485681255{margin-bottom: 0px !important;}&#8220;]\n<p style=\"color: #00005e; text-align: justify !important;\">Das Unternehmen konzentriert sich auf die hochwertige Markt-Nische; jeder seiner Produktionsmitarbeiter verf\u00fcgt \u00fcber mehr als 30 Jahre Erfahrung in der Herstellung von Walzen. F\u00fcr die Herstellung hochwertiger Walzen sind nicht nur die besten verf\u00fcgbaren Materialien erforderlich, sondern auch Pr\u00e4zision und Handwerkskunst, die sich \u00fcber Jahrzehnte hinweg entwickelt haben. Als CEO und Inhaber des Unternehmens bestehe ich darauf, dass keine Kompromisse eingegangen werden, ob es sich um die Sicherung hochwertiger Rohstoffe oder bei sorgf\u00e4ltigen Produktionsprozessen. Jede Walze sehen wir als eine einzigartige Herausforderung an. Unsere Qualit\u00e4tskontrolle ist streng. Wir beliefern die f\u00fchrenden Papier-, Textil- und Automobilunternehmen in Europa, die wiederum in ihren spezifischen M\u00e4rkten die besten Qualit\u00e4tsprodukte herstellen. Diese langj\u00e4hrigen, oft exklusiven Kundenbeziehungen, zusammen mit sehr geringen Kundenbeschwerden, machen uns zum Marktf\u00fchrer auf diesem Gebiet. Wenn Sie einen einzelnen Kunden mit 127 Walzen \u00fcber vier Jahre beliefern und nur eine Reklamation erhalten &#8211; spricht dieses alleine schon f\u00fcr unsere Fertigungsqualit\u00e4t.<\/p>\n[\/vc_column_text][\/vc_column][vc_column width=&#8220;1\/3&#8243;][mk_image src=&#8220;https:\/\/kwf-hilger.com\/wp-content\/uploads\/2019\/03\/presse.png&#8220; image_size=&#8220;large&#8220; lightbox=&#8220;true&#8220; align=&#8220;center&#8220; el_class=&#8220;letterhough&#8220;][mk_padding_divider size=&#8220;60&#8243;][\/vc_column][vc_column width=&#8220;2\/3&#8243;][vc_column_text disable_pattern=&#8220;false&#8220; css=&#8220;.vc_custom_1570013599405{margin-bottom: 0px !important;}&#8220;]\n<p style=\"color: #00005e; text-align: justify !important;\">Um unser Produktportfolio zu erweitern, haben KWF Hilger und <strong>Richard Hough Ltd.<\/strong> Ende 2018 einen Technologietransfervertrag abgeschlossen. Dies hat es uns erm\u00f6glicht, unser Produktangebot auf die <strong>Automobilindustrie<\/strong> auszudehnen und <strong>Vliesstoffwalzen f\u00fcr die Metallveredelung<\/strong> herzustellen. RHLs f\u00fchrendes technisches Personal ist nun in der KWF-Werkstatt in Deutschland besch\u00e4ftigt und Herr Anthony Ashton ist weiter in beratender Funktion t\u00e4tig. <strong>Roberto\u2122<\/strong>, <strong>Robertex\u2122<\/strong>, <strong>Nollap\u2122<\/strong>, <strong>Super Elastic\u2122<\/strong>, <strong>Syncast\u2122<\/strong> und unsere neueste Innovation, <strong>Simtex\u2122<\/strong>, geh\u00f6ren nun zu unserem Produktportfolio.<\/p>\n<p style=\"color: #00005e; text-align: justify !important;\">Mit freundlichen Gr\u00fc\u00dfen<\/p>\n[\/vc_column_text][mk_image src=&#8220;https:\/\/kwf-hilger.com\/wp-content\/uploads\/2019\/06\/png-signatur-kwf.png&#8220; image_size=&#8220;medium&#8220; align=&#8220;center&#8220;][vc_column_text disable_pattern=&#8220;false&#8220; css=&#8220;.vc_custom_1560760065262{margin-bottom: 0px !important;}&#8220;]\n<p style=\"text-align: center;\" align=\"center\"><span lang=\"EN-GB\" style=\"color: #00005e;\">A. Hilger, M.A., M.B.A, &#8211; CEO<\/span><\/p>\n[\/vc_column_text][\/vc_column][\/mk_page_section]","protected":false},"excerpt":{"rendered":"<p>[mk_page_section bg_image=&#8220;https:\/\/kwf-hilger.com\/wp-content\/uploads\/2019\/04\/hintergrund_logo.png&#8220; bg_position=&#8220;center center&#8220; video_color_mask=&#8220;#ffffff&#8220; video_opacity=&#8220;0.7&#8243; min_height=&#8220;0&#8243; padding_top=&#8220;0&#8243; padding_bottom=&#8220;0&#8243; sidebar=&#8220;sidebar-1&#8243;][vc_column][mk_padding_divider size=&#8220;60&#8243;][vc_column_text css=&#8220;.vc_custom_1566913931374{margin-bottom: 0px !important;}&#8220;] \u00dcberblick [\/vc_column_text][vc_separator color=&#8220;custom&#8220; border_width=&#8220;2&#8243; accent_color=&#8220;#00005e&#8220;][\/vc_column][vc_column][vc_column_text disable_pattern=&#8220;false&#8220; css=&#8220;.vc_custom_1569485681255{margin-bottom: 0px !important;}&#8220;] Das Unternehmen konzentriert sich auf die hochwertige Markt-Nische; jeder seiner Produktionsmitarbeiter verf\u00fcgt \u00fcber mehr als 30 Jahre Erfahrung in der Herstellung von Walzen. F\u00fcr die Herstellung hochwertiger Walzen sind nicht nur die [&hellip;]<\/p>\n","protected":false},"author":1,"featured_media":0,"parent":0,"menu_order":0,"comment_status":"closed","ping_status":"closed","template":"","meta":{"footnotes":""},"class_list":["post-1528","page","type-page","status-publish","hentry"],"_links":{"self":[{"href":"https:\/\/kwf-hilger.com\/de\/wp-json\/wp\/v2\/pages\/1528","targetHints":{"allow":["GET"]}}],"collection":[{"href":"https:\/\/kwf-hilger.com\/de\/wp-json\/wp\/v2\/pages"}],"about":[{"href":"https:\/\/kwf-hilger.com\/de\/wp-json\/wp\/v2\/types\/page"}],"author":[{"embeddable":true,"href":"https:\/\/kwf-hilger.com\/de\/wp-json\/wp\/v2\/users\/1"}],"replies":[{"embeddable":true,"href":"https:\/\/kwf-hilger.com\/de\/wp-json\/wp\/v2\/comments?post=1528"}],"version-history":[{"count":27,"href":"https:\/\/kwf-hilger.com\/de\/wp-json\/wp\/v2\/pages\/1528\/revisions"}],"predecessor-version":[{"id":2292,"href":"https:\/\/kwf-hilger.com\/de\/wp-json\/wp\/v2\/pages\/1528\/revisions\/2292"}],"wp:attachment":[{"href":"https:\/\/kwf-hilger.com\/de\/wp-json\/wp\/v2\/media?parent=1528"}],"curies":[{"name":"wp","href":"https:\/\/api.w.org\/{rel}","templated":true}]}}