{"id":1610,"date":"2019-06-17T10:30:59","date_gmt":"2019-06-17T08:30:59","guid":{"rendered":"https:\/\/kwf-hilger.com\/?page_id=1610"},"modified":"2019-10-02T13:18:47","modified_gmt":"2019-10-02T11:18:47","slug":"history","status":"publish","type":"page","link":"https:\/\/kwf-hilger.com\/de\/history\/","title":{"rendered":"Geschichte"},"content":{"rendered":"[mk_page_section bg_image=&#8220;https:\/\/kwf-hilger.com\/wp-content\/uploads\/2019\/04\/hintergrund_logo.png&#8220; bg_position=&#8220;center center&#8220; video_color_mask=&#8220;#ffffff&#8220; video_opacity=&#8220;0.7&#8243; min_height=&#8220;0&#8243; padding_top=&#8220;0&#8243; padding_bottom=&#8220;0&#8243; sidebar=&#8220;sidebar-1&#8243;][vc_column][mk_padding_divider size=&#8220;60&#8243;][vc_column_text css=&#8220;.vc_custom_1566914082364{margin-bottom: 0px !important;}&#8220;]\n<h2 style=\"text-align: center;\"><span style=\"color: #00005e;\">Geschichte<\/span><\/h2>\n[\/vc_column_text][vc_separator color=&#8220;custom&#8220; border_width=&#8220;2&#8243; accent_color=&#8220;#00005e&#8220;][vc_column_text disable_pattern=&#8220;false&#8220; css=&#8220;.vc_custom_1567069122184{margin-bottom: 0px !important;}&#8220;]\n<p style=\"color: #00005e; text-align: justify !important;\">Die Wurzeln meiner Familie liegen im Papiergesch\u00e4ft. Mein Urgro\u00dfvater Norbert Klagges gr\u00fcndete 1897 in Hagen die Papierfabrik <strong>Kabel<\/strong>. 1904 gr\u00fcndete er die Papierfabrik <strong>Reisholz<\/strong> und kaufte 1910 die Papierfabrik <strong>Uetersen<\/strong>. 1913 wurden alle drei Unternehmen unter dem Namen <strong>Papierfabrik Reisholz AG<\/strong> fusioniert und einige Jahre sp\u00e4ter in <strong>Feldm\u00fchle GmbH<\/strong> umbenannt.<\/p>\n<p style=\"color: #00005e; text-align: justify !important;\">Ich bin die dritte Generation meiner Familie, die im Kalandergesch\u00e4ft t\u00e4tig ist. Mein Gro\u00dfvater, Dr. Franz Hilger, war Eigent\u00fcmer der <strong>ECK Haubold GmbH<\/strong>. Eck wurde 1849 gegr\u00fcndet. Er exportierte die ECK Papier- und Textilkalandermaschinen und die Walzentechnologie in die ganze Welt. Eck symbolisierte deutsche Qualit\u00e4t, Pr\u00e4zision und Langlebigkeit \u2013 so weit es weltweit noch ECK-Kalander gibt. Meine Werkstatt erh\u00e4lt noch gelegentlich den Auftrag, Walzen f\u00fcr ECK-Kalander nachzuf\u00fcllen.<\/p>\n<p style=\"color: #00005e; text-align: justify !important;\">Meine Familie verkaufte 1973 das Kalandergesch\u00e4ft an die <strong>Escher Wyss AG \/ Sulzer<\/strong>, behielt aber den Teil des Unternehmens, der die Walzen herstellte. Unter dem Namen <strong>Kalanderwalzenfabrik (KWF) GmbH &amp; Co. KG<\/strong> lieferte das neue Unternehmen unter der Leitung meines Vaters, Herrn Paul Hilger, neue und gebrauchte Walzen an f\u00fchrende Papier- und Textilunternehmen auf der ganzen Welt. Die meisten Textil- oder Papierfirmen haben ihre Walzen in D\u00fcsseldorf irgendwann in den letzten 100 Jahren r\u00fcckgewinnen lassen. Die urspr\u00fcngliche KWF wurde jedoch an die <strong>Jan Kleinewefers GmbH &amp; Co. KG<\/strong> im Jahr 1989 und anschlie\u00dfend an die <strong>Voith Paper GmbH &amp; Co. KG<\/strong> im Jahr 1994 verkauft, jedoch blieb die Walzenwerkstatt auf dem Gel\u00e4nde meiner Familie in D\u00fcsseldorf. Ende 2010 hatten wir die M\u00f6glichkeit, die Walzenwerkstatt von Voith Paper zur\u00fcckzukaufen und wieder unter dem Namen Kalanderwalzenfabrik (KWF) Hilger GmbH &amp; Co. KG zu operieren. Wir sind sehr stolz darauf, einen vielf\u00e4ltigen und internationalen Kundenstamm zu bedienen.<\/p>\n[\/vc_column_text][mk_padding_divider size=&#8220;60&#8243;][\/vc_column][vc_column width=&#8220;1\/2&#8243;][mk_image src=&#8220;https:\/\/kwf-hilger.com\/wp-content\/uploads\/2019\/06\/kwf-brosch-kopie.jpg&#8220; image_size=&#8220;large&#8220; lightbox=&#8220;true&#8220;][\/vc_column][vc_column width=&#8220;1\/2&#8243;][mk_image src=&#8220;https:\/\/kwf-hilger.com\/wp-content\/uploads\/2019\/06\/firma-kopie.jpg&#8220; image_size=&#8220;large&#8220; lightbox=&#8220;true&#8220; align=&#8220;right&#8220;][\/vc_column][\/mk_page_section]","protected":false},"excerpt":{"rendered":"<p>[mk_page_section bg_image=&#8220;https:\/\/kwf-hilger.com\/wp-content\/uploads\/2019\/04\/hintergrund_logo.png&#8220; bg_position=&#8220;center center&#8220; video_color_mask=&#8220;#ffffff&#8220; video_opacity=&#8220;0.7&#8243; min_height=&#8220;0&#8243; padding_top=&#8220;0&#8243; padding_bottom=&#8220;0&#8243; sidebar=&#8220;sidebar-1&#8243;][vc_column][mk_padding_divider size=&#8220;60&#8243;][vc_column_text css=&#8220;.vc_custom_1566914082364{margin-bottom: 0px !important;}&#8220;] Geschichte [\/vc_column_text][vc_separator color=&#8220;custom&#8220; border_width=&#8220;2&#8243; accent_color=&#8220;#00005e&#8220;][vc_column_text disable_pattern=&#8220;false&#8220; css=&#8220;.vc_custom_1567069122184{margin-bottom: 0px !important;}&#8220;] Die Wurzeln meiner Familie liegen im Papiergesch\u00e4ft. Mein Urgro\u00dfvater Norbert Klagges gr\u00fcndete 1897 in Hagen die Papierfabrik Kabel. 1904 gr\u00fcndete er die Papierfabrik Reisholz und kaufte 1910 die Papierfabrik Uetersen. 1913 wurden [&hellip;]<\/p>\n","protected":false},"author":1,"featured_media":0,"parent":0,"menu_order":0,"comment_status":"closed","ping_status":"closed","template":"","meta":{"footnotes":""},"class_list":["post-1610","page","type-page","status-publish","hentry"],"_links":{"self":[{"href":"https:\/\/kwf-hilger.com\/de\/wp-json\/wp\/v2\/pages\/1610","targetHints":{"allow":["GET"]}}],"collection":[{"href":"https:\/\/kwf-hilger.com\/de\/wp-json\/wp\/v2\/pages"}],"about":[{"href":"https:\/\/kwf-hilger.com\/de\/wp-json\/wp\/v2\/types\/page"}],"author":[{"embeddable":true,"href":"https:\/\/kwf-hilger.com\/de\/wp-json\/wp\/v2\/users\/1"}],"replies":[{"embeddable":true,"href":"https:\/\/kwf-hilger.com\/de\/wp-json\/wp\/v2\/comments?post=1610"}],"version-history":[{"count":17,"href":"https:\/\/kwf-hilger.com\/de\/wp-json\/wp\/v2\/pages\/1610\/revisions"}],"predecessor-version":[{"id":2289,"href":"https:\/\/kwf-hilger.com\/de\/wp-json\/wp\/v2\/pages\/1610\/revisions\/2289"}],"wp:attachment":[{"href":"https:\/\/kwf-hilger.com\/de\/wp-json\/wp\/v2\/media?parent=1610"}],"curies":[{"name":"wp","href":"https:\/\/api.w.org\/{rel}","templated":true}]}}