{"id":1617,"date":"2019-06-17T11:07:53","date_gmt":"2019-06-17T09:07:53","guid":{"rendered":"https:\/\/kwf-hilger.com\/?page_id=1617"},"modified":"2020-07-15T15:41:51","modified_gmt":"2020-07-15T13:41:51","slug":"supercalendering-rolls-for-the-paper-industry","status":"publish","type":"page","link":"https:\/\/kwf-hilger.com\/de\/supercalendering-rolls-for-the-paper-industry\/","title":{"rendered":"Superkalanderwalzen f\u00fcr die Papierindustrie"},"content":{"rendered":"<div class=\"wpb-content-wrapper\">[mk_page_section bg_image=&#8220;https:\/\/kwf-hilger.com\/wp-content\/uploads\/2019\/04\/helligkeit_kontrast-1-kopie.jpg&#8220; bg_position=&#8220;left center&#8220; bg_repeat=&#8220;no-repeat&#8220; bg_stretch=&#8220;true&#8220; speed_factor=&#8220;0.4&#8243; video_color_mask=&#8220;#1b34b5&#8243; video_opacity=&#8220;0.5&#8243; min_height=&#8220;400&#8243; full_width=&#8220;true&#8220; js_vertical_centered=&#8220;true&#8220; padding_top=&#8220;0&#8243; padding_bottom=&#8220;0&#8243; sidebar=&#8220;sidebar-1&#8243;][vc_column][vc_column_text animation=&#8220;scale-up&#8220; el_class=&#8220;schatten&#8220; css=&#8220;.vc_custom_1566893718479{margin-bottom: 0px !important;}&#8220;]\n<h1 style=\"text-align: center;\"><span style=\"color: #ffffff;\">Superkalanderwalzen f\u00fcr die Papierindustrie<\/span><\/h1>\n[\/vc_column_text][vc_column_text disable_pattern=&#8220;false&#8220; css=&#8220;.vc_custom_1566893736581{margin-bottom: 0px !important;}&#8220;]\n<p style=\"color: #00005e; text-align: center;\"><span style=\"color: #ffffff;\">Wir sind Spezialisten f\u00fcr die Herstellung kompletter neuer Superkalanderwalzen (inkl. Stahlmittelwelle) und das Nachf\u00fcllen Ihrer bestehenden Walzen. <\/span><\/p>\n[\/vc_column_text][mk_padding_divider][\/vc_column][\/mk_page_section][mk_page_section bg_image=&#8220;https:\/\/kwf-hilger.com\/wp-content\/uploads\/2019\/04\/hintergrund_logo.png&#8220; bg_position=&#8220;left center&#8220; video_color_mask=&#8220;#ffffff&#8220; video_opacity=&#8220;0.7&#8243; min_height=&#8220;0&#8243; padding_top=&#8220;0&#8243; padding_bottom=&#8220;0&#8243; section_id=&#8220;supercalender&#8220; sidebar=&#8220;sidebar-1&#8243;][vc_column][mk_padding_divider size=&#8220;60&#8243;][vc_column_text css=&#8220;.vc_custom_1566893751913{margin-bottom: 0px !important;}&#8220;]\n<h2 style=\"text-align: center;\"><span style=\"color: #00005e;\">Superkalander-Papierverarbeitung<\/span><\/h2>\n[\/vc_column_text][vc_separator color=&#8220;custom&#8220; border_width=&#8220;2&#8243; accent_color=&#8220;#00005e&#8220;][mk_padding_divider size=&#8220;30&#8243;][vc_row_inner][vc_column_inner width=&#8220;1\/2&#8243;][vc_column_text css=&#8220;.vc_custom_1566893768573{margin-bottom: 0px !important;}&#8220;]\n<h3><span style=\"color: #00005e;\"><b>F\u00fcllmaterialien f\u00fcr das Superkalandrieren<\/b><\/span><\/h3>\n[\/vc_column_text][vc_separator color=&#8220;custom&#8220; accent_color=&#8220;#00005e&#8220;][mk_custom_list style=&#8220;mk-icon-caret-right&#8220;]\n<ul>\n<li>BlueDenim-Papier<\/li>\n<li>Wollpapier &#8211; von 10 % &#8211; 45 %<\/li>\n<li>Fiberun WBN (RHLs HTCN)<\/li>\n<li>Challenge<\/li>\n<\/ul>\n[\/mk_custom_list][\/vc_column_inner][vc_column_inner width=&#8220;1\/2&#8243;][vc_column_text css=&#8220;.vc_custom_1566893841394{margin-bottom: 0px !important;}&#8220;]\n<h3><span style=\"color: #00005e;\"><b>Verf\u00fcgbare Bez\u00fcge f\u00fcr das Hochtemperaturkalandrieren<\/b><\/span><\/h3>\n[\/vc_column_text][vc_separator color=&#8220;custom&#8220; accent_color=&#8220;#00005e&#8220;][mk_custom_list style=&#8220;mk-icon-caret-right&#8220;]\n<ul>\n<li>Fiberun WBN (RHL\u00b4s HTCN)<\/li>\n<li>Challenge\u2122<\/li>\n<li>Simtex\u2122<\/li>\n<\/ul>\n[\/mk_custom_list][\/vc_column_inner][\/vc_row_inner][mk_padding_divider size=&#8220;30&#8243;][vc_row_inner][vc_column_inner width=&#8220;1\/2&#8243;][vc_column_text css=&#8220;.vc_custom_1566893867929{margin-bottom: 0px !important;}&#8220;]\n<h3><span style=\"color: #00005e;\"><strong>Eigenschaften der Kalanderwalze in Bezug auf die Papierveredelung <\/strong><\/span><\/h3>\n[\/vc_column_text][mk_image src=&#8220;https:\/\/kwf-hilger.com\/wp-content\/uploads\/2019\/04\/supercalender_table.png&#8220; image_size=&#8220;full&#8220; lightbox=&#8220;true&#8220;][vc_column_text css=&#8220;.vc_custom_1566893885327{margin-bottom: 0px !important;}&#8220;]<span style=\"color: #00005e;\"><i> <small>Die maximalen Temperaturen dienen nur zur Orientierung. Der Betrieb von Walzen bei hohen Temperaturen, Geschwindigkeiten und Liniendr\u00fccken kann die Lebensdauer des Walzenbezugs verk\u00fcrzen und zu einem vorzeitigen Ausfall f\u00fchren.<\/small><\/i><\/span>[\/vc_column_text][\/vc_column_inner][vc_column_inner width=&#8220;1\/2&#8243;][vc_column_text css=&#8220;.vc_custom_1566893900892{margin-bottom: 0px !important;}&#8220;]\n<h3><span style=\"color: #00005e;\"><strong>Walzeneigenschaften in Bezug auf Kalandereigenschaften<\/strong><\/span><\/h3>\n[\/vc_column_text][mk_image src=&#8220;https:\/\/kwf-hilger.com\/wp-content\/uploads\/2019\/06\/tabelle_kwf.png&#8220; image_size=&#8220;full&#8220; lightbox=&#8220;true&#8220;][\/vc_column_inner][\/vc_row_inner][\/vc_column][vc_column][vc_row_inner][vc_column_inner][mk_padding_divider size=&#8220;60&#8243;][mk_padding_divider size=&#8220;60&#8243;][vc_column_text css=&#8220;.vc_custom_1566893924516{margin-bottom: 0px !important;}&#8220;]\n<h2 style=\"text-align: center;\"><span style=\"color: #00005e;\">Der Fiberun WBN (HTCN von RHL) Kalanderbezug<\/span><\/h2>\n[\/vc_column_text][vc_separator color=&#8220;custom&#8220; border_width=&#8220;2&#8243; accent_color=&#8220;#00005e&#8220;][\/vc_column_inner][\/vc_row_inner][vc_row_inner][vc_column_inner width=&#8220;1\/2&#8243;][vc_column_text css=&#8220;.vc_custom_1566894016058{margin-bottom: 0px !important;}&#8220;]\n<p style=\"color: #00005e; text-align: justify !important;\">Fiberun WBN (HTCN von RHL) hat den h\u00f6chsten Polymerisationsgrad aller Faserkalanderbez\u00fcge. Eine Kombination aus hochwertigen, l\u00e4ngsten Neustapelfasern und traditionellen Mahlholl\u00e4nder sorgt f\u00fcr eine geringere Verspr\u00f6dung und eine h\u00f6here Dimensionsstabilit\u00e4t im Vergleich zu herk\u00f6mmlichen Baumwoll- und Blue Denim-Kalanderwalzenf\u00fcllungen. Er zeigt eine l\u00e4ngere Lebensdauer aufgrund geringerer Verspr\u00f6dung und gr\u00f6\u00dferer Dimensionsstabilit\u00e4t.<\/p>\n<p style=\"color: #00005e; text-align: justify !important;\">Dies f\u00fchrt zu l\u00e4ngeren Schleifintervallen oder dazu, dass in regelm\u00e4\u00dfigen Schleifintervallen weniger Material von der Walzenoberfl\u00e4che bearbeitet werden muss.<\/p>\n<p style=\"color: #00005e; text-align: justify !important;\">Kunden haben bisher eine Einsparung von 50 % der Lebensdauer im Vergleich zu herk\u00f6mmlichen Blue Denimfaserbez\u00fcgen festgestellt. Dies bedeutet beispielsweise, dass beim Schleifen nur 1,5 mm Durchmesser entfernt werden m\u00fcssen, anstatt der \u00fcblichen 3 mm bei herk\u00f6mmlichen Bez\u00fcgen.<\/p>\n[\/vc_column_text][mk_image src=&#8220;https:\/\/kwf-hilger.com\/wp-content\/uploads\/2019\/06\/web-sup-paper-rolls.jpg&#8220; image_size=&#8220;full&#8220; lightbox=&#8220;true&#8220; el_class=&#8220;letterhough&#8220;][\/vc_column_inner][vc_column_inner width=&#8220;1\/2&#8243;][mk_image src=&#8220;https:\/\/kwf-hilger.com\/wp-content\/uploads\/2019\/06\/white-paper-roll-close-up.jpg&#8220; image_size=&#8220;full&#8220; lightbox=&#8220;true&#8220; el_class=&#8220;letterhough&#8220;][mk_padding_divider][vc_column_text css=&#8220;.vc_custom_1566894031252{margin-bottom: 0px !important;}&#8220;]\n<h3><span style=\"color: #00005e;\">Fiberun WBN (HTCN von RHL) Bezug<\/span><\/h3>\n[\/vc_column_text][vc_separator color=&#8220;custom&#8220; accent_color=&#8220;#00005e&#8220;][mk_custom_list style=&#8220;mk-icon-caret-right&#8220;]\n<ul>\n<li>Bessere Effizienz<\/li>\n<li>Umweltfreundlichere Denkweise<\/li>\n<li>Eine bessere Position f\u00fcr die Zukunft<\/li>\n<li>Verbesserte Qualit\u00e4t<\/li>\n<li>Optimierung der Superkalanderf\u00e4higkeiten<\/li>\n<\/ul>\n[\/mk_custom_list][\/vc_column_inner][\/vc_row_inner][\/vc_column][vc_column][vc_row_inner][vc_column_inner][mk_padding_divider size=&#8220;60&#8243;][mk_padding_divider size=&#8220;60&#8243;][vc_column_text css=&#8220;.vc_custom_1566894102200{margin-bottom: 0px !important;}&#8220;]\n<h2 style=\"text-align: center;\"><span style=\"color: #00005e;\">Rohstoffe &#8211; Fiberun WBN (HTCN von RHL)<\/span><\/h2>\n[\/vc_column_text][vc_separator color=&#8220;custom&#8220; border_width=&#8220;2&#8243; accent_color=&#8220;#00005e&#8220;][\/vc_column_inner][\/vc_row_inner][vc_row_inner][vc_column_inner width=&#8220;1\/2&#8243;][mk_image src=&#8220;https:\/\/kwf-hilger.com\/wp-content\/uploads\/2019\/06\/image002.jpg&#8220; image_size=&#8220;full&#8220; lightbox=&#8220;true&#8220; el_class=&#8220;letterhough&#8220;][\/vc_column_inner][vc_column_inner width=&#8220;1\/2&#8243;][mk_image src=&#8220;https:\/\/kwf-hilger.com\/wp-content\/uploads\/2019\/06\/image003.png&#8220; image_size=&#8220;full&#8220; lightbox=&#8220;true&#8220;][mk_padding_divider size=&#8220;20&#8243;][vc_column_text css=&#8220;.vc_custom_1566894115991{margin-bottom: 0px !important;}&#8220;]<span style=\"color: #00005e;\">Bahnbrechende Technologie &#8211; die fortschrittlichste Faserf\u00fcllung auf dem Markt.<\/span>[\/vc_column_text][mk_padding_divider size=&#8220;20&#8243;][vc_column_text css=&#8220;.vc_custom_1566894136346{margin-bottom: 0px !important;}&#8220;]\n<p style=\"color: #00005e; text-align: justify !important;\">Die so verarbeitete Baumwolle eliminiert praktisch Kontaminationen durch Materialien wie Polyester, synthetischem Gummi (Lycra), Metallnieten \/ Nieten, Rei\u00dfverschl\u00fcssen und Kn\u00f6pfen etc. Die Verwendung traditioneller Holl\u00e4nder ist erforderlich, um die volle Festigkeit und L\u00e4nge der Fasern zu erhalten &#8211; mechanische Arbeit minimieren, um den h\u00f6chsten DP zu erhalten. Es wurden keine Verarbeitungschemikalien verwendet, bevor sie zu Papier verarbeitet wurden.<\/p>\n<p style=\"color: #00005e; text-align: justify !important;\">L\u00e4ngste Fasern mit Neubaumwoll-Linters &#8211; das bedeutet beste W\u00e4rme\u00fcbertragung innerhalb des Walzenbezugs &amp; ausgezeichnete Dimensionsstabilit\u00e4t des Walzenbezuges bei l\u00e4ngerem Kontakt mit der Walzenwelle.<\/p>\n[\/vc_column_text][\/vc_column_inner][\/vc_row_inner][vc_row_inner][vc_column_inner][mk_padding_divider size=&#8220;60&#8243;][mk_padding_divider size=&#8220;60&#8243;][vc_column_text css=&#8220;.vc_custom_1566894149819{margin-bottom: 0px !important;}&#8220;]\n<h2 style=\"text-align: center;\"><span style=\"color: #00005e;\">Fiberun WBN (RHL\u00b4s HTCN) vs. BLUE DEMIN<\/span><\/h2>\n[\/vc_column_text][vc_separator color=&#8220;custom&#8220; border_width=&#8220;2&#8243; accent_color=&#8220;#00005e&#8220;][\/vc_column_inner][\/vc_row_inner][vc_row_inner][vc_column_inner width=&#8220;1\/2&#8243;][vc_column_text css=&#8220;.vc_custom_1566894162060{margin-bottom: 0px !important;}&#8220;]\n<h3><span style=\"color: #00005e;\">Unterschiede zwischen Fiberun WBN (HTCN von RHL) und BLUE DENIM<\/span><\/h3>\n[\/vc_column_text][vc_separator color=&#8220;custom&#8220; accent_color=&#8220;#00005e&#8220;][mk_custom_list style=&#8220;mk-icon-caret-right&#8220;]\n<h3><\/h3>\n<ul>\n<li>Fiberun WBN (HTCN von RHL) hat eine Bendsten-Porosit\u00e4t von \u00fcber 2000 ml \/ min. Das bedeutet, dass die Luft aufgrund der Langstapel-Neufasern relativ leicht hindurchstr\u00f6mt. <span class=\"Apple-converted-space\">\u00a0<\/span><\/li>\n<li>Blue Denim hat eine Bendsten-Porosit\u00e4t von 600 ml \/ min., Luft str\u00f6mt zufriedenstellend durch. <span class=\"Apple-converted-space\">\u00a0<\/span><\/li>\n<li>Im Hinblick auf die Kalanderwalzen ist ein luftdurchl\u00e4ssiges Papier eine sehr w\u00fcnschenswerte Eigenschaft, da das Papier so Blatt f\u00fcr Blatt zu einer homogenen Einzelmasse gepresst wird. Es braucht einen Hammer und einen Mei\u00dfel, um die Bl\u00e4tter nach dem Pressen zu trennen! Ein geschlossenes Blatt bedeutet, dass jedes Blatt auch nach dem Pressen bei 3000 Tonnen getrennt bleibt! <span class=\"Apple-converted-space\">\u00a0<\/span><\/li>\n<li>Eine Walze, die mit st\u00e4rker geschlossenen Papier hergestellt wird, wird sich nicht so nat\u00fcrlich an geometrische Ver\u00e4nderungen im Kalander anpassen wie ein offenes Papier wie der Fiberun WBN (HTCN von RHL).<\/li>\n<li>Ein offenes Papier Fiberun WBN (HTCN von RHL) erm\u00f6glicht eine wesentlich bessere W\u00e4rmeverteilung als ein geschlossenes Papier.<\/li>\n<\/ul>\n[\/mk_custom_list][\/vc_column_inner][vc_column_inner width=&#8220;1\/2&#8243;][mk_image src=&#8220;https:\/\/kwf-hilger.com\/wp-content\/uploads\/2019\/04\/bildschirmfoto-2019-04-01-um-11.32.03.jpg&#8220; image_size=&#8220;full&#8220; lightbox=&#8220;true&#8220;][\/vc_column_inner][\/vc_row_inner][mk_padding_divider size=&#8220;30&#8243;][vc_row_inner][vc_column_inner width=&#8220;1\/2&#8243;][mk_image src=&#8220;https:\/\/kwf-hilger.com\/wp-content\/uploads\/2019\/06\/website-precision-grinding-2.jpg&#8220; image_size=&#8220;full&#8220; lightbox=&#8220;true&#8220; el_class=&#8220;letterhough&#8220;][\/vc_column_inner][vc_column_inner width=&#8220;1\/2&#8243;][mk_image src=&#8220;https:\/\/kwf-hilger.com\/wp-content\/uploads\/2019\/06\/bs-being-ground.jpg&#8220; image_size=&#8220;full&#8220; lightbox=&#8220;true&#8220; el_class=&#8220;letterhough&#8220;][\/vc_column_inner][\/vc_row_inner][mk_padding_divider size=&#8220;30&#8243;][vc_row_inner][vc_column_inner width=&#8220;1\/2&#8243;][vc_column_text css=&#8220;.vc_custom_1566894269724{margin-bottom: 0px !important;}&#8220;]\n<h3><span style=\"color: #00005e;\">Dynamische Stabilit\u00e4t<\/span><\/h3>\n[\/vc_column_text][vc_separator color=&#8220;custom&#8220; accent_color=&#8220;#00005e&#8220;][mk_custom_list style=&#8220;mk-icon-caret-right&#8220;]\n<ul>\n<li>Potenziell geringere Abtragung pro Schleifvorgang<\/li>\n<li>Geringere Wahrscheinlichkeit einer Aush\u00f6hlung<\/li>\n<li>Mehr Walzen im Einklang \u00fcber die Stirnfl\u00e4che<\/li>\n<li>L\u00e4ngere Dauer vor Alterungserscheinungen<\/li>\n<\/ul>\n[\/mk_custom_list][\/vc_column_inner][vc_column_inner width=&#8220;1\/2&#8243;][vc_column_text css=&#8220;.vc_custom_1566894324025{margin-bottom: 0px !important;}&#8220;]\n<h3><span style=\"color: #00005e;\">Vorteile gegen\u00fcber Verbund-\/Polymerwalzen<\/span><\/h3>\n[\/vc_column_text][vc_separator color=&#8220;custom&#8220; accent_color=&#8220;#00005e&#8220;][mk_custom_list style=&#8220;mk-icon-caret-right&#8220;]\n<ul>\n<li>Im Gegensatz zu Verbund-\/Kunststoffwalzen kann Fiberun WBN (HTCN von RHL) zur Aufr\u00fcstung Ihres Kalanders verwendet werden, mit dem Vorteil, dass durch Mikroschlupf ein voller Reibungsglanz im Spalt entsteht.<\/li>\n<\/ul>\n[\/mk_custom_list][\/vc_column_inner][\/vc_row_inner][vc_row_inner][vc_column_inner width=&#8220;1\/2&#8243;][vc_column_text css=&#8220;.vc_custom_1569486658592{margin-bottom: 0px !important;}&#8220;]\n<h3><span style=\"color: #00005e;\">Warum Fiberun WBN verwenden?<\/span><\/h3>\n[\/vc_column_text][vc_separator color=&#8220;custom&#8220; accent_color=&#8220;#00005e&#8220;][mk_custom_list style=&#8220;mk-icon-caret-right&#8220;]\n<ul>\n<li>Keine Tendenz zur \u00dcberverdichtung der Papieroberfl\u00e4che <span class=\"Apple-converted-space\">\u00a0<\/span><\/li>\n<li>Geringeres Risiko durch gr\u00f6\u00dferen Nutzdurchmesser <span class=\"Apple-converted-space\">\u00a0<\/span><\/li>\n<li>Einfaches Arbeiten mit konventioneller Technologie<\/li>\n<\/ul>\n[\/mk_custom_list][\/vc_column_inner][vc_column_inner width=&#8220;1\/2&#8243;][vc_column_text css=&#8220;.vc_custom_1566894578847{margin-bottom: 0px !important;}&#8220;]\n<h3><span style=\"color: #00005e;\"><b>Vorteile gegen\u00fcber Verbund-\/Polymerwalzen<\/b><\/span><\/h3>\n[\/vc_column_text][vc_separator color=&#8220;custom&#8220; accent_color=&#8220;#00005e&#8220;][mk_custom_list style=&#8220;mk-icon-caret-right&#8220;]\n<ul>\n<li>Bessere Hitzebest\u00e4ndigkeit<\/li>\n<li>H\u00f6herer Glanz oder h\u00f6here Leistung (durch Temperatur-\/Druckerh\u00f6hung oder h\u00f6here Geschwindigkeit) <span class=\"Apple-converted-space\">\u00a0<\/span><\/li>\n<li>Eventuelle l\u00e4ngere Produktionsdauer <span class=\"Apple-converted-space\">\u00a0<\/span><\/li>\n<li>Hohe Leistung auch bei kleinen Durchmessern<\/li>\n<\/ul>\n[\/mk_custom_list][\/vc_column_inner][\/vc_row_inner][mk_padding_divider size=&#8220;30&#8243;][vc_row_inner][vc_column_inner width=&#8220;1\/2&#8243;][mk_image src=&#8220;https:\/\/kwf-hilger.com\/wp-content\/uploads\/2019\/06\/0283-24-01-2014.jpg&#8220; image_size=&#8220;full&#8220; lightbox=&#8220;true&#8220; el_class=&#8220;letterhough&#8220;][\/vc_column_inner][vc_column_inner width=&#8220;1\/2&#8243;][mk_image src=&#8220;https:\/\/kwf-hilger.com\/wp-content\/uploads\/2019\/06\/img_7828.jpg&#8220; image_size=&#8220;full&#8220; lightbox=&#8220;true&#8220; el_class=&#8220;letterhough&#8220;][\/vc_column_inner][\/vc_row_inner][mk_padding_divider size=&#8220;60&#8243;][mk_padding_divider size=&#8220;60&#8243;][\/vc_column][\/mk_page_section]\n<\/div>","protected":false},"excerpt":{"rendered":"<p>[mk_page_section bg_image=&#8220;https:\/\/kwf-hilger.com\/wp-content\/uploads\/2019\/04\/helligkeit_kontrast-1-kopie.jpg&#8220; bg_position=&#8220;left center&#8220; bg_repeat=&#8220;no-repeat&#8220; bg_stretch=&#8220;true&#8220; speed_factor=&#8220;0.4&#8243; video_color_mask=&#8220;#1b34b5&#8243; video_opacity=&#8220;0.5&#8243; min_height=&#8220;400&#8243; full_width=&#8220;true&#8220; js_vertical_centered=&#8220;true&#8220; padding_top=&#8220;0&#8243; padding_bottom=&#8220;0&#8243; sidebar=&#8220;sidebar-1&#8243;][vc_column][vc_column_text animation=&#8220;scale-up&#8220; el_class=&#8220;schatten&#8220; css=&#8220;.vc_custom_1566893718479{margin-bottom: 0px !important;}&#8220;] Superkalanderwalzen f\u00fcr die Papierindustrie [\/vc_column_text][vc_column_text disable_pattern=&#8220;false&#8220; css=&#8220;.vc_custom_1566893736581{margin-bottom: 0px !important;}&#8220;] Wir sind Spezialisten f\u00fcr die Herstellung kompletter neuer Superkalanderwalzen (inkl. Stahlmittelwelle) und das Nachf\u00fcllen Ihrer bestehenden Walzen. [\/vc_column_text][mk_padding_divider][\/vc_column][\/mk_page_section][mk_page_section bg_image=&#8220;https:\/\/kwf-hilger.com\/wp-content\/uploads\/2019\/04\/hintergrund_logo.png&#8220; bg_position=&#8220;left center&#8220; video_color_mask=&#8220;#ffffff&#8220; video_opacity=&#8220;0.7&#8243; min_height=&#8220;0&#8243; padding_top=&#8220;0&#8243; padding_bottom=&#8220;0&#8243; [&hellip;]<\/p>\n","protected":false},"author":1,"featured_media":0,"parent":0,"menu_order":0,"comment_status":"closed","ping_status":"closed","template":"","meta":{"footnotes":""},"class_list":["post-1617","page","type-page","status-publish","hentry"],"_links":{"self":[{"href":"https:\/\/kwf-hilger.com\/de\/wp-json\/wp\/v2\/pages\/1617","targetHints":{"allow":["GET"]}}],"collection":[{"href":"https:\/\/kwf-hilger.com\/de\/wp-json\/wp\/v2\/pages"}],"about":[{"href":"https:\/\/kwf-hilger.com\/de\/wp-json\/wp\/v2\/types\/page"}],"author":[{"embeddable":true,"href":"https:\/\/kwf-hilger.com\/de\/wp-json\/wp\/v2\/users\/1"}],"replies":[{"embeddable":true,"href":"https:\/\/kwf-hilger.com\/de\/wp-json\/wp\/v2\/comments?post=1617"}],"version-history":[{"count":45,"href":"https:\/\/kwf-hilger.com\/de\/wp-json\/wp\/v2\/pages\/1617\/revisions"}],"predecessor-version":[{"id":2319,"href":"https:\/\/kwf-hilger.com\/de\/wp-json\/wp\/v2\/pages\/1617\/revisions\/2319"}],"wp:attachment":[{"href":"https:\/\/kwf-hilger.com\/de\/wp-json\/wp\/v2\/media?parent=1617"}],"curies":[{"name":"wp","href":"https:\/\/api.w.org\/{rel}","templated":true}]}}