{"id":1619,"date":"2019-06-17T11:08:03","date_gmt":"2019-06-17T09:08:03","guid":{"rendered":"https:\/\/kwf-hilger.com\/?page_id=1619"},"modified":"2020-07-15T15:45:13","modified_gmt":"2020-07-15T13:45:13","slug":"embossing-rolls","status":"publish","type":"page","link":"https:\/\/kwf-hilger.com\/de\/embossing-rolls\/","title":{"rendered":"Pr\u00e4gewalzen"},"content":{"rendered":"<div class=\"wpb-content-wrapper\">[mk_page_section bg_image=&#8220;https:\/\/kwf-hilger.com\/wp-content\/uploads\/2019\/04\/kwf_bild_intro_blau.jpg&#8220; bg_position=&#8220;left center&#8220; bg_repeat=&#8220;no-repeat&#8220; bg_stretch=&#8220;true&#8220; speed_factor=&#8220;0.4&#8243; video_color_mask=&#8220;#1b34b5&#8243; video_opacity=&#8220;0.5&#8243; min_height=&#8220;400&#8243; full_width=&#8220;true&#8220; js_vertical_centered=&#8220;true&#8220; padding_top=&#8220;0&#8243; padding_bottom=&#8220;0&#8243; sidebar=&#8220;sidebar-1&#8243;][vc_column][vc_column_text animation=&#8220;scale-up&#8220; el_class=&#8220;schatten&#8220; css=&#8220;.vc_custom_1566894711189{margin-bottom: 0px !important;}&#8220;]\n<h1 style=\"text-align: center;\"><span style=\"color: #ffffff;\">Pr\u00e4gewalzen<\/span><\/h1>\n[\/vc_column_text][vc_column_text disable_pattern=&#8220;false&#8220; css=&#8220;.vc_custom_1566894785842{margin-bottom: 0px !important;}&#8220;]\n<p style=\"color: #00005e; text-align: center;\"><span style=\"color: #ffffff;\">Fasergef\u00fcllte Gegendruckwalzen sind heute die leistungsst\u00e4rkste und kosteng\u00fcnstigste<br \/>\nAlternative f\u00fcr die meisten Pr\u00e4geanwendungen.<br \/>\n<\/span><\/p>\n[\/vc_column_text][mk_padding_divider][vc_row_inner][vc_column_inner width=&#8220;1\/3&#8243;][mk_button dimension=&#8220;outline&#8220; size=&#8220;large&#8220; url=&#8220;#woollenpaper&#8220; align=&#8220;center&#8220; fullwidth=&#8220;true&#8220; outline_skin=&#8220;custom&#8220; outline_active_text_color=&#8220;#ffffff&#8220; outline_hover_bg_color=&#8220;#ffffff&#8220; outline_hover_color=&#8220;#00005e&#8220;]Wollpapier[\/mk_button][\/vc_column_inner][vc_column_inner width=&#8220;1\/3&#8243;][mk_button dimension=&#8220;outline&#8220; size=&#8220;large&#8220; url=&#8220;#superelastic&#8220; align=&#8220;center&#8220; fullwidth=&#8220;true&#8220; outline_skin=&#8220;custom&#8220; outline_active_color=&#8220;#ffffff&#8220; outline_hover_bg_color=&#8220;#ffffff&#8220; outline_hover_color=&#8220;#00005e&#8220;]Super Elastic\u2122[\/mk_button][\/vc_column_inner][vc_column_inner width=&#8220;1\/3&#8243;][mk_button dimension=&#8220;outline&#8220; size=&#8220;large&#8220; url=&#8220;#syncastembossing&#8220; align=&#8220;center&#8220; fullwidth=&#8220;true&#8220; outline_skin=&#8220;custom&#8220; outline_active_color=&#8220;#ffffff&#8220; outline_hover_bg_color=&#8220;#ffffff&#8220; outline_hover_color=&#8220;#00005e&#8220;]Syncast\u2122[\/mk_button][\/vc_column_inner][\/vc_row_inner][\/vc_column][\/mk_page_section][mk_page_section bg_image=&#8220;https:\/\/kwf-hilger.com\/wp-content\/uploads\/2019\/04\/hintergrund_logo.png&#8220; bg_position=&#8220;center center&#8220; video_color_mask=&#8220;#ffffff&#8220; video_opacity=&#8220;0.7&#8243; min_height=&#8220;0&#8243; padding_top=&#8220;0&#8243; padding_bottom=&#8220;0&#8243; section_id=&#8220;woollenpaper&#8220; sidebar=&#8220;sidebar-1&#8243;][vc_column][mk_padding_divider size=&#8220;60&#8243;][vc_column_text css=&#8220;.vc_custom_1566894799286{margin-bottom: 0px !important;}&#8220;]\n<h2 style=\"text-align: center;\"><span style=\"color: #00005e;\">Wollpapier<\/span><\/h2>\n[\/vc_column_text][vc_separator color=&#8220;custom&#8220; border_width=&#8220;2&#8243; accent_color=&#8220;#00005e&#8220;][vc_row_inner][vc_column_inner width=&#8220;1\/2&#8243;][vc_column_text css=&#8220;.vc_custom_1566894819134{margin-bottom: 0px !important;}&#8220;]<span style=\"color: #00005e;\"><strong>Walzeigenschaften in Bezug auf Kalandereigenschaften<\/strong><\/span>[\/vc_column_text][vc_single_image image=&#8220;1694&#8243; img_size=&#8220;full&#8220;][\/vc_column_inner][vc_column_inner width=&#8220;1\/2&#8243;][mk_padding_divider size=&#8220;60&#8243;][mk_custom_list style=&#8220;mk-icon-caret-right&#8220;]\n<ul style=\"test-align: justify !important;\">\n<li>Bezug auf Baumwoll- und Wollpapierbasis in gepresster Ausf\u00fchrung<\/li>\n<li>Wollgehalt (10-45\u00a0%) und H\u00e4rte k\u00f6nnen je nach Anwendung<\/li>\n<li>variiert werden<\/li>\n<li>Passt sich der gravierten Stahlrolle an, um eine pr\u00e4zise Pr\u00e4gung zu erzielen<\/li>\n<li>Geeignet f\u00fcr feine oder tiefe Designs<\/li>\n<li>Verzahnte und unverzahnte Anwendungen<\/li>\n<\/ul>\n[\/mk_custom_list][\/vc_column_inner][\/vc_row_inner][vc_row_inner][vc_column_inner width=&#8220;1\/3&#8243;][mk_image src=&#8220;https:\/\/kwf-hilger.com\/wp-content\/uploads\/2019\/06\/web-sup-embossing-rolls.jpg&#8220; image_size=&#8220;large&#8220; lightbox=&#8220;true&#8220; align=&#8220;center&#8220; el_class=&#8220;letterhough&#8220;][\/vc_column_inner][vc_column_inner width=&#8220;1\/3&#8243;][mk_image src=&#8220;https:\/\/kwf-hilger.com\/wp-content\/uploads\/2019\/06\/paper-roll-in-press.jpg&#8220; image_size=&#8220;large&#8220; lightbox=&#8220;true&#8220; align=&#8220;center&#8220; el_class=&#8220;letterhough&#8220;][\/vc_column_inner][vc_column_inner width=&#8220;1\/3&#8243;][mk_image src=&#8220;https:\/\/kwf-hilger.com\/wp-content\/uploads\/2019\/06\/paper.jpg&#8220; image_size=&#8220;large&#8220; lightbox=&#8220;true&#8220; align=&#8220;center&#8220; el_class=&#8220;letterhough&#8220;][\/vc_column_inner][\/vc_row_inner][\/vc_column][vc_column][vc_row_inner el_id=&#8220;superelastic&#8220;][vc_column_inner][mk_padding_divider size=&#8220;60&#8243;][mk_padding_divider size=&#8220;60&#8243;][vc_column_text css=&#8220;.vc_custom_1560854644272{margin-bottom: 0px !important;}&#8220;]\n<h2 style=\"text-align: center;\"><span style=\"color: #00005e;\">Super Elastic\u2122<\/span><\/h2>\n[\/vc_column_text][vc_separator color=&#8220;custom&#8220; border_width=&#8220;2&#8243; accent_color=&#8220;#00005e&#8220;][\/vc_column_inner][\/vc_row_inner][vc_row_inner][vc_column_inner width=&#8220;1\/2&#8243;][mk_custom_list style=&#8220;mk-icon-caret-right&#8220;]\n<ul>\n<li>Bezug aus 100\u00a0% gewebter Baumwolle in gepresster Ausf\u00fchrung<\/li>\n<li>Geeignet f\u00fcr feine Designs (unter 1\u00a0mm Mustertiefe)<\/li>\n<li>Stark verk\u00fcrzte Einlaufzeit<\/li>\n<li>Flache Muster k\u00f6nnen ohne Nachschleifen \u00fcbereinander gefahren werden (ideal f\u00fcr Revolverpr\u00e4ger)<\/li>\n<li>Sehr belastbar &#8211; kleine Besch\u00e4digungen lassen sich leicht beheben<\/li>\n<li>Weniger Bearbeitung bedeutet l\u00e4ngere Walzenlebensdauer und geringere Ausfallzeiten<\/li>\n<li>Verzahnte und unverzahnte Anwendungen<\/li>\n<li>Verl\u00e4ngerte Lebensdauer und verbesserte Produktivit\u00e4t gegen\u00fcber herk\u00f6mmlichen Wollpapierwalzen<\/li>\n<\/ul>\n[\/mk_custom_list][\/vc_column_inner][vc_column_inner width=&#8220;1\/2&#8243;][vc_single_image image=&#8220;1697&#8243; img_size=&#8220;full&#8220;][\/vc_column_inner][\/vc_row_inner][\/vc_column][vc_column][vc_row_inner el_id=&#8220;syncastembossing&#8220;][vc_column_inner][mk_padding_divider size=&#8220;60&#8243;][mk_padding_divider size=&#8220;60&#8243;][vc_column_text css=&#8220;.vc_custom_1560939163281{margin-bottom: 0px !important;}&#8220;]\n<h2 style=\"text-align: center;\"><span style=\"color: #00005e;\">Syncast\u2122<\/span><\/h2>\n[\/vc_column_text][vc_separator color=&#8220;custom&#8220; border_width=&#8220;2&#8243; accent_color=&#8220;#00005e&#8220;][\/vc_column_inner][\/vc_row_inner][vc_row_inner][vc_column_inner width=&#8220;1\/2&#8243;][mk_custom_list style=&#8220;mk-icon-caret-right&#8220;]\n<ul>\n<li>Gewebte und gestrickte Naturstoffe<\/li>\n<li>Gewebte und gestrickte Synthetikstoffe<\/li>\n<li>Vliesstoffe<\/li>\n<li>Papier<\/li>\n<li>Vinyl \/ Kunstleder<\/li>\n<li>Aluminiumfolien<\/li>\n<\/ul>\n[\/mk_custom_list][mk_padding_divider size=&#8220;10&#8243;][vc_column_text css=&#8220;.vc_custom_1566894956397{margin-bottom: 0px !important;}&#8220;]\n<h3><span class=\"s1\" style=\"color: #00005f;\">Betriebliche Vorteile<\/span><\/h3>\n[\/vc_column_text][vc_separator color=&#8220;custom&#8220; accent_color=&#8220;#00005e&#8220;][mk_custom_list style=&#8220;mk-icon-caret-right&#8220;]\n<ul>\n<li>Ausgezeichneter Gl\u00e4ttungseffekt<\/li>\n<li>Ausgezeichnete Glasurwirkung in Verbindung mit einer hochglanzpolierten Stahlwalze<\/li>\n<li>Hervorragende Verdichtung von kalandriertem Gewebe<\/li>\n<li>Die Laufstabilit\u00e4t erm\u00f6glicht einen h\u00f6heren und homogeneren Glanz bei h\u00f6heren Geschwindigkeiten<\/li>\n<li>Syncast\u2122 erzeugt in Kombination mit Baumwollwalzen hervorragende Glanz-, Haptik- und Matteffekte<\/li>\n<\/ul>\n[\/mk_custom_list][\/vc_column_inner][vc_column_inner width=&#8220;1\/2&#8243;][mk_image src=&#8220;https:\/\/kwf-hilger.com\/wp-content\/uploads\/2019\/06\/symcast-2.jpg&#8220; image_size=&#8220;large&#8220; lightbox=&#8220;true&#8220; align=&#8220;center&#8220; el_class=&#8220;letterhough&#8220;][\/vc_column_inner][\/vc_row_inner][vc_row_inner][vc_column_inner width=&#8220;1\/2&#8243;][mk_image src=&#8220;https:\/\/kwf-hilger.com\/wp-content\/uploads\/2019\/06\/symcast-4.jpg&#8220; image_size=&#8220;large&#8220; lightbox=&#8220;true&#8220; align=&#8220;center&#8220; el_class=&#8220;letterhough&#8220;][\/vc_column_inner][vc_column_inner width=&#8220;1\/2&#8243;][mk_image src=&#8220;https:\/\/kwf-hilger.com\/wp-content\/uploads\/2019\/06\/symcast-9.jpg&#8220; image_size=&#8220;full&#8220; lightbox=&#8220;true&#8220; align=&#8220;center&#8220; el_class=&#8220;letterhough&#8220;][\/vc_column_inner][\/vc_row_inner][mk_padding_divider size=&#8220;60&#8243;][vc_row_inner][vc_column_inner][mk_table style=&#8220;style2&#8243;]\n<table width=\"100%\">\n<thead>\n<tr>\n<th style=\"text-align: left;\"><strong><span style=\"color: #ffffff !important;\">Syncast\u2122 Material<\/span><\/strong><\/th>\n<th style=\"text-align: left;\"><span style=\"color: #ffffff;\">Polyamid PA6G:<\/span><\/th>\n<\/tr>\n<\/thead>\n<tbody>\n<tr>\n<td style=\"text-align: left;\"><span style=\"color: #00005f;\">Farbe<\/span><\/td>\n<td style=\"text-align: left;\"><span style=\"color: #00005f;\">Naturbelassen<\/span><\/td>\n<\/tr>\n<tr>\n<td style=\"text-align: left;\"><span style=\"color: #00005f;\">H\u00e4rte<\/span><\/td>\n<td style=\"text-align: left;\"><span style=\"color: #00005f;\">87\u00b0 +\/-1 Shore D<\/span><\/td>\n<\/tr>\n<tr>\n<td style=\"text-align: left;\"><span style=\"color: #00005f;\">Maximale Oberfl\u00e4chentemperatur der beheizten Stahlwalze<\/span><\/td>\n<td style=\"text-align: left;\"><span style=\"color: #00005f;\">200-220\u00b0C<\/span><\/td>\n<\/tr>\n<tr>\n<td style=\"text-align: left;\"><span style=\"color: #00005f;\">Maximale Oberfl\u00e4chentemperatur der SYNCAST\u2122 Walze<\/span><\/td>\n<td style=\"text-align: left;\"><span style=\"color: #00005f;\">130\u00b0C<\/span><\/td>\n<\/tr>\n<tr>\n<td style=\"text-align: left;\"><span style=\"color: #00005f;\">Maximaler linearer Druck<\/span><\/td>\n<td style=\"text-align: left;\"><span style=\"color: #00005f;\">35o kN\/m<\/span><\/td>\n<\/tr>\n<\/tbody>\n<\/table>\n[\/mk_table][\/vc_column_inner][\/vc_row_inner][mk_padding_divider size=&#8220;60&#8243;][mk_padding_divider size=&#8220;60&#8243;][\/vc_column][\/mk_page_section]\n<\/div>","protected":false},"excerpt":{"rendered":"<p>[mk_page_section bg_image=&#8220;https:\/\/kwf-hilger.com\/wp-content\/uploads\/2019\/04\/kwf_bild_intro_blau.jpg&#8220; bg_position=&#8220;left center&#8220; bg_repeat=&#8220;no-repeat&#8220; bg_stretch=&#8220;true&#8220; speed_factor=&#8220;0.4&#8243; video_color_mask=&#8220;#1b34b5&#8243; video_opacity=&#8220;0.5&#8243; min_height=&#8220;400&#8243; full_width=&#8220;true&#8220; js_vertical_centered=&#8220;true&#8220; padding_top=&#8220;0&#8243; padding_bottom=&#8220;0&#8243; sidebar=&#8220;sidebar-1&#8243;][vc_column][vc_column_text animation=&#8220;scale-up&#8220; el_class=&#8220;schatten&#8220; css=&#8220;.vc_custom_1566894711189{margin-bottom: 0px !important;}&#8220;] Pr\u00e4gewalzen [\/vc_column_text][vc_column_text disable_pattern=&#8220;false&#8220; css=&#8220;.vc_custom_1566894785842{margin-bottom: 0px !important;}&#8220;] Fasergef\u00fcllte Gegendruckwalzen sind heute die leistungsst\u00e4rkste und kosteng\u00fcnstigste Alternative f\u00fcr die meisten Pr\u00e4geanwendungen. [\/vc_column_text][mk_padding_divider][vc_row_inner][vc_column_inner width=&#8220;1\/3&#8243;][mk_button dimension=&#8220;outline&#8220; size=&#8220;large&#8220; url=&#8220;#woollenpaper&#8220; align=&#8220;center&#8220; fullwidth=&#8220;true&#8220; outline_skin=&#8220;custom&#8220; outline_active_text_color=&#8220;#ffffff&#8220; outline_hover_bg_color=&#8220;#ffffff&#8220; outline_hover_color=&#8220;#00005e&#8220;]Wollpapier[\/mk_button][\/vc_column_inner][vc_column_inner width=&#8220;1\/3&#8243;][mk_button dimension=&#8220;outline&#8220; size=&#8220;large&#8220; url=&#8220;#superelastic&#8220; align=&#8220;center&#8220; [&hellip;]<\/p>\n","protected":false},"author":1,"featured_media":0,"parent":0,"menu_order":0,"comment_status":"closed","ping_status":"closed","template":"","meta":{"footnotes":""},"class_list":["post-1619","page","type-page","status-publish","hentry"],"_links":{"self":[{"href":"https:\/\/kwf-hilger.com\/de\/wp-json\/wp\/v2\/pages\/1619","targetHints":{"allow":["GET"]}}],"collection":[{"href":"https:\/\/kwf-hilger.com\/de\/wp-json\/wp\/v2\/pages"}],"about":[{"href":"https:\/\/kwf-hilger.com\/de\/wp-json\/wp\/v2\/types\/page"}],"author":[{"embeddable":true,"href":"https:\/\/kwf-hilger.com\/de\/wp-json\/wp\/v2\/users\/1"}],"replies":[{"embeddable":true,"href":"https:\/\/kwf-hilger.com\/de\/wp-json\/wp\/v2\/comments?post=1619"}],"version-history":[{"count":29,"href":"https:\/\/kwf-hilger.com\/de\/wp-json\/wp\/v2\/pages\/1619\/revisions"}],"predecessor-version":[{"id":2320,"href":"https:\/\/kwf-hilger.com\/de\/wp-json\/wp\/v2\/pages\/1619\/revisions\/2320"}],"wp:attachment":[{"href":"https:\/\/kwf-hilger.com\/de\/wp-json\/wp\/v2\/media?parent=1619"}],"curies":[{"name":"wp","href":"https:\/\/api.w.org\/{rel}","templated":true}]}}