{"id":1621,"date":"2019-06-17T11:08:18","date_gmt":"2019-06-17T09:08:18","guid":{"rendered":"https:\/\/kwf-hilger.com\/?page_id=1621"},"modified":"2019-10-02T13:16:40","modified_gmt":"2019-10-02T11:16:40","slug":"calendering-rolls-for-the-textile-industry","status":"publish","type":"page","link":"https:\/\/kwf-hilger.com\/de\/calendering-rolls-for-the-textile-industry\/","title":{"rendered":"Kalanderwalzen f\u00fcr die Textilindustrie"},"content":{"rendered":"<div class=\"wpb-content-wrapper\">[mk_page_section bg_image=&#8220;https:\/\/kwf-hilger.com\/wp-content\/uploads\/2019\/04\/kwf_bild_intro_blau.jpg&#8220; bg_position=&#8220;right center&#8220; bg_repeat=&#8220;no-repeat&#8220; bg_stretch=&#8220;true&#8220; speed_factor=&#8220;0.4&#8243; video_color_mask=&#8220;#1b34b5&#8243; video_opacity=&#8220;0.5&#8243; min_height=&#8220;400&#8243; full_width=&#8220;true&#8220; js_vertical_centered=&#8220;true&#8220; padding_top=&#8220;0&#8243; padding_bottom=&#8220;0&#8243; sidebar=&#8220;sidebar-1&#8243;][vc_column][vc_column_text animation=&#8220;scale-up&#8220; el_class=&#8220;schatten&#8220; css=&#8220;.vc_custom_1566895191194{margin-bottom: 0px !important;}&#8220;]\n<h1 style=\"text-align: center;\"><span style=\"color: #ffffff;\">Kalanderwalzen f\u00fcr die Textilindustrie<\/span><\/h1>\n[\/vc_column_text][mk_padding_divider][vc_row_inner is_fullwidth_content=&#8220;false&#8220;][vc_column_inner width=&#8220;1\/2&#8243;][mk_button dimension=&#8220;outline&#8220; size=&#8220;large&#8220; url=&#8220;#copcotton&#8220; align=&#8220;center&#8220; fullwidth=&#8220;true&#8220; outline_skin=&#8220;custom&#8220; outline_active_color=&#8220;#ffffff&#8220; outline_hover_bg_color=&#8220;#ffffff&#8220; outline_hover_color=&#8220;#00005e&#8220;]COP-Baumwolle[\/mk_button][\/vc_column_inner][vc_column_inner width=&#8220;1\/2&#8243;][mk_button dimension=&#8220;outline&#8220; size=&#8220;large&#8220; url=&#8220;#syncasttextil1&#8243; align=&#8220;center&#8220; fullwidth=&#8220;true&#8220; outline_skin=&#8220;custom&#8220; outline_active_color=&#8220;#ffffff&#8220; outline_hover_bg_color=&#8220;#ffffff&#8220; outline_hover_color=&#8220;#00005e&#8220;]Syncast\u2122[\/mk_button][\/vc_column_inner][\/vc_row_inner][\/vc_column][\/mk_page_section][mk_page_section bg_image=&#8220;https:\/\/kwf-hilger.com\/wp-content\/uploads\/2019\/04\/hintergrund_logo.png&#8220; bg_position=&#8220;center center&#8220; video_color_mask=&#8220;#ffffff&#8220; video_opacity=&#8220;0.7&#8243; min_height=&#8220;0&#8243; padding_top=&#8220;0&#8243; padding_bottom=&#8220;0&#8243; section_id=&#8220;copcotton&#8220; sidebar=&#8220;sidebar-1&#8243;][vc_column][mk_padding_divider size=&#8220;60&#8243;][vc_column_text css=&#8220;.vc_custom_1566895205842{margin-bottom: 0px !important;}&#8220;]\n<h2 style=\"text-align: center;\"><span style=\"color: #00005e;\">COP-Baumwolle<\/span><\/h2>\n[\/vc_column_text][vc_column_text css=&#8220;.vc_custom_1566895220736{margin-bottom: 0px !important;}&#8220;]\n<p class=\"p2\" style=\"text-align: center;\"><span style=\"color: #00005e;\">Unsere hochwertigen Baumwollwalzen werden exklusiv von den weltweit f\u00fchrenden Kalanderherstellern vorgegeben<br \/>\nund von den f\u00fchrenden Textilherstellern auf der ganzen Welt verwendet.<br \/>\n<\/span><\/p>\n[\/vc_column_text][vc_separator color=&#8220;custom&#8220; border_width=&#8220;2&#8243; accent_color=&#8220;#00005e&#8220;][vc_row_inner][vc_column_inner width=&#8220;1\/2&#8243;][vc_column_text css=&#8220;.vc_custom_1566895238154{margin-bottom: 0px !important;}&#8220;]\n<p style=\"color: #00005e; text-align: justify !important;\">COP-Baumwolle wird aus 100 % nat\u00fcrlicher Baumwolle mit Hilfe einer einzigartigen Herstellungstechnik hergestellt. Wir haben eine spezielle Methode, um die Walzen so herzustellen, dass die Baumwollf\u00e4den in Umfangsrichtung um die Walze herum ausgerichtet sind, was dem Bezug eine viel gr\u00f6\u00dfere Festigkeit und dem Stoff ein weicheres Gef\u00fchl verleiht.<\/p>\n<p style=\"color: #00005e; text-align: justify !important;\">Cop-Baumwolle ist in Bezug auf Elastizit\u00e4t, W\u00e4rmebest\u00e4ndigkeit und Lebensdauer der Fasern un\u00fcbertroffen. Die elastischen Eigenschaften des Bindungssystems sorgen daf\u00fcr, dass die por\u00f6se \/ offene Struktur ein hohes Ma\u00df an Flexibilit\u00e4t, Elastizit\u00e4t und Festigkeit aufweist.<\/p>\n[\/vc_column_text][\/vc_column_inner][vc_column_inner width=&#8220;1\/2&#8243;][mk_image src=&#8220;https:\/\/kwf-hilger.com\/wp-content\/uploads\/2019\/06\/cop-cotton-cover-close-up.jpg&#8220; image_size=&#8220;large&#8220; lightbox=&#8220;true&#8220; align=&#8220;center&#8220; el_class=&#8220;letterhough&#8220;][\/vc_column_inner][\/vc_row_inner][mk_padding_divider size=&#8220;60&#8243;][vc_row_inner][vc_column_inner width=&#8220;1\/3&#8243;][mk_image src=&#8220;https:\/\/kwf-hilger.com\/wp-content\/uploads\/2019\/06\/row-of-finished-bs.jpg&#8220; image_size=&#8220;large&#8220; lightbox=&#8220;true&#8220; align=&#8220;center&#8220; el_class=&#8220;letterhough&#8220;][\/vc_column_inner][vc_column_inner width=&#8220;1\/3&#8243;][mk_image src=&#8220;https:\/\/kwf-hilger.com\/wp-content\/uploads\/2019\/06\/close-up-cotton-roll.jpg&#8220; image_size=&#8220;large&#8220; lightbox=&#8220;true&#8220; align=&#8220;center&#8220; el_class=&#8220;letterhough&#8220;][\/vc_column_inner][vc_column_inner width=&#8220;1\/3&#8243;][mk_image src=&#8220;https:\/\/kwf-hilger.com\/wp-content\/uploads\/2019\/06\/cotton-roll-in-press-2.jpg&#8220; image_size=&#8220;large&#8220; lightbox=&#8220;true&#8220; align=&#8220;center&#8220; el_class=&#8220;letterhough&#8220;][\/vc_column_inner][\/vc_row_inner][mk_padding_divider size=&#8220;60&#8243;][vc_row_inner][vc_column_inner width=&#8220;1\/2&#8243;][vc_column_text css=&#8220;.vc_custom_1566895253249{margin-bottom: 0px !important;}&#8220;]\n<h3 class=\"p1\"><span class=\"s1\" style=\"color: #00005f;\">Anwendungen:<\/span><\/h3>\n[\/vc_column_text][vc_separator color=&#8220;custom&#8220; accent_color=&#8220;#00005e&#8220;][mk_custom_list style=&#8220;mk-icon-caret-right&#8220;]\n<ul>\n<li>Textil- und Vlieskalandrierung<\/li>\n<li>Pr\u00e4gung<\/li>\n<\/ul>\n[\/mk_custom_list][mk_padding_divider][vc_column_text css=&#8220;.vc_custom_1566895280621{margin-bottom: 0px !important;}&#8220;]\n<h3 class=\"p1\"><span class=\"s1\" style=\"color: #00005f;\">Hauptmerkmale:<\/span><\/h3>\n[\/vc_column_text][vc_separator color=&#8220;custom&#8220; accent_color=&#8220;#00005e&#8220;][mk_custom_list style=&#8220;mk-icon-caret-right&#8220;]\n<ul>\n<li>Hohe Belastbarkeit und Festigkeit<\/li>\n<li>Hervorragende Oberfl\u00e4cheneigenschaften der Walzen<\/li>\n<li>Erzielt eine optimale Oberfl\u00e4chenbeschaffenheit des Gewebes<\/li>\n<li>Hervorragende Best\u00e4ndigkeit gegen Oberfl\u00e4chenbesch\u00e4digungen<\/li>\n<\/ul>\n[\/mk_custom_list][\/vc_column_inner][vc_column_inner width=&#8220;1\/2&#8243;][vc_column_text css=&#8220;.vc_custom_1566895332719{margin-bottom: 0px !important;}&#8220;]\n<h3 class=\"p1\"><span class=\"s1\" style=\"color: #00005f;\">Baumwollwalzen f\u00fcr:<\/span><\/h3>\n[\/vc_column_text][vc_separator color=&#8220;custom&#8220; accent_color=&#8220;#00005e&#8220;][mk_custom_list style=&#8220;mk-icon-caret-right&#8220;]\n<ul>\n<li>Universelle Textilkalander<\/li>\n<li>Schreiner-Kalander<\/li>\n<li>Friktionskalander<\/li>\n<li>Pr\u00e4gekalander<\/li>\n<li>Binde- &amp; Vlieskalander<\/li>\n<\/ul>\n[\/mk_custom_list][\/vc_column_inner][\/vc_row_inner][\/vc_column][vc_column][vc_row_inner el_id=&#8220;syncasttextil1&#8243;][vc_column_inner][mk_padding_divider size=&#8220;60&#8243;][mk_padding_divider size=&#8220;60&#8243;][vc_column_text css=&#8220;.vc_custom_1566895376483{margin-bottom: 0px !important;}&#8220;]\n<h2 style=\"text-align: center;\"><span style=\"color: #00005e;\">SYNCAST\u2122 Polyamid-Kalanderwalzen<\/span><\/h2>\n[\/vc_column_text][vc_separator color=&#8220;custom&#8220; border_width=&#8220;2&#8243; accent_color=&#8220;#00005e&#8220;][\/vc_column_inner][\/vc_row_inner][vc_row_inner][vc_column_inner width=&#8220;1\/2&#8243;][vc_column_text disable_pattern=&#8220;false&#8220; css=&#8220;.vc_custom_1566895387546{margin-bottom: 0px !important;}&#8220;]\n<p style=\"color: #00005e; text-align: justify !important;\">Syncast\u2122 Polyamid-Kalanderwalzen von KWF sind eine hochmoderne L\u00f6sung f\u00fcr viele Kalander- und Pr\u00e4geanwendungen. Die hervorragende Best\u00e4ndigkeit gegen Oberfl\u00e4chenbesch\u00e4digungen sorgt f\u00fcr minimale Wartung und eine sehr lange Lebensdauer.<\/p>\n[\/vc_column_text][\/vc_column_inner][vc_column_inner width=&#8220;1\/2&#8243;][mk_image src=&#8220;https:\/\/kwf-hilger.com\/wp-content\/uploads\/2019\/06\/symcast-tube-4.jpg&#8220; image_size=&#8220;large&#8220; lightbox=&#8220;true&#8220; align=&#8220;center&#8220; el_class=&#8220;letterhough&#8220;][\/vc_column_inner][\/vc_row_inner][mk_padding_divider size=&#8220;60&#8243;][vc_row_inner][vc_column_inner width=&#8220;1\/2&#8243;][mk_image src=&#8220;https:\/\/kwf-hilger.com\/wp-content\/uploads\/2019\/06\/symcast-10-1.jpg&#8220; image_size=&#8220;large&#8220; lightbox=&#8220;true&#8220; align=&#8220;center&#8220; el_class=&#8220;letterhough&#8220;][\/vc_column_inner][vc_column_inner width=&#8220;1\/2&#8243;][mk_image src=&#8220;https:\/\/kwf-hilger.com\/wp-content\/uploads\/2019\/06\/symcast-tube-2.jpg&#8220; image_size=&#8220;large&#8220; lightbox=&#8220;true&#8220; align=&#8220;center&#8220; el_class=&#8220;letterhough&#8220;][\/vc_column_inner][\/vc_row_inner][mk_padding_divider size=&#8220;60&#8243;][vc_row_inner][vc_column_inner width=&#8220;1\/2&#8243;][vc_column_text css=&#8220;.vc_custom_1566895398861{margin-bottom: 0px !important;}&#8220;]\n<h3 class=\"p1\"><span class=\"s1\" style=\"color: #00005f;\">Konstruktion<\/span><\/h3>\n[\/vc_column_text][vc_separator color=&#8220;custom&#8220; accent_color=&#8220;#00005e&#8220;][vc_column_text css=&#8220;.vc_custom_1566895416080{margin-bottom: 0px !important;}&#8220;]\n<p style=\"color: #00005e; text-align: justify !important;\">Syncast\u2122 ist ein einzigartig elastisches, thermoplastisches Polymer, das speziell f\u00fcr Kalanderwalzen entwickelt wurde. Syncast\u2122 Walzenbez\u00fcge werden im Schleudergussverfahren hergestellt und garantieren aufgrund der au\u00dfergew\u00f6hnlich hohen Drehzahl (2000 U\/min) im Gie\u00dfverfahren eine einwandfreie Qualit\u00e4t. Dieser Hochgeschwindigkeits-Schleuderguss sorgt daf\u00fcr, dass alle Luftblasen und Verunreinigungen aus dem Bezug entfernt werden. Anschlie\u00dfend sorgt die nat\u00fcrliche atmosph\u00e4rische Abk\u00fchlung des gegossenen Polymers im Formprozess f\u00fcr maximale Reaktionszeit und erm\u00f6glicht die Bildung l\u00e4ngerer Molek\u00fcle.<\/p>\n<p style=\"color: #00005e; text-align: justify !important;\">Die optimierte Molek\u00fcll\u00e4nge verleiht dem Syncast\u2122-Kalanderwalzenbezug seine hervorragende Elastizit\u00e4t und Markierungserholung bei minimaler Formverzerrung. Dies f\u00fchrt zu einer hervorragenden Lauff\u00e4higkeit des Kalanders und einer maximalen Lebensdauer. Interne Spannungen werden im Syncast\u2122-Kalanderwalzenbezug minimiert, da er bei Temperaturen unterhalb des Schmelzpunktes des Polymers hergestellt wird.<\/p>\n[\/vc_column_text][\/vc_column_inner][vc_column_inner width=&#8220;1\/2&#8243;][vc_column_text css=&#8220;.vc_custom_1566895426976{margin-bottom: 0px !important;}&#8220;]\n<h3><span style=\"color: #00005e;\">Anwendungen<\/span><\/h3>\n[\/vc_column_text][vc_separator color=&#8220;custom&#8220; accent_color=&#8220;#00005e&#8220;][mk_custom_list style=&#8220;mk-icon-caret-right&#8220;]\n<ul>\n<li>Kalandrieren<\/li>\n<li>Gewebte und gestrickte Naturstoffe<\/li>\n<li>Gewebte und gestrickte Synthetikstoffe<\/li>\n<li>Vliesstoffe (Thermobonding)<\/li>\n<li>Papier<\/li>\n<\/ul>\n[\/mk_custom_list][mk_padding_divider][vc_column_text css=&#8220;.vc_custom_1566895475571{margin-bottom: 0px !important;}&#8220;]\n<h3><span class=\"s1\" style=\"color: #00005f;\"><b>Operativer Nutzen<\/b><\/span><\/h3>\n[\/vc_column_text][vc_separator color=&#8220;custom&#8220; accent_color=&#8220;#00005e&#8220;][mk_custom_list style=&#8220;mk-icon-caret-right&#8220;]\n<ul>\n<li>Kein \u201eEinwaschen\u201c erforderlich<\/li>\n<li>Hohe Best\u00e4ndigkeit gegen Oberfl\u00e4chenmarkierungen, z.\u00a0B. von \u00c4rmelkanten, N\u00e4hten, Falten und Knoten etc.<\/li>\n<li>Die meisten Oberfl\u00e4chenmarkierungen gl\u00e4tten sich w\u00e4hrend des Betriebs.<\/li>\n<li>Unterschiedliche Materialbreiten k\u00f6nnen ohne Kantenmarkierungsprobleme verarbeitet werden.<\/li>\n<li>Best\u00e4ndig gegen die g\u00e4ngigsten Verarbeitungschemikalien<\/li>\n<li>Syncast\u2122-Walzen k\u00f6nnen mehrfach nachbearbeitet werden und bieten eine hervorragende Lebensdauer.<\/li>\n<\/ul>\n[\/mk_custom_list][\/vc_column_inner][\/vc_row_inner][\/vc_column][vc_column][mk_padding_divider size=&#8220;60&#8243;][mk_padding_divider size=&#8220;60&#8243;][\/vc_column][\/mk_page_section]\n<\/div>","protected":false},"excerpt":{"rendered":"<p>[mk_page_section bg_image=&#8220;https:\/\/kwf-hilger.com\/wp-content\/uploads\/2019\/04\/kwf_bild_intro_blau.jpg&#8220; bg_position=&#8220;right center&#8220; bg_repeat=&#8220;no-repeat&#8220; bg_stretch=&#8220;true&#8220; speed_factor=&#8220;0.4&#8243; video_color_mask=&#8220;#1b34b5&#8243; video_opacity=&#8220;0.5&#8243; min_height=&#8220;400&#8243; full_width=&#8220;true&#8220; js_vertical_centered=&#8220;true&#8220; padding_top=&#8220;0&#8243; padding_bottom=&#8220;0&#8243; sidebar=&#8220;sidebar-1&#8243;][vc_column][vc_column_text animation=&#8220;scale-up&#8220; el_class=&#8220;schatten&#8220; css=&#8220;.vc_custom_1566895191194{margin-bottom: 0px !important;}&#8220;] Kalanderwalzen f\u00fcr die Textilindustrie [\/vc_column_text][mk_padding_divider][vc_row_inner is_fullwidth_content=&#8220;false&#8220;][vc_column_inner width=&#8220;1\/2&#8243;][mk_button dimension=&#8220;outline&#8220; size=&#8220;large&#8220; url=&#8220;#copcotton&#8220; align=&#8220;center&#8220; fullwidth=&#8220;true&#8220; outline_skin=&#8220;custom&#8220; outline_active_color=&#8220;#ffffff&#8220; outline_hover_bg_color=&#8220;#ffffff&#8220; outline_hover_color=&#8220;#00005e&#8220;]COP-Baumwolle[\/mk_button][\/vc_column_inner][vc_column_inner width=&#8220;1\/2&#8243;][mk_button dimension=&#8220;outline&#8220; size=&#8220;large&#8220; url=&#8220;#syncasttextil1&#8243; align=&#8220;center&#8220; fullwidth=&#8220;true&#8220; outline_skin=&#8220;custom&#8220; outline_active_color=&#8220;#ffffff&#8220; outline_hover_bg_color=&#8220;#ffffff&#8220; outline_hover_color=&#8220;#00005e&#8220;]Syncast\u2122[\/mk_button][\/vc_column_inner][\/vc_row_inner][\/vc_column][\/mk_page_section][mk_page_section bg_image=&#8220;https:\/\/kwf-hilger.com\/wp-content\/uploads\/2019\/04\/hintergrund_logo.png&#8220; bg_position=&#8220;center center&#8220; video_color_mask=&#8220;#ffffff&#8220; video_opacity=&#8220;0.7&#8243; min_height=&#8220;0&#8243; padding_top=&#8220;0&#8243; padding_bottom=&#8220;0&#8243; section_id=&#8220;copcotton&#8220; [&hellip;]<\/p>\n","protected":false},"author":1,"featured_media":0,"parent":0,"menu_order":0,"comment_status":"closed","ping_status":"closed","template":"","meta":{"footnotes":""},"class_list":["post-1621","page","type-page","status-publish","hentry"],"_links":{"self":[{"href":"https:\/\/kwf-hilger.com\/de\/wp-json\/wp\/v2\/pages\/1621","targetHints":{"allow":["GET"]}}],"collection":[{"href":"https:\/\/kwf-hilger.com\/de\/wp-json\/wp\/v2\/pages"}],"about":[{"href":"https:\/\/kwf-hilger.com\/de\/wp-json\/wp\/v2\/types\/page"}],"author":[{"embeddable":true,"href":"https:\/\/kwf-hilger.com\/de\/wp-json\/wp\/v2\/users\/1"}],"replies":[{"embeddable":true,"href":"https:\/\/kwf-hilger.com\/de\/wp-json\/wp\/v2\/comments?post=1621"}],"version-history":[{"count":30,"href":"https:\/\/kwf-hilger.com\/de\/wp-json\/wp\/v2\/pages\/1621\/revisions"}],"predecessor-version":[{"id":2288,"href":"https:\/\/kwf-hilger.com\/de\/wp-json\/wp\/v2\/pages\/1621\/revisions\/2288"}],"wp:attachment":[{"href":"https:\/\/kwf-hilger.com\/de\/wp-json\/wp\/v2\/media?parent=1621"}],"curies":[{"name":"wp","href":"https:\/\/api.w.org\/{rel}","templated":true}]}}