{"id":1623,"date":"2019-06-17T11:08:27","date_gmt":"2019-06-17T09:08:27","guid":{"rendered":"https:\/\/kwf-hilger.com\/?page_id=1623"},"modified":"2020-01-24T14:08:26","modified_gmt":"2020-01-24T13:08:26","slug":"calendering-rolls-for-the-textile-industry-2","status":"publish","type":"page","link":"https:\/\/kwf-hilger.com\/de\/calendering-rolls-for-the-textile-industry-2\/","title":{"rendered":"Quetschwalzen f\u00fcr die Textilindustrie"},"content":{"rendered":"<div class=\"wpb-content-wrapper\">[mk_page_section bg_image=&#8220;https:\/\/kwf-hilger.com\/wp-content\/uploads\/2019\/04\/kwf_bild_intro_blau.jpg&#8220; bg_position=&#8220;left bottom&#8220; bg_repeat=&#8220;no-repeat&#8220; bg_stretch=&#8220;true&#8220; speed_factor=&#8220;0.4&#8243; video_color_mask=&#8220;#1b34b5&#8243; video_opacity=&#8220;0.5&#8243; min_height=&#8220;400&#8243; full_width=&#8220;true&#8220; js_vertical_centered=&#8220;true&#8220; padding_top=&#8220;0&#8243; padding_bottom=&#8220;0&#8243; sidebar=&#8220;sidebar-1&#8243;][vc_column][vc_column_text animation=&#8220;scale-up&#8220; el_class=&#8220;schatten&#8220; css=&#8220;.vc_custom_1566895679392{margin-bottom: 0px !important;}&#8220;]\n<h1 style=\"text-align: center;\"><span style=\"color: #ffffff;\">Quetschwalzen f\u00fcr die Textilindustrie<\/span><\/h1>\n[\/vc_column_text][mk_padding_divider][vc_row_inner][vc_column_inner width=&#8220;1\/3&#8243;][mk_button dimension=&#8220;outline&#8220; size=&#8220;large&#8220; url=&#8220;#roberto&#8220; align=&#8220;center&#8220; fullwidth=&#8220;true&#8220; outline_skin=&#8220;custom&#8220; outline_active_color=&#8220;#ffffff&#8220; outline_hover_bg_color=&#8220;#ffffff&#8220; outline_hover_color=&#8220;#00005e&#8220;]Roberto\u2122[\/mk_button][\/vc_column_inner][vc_column_inner width=&#8220;1\/3&#8243;][mk_button dimension=&#8220;outline&#8220; size=&#8220;large&#8220; url=&#8220;#nollap&#8220; align=&#8220;center&#8220; fullwidth=&#8220;true&#8220; outline_skin=&#8220;custom&#8220; outline_active_color=&#8220;#ffffff&#8220; outline_hover_bg_color=&#8220;#ffffff&#8220; outline_hover_color=&#8220;#00005e&#8220;]Nollap\u2122[\/mk_button][\/vc_column_inner][vc_column_inner width=&#8220;1\/3&#8243;][mk_button dimension=&#8220;outline&#8220; size=&#8220;large&#8220; url=&#8220;#robertex&#8220; align=&#8220;center&#8220; fullwidth=&#8220;true&#8220; outline_skin=&#8220;custom&#8220; outline_active_color=&#8220;#ffffff&#8220; outline_hover_bg_color=&#8220;#ffffff&#8220; outline_hover_color=&#8220;#00005e&#8220;]Robertex\u2122[\/mk_button][\/vc_column_inner][\/vc_row_inner][\/vc_column][\/mk_page_section][mk_page_section bg_image=&#8220;https:\/\/kwf-hilger.com\/wp-content\/uploads\/2019\/04\/hintergrund_logo.png&#8220; bg_position=&#8220;left bottom&#8220; video_color_mask=&#8220;#ffffff&#8220; video_opacity=&#8220;0.7&#8243; min_height=&#8220;0&#8243; padding_top=&#8220;0&#8243; padding_bottom=&#8220;0&#8243; section_id=&#8220;roberto&#8220; sidebar=&#8220;sidebar-1&#8243;][vc_column][mk_padding_divider size=&#8220;60&#8243;][vc_column_text css=&#8220;.vc_custom_1560958239940{margin-bottom: 0px !important;}&#8220;]\n<h2 style=\"text-align: center;\"><span style=\"color: #00005e;\">Roberto\u2122<\/span><\/h2>\n[\/vc_column_text][vc_column_text css=&#8220;.vc_custom_1566895693875{margin-bottom: 0px !important;}&#8220;]\n<p class=\"p1\" style=\"text-align: center;\"><span class=\"s1\" style=\"color: #00005e;\">High Expression-Quetschwalzen<\/span><\/p>\n[\/vc_column_text][vc_separator color=&#8220;custom&#8220; border_width=&#8220;2&#8243; accent_color=&#8220;#00005e&#8220;][vc_row_inner][vc_column_inner width=&#8220;1\/2&#8243;][vc_column_text css=&#8220;.vc_custom_1569485775566{margin-bottom: 0px !important;}&#8220;]\n<p style=\"color: #00005e; text-align: justify !important;\">Die ausschlie\u00dflich von der KWF Hilger GmbH &amp; Co. KG hergestellten Roberto\u2122-Walzen sind ein leistungsstarker Ersatz f\u00fcr herk\u00f6mmliche Gummi- oder PU-Quetschwalzen, mit deutlich verbesserter Quetschleistung und deutlich verbesserter Lebensdauer gegen\u00fcber Gummi und PU.<\/p>\n[\/vc_column_text][mk_padding_divider size=&#8220;20&#8243;][mk_padding_divider size=&#8220;20&#8243;][vc_column_text css=&#8220;.vc_custom_1566895713397{margin-bottom: 0px !important;}&#8220;]\n<h3><span class=\"s1\" style=\"color: #00005e;\">Anwendungen<\/span><\/h3>\n[\/vc_column_text][vc_separator color=&#8220;custom&#8220; accent_color=&#8220;#00005e&#8220;][mk_custom_list style=&#8220;mk-icon-caret-right&#8220;]\n<ul>\n<li>Hocheffiziente Questschleistung von Fl\u00fcssigkeiten aus gewebten und gestrickten Stoffen und Vliesstoffen<\/li>\n<li>Hocheffiziente Questschleistung von Fl\u00fcssigkeiten aus Faserstoffen &#8211; z.\u00a0B. Rayon \u201eNachbehandlungslinien\u201c.<\/li>\n<\/ul>\n[\/mk_custom_list][\/vc_column_inner][vc_column_inner width=&#8220;1\/2&#8243;][mk_image src=&#8220;https:\/\/kwf-hilger.com\/wp-content\/uploads\/2019\/06\/nishat-mills-3.jpg&#8220; image_size=&#8220;full&#8220; lightbox=&#8220;true&#8220; align=&#8220;center&#8220; el_class=&#8220;letterhough&#8220;][\/vc_column_inner][\/vc_row_inner][mk_padding_divider size=&#8220;60&#8243;][vc_row_inner][vc_column_inner][vc_column_text css=&#8220;.vc_custom_1566895754388{margin-bottom: 0px !important;}&#8220;]\n<h3 class=\"p1\"><span class=\"s1\" style=\"color: #00005e;\">Konstruktionen<\/span><\/h3>\n[\/vc_column_text][vc_separator color=&#8220;custom&#8220; accent_color=&#8220;#00005e&#8220;][\/vc_column_inner][\/vc_row_inner][vc_row_inner][vc_column_inner width=&#8220;1\/2&#8243;][vc_column_text css=&#8220;.vc_custom_1569485817000{margin-bottom: 0px !important;}&#8220;]\n<p style=\"color: #00005e; text-align: justify !important;\">Roberto\u2122-Faserwalzen bestehen aus Stahl-Mittenwellen mit Endplatten aus Stahl oder Edelstahl, die einen hochverdichteten mikropor\u00f6sen Faserbezug aus Mischfasern enthalten, die mit einem synthetischen Bindemittel beschichtet sind. Eine Reihe von Roberto\u2122-Materialien ist f\u00fcr verschiedene Anwendungen in der Textilindustrie erh\u00e4ltlich. Roberto\u2122-Walzenbez\u00fcge bestehen aus einer Matrix auf Faserbasis mit einer por\u00f6sen Oberfl\u00e4che und einem por\u00f6sen Inneren. Die Fasern werden mechanisch sowie durch thermische und chemische Behandlung miteinander verbunden. Der Bezug hat ein Hohlraumvolumen von ca. 40 % (kleine, miteinander verbundene Hohlr\u00e4ume). Die Elastizit\u00e4t der Fasern und die elastischen Eigenschaften des Bindungssystems sorgen daf\u00fcr, dass die por\u00f6se \/ offene Struktur ein hohes Ma\u00df an Flexibilit\u00e4t, Elastizit\u00e4t und Festigkeit aufweist.<\/p>\n[\/vc_column_text][\/vc_column_inner][vc_column_inner width=&#8220;1\/2&#8243;][mk_image src=&#8220;https:\/\/kwf-hilger.com\/wp-content\/uploads\/2019\/03\/bildschirmfoto-2019-03-29-um-14.33.49.png&#8220; image_size=&#8220;full&#8220; lightbox=&#8220;true&#8220; align=&#8220;center&#8220; el_class=&#8220;letterhough&#8220;][\/vc_column_inner][\/vc_row_inner][mk_padding_divider size=&#8220;60&#8243;][vc_row_inner][vc_column_inner][vc_column_text css=&#8220;.vc_custom_1566895778480{margin-bottom: 0px !important;}&#8220;]\n<h3 class=\"p1\"><span class=\"s1\" style=\"color: #00005e;\">Leistung<\/span><\/h3>\n[\/vc_column_text][vc_separator color=&#8220;custom&#8220; accent_color=&#8220;#00005e&#8220;][vc_column_text css=&#8220;.vc_custom_1566895787903{margin-bottom: 0px !important;}&#8220;]\n<p style=\"color: #00005e; text-align: justify !important;\">Robertos\u2122 hervorragende Quetschleistung wird durch eine Kombination aus Quetschwirkung und leistungsstarker Kapillarsaugung erreicht. Wenn das Gewebe in den Spalt eintritt, wird \u00fcbersch\u00fcssige Fl\u00fcssigkeit durch Quetschen entfernt, und unmittelbar nach dem Quetschen wird zus\u00e4tzliche Fl\u00fcssigkeit in die Roberto\u2122-Walze gesaugt, was zu einer erh\u00f6hten Quetschleistung von 20-50 % im Vergleich zu herk\u00f6mmlichen Gummi- und PU-Walzen f\u00fchrt.<\/p>\n[\/vc_column_text][\/vc_column_inner][\/vc_row_inner][mk_padding_divider size=&#8220;60&#8243;][vc_row_inner][vc_column_inner width=&#8220;1\/2&#8243;][mk_image src=&#8220;https:\/\/kwf-hilger.com\/wp-content\/uploads\/2019\/06\/nishat-mills-10.jpg&#8220; image_size=&#8220;large&#8220; lightbox=&#8220;true&#8220; align=&#8220;center&#8220; el_class=&#8220;letterhough&#8220;][\/vc_column_inner][vc_column_inner width=&#8220;1\/2&#8243;][mk_image src=&#8220;https:\/\/kwf-hilger.com\/wp-content\/uploads\/2019\/06\/website-achsen-2.jpg&#8220; image_size=&#8220;full&#8220; lightbox=&#8220;true&#8220; align=&#8220;center&#8220; el_class=&#8220;letterhough&#8220;][\/vc_column_inner][\/vc_row_inner][mk_padding_divider size=&#8220;60&#8243;][vc_row_inner][vc_column_inner width=&#8220;1\/2&#8243;][vc_column_text css=&#8220;.vc_custom_1566895800718{margin-bottom: 0px !important;}&#8220;]\n<h3 class=\"p1\"><span class=\"s1\" style=\"color: #00005e;\">Vorteile<\/span><\/h3>\n[\/vc_column_text][vc_separator color=&#8220;custom&#8220; accent_color=&#8220;#00005e&#8220;][mk_custom_list style=&#8220;mk-icon-caret-right&#8220;]\n<ul>\n<li>Hervorragende Quetschleistung durch kombinierten Quetsch- und Kapillarsaugeffekt (20-50\u00a0% Steigerung gegen\u00fcber Gummi und PU)<\/li>\n<li>H\u00f6here Trocknungsgeschwindigkeiten sind erreichbar<\/li>\n<li>Roberto\u2122-Walzen erm\u00f6glichen signifikante Energieeinsparungen (bis zu 40\u00a0%).<\/li>\n<li>Schnelle Amortisation der Investition &#8211; die Anfangsinvestitionen k\u00f6nnen durch Energieeinsparungen in nur wenigen Monaten ausgeglichen werdenSpeziell entwickelt f\u00fcr die Best\u00e4ndigkeit gegen die meisten Verarbeitungschemikalien<\/li>\n<li>Sanftere Quetschwirkung durch extreme Elastizit\u00e4t im Vergleich zu harten Walzen, die die Faserkonstruktion von Geweben besch\u00e4digen k\u00f6nnen<\/li>\n<li>Roberto\u2122-Walzen k\u00f6nnen als Ersatz f\u00fcr andere Arten von Quetschwalzen verwendet werden und k\u00f6nnen zusammen mit Metall-, Ebonit- oder Hartgummiwalzen betrieben werden<\/li>\n<li>Roberto\u2122-Walzen k\u00f6nnen aufgrund der Dicke des Bezugsmaterials viel h\u00e4ufiger nachgeschliffen werden als herk\u00f6mmliche Quetschwalzen, was zu einer deutlich l\u00e4ngeren Walzenlebensdauer f\u00fchrt<\/li>\n<\/ul>\n[\/mk_custom_list][\/vc_column_inner][vc_column_inner width=&#8220;1\/2&#8243;][vc_column_text css=&#8220;.vc_custom_1566896019061{margin-bottom: 0px !important;}&#8220;]\n<h3 class=\"p1\"><span class=\"s1\" style=\"color: #00005e;\">Expressionsergebnisse<\/span><\/h3>\n[\/vc_column_text][vc_separator color=&#8220;custom&#8220; accent_color=&#8220;#00005e&#8220;][vc_column_text css=&#8220;.vc_custom_1566896028666{margin-bottom: 0px !important;}&#8220;]\n<p class=\"p2\"><span class=\"s1\" style=\"color: #00005e;\">Die nachfolgend dargestellten Expressionsergebnisse wurden bei 50 m\/Minute, 54 kg\/cm Belastung und bei 20\u00b0C erreicht<\/span><\/p>\n[\/vc_column_text][mk_padding_divider size=&#8220;20&#8243;][mk_padding_divider size=&#8220;20&#8243;][mk_image src=&#8220;https:\/\/kwf-hilger.com\/wp-content\/uploads\/2019\/03\/bildschirmfoto-2019-03-29-um-14.38.10.png&#8220; image_size=&#8220;full&#8220; lightbox=&#8220;true&#8220;][\/vc_column_inner][\/vc_row_inner][\/vc_column][vc_column][vc_row_inner el_id=&#8220;nollap&#8220;][vc_column_inner][mk_padding_divider size=&#8220;60&#8243;][mk_padding_divider size=&#8220;60&#8243;][vc_column_text css=&#8220;.vc_custom_1560865563087{margin-bottom: 0px !important;}&#8220;]\n<h2 style=\"text-align: center;\"><span style=\"color: #00005e;\">Nollap\u2122 <\/span><\/h2>\n[\/vc_column_text][vc_column_text css=&#8220;.vc_custom_1566896042273{margin-bottom: 0px !important;}&#8220;]\n<p style=\"text-align: center;\"><span style=\"color: #00005e;\">High Expression-Quetschwalzen f\u00fcr Viskosefasern<\/span><\/p>\n[\/vc_column_text][vc_separator color=&#8220;custom&#8220; border_width=&#8220;2&#8243; accent_color=&#8220;#00005e&#8220;][\/vc_column_inner][\/vc_row_inner][vc_row_inner][vc_column_inner width=&#8220;1\/2&#8243;][vc_column_text css=&#8220;.vc_custom_1566896053183{margin-bottom: 0px !important;}&#8220;]\n<h3 class=\"p1\"><span class=\"s1\" style=\"color: #00005e;\">Anwendungen<\/span><\/h3>\n[\/vc_column_text][vc_separator color=&#8220;custom&#8220; accent_color=&#8220;#00005e&#8220;][vc_column_text css=&#8220;.vc_custom_1566896062113{margin-bottom: 0px !important;}&#8220;]\n<p style=\"color: #00005e; text-align: justify !important;\">Nollap\u2122-Faserwalzen sind f\u00fcr den Einsatz beim hocheffizienten Quetschen von Viskosestapelfasern und -garnen bestimmt. In der Regel wird eine Restfeuchte von ca. 100 % erreicht, was zu einer enormen Energieeinsparung gegen\u00fcber dem Quetschen mit einer Gummiwalze oder mit 2x Stahlwalzen f\u00fchrt.<\/p>\n[\/vc_column_text][mk_padding_divider size=&#8220;20&#8243;][mk_padding_divider size=&#8220;20&#8243;][vc_column_text css=&#8220;.vc_custom_1566896071439{margin-bottom: 0px !important;}&#8220;]\n<h3 class=\"p1\"><span style=\"color: #00005e;\">Beschreibungen<\/span><\/h3>\n[\/vc_column_text][vc_separator color=&#8220;custom&#8220; accent_color=&#8220;#00005e&#8220;][vc_column_text css=&#8220;.vc_custom_1566896079320{margin-bottom: 0px !important;}&#8220;]\n<p style=\"color: #00005e; text-align: justify !important;\">Nollap\u2122-Faserwalzen haben eine hochverdichtete mikropor\u00f6se \u201eF\u00fcllung\u201c aus Spezialfasern, die einzeln mit einer Latexverbindung beschichtet sind und diese dauerhaft miteinander verbinden.<\/p>\n[\/vc_column_text][\/vc_column_inner][vc_column_inner width=&#8220;1\/2&#8243;][mk_image src=&#8220;https:\/\/kwf-hilger.com\/wp-content\/uploads\/2019\/06\/nollap-4.jpg&#8220; image_size=&#8220;full&#8220; lightbox=&#8220;true&#8220; align=&#8220;center&#8220; el_class=&#8220;letterhough&#8220;][mk_padding_divider size=&#8220;20&#8243;][\/vc_column_inner][\/vc_row_inner][mk_padding_divider size=&#8220;60&#8243;][vc_row_inner][vc_column_inner][mk_image src=&#8220;https:\/\/kwf-hilger.com\/wp-content\/uploads\/2019\/06\/nollap-3.jpg&#8220; image_size=&#8220;full&#8220; lightbox=&#8220;true&#8220; align=&#8220;center&#8220; el_class=&#8220;letterhough&#8220;][\/vc_column_inner][\/vc_row_inner][mk_padding_divider size=&#8220;60&#8243;][vc_row_inner][vc_column_inner width=&#8220;1\/2&#8243;][vc_column_text css=&#8220;.vc_custom_1566896091396{margin-bottom: 0px !important;}&#8220;]\n<h3 class=\"p1\"><span class=\"s1\" style=\"color: #00005e;\">Betrieb<\/span><\/h3>\n[\/vc_column_text][vc_separator color=&#8220;custom&#8220; accent_color=&#8220;#00005e&#8220;][mk_custom_list style=&#8220;mk-icon-caret-right&#8220;]\n<ul>\n<li>Viskosefasern sind von Natur aus sehr hygroskopisch und setzen keine Fl\u00fcssigkeit frei. Die Fasern flie\u00dfen frei, wodurch die Mattendicke ungleichm\u00e4\u00dfig wird und der Walzenspalt unterschiedlich belastet wird.<\/li>\n<li>Viskosefasern sind empfindlich gegen\u00fcber Verunreinigungen. KWF entwickelt und produziert Nollap\u2122-Walzen f\u00fcr diese spezielle Anwendung und verwendet Materialien, die die Fasern nicht verunreinigen k\u00f6nnen.<\/li>\n<li>Wir haben die Technologie gemeistert, indem wir ein Design mit hohem Drehmoment f\u00fcr diesen Vorgang entwickelt haben. Wir verbessern kontinuierlich die Nollap\u2122-Walzen, basierend auf Forschungs- und Entwicklungsbem\u00fchungen und Kundenfeedback.<\/li>\n<li>Wenn Fasern oder Garne in den Spalt eindringen, wird \u00fcbersch\u00fcssige Fl\u00fcssigkeit durch Quetschen entfernt, und unmittelbar nach dem Spalt wird zus\u00e4tzliche Fl\u00fcssigkeit in die teilweise evakuierte Walze gesaugt, wodurch ein hocheffizientes Extraktionssystem entsteht.<\/li>\n<\/ul>\n[\/mk_custom_list][mk_image src=&#8220;https:\/\/kwf-hilger.com\/wp-content\/uploads\/2019\/06\/nollap-2.jpg&#8220; image_size=&#8220;full&#8220; lightbox=&#8220;true&#8220; align=&#8220;center&#8220; el_class=&#8220;letterhough&#8220;][\/vc_column_inner][vc_column_inner width=&#8220;1\/2&#8243;][vc_column_text css=&#8220;.vc_custom_1566897684456{margin-bottom: 0px !important;}&#8220;]\n<div id=\"list-27\" class=\"mk-list-styles mk-align-none clear\" data-charcode=\"mk-moon-thumbs-up-3\" data-family=\"\">\n<h3 class=\"p1\"><span class=\"s1\" style=\"color: #00005e;\">Vorteile<\/span><\/h3>\n<\/div>\n[\/vc_column_text][vc_separator color=&#8220;custom&#8220; accent_color=&#8220;#00005e&#8220;][mk_custom_list style=&#8220;mk-icon-caret-right&#8220;]\n<ul>\n<li>In der Regel wird eine Restfeuchte von ca. 100\u00a0% erreicht, was zu enormen Energieeinsparungen an den Trocknern f\u00fchrt<\/li>\n<li>Ein gro\u00dfer Vorteil gegen\u00fcber stahl- oder gummibeschichteten Walzen ist, dass ein unebenes Faserbett f\u00fcr die Nollap\u2122-Walze kein Problem darstellt<\/li>\n<li>Besch\u00e4digungen lassen sich aufgrund der Belastbarkeit des F\u00fcllmaterials leicht beheben.<\/li>\n<li>Fremdk\u00f6rper &#8211; wie kleine Maschinenteile oder andere Ablagerungen &#8211; sinken einfach in die Walze und m\u00fcssen nicht entfernt werden<\/li>\n<li>Im Gegensatz zu Gummiwalzen, die leicht zu besch\u00e4digen sind und hohen Quetschdr\u00fccken nicht standhalten, erholen sich die Nollap\u2122-Faserwalzen aufgrund ihres laminierten Aufbaus und hohen Belastbarkeit schnell<\/li>\n<li>Quetschdr\u00fccke von mehr als 215\u00a0kg\/linear cm k\u00f6nnen mit Nollap\u2122-Faserrollen erreicht werden<\/li>\n<li>Nollap\u2122-Faserrollen erm\u00f6glichen eine durchschnittliche Energieeinsparung von 20\u00a0% gegen\u00fcber herk\u00f6mmlichen Gummiwalzen<\/li>\n<li>Nollap\u2122 Faserrollen k\u00f6nnen nachgeschliffen werden, um ungew\u00f6hnlich tiefe Markierungen zu entfernen<\/li>\n<li>Nollap\u2122-Faserrollen k\u00f6nnen einfach andere Arten von Quetschwalzen ersetzen und bei Erreichen des Mindestdurchmessers wieder bef\u00fcllt werden<\/li>\n<li>Die Betriebsvorteile von Nollap\u2122-Faserwalzen sind um ein Vielfaches h\u00f6her als der Preis<\/li>\n<li>Nollap\u2122-Faserrollen verbessern die Quetschwirkung, ohne Druck auf die Fasern auszu\u00fcben<\/li>\n<li>Nollap\u2122-Faserwalzen haben einen viel h\u00f6heren Reibungskoeffizienten im Vergleich zu Metall-\/Gummiwalzen, wodurch ein Druckverlust vermieden wird<\/li>\n<li>Ein hoher Reibungskoeffizient in Nollap\u2122-Faserrollen sorgt f\u00fcr bessere Qualit\u00e4t der Viskosefasern ohne harte Stellen oder Br\u00fcche und ohne Glanz auf den Viskosefasern<\/li>\n<li>Nollap\u2122-Faserrollen halten im Allgemeinen mehr als 5 Jahre und die Amortisationszeit betr\u00e4gt weniger als ein Jahr<\/li>\n<\/ul>\n[\/mk_custom_list][\/vc_column_inner][\/vc_row_inner][\/vc_column][vc_column][vc_row_inner el_id=&#8220;robertex&#8220;][vc_column_inner][mk_padding_divider size=&#8220;60&#8243;][mk_padding_divider size=&#8220;60&#8243;][vc_column_text css=&#8220;.vc_custom_1560958253181{margin-bottom: 0px !important;}&#8220;]\n<h2 style=\"text-align: center;\"><span style=\"color: #00005e;\">Robertex\u2122<\/span><\/h2>\n[\/vc_column_text][vc_column_text css=&#8220;.vc_custom_1566897697222{margin-bottom: 0px !important;}&#8220;]\n<p class=\"p1\" style=\"text-align: center;\"><span class=\"s1\" style=\"color: #00005e;\"> Chemisch best\u00e4ndige Walzen <\/span><\/p>\n[\/vc_column_text][vc_separator color=&#8220;custom&#8220; border_width=&#8220;2&#8243; accent_color=&#8220;#00005e&#8220;][\/vc_column_inner][\/vc_row_inner][vc_row_inner][vc_column_inner width=&#8220;1\/2&#8243;][vc_column_text css=&#8220;.vc_custom_1566897707426{margin-bottom: 0px !important;}&#8220;]\n<p style=\"color: #00005e; text-align: justify !important;\">Wir stellen Robertex\u2122 vor &#8211; die erste chemisch best\u00e4ndige, hochextrudierte Quetschwalze f\u00fcr hochexpressive Fasern, die speziell f\u00fcr den Einsatz in aggressiven Textilverarbeitungsumgebungen entwickelt wurde. Die ideale Wahl f\u00fcr den Einsatz in \u00e4tzenden oder sauren Umgebungen.<\/p>\n[\/vc_column_text][mk_padding_divider size=&#8220;20&#8243;][vc_column_text css=&#8220;.vc_custom_1566897716224{margin-bottom: 0px !important;}&#8220;]\n<h3 class=\"p1\"><span class=\"s1\" style=\"color: #00005e;\">Anwendungen<\/span><\/h3>\n[\/vc_column_text][vc_separator color=&#8220;custom&#8220; accent_color=&#8220;#00005e&#8220;][mk_custom_list style=&#8220;mk-icon-caret-right&#8220;]\n<ul>\n<li>Hocheffiziente Fl\u00fcssigextraktion aus gewebten und gestrickten Stoffen und Vliesstoffen<\/li>\n<li>Hocheffiziente Fl\u00fcssigextraktion aus Faserstoffen &#8211; z.\u00a0B. Rayon \u201eNachbehandlungslinien\u201c.<\/li>\n<\/ul>\n[\/mk_custom_list][\/vc_column_inner][vc_column_inner width=&#8220;1\/2&#8243;][mk_image src=&#8220;https:\/\/kwf-hilger.com\/wp-content\/uploads\/2019\/06\/img_7772.jpg&#8220; image_size=&#8220;full&#8220; lightbox=&#8220;true&#8220; align=&#8220;center&#8220; el_class=&#8220;letterhough&#8220;][\/vc_column_inner][\/vc_row_inner][mk_padding_divider size=&#8220;60&#8243;][vc_row_inner][vc_column_inner width=&#8220;1\/2&#8243;][vc_column_text css=&#8220;.vc_custom_1566897736669{margin-bottom: 0px !important;}&#8220;]\n<h3 class=\"p1\"><span class=\"s1\" style=\"color: #00005f;\">Konstruktion<\/span><\/h3>\n[\/vc_column_text][vc_separator color=&#8220;custom&#8220; accent_color=&#8220;#00005e&#8220;][vc_column_text css=&#8220;.vc_custom_1567073673510{margin-bottom: 0px !important;}&#8220;]\n<p style=\"color: #00005e; text-align: justify !important;\"><span style=\"color: #00005e;\">Robertex\u2122-Faserwalzen bestehen aus Edelstahl-Mittenwellen mit Endplatten aus Stahl oder Edelstahl, die einen hochverdichteten mikropor\u00f6sen Faserbezug aus Mischfasern enthalten, die mit einem synthetischen Bindemittel beschichtet sind. Eine Reihe von Roberto\u2122-Materialien ist f\u00fcr verschiedene Anwendungen in der Textilindustrie erh\u00e4ltlich.<\/span><\/p>\n<p style=\"color: #00005e; text-align: justify !important;\"><span style=\"color: #00005e;\">Robertex\u2122-Walzenbez\u00fcge bestehen aus einer Matrix auf Faserbasis mit einer por\u00f6sen Oberfl\u00e4che und einem por\u00f6sen Inneren. Die Fasern werden mechanisch sowie durch thermische und chemische Behandlung miteinander verbunden. Der Bezug hat ein Hohlraumvolumen von ca. 40 % (kleine, miteinander verbundene Hohlr\u00e4ume). Die Elastizit\u00e4t der Fasern und die elastischen Eigenschaften des Bindungssystems sorgen daf\u00fcr, dass die por\u00f6se \/ offene Struktur ein hohes Ma\u00df an Flexibilit\u00e4t, Elastizit\u00e4t und Festigkeit aufweist.<\/span><\/p>\n[\/vc_column_text][\/vc_column_inner][vc_column_inner width=&#8220;1\/2&#8243;][vc_column_text css=&#8220;.vc_custom_1566897784333{margin-bottom: 0px !important;}&#8220;]\n<h3 class=\"p1\"><span class=\"s1\" style=\"color: #00005f;\">Vorteile<\/span><\/h3>\n[\/vc_column_text][vc_separator color=&#8220;custom&#8220; accent_color=&#8220;#00005e&#8220;][mk_custom_list style=&#8220;mk-icon-caret-right&#8220;]Die ideale Wahl f\u00fcr den Einsatz in aggressiven oder sauren Umgebungen<\/p>\n<ul>\n<li>Betriebs-pH-Bereich: 0-14<\/li>\n<li>Maximale Temperatur: 100\u00b0C<\/li>\n<li>Robertex\u2122 ist eine leistungsstarke Alternative zu Gummiwalzen<\/li>\n<li>Aufgrund der einzigartigen Vliesstoffherstellung aus synthetischen Fasern. Robertex\u2122 kann Gummiwalzen mit au\u00dfergew\u00f6hnlicher energiesparender Entw\u00e4sserungsleistung um das zehnfache \u00fcberdauern<\/li>\n<li>Reduzierte Chemikalienkosten &#8211; durch die Reduzierung von Durchf\u00fchrung und Kreuzkontamination kann Robertex\u2122 dazu beitragen, Ihren Fl\u00fcssigkeitsverbrauch zu reduzieren und die Kosten f\u00fcr die Abfallentsorgung zu senken<\/li>\n<li>Robertex\u2122 kann deutlich l\u00e4nger halten als Gummiwalzen, daher muss der Wechsel seltener durchgef\u00fchrt werden, was zu weniger Stillst\u00e4nden und mehr Betriebszeit f\u00fchrt<\/li>\n<\/ul>\n[\/mk_custom_list][\/vc_column_inner][\/vc_row_inner][mk_padding_divider size=&#8220;60&#8243;][mk_padding_divider size=&#8220;60&#8243;][\/vc_column][\/mk_page_section]\n<\/div>","protected":false},"excerpt":{"rendered":"<p>[mk_page_section bg_image=&#8220;https:\/\/kwf-hilger.com\/wp-content\/uploads\/2019\/04\/kwf_bild_intro_blau.jpg&#8220; bg_position=&#8220;left bottom&#8220; bg_repeat=&#8220;no-repeat&#8220; bg_stretch=&#8220;true&#8220; speed_factor=&#8220;0.4&#8243; video_color_mask=&#8220;#1b34b5&#8243; video_opacity=&#8220;0.5&#8243; min_height=&#8220;400&#8243; full_width=&#8220;true&#8220; js_vertical_centered=&#8220;true&#8220; padding_top=&#8220;0&#8243; padding_bottom=&#8220;0&#8243; sidebar=&#8220;sidebar-1&#8243;][vc_column][vc_column_text animation=&#8220;scale-up&#8220; el_class=&#8220;schatten&#8220; css=&#8220;.vc_custom_1566895679392{margin-bottom: 0px !important;}&#8220;] Quetschwalzen f\u00fcr die Textilindustrie [\/vc_column_text][mk_padding_divider][vc_row_inner][vc_column_inner width=&#8220;1\/3&#8243;][mk_button dimension=&#8220;outline&#8220; size=&#8220;large&#8220; url=&#8220;#roberto&#8220; align=&#8220;center&#8220; fullwidth=&#8220;true&#8220; outline_skin=&#8220;custom&#8220; outline_active_color=&#8220;#ffffff&#8220; outline_hover_bg_color=&#8220;#ffffff&#8220; outline_hover_color=&#8220;#00005e&#8220;]Roberto\u2122[\/mk_button][\/vc_column_inner][vc_column_inner width=&#8220;1\/3&#8243;][mk_button dimension=&#8220;outline&#8220; size=&#8220;large&#8220; url=&#8220;#nollap&#8220; align=&#8220;center&#8220; fullwidth=&#8220;true&#8220; outline_skin=&#8220;custom&#8220; outline_active_color=&#8220;#ffffff&#8220; outline_hover_bg_color=&#8220;#ffffff&#8220; outline_hover_color=&#8220;#00005e&#8220;]Nollap\u2122[\/mk_button][\/vc_column_inner][vc_column_inner width=&#8220;1\/3&#8243;][mk_button dimension=&#8220;outline&#8220; size=&#8220;large&#8220; url=&#8220;#robertex&#8220; align=&#8220;center&#8220; fullwidth=&#8220;true&#8220; outline_skin=&#8220;custom&#8220; outline_active_color=&#8220;#ffffff&#8220; outline_hover_bg_color=&#8220;#ffffff&#8220; outline_hover_color=&#8220;#00005e&#8220;]Robertex\u2122[\/mk_button][\/vc_column_inner][\/vc_row_inner][\/vc_column][\/mk_page_section][mk_page_section [&hellip;]<\/p>\n","protected":false},"author":1,"featured_media":0,"parent":0,"menu_order":0,"comment_status":"closed","ping_status":"closed","template":"","meta":{"footnotes":""},"class_list":["post-1623","page","type-page","status-publish","hentry"],"_links":{"self":[{"href":"https:\/\/kwf-hilger.com\/de\/wp-json\/wp\/v2\/pages\/1623","targetHints":{"allow":["GET"]}}],"collection":[{"href":"https:\/\/kwf-hilger.com\/de\/wp-json\/wp\/v2\/pages"}],"about":[{"href":"https:\/\/kwf-hilger.com\/de\/wp-json\/wp\/v2\/types\/page"}],"author":[{"embeddable":true,"href":"https:\/\/kwf-hilger.com\/de\/wp-json\/wp\/v2\/users\/1"}],"replies":[{"embeddable":true,"href":"https:\/\/kwf-hilger.com\/de\/wp-json\/wp\/v2\/comments?post=1623"}],"version-history":[{"count":34,"href":"https:\/\/kwf-hilger.com\/de\/wp-json\/wp\/v2\/pages\/1623\/revisions"}],"predecessor-version":[{"id":1754,"href":"https:\/\/kwf-hilger.com\/de\/wp-json\/wp\/v2\/pages\/1623\/revisions\/1754"}],"wp:attachment":[{"href":"https:\/\/kwf-hilger.com\/de\/wp-json\/wp\/v2\/media?parent=1623"}],"curies":[{"name":"wp","href":"https:\/\/api.w.org\/{rel}","templated":true}]}}