{"id":1626,"date":"2019-06-17T11:08:48","date_gmt":"2019-06-17T09:08:48","guid":{"rendered":"https:\/\/kwf-hilger.com\/?page_id=1626"},"modified":"2020-07-15T15:55:36","modified_gmt":"2020-07-15T13:55:36","slug":"nonwoven-rolls-for-metal-finishing","status":"publish","type":"page","link":"https:\/\/kwf-hilger.com\/de\/nonwoven-rolls-for-metal-finishing\/","title":{"rendered":"Vliesstoffwalzen f\u00fcr die Metallveredelung"},"content":{"rendered":"<div class=\"wpb-content-wrapper\">[mk_page_section bg_image=&#8220;https:\/\/kwf-hilger.com\/wp-content\/uploads\/2019\/04\/kwf_bild_intro_blau.jpg&#8220; bg_position=&#8220;center bottom&#8220; bg_repeat=&#8220;no-repeat&#8220; bg_stretch=&#8220;true&#8220; speed_factor=&#8220;0.4&#8243; video_color_mask=&#8220;#1b34b5&#8243; video_opacity=&#8220;0.5&#8243; min_height=&#8220;400&#8243; full_width=&#8220;true&#8220; js_vertical_centered=&#8220;true&#8220; padding_top=&#8220;0&#8243; padding_bottom=&#8220;0&#8243; sidebar=&#8220;sidebar-1&#8243;][vc_column][vc_column_text animation=&#8220;scale-up&#8220; el_class=&#8220;schatten&#8220; css=&#8220;.vc_custom_1566897933197{margin-bottom: 0px !important;}&#8220;]\n<h1 style=\"text-align: center;\"><span style=\"color: #ffffff;\">Vliesstoffwalzen f\u00fcr die Metallveredelung<\/span><\/h1>\n[\/vc_column_text][\/vc_column][\/mk_page_section][mk_page_section bg_image=&#8220;https:\/\/kwf-hilger.com\/wp-content\/uploads\/2019\/04\/hintergrund_logo.png&#8220; bg_position=&#8220;center center&#8220; video_color_mask=&#8220;#ffffff&#8220; video_opacity=&#8220;0.7&#8243; min_height=&#8220;0&#8243; padding_top=&#8220;0&#8243; padding_bottom=&#8220;0&#8243; section_id=&#8220;woollenpaper&#8220; sidebar=&#8220;sidebar-1&#8243;][vc_column][mk_padding_divider size=&#8220;60&#8243;][vc_column_text css=&#8220;.vc_custom_1560866298540{margin-bottom: 0px !important;}&#8220;]\n<h2 style=\"text-align: center;\"><span style=\"color: #00005e;\">Robertex\u2122<\/span><\/h2>\n[\/vc_column_text][vc_column_text css=&#8220;.vc_custom_1566897941443{margin-bottom: 0px !important;}&#8220;]\n<p class=\"p1\" style=\"text-align: center;\"><span class=\"s1\" style=\"color: #00005e;\"> Chemisch best\u00e4ndige Walzen f\u00fcr die metallverarbeitende Industrie <\/span><\/p>\n[\/vc_column_text][vc_separator color=&#8220;custom&#8220; border_width=&#8220;2&#8243; accent_color=&#8220;#00005e&#8220;][vc_row_inner][vc_column_inner width=&#8220;1\/2&#8243;][vc_column_text css=&#8220;.vc_custom_1566897950588{margin-bottom: 0px !important;}&#8220;]\n<h3 class=\"p1\"><span class=\"s1\" style=\"color: #00005e;\">Vorteile<\/span><\/h3>\n[\/vc_column_text][vc_separator color=&#8220;custom&#8220; accent_color=&#8220;#00005e&#8220;][vc_column_text css=&#8220;.vc_custom_1566897958578{margin-bottom: 0px !important;}&#8220;]\n<p style=\"color: #00005e; text-align: justify !important;\">Robertex\u2122-Walzen sind die ideale Wahl f\u00fcr den Einsatz in \u00e4u\u00dferst \u00e4tzender oder s\u00e4urehaltiger Umgebung bei der Metallverarbeitung.<\/p>\n[\/vc_column_text][mk_padding_divider size=&#8220;20&#8243;][mk_padding_divider size=&#8220;20&#8243;][mk_padding_divider size=&#8220;20&#8243;][vc_column_text css=&#8220;.vc_custom_1566897968405{margin-bottom: 0px !important;}&#8220;]\n<h3 class=\"p1\"><span class=\"s1\" style=\"color: #00005e;\">Betriebs-pH-Bereich 0-14<\/span><\/h3>\n[\/vc_column_text][vc_separator color=&#8220;custom&#8220; accent_color=&#8220;#00005e&#8220;][mk_custom_list style=&#8220;mk-icon-caret-right&#8220;]\n<ul>\n<li>Maximale Temperatur 100\u00b0C<\/li>\n<li>Robertex\u2122 ist eine leistungsstarke Alternative zu Gummiwalzen<\/li>\n<li>Aufgrund der einzigartigen Vliesstoffherstellung aus synthetischen Fasern<\/li>\n<li>Robertex\u2122 kann Gummiwalzen mit au\u00dfergew\u00f6hnlicher energiesparender Entw\u00e4sserungsleistung um das zehnfache \u00fcberdauern<\/li>\n<li>Weniger h\u00e4ufige Walzenwechsel erforderlich, was zu weniger Stillst\u00e4nden und mehr Betriebszeit f\u00fchrt<\/li>\n<\/ul>\n[\/mk_custom_list][\/vc_column_inner][vc_column_inner width=&#8220;1\/2&#8243;][mk_image src=&#8220;https:\/\/kwf-hilger.com\/wp-content\/uploads\/2019\/06\/resilio-roll.jpg&#8220; image_size=&#8220;full&#8220; lightbox=&#8220;true&#8220;][\/vc_column_inner][\/vc_row_inner][\/vc_column][vc_column][mk_padding_divider size=&#8220;60&#8243;][mk_padding_divider size=&#8220;60&#8243;][\/vc_column][\/mk_page_section]\n<\/div>","protected":false},"excerpt":{"rendered":"<p>[mk_page_section bg_image=&#8220;https:\/\/kwf-hilger.com\/wp-content\/uploads\/2019\/04\/kwf_bild_intro_blau.jpg&#8220; bg_position=&#8220;center bottom&#8220; bg_repeat=&#8220;no-repeat&#8220; bg_stretch=&#8220;true&#8220; speed_factor=&#8220;0.4&#8243; video_color_mask=&#8220;#1b34b5&#8243; video_opacity=&#8220;0.5&#8243; min_height=&#8220;400&#8243; full_width=&#8220;true&#8220; js_vertical_centered=&#8220;true&#8220; padding_top=&#8220;0&#8243; padding_bottom=&#8220;0&#8243; sidebar=&#8220;sidebar-1&#8243;][vc_column][vc_column_text animation=&#8220;scale-up&#8220; el_class=&#8220;schatten&#8220; css=&#8220;.vc_custom_1566897933197{margin-bottom: 0px !important;}&#8220;] Vliesstoffwalzen f\u00fcr die Metallveredelung [\/vc_column_text][\/vc_column][\/mk_page_section][mk_page_section bg_image=&#8220;https:\/\/kwf-hilger.com\/wp-content\/uploads\/2019\/04\/hintergrund_logo.png&#8220; bg_position=&#8220;center center&#8220; video_color_mask=&#8220;#ffffff&#8220; video_opacity=&#8220;0.7&#8243; min_height=&#8220;0&#8243; padding_top=&#8220;0&#8243; padding_bottom=&#8220;0&#8243; section_id=&#8220;woollenpaper&#8220; sidebar=&#8220;sidebar-1&#8243;][vc_column][mk_padding_divider size=&#8220;60&#8243;][vc_column_text css=&#8220;.vc_custom_1560866298540{margin-bottom: 0px !important;}&#8220;] Robertex\u2122 [\/vc_column_text][vc_column_text css=&#8220;.vc_custom_1566897941443{margin-bottom: 0px !important;}&#8220;] Chemisch best\u00e4ndige Walzen f\u00fcr die metallverarbeitende Industrie [\/vc_column_text][vc_separator color=&#8220;custom&#8220; border_width=&#8220;2&#8243; accent_color=&#8220;#00005e&#8220;][vc_row_inner][vc_column_inner [&hellip;]<\/p>\n","protected":false},"author":1,"featured_media":0,"parent":0,"menu_order":0,"comment_status":"closed","ping_status":"closed","template":"","meta":{"footnotes":""},"class_list":["post-1626","page","type-page","status-publish","hentry"],"_links":{"self":[{"href":"https:\/\/kwf-hilger.com\/de\/wp-json\/wp\/v2\/pages\/1626","targetHints":{"allow":["GET"]}}],"collection":[{"href":"https:\/\/kwf-hilger.com\/de\/wp-json\/wp\/v2\/pages"}],"about":[{"href":"https:\/\/kwf-hilger.com\/de\/wp-json\/wp\/v2\/types\/page"}],"author":[{"embeddable":true,"href":"https:\/\/kwf-hilger.com\/de\/wp-json\/wp\/v2\/users\/1"}],"replies":[{"embeddable":true,"href":"https:\/\/kwf-hilger.com\/de\/wp-json\/wp\/v2\/comments?post=1626"}],"version-history":[{"count":17,"href":"https:\/\/kwf-hilger.com\/de\/wp-json\/wp\/v2\/pages\/1626\/revisions"}],"predecessor-version":[{"id":2291,"href":"https:\/\/kwf-hilger.com\/de\/wp-json\/wp\/v2\/pages\/1626\/revisions\/2291"}],"wp:attachment":[{"href":"https:\/\/kwf-hilger.com\/de\/wp-json\/wp\/v2\/media?parent=1626"}],"curies":[{"name":"wp","href":"https:\/\/api.w.org\/{rel}","templated":true}]}}