{"id":1631,"date":"2019-06-17T11:09:10","date_gmt":"2019-06-17T09:09:10","guid":{"rendered":"https:\/\/kwf-hilger.com\/?page_id=1631"},"modified":"2020-07-15T16:29:19","modified_gmt":"2020-07-15T14:29:19","slug":"rollers-for-the-automotive-industry-2","status":"publish","type":"page","link":"https:\/\/kwf-hilger.com\/de\/rollers-for-the-automotive-industry-2\/","title":{"rendered":"Walzen f\u00fcr die Automobilindustrie"},"content":{"rendered":"<div class=\"wpb-content-wrapper\">[mk_page_section bg_image=&#8220;https:\/\/kwf-hilger.com\/wp-content\/uploads\/2019\/04\/kwf_bild_intro_blau.jpg&#8220; bg_position=&#8220;left center&#8220; bg_repeat=&#8220;no-repeat&#8220; bg_stretch=&#8220;true&#8220; speed_factor=&#8220;0.4&#8243; video_color_mask=&#8220;#1b34b5&#8243; video_opacity=&#8220;0.5&#8243; min_height=&#8220;400&#8243; full_width=&#8220;true&#8220; js_vertical_centered=&#8220;true&#8220; padding_top=&#8220;0&#8243; padding_bottom=&#8220;0&#8243; sidebar=&#8220;sidebar-1&#8243;][vc_column][vc_column_text animation=&#8220;scale-up&#8220; el_class=&#8220;schatten&#8220; css=&#8220;.vc_custom_1567166650162{margin-bottom: 0px !important;}&#8220;]\n<h1 style=\"text-align: center;\"><span style=\"color: #ffffff;\">Walzen f\u00fcr die Automobilindustrie<\/span><\/h1>\n[\/vc_column_text][mk_padding_divider][\/vc_column][\/mk_page_section][mk_page_section bg_image=&#8220;https:\/\/kwf-hilger.com\/wp-content\/uploads\/2019\/04\/hintergrund_logo.png&#8220; bg_position=&#8220;center center&#8220; video_color_mask=&#8220;#ffffff&#8220; video_opacity=&#8220;0.7&#8243; min_height=&#8220;0&#8243; padding_top=&#8220;0&#8243; padding_bottom=&#8220;0&#8243; section_id=&#8220;woollenpaper&#8220; sidebar=&#8220;sidebar-1&#8243;][vc_column][mk_padding_divider size=&#8220;60&#8243;][vc_column_text css=&#8220;.vc_custom_1560961523198{margin-bottom: 0px !important;}&#8220;]\n<h2 style=\"text-align: center;\"><span style=\"color: #00005e;\">Roberto\u2122<\/span><\/h2>\n[\/vc_column_text][vc_separator color=&#8220;custom&#8220; border_width=&#8220;2&#8243; accent_color=&#8220;#00005e&#8220;][vc_row_inner][vc_column_inner width=&#8220;1\/2&#8243;][vc_column_text css=&#8220;.vc_custom_1566899287125{margin-bottom: 0px !important;}&#8220;]\n<p style=\"color: #00005e; text-align: justify !important;\">Durch das Intellectual Property Transfer Agreement zwischen RHL und KWF werden wir nun Roberto\u2122 f\u00fcr die Automobilindustrie produzieren. Unterst\u00fctzt werden wir dabei von Anthony Ashton, Mike Urey und einigen anderen Mitgliedern des RHL-Teams.<\/p>\n<p style=\"color: #00005e; text-align: justify !important;\">Richard Hough ist der urspr\u00fcngliche Erfinder der Faservlieswalze im Jahr 1963. Sie wurde nach ihrem Erfinder Robert Oliver &#8218;Roberto&#8216; benannt. Seit 35 Jahren entwickelt RHL in Zusammenarbeit mit einem namhaften schwedischen Automobilhersteller diese Art von Walzen f\u00fcr Waschanlagen in der Automobilindustrie. Seit \u00fcber 30 Jahren verwenden f\u00fchrende Automobilhersteller unsere Roberto\u2122-Walzen in ihren Waschanlagen.<\/p>\n[\/vc_column_text][\/vc_column_inner][vc_column_inner width=&#8220;1\/2&#8243;][mk_image src=&#8220;https:\/\/kwf-hilger.com\/wp-content\/uploads\/2019\/04\/roberto-oiling.png&#8220; image_size=&#8220;full&#8220; lightbox=&#8220;true&#8220;][mk_image src=&#8220;https:\/\/kwf-hilger.com\/wp-content\/uploads\/2019\/04\/roberto-metall3.png&#8220; image_size=&#8220;full&#8220; lightbox=&#8220;true&#8220;][\/vc_column_inner][\/vc_row_inner][mk_padding_divider size=&#8220;60&#8243;][vc_row_inner][vc_column_inner width=&#8220;1\/2&#8243;][vc_column_text css=&#8220;.vc_custom_1566900253061{margin-bottom: 0px !important;}&#8220;]\n<h3><span style=\"color: #00005e;\"><b>Vorteile gegen\u00fcber den heutigen \u201eStandard\u201c-Abstreifwalzen\u00a0in der Automobilindustrie:<\/b><\/span><\/h3>\n[\/vc_column_text][vc_separator color=&#8220;custom&#8220; accent_color=&#8220;#00005e&#8220;][mk_custom_list style=&#8220;mk-icon-caret-right&#8220;]\n<ul>\n<li>150 Jahre Faserwalzentechnologie stecken hinter dem Design.<\/li>\n<li>Das Fasermaterial wird auf einzigartige Weise mit der Welle verbunden. Das bedeutet, dass wir eine h\u00f6here H\u00e4rte erreichen<\/li>\n<li>H\u00f6here H\u00e4rte = h\u00f6here Gl\u00e4tte. Gl\u00e4tte bis zu Ra 01,0\u00a0\u03bcm ist m\u00f6glich.<\/li>\n<li>H\u00f6here Dichte f\u00fchrt zu h\u00f6herer Leistung und l\u00e4ngerer Lebensdauer.<\/li>\n<li>Im Gegensatz zu allen anderen gro\u00dfen Faserbez\u00fcgen ist KWF Hilger ein einzigartig entwickeltes, ma\u00dfgeschneidertes Bezugsmaterial, das es nur bei KWF Hilger gibt.<\/li>\n<\/ul>\n[\/mk_custom_list][mk_padding_divider size=&#8220;20&#8243;][\/vc_column_inner][vc_column_inner width=&#8220;1\/2&#8243;][mk_padding_divider size=&#8220;30&#8243;][vc_column_text css=&#8220;.vc_custom_1566899331818{margin-bottom: 0px !important;}&#8220;]\n<h3><span style=\"color: #00005e;\">Roberto\u2122-Walzen verbessern wirksam:<\/span><\/h3>\n[\/vc_column_text][vc_separator color=&#8220;custom&#8220; accent_color=&#8220;#00005e&#8220;][vc_column_text css=&#8220;.vc_custom_1566899342782{margin-bottom: 0px !important;}&#8220;]\n<ol>\n<li style=\"list-style-type: none;\">\n<ol style=\"color: #00005e;\">\n<li>Wringer- \/ Wischer- \/ Gummi- \/ \u00d6lerwalzen<\/li>\n<li>Antriebs- \/Transportwalzen<\/li>\n<li>Umlenkwalzen<\/li>\n<li>Druck- \/ Abnahme- \/ Andr\u00fcckwalzen<\/li>\n<li>Spannwalzen<\/li>\n<li>St\u00fctzwalzen<\/li>\n<\/ol>\n<\/li>\n<\/ol>\n[\/vc_column_text][\/vc_column_inner][\/vc_row_inner][vc_row_inner][vc_column_inner][vc_column_text css=&#8220;.vc_custom_1566899352766{margin-bottom: 0px !important;}&#8220;]\n<h3><span style=\"color: #00005e;\">Roberto\u2122-Faserwalzen f\u00fcr die Metallverarbeitung<\/span><\/h3>\n[\/vc_column_text][vc_separator color=&#8220;custom&#8220; accent_color=&#8220;#00005e&#8220;][vc_column_text css=&#8220;.vc_custom_1566899361048{margin-bottom: 0px !important;}&#8220;]\n<p style=\"color: #00005e; text-align: justify !important;\">Roberto\u2122-Faserwalzen wurden speziell in verschiedenen Materialqualit\u00e4ten entwickelt, um eine Vielzahl von Anwendungen in der Stahl- und Automobilindustrie zu erm\u00f6glichen:<\/p>\n[\/vc_column_text][\/vc_column_inner][\/vc_row_inner][vc_row_inner][vc_column_inner width=&#8220;1\/2&#8243;][mk_custom_list style=&#8220;mk-icon-caret-right&#8220;]\n<ul>\n<li>Waschanlagen in der Automobilindustrie<\/li>\n<li>Bandanlagen<\/li>\n<li>Schneidanlagen<\/li>\n<li>Kaltbandstra\u00dfen<\/li>\n<li>Sendzimir-Ger\u00fcste<\/li>\n<li>Beizanlagen<\/li>\n<\/ul>\n[\/mk_custom_list][\/vc_column_inner][vc_column_inner width=&#8220;1\/2&#8243;][mk_custom_list style=&#8220;mk-icon-caret-right&#8220;]\n<ul>\n<li>Bandgl\u00fchanlagen<\/li>\n<li>Elektrolytische Reinigungslinien<\/li>\n<li>Holzverzinkung &amp; Elektro<\/li>\n<li>Verzinkungslinien<\/li>\n<li>Verzinnungslinien<\/li>\n<li>Bandbeschichtungsanlagen<\/li>\n<\/ul>\n[\/mk_custom_list][\/vc_column_inner][\/vc_row_inner][mk_padding_divider size=&#8220;60&#8243;][vc_row_inner][vc_column_inner width=&#8220;1\/3&#8243;][vc_column_text css=&#8220;.vc_custom_1566899438358{margin-bottom: 0px !important;}&#8220;]\n<h3><span style=\"color: #00005e;\">\u00d6lschmierung<\/span><\/h3>\n[\/vc_column_text][vc_separator color=&#8220;custom&#8220; accent_color=&#8220;#00005e&#8220;][mk_custom_list style=&#8220;mk-icon-caret-right&#8220;]<span style=\"color: #00005e;\">\u00d6lanwendungen in der Stahl- und Automobilindustrie sorgen f\u00fcr eine d\u00fcnne und gleichm\u00e4\u00dfige Schicht aus Korrosionsschutz\u00f6l, K\u00fchl\u00f6l oder Tiefzieh\u00f6l auf der Oberfl\u00e4che von Blechen:<\/span><\/p>\n<ul>\n<li>Nach dem Beizen, Verzinken und Schneiden<\/li>\n<li>Vor dem Kaltwalzen (Sendzimir-Rahmen)<\/li>\n<li>Vor dem Druckvorgang<\/li>\n<\/ul>\n[\/mk_custom_list][mk_image src=&#8220;https:\/\/kwf-hilger.com\/wp-content\/uploads\/2019\/04\/roberto-oiling.png&#8220; image_size=&#8220;full&#8220; lightbox=&#8220;true&#8220;][\/vc_column_inner][vc_column_inner width=&#8220;1\/3&#8243;][vc_column_text css=&#8220;.vc_custom_1569486031169{margin-bottom: 0px !important;}&#8220;]\n<h3><span style=\"color: #00005e;\">Fahren<\/span><\/h3>\n[\/vc_column_text][vc_separator color=&#8220;custom&#8220; accent_color=&#8220;#00005e&#8220;][mk_custom_list style=&#8220;mk-icon-caret-right&#8220;]<span style=\"color: #00005e;\">Das St\u00fctzen und F\u00fchren oder Antreiben und Bremsen von Blechen sorgt f\u00fcr eine konstante und effiziente F\u00f6rderung und Umlenkung innerhalb von:<\/span><\/p>\n<ul>\n<li>Beiz- und Reinigungsanlagen<\/li>\n<li>Kaltwalzlinien<\/li>\n<li>Schneidemaschinen<\/li>\n<\/ul>\n[\/mk_custom_list][mk_image src=&#8220;https:\/\/kwf-hilger.com\/wp-content\/uploads\/2019\/04\/roberto-guiding.png&#8220; image_size=&#8220;full&#8220; lightbox=&#8220;true&#8220;][\/vc_column_inner][vc_column_inner width=&#8220;1\/3&#8243;][vc_column_text css=&#8220;.vc_custom_1566899420498{margin-bottom: 0px !important;}&#8220;]\n<h3><span style=\"color: #00005e;\">Wringen<\/span><\/h3>\n[\/vc_column_text][vc_separator color=&#8220;custom&#8220; accent_color=&#8220;#00005e&#8220;][mk_custom_list style=&#8220;mk-icon-caret-right&#8220;]\n<p style=\"color: #00005e; text-align: justify !important;\"><span style=\"color: #00005e;\">Effizientes Entfernen von Fl\u00fcssigkeiten (einschlie\u00dflich S\u00e4uren, Laugen, anderen Chemikalien, \u00d6len und \u00d6lemulsionen) von der Oberfl\u00e4che von Blechen:<\/span><\/p>\n<ul>\n<li>W\u00e4hrend des Kaltwalzens (Sendzimir-Rahmen)<\/li>\n<li>Nach dem Beizen<\/li>\n<li>W\u00e4hrend der Reinigung<\/li>\n<li>Waschanlagen<\/li>\n<\/ul>\n[\/mk_custom_list][mk_image src=&#8220;https:\/\/kwf-hilger.com\/wp-content\/uploads\/2019\/04\/roberto.-wringing.png&#8220; image_size=&#8220;full&#8220; lightbox=&#8220;true&#8220;][\/vc_column_inner][\/vc_row_inner][mk_padding_divider size=&#8220;60&#8243;][vc_row_inner][vc_column_inner][vc_column_text css=&#8220;.vc_custom_1566899567800{margin-bottom: 0px !important;}&#8220;]\n<h3><span style=\"color: #00005e;\"><b>Konstruktionen<\/b><\/span><\/h3>\n[\/vc_column_text][vc_separator color=&#8220;custom&#8220; accent_color=&#8220;#00005e&#8220;][\/vc_column_inner][\/vc_row_inner][vc_row_inner][vc_column_inner][vc_column_text css=&#8220;.vc_custom_1566899587242{margin-bottom: 0px !important;}&#8220;]\n<p style=\"color: #00005e; text-align: justify !important;\">Roberto\u2122 Faserwalzen bestehen aus gerillten Edelstahl-Mittenwellen und Stahlendplatten, die einen hochverdichteten mikropor\u00f6sen Faserbezug aus Mischfasern enthalten, die mit einem synthetischen Bindemittel beschichtet sind. Eine Reihe von Roberto\u2122-Materialien ist f\u00fcr verschiedene Anwendungen in der Stahl- und Automobilindustrie erh\u00e4ltlich.<\/p>\n<p style=\"color: #00005e; text-align: justify !important;\">Roberto\u2122-Walzenbez\u00fcge bestehen aus einer Matrix auf Faserbasis mit einer por\u00f6sen Oberfl\u00e4che und einem por\u00f6sen Inneren. Die Fasern werden mechanisch sowie durch thermische und chemische Behandlung miteinander verbunden. Der Bezug hat ein Hohlraumvolumen von ca. 40 % (kleine, miteinander verbundene Hohlr\u00e4ume). Die Elastizit\u00e4t der Fasern und die elastischen Eigenschaften des Bindungssystems sorgen daf\u00fcr, dass die por\u00f6se \/ offene Struktur ein hohes Ma\u00df an Flexibilit\u00e4t, Elastizit\u00e4t und Festigkeit aufweist.<\/p>\n[\/vc_column_text][\/vc_column_inner][\/vc_row_inner][mk_padding_divider size=&#8220;60&#8243;][vc_row_inner][vc_column_inner][vc_column_text css=&#8220;.vc_custom_1566899596075{margin-bottom: 0px !important;}&#8220;]\n<h3><span style=\"color: #00005e;\"><b>Fahr- und F\u00fchrungsleistung<\/b><\/span><\/h3>\n[\/vc_column_text][vc_separator color=&#8220;custom&#8220; accent_color=&#8220;#00005e&#8220;][\/vc_column_inner][\/vc_row_inner][vc_row_inner][vc_column_inner][vc_column_text css=&#8220;.vc_custom_1566899616112{margin-bottom: 0px !important;}&#8220;]\n<p style=\"color: #00005e; text-align: justify !important;\">Obwohl ein kompakter Walzenbezug (z. B. Gummi oder Polyurethan) einen besseren Reibungskoeffizienten auf trockenen Oberfl\u00e4chen aufweist, zeigen Roberto\u2122-Walzenbez\u00fcge einen h\u00f6heren Reibungskoeffizienten in nasser und \u00f6liger Umgebung (typische Werte siehe Tabelle unten). Unter diesen Bedingungen neigen kompakte Walzenbez\u00fcge zu einer verminderten Haftung oder sogar zu einem vor\u00fcbergehenden Reibungsverlust an der Substratoberfl\u00e4che.<\/p>\n<p style=\"color: #00005e; text-align: justify !important;\">Dieser Verlust tritt in der Regel in regelm\u00e4\u00dfigen Abst\u00e4nden auf und wird als \u201eHaftgleiteffekt\u201c bezeichnet.<\/p>\n<p style=\"color: #00005e; text-align: justify !important;\">Im Gegensatz dazu verh\u00e4lt sich ein por\u00f6ser Roberto\u2122-Walzenbezug wie eine Reifenlauffl\u00e4che und vermeidet Aquaplaning-Effekte. Roberto\u2122 beh\u00e4lt einen hohen Reibungskoeffizienten bei, was zu einer stabilen Fahrleistung und F\u00fchrungskontrolle f\u00fchrt, was h\u00f6here Liniengeschwindigkeiten erm\u00f6glicht.<\/p>\n[\/vc_column_text][mk_image src=&#8220;https:\/\/kwf-hilger.com\/wp-content\/uploads\/2019\/04\/roberto-table.png&#8220; image_size=&#8220;full&#8220; lightbox=&#8220;true&#8220;][\/vc_column_inner][\/vc_row_inner][mk_padding_divider size=&#8220;60&#8243;][vc_row_inner][vc_column_inner][vc_column_text css=&#8220;.vc_custom_1566899624981{margin-bottom: 0px !important;}&#8220;]\n<h3><span style=\"color: #00005e;\"><b>Wring- und \u00d6lleistung<\/b><\/span><\/h3>\n[\/vc_column_text][vc_separator color=&#8220;custom&#8220; accent_color=&#8220;#00005e&#8220;][\/vc_column_inner][\/vc_row_inner][vc_row_inner][vc_column_inner][vc_column_text css=&#8220;.vc_custom_1566899640890{margin-bottom: 0px !important;}&#8220;]\n<p style=\"color: #00005e; text-align: justify !important;\">Die spezielle Struktur der Roberto\u2122-Walzenbez\u00fcge gew\u00e4hrleistet eine hohe Leistung beim Wringen und \u00d6len. Roberto\u2122-Walzen arbeiten nach dem Prinzip, eine Fl\u00fcssigkeit vor dem Spalt zur\u00fcckzuhalten und einen starken Kapillarsaugzustand hinter dem Spalt zu erzeugen. Diese Kombination steuert genau die Menge der \u00fcbertragenen Restfl\u00fcssigkeit, die durch Einstellen des auf die Walzen ausge\u00fcbten Drucks variiert werden kann.<\/p>\n<p style=\"color: #00005e; text-align: justify !important;\">Unter mechanischer Belastung im Spalt wird die por\u00f6se Struktur wie ein Schwamm zusammengedr\u00fcckt und Luft und Fl\u00fcssigkeit aus ihren Hohlr\u00e4umen geholt. Innerhalb des Spalts wird das Hohlraumvolumen reduziert und die Dichte lokal erh\u00f6ht. W\u00e4hrend sich die Walze dreht, wird der Druck unmittelbar nach dem Walzenspalt abgebaut und der Bezug dekomprimiert. W\u00e4hrend sich die Hohlr\u00e4ume \u00f6ffnen, saugt das Roberto\u2122-Material zus\u00e4tzliche Fl\u00fcssigkeit von der Substratoberfl\u00e4che an. Der Saugeffekt erm\u00f6glicht eine sehr hohe Quetschleistung und hilft, eine gleichm\u00e4\u00dfige Filmschicht der Restfl\u00fcssigkeit (z. B. \u00d6lfilm) zu erreichen.<\/p>\n[\/vc_column_text][mk_image src=&#8220;https:\/\/kwf-hilger.com\/wp-content\/uploads\/2019\/04\/roberto-wringing.png&#8220; image_size=&#8220;full&#8220; lightbox=&#8220;true&#8220;][mk_padding_divider size=&#8220;60&#8243;][\/vc_column_inner][\/vc_row_inner][vc_row_inner][vc_column_inner width=&#8220;1\/2&#8243;][vc_column_text css=&#8220;.vc_custom_1566899650017{margin-bottom: 0px !important;}&#8220;]\n<h3><span style=\"color: #00005e;\"><b>Entfernung von Oberfl\u00e4chenverunreinigungen<\/b><\/span><\/h3>\n[\/vc_column_text][vc_separator color=&#8220;custom&#8220; accent_color=&#8220;#00005e&#8220;][vc_column_text css=&#8220;.vc_custom_1566899661537{margin-bottom: 0px !important;}&#8220;]\n<p style=\"color: #00005e; text-align: justify !important;\">Die por\u00f6se \/ offene Oberfl\u00e4chenstruktur und die Flexibilit\u00e4t des Roberto\u2122-Materials sorgen f\u00fcr eine Reinigungswirkung. Verunreinigungen wie Staub oder Metallst\u00fccke k\u00f6nnen durch Migration in die Hohlr\u00e4ume des Materials von der Substratoberfl\u00e4che entfernt werden und dort verbleiben. Dieser Effekt vermeidet Kratzer oder Abdr\u00fccke auf der Substratoberfl\u00e4che bei nachfolgenden Bearbeitungsschritten (z. B. Tiefziehen oder K\u00fcmpeln). Um diese absorbierten Partikel zu entfernen, kann der Walzenbezug nachgeschliffen werden.<\/p>\n[\/vc_column_text][mk_padding_divider size=&#8220;20&#8243;][mk_padding_divider size=&#8220;20&#8243;][mk_padding_divider size=&#8220;20&#8243;][vc_column_text css=&#8220;.vc_custom_1566899671074{margin-bottom: 0px !important;}&#8220;]\n<h3><span style=\"color: #00005e;\"><b>Chemische Eigenschaften<\/b><\/span><\/h3>\n[\/vc_column_text][vc_separator color=&#8220;custom&#8220; accent_color=&#8220;#00005e&#8220;][vc_column_text css=&#8220;.vc_custom_1566899681712{margin-bottom: 0px !important;}&#8220;]\n<p style=\"color: #00005e; text-align: justify !important;\">Das Roberto\u2122-Walzenbezugssortiment wurde speziell f\u00fcr verschiedene chemische Umgebungen entwickelt. Durch den Einsatz verschiedener Fasern und Bindungssysteme kann die Chemikalienbest\u00e4ndigkeit an die jeweiligen Bed\u00fcrfnisse angepasst und die chemische Alterung auf ein Minimum reduziert werden. Jedes Roberto\u2122-Bezugsmaterial wird in mehreren Standardmedien (\u00d6le, S\u00e4uren, Laugen usw. ) getestet, um eine chemisch am besten geeignete Formulierung auszuw\u00e4hlen.<\/p>\n[\/vc_column_text][mk_padding_divider size=&#8220;20&#8243;][mk_padding_divider size=&#8220;20&#8243;][mk_image src=&#8220;https:\/\/kwf-hilger.com\/wp-content\/uploads\/2019\/04\/roberto-chemocial2.png&#8220; image_size=&#8220;full&#8220; lightbox=&#8220;true&#8220;][\/vc_column_inner][vc_column_inner width=&#8220;1\/2&#8243;][vc_column_text css=&#8220;.vc_custom_1566899691942{margin-bottom: 0px !important;}&#8220;]\n<h3><span style=\"color: #00005e;\"><b>Mechanische Leistung<\/b><\/span><\/h3>\n[\/vc_column_text][vc_separator color=&#8220;custom&#8220; accent_color=&#8220;#00005e&#8220;][vc_column_text css=&#8220;.vc_custom_1566899877079{margin-bottom: 0px !important;}&#8220;]\n<p style=\"color: #00005e; text-align: justify !important;\">Die por\u00f6se offene Struktur von Roberto\u2122 f\u00fchrt zu einem anderen Verhalten unter mechanischer Beanspruchung als kompakte Walzenbez\u00fcge (z. B. Gummi und Polyurethan), wie in den Abbildungen rechts zu sehen ist.<\/p>\n<p style=\"color: #00005e; text-align: justify !important;\">Roberto\u2122 zeigt eine glattere Spannungsreaktion als ein kompakter, geschlossener Bezug. Spannungsspitzen liegen auf einem niedrigeren Niveau und sind nicht haupts\u00e4chlich im Spaltbereich konzentriert, sondern \u00fcber eine gr\u00f6\u00dfere Innenfl\u00e4che verteilt. Im Gegensatz dazu weist der kompakte Walzenbezug eine hohe Stauchung auf, die sich unter dem Walzenspalt konzentriert.<\/p>\n<p style=\"color: #00005e; text-align: justify !important;\">Die Spannungsverteilungseigenschaft von Roberto\u2122 f\u00fchrt zu einer hervorragenden Best\u00e4ndigkeit gegen ungew\u00f6hnliche mechanische Belastungen, z. B. durch raue \/ scharfe Kanten, Nieten oder Splei\u00dfungen von Blechen. Im Vergleich zu einer kompakten Walze ist die Gefahr des Herausschneidens oder Herausrei\u00dfens des Walzenbezugs wesentlich geringer.<\/p>\n<p style=\"color: #00005e; text-align: justify !important;\">Dar\u00fcber hinaus neigt der Roberto\u2122-Bezug bei einem Schnitt oder einer lokalen Besch\u00e4digung zur Selbstheilung. Aufgrund seiner grundlegenden Flexibilit\u00e4t und Verformbarkeit k\u00f6nnen lokalisierte Defekte durch umgebendes Material im laufenden Betrieb ausgeglichen und geschlossen werden.<br \/>\nPU-\/Gummiwalzen sind nicht komprimierbar, so dass der Spaltdruck dazu f\u00fchrt, dass die Walze unter Spannung auf jeder Seite ausbeult. Dies f\u00fchrt dazu, dass Schnitte oder Besch\u00e4digungen gr\u00f6\u00dfer werden.<\/p>\n[\/vc_column_text][mk_padding_divider size=&#8220;20&#8243;][\/vc_column_inner][\/vc_row_inner][mk_padding_divider size=&#8220;60&#8243;][vc_row_inner][vc_column_inner width=&#8220;1\/2&#8243;][vc_column_text css=&#8220;.vc_custom_1566899931624{margin-bottom: 0px !important;}&#8220;]\n<h3><span style=\"color: #00005e;\">Roberto\u2122-Vorteile<\/span><\/h3>\n[\/vc_column_text][vc_separator color=&#8220;custom&#8220; accent_color=&#8220;#00005e&#8220;][mk_custom_list style=&#8220;mk-icon-caret-right&#8220;]\n<ul>\n<li>Hervorragende Wringeffekte sowohl f\u00fcr w\u00e4ssrige als auch f\u00fcr \u00f6lige Fl\u00fcssigkeiten<\/li>\n<li>D\u00fcnne und gleichm\u00e4\u00dfige Fl\u00fcssigkeitsschicht auf der Metalloberfl\u00e4che<\/li>\n<li>Reinigungswirkung &#8211; effiziente und dauerhafte Aufnahme von Verunreinigungen aus der Substratoberfl\u00e4che<\/li>\n<li>Ausgezeichneter Reibungskoeffizient auch unter nassen oder \u00f6ligen Bedingungen &#8211; kein Haftgleiteffekt<\/li>\n<li>Hervorragende Best\u00e4ndigkeit gegen mechanische Beanspruchung und Besch\u00e4digung &#8211; Selbstheilung von kleinen Schnitten oder Besch\u00e4digungen<\/li>\n<li>Roberto\u2122-Walzen k\u00f6nnen nachgeschliffen werden, um ungew\u00f6hnliche Oberfl\u00e4chenbesch\u00e4digungen zu beseitigen<\/li>\n<li>Roberto\u2122-Walzen k\u00f6nnen mehrfach nachgef\u00fcllt werden<\/li>\n<\/ul>\n[\/mk_custom_list][\/vc_column_inner][vc_column_inner width=&#8220;1\/2&#8243;][vc_column_text css=&#8220;.vc_custom_1566899955604{margin-bottom: 0px !important;}&#8220;]\n<h3><span style=\"color: #00005e;\"><b>Betriebliche Vorteile<\/b><\/span><\/h3>\n[\/vc_column_text][vc_separator color=&#8220;custom&#8220; accent_color=&#8220;#00005e&#8220;][mk_custom_list style=&#8220;mk-icon-caret-right&#8220;]\n<ul>\n<li>Geringerer Verbrauch von Verarbeitungsfl\u00fcssigkeiten<\/li>\n<li>Energiekosteneinsparungen bei Trocknungsprozessen<\/li>\n<li>Weniger Substratsch\u00e4den (z.\u00a0B. Kratzer), weniger Verunreinigung der Verarbeitungsfl\u00fcssigkeiten<\/li>\n<li>Erh\u00f6hte Liniengeschwindigkeit, h\u00f6here Produktionseffizienz<\/li>\n<li>L\u00e4ngere Wartungsintervalle f\u00fcr den Walzenbezug und eine l\u00e4ngere Lebensdauer f\u00fchren zu:\n<ul>\n<li>Reduzierten Wartungskosten<\/li>\n<li>Verbesserter Maschinenauslastung<\/li>\n<\/ul>\n<\/li>\n<\/ul>\n[\/mk_custom_list][\/vc_column_inner][\/vc_row_inner][mk_padding_divider size=&#8220;60&#8243;][mk_padding_divider size=&#8220;60&#8243;][\/vc_column][\/mk_page_section]\n<\/div>","protected":false},"excerpt":{"rendered":"<p>[mk_page_section bg_image=&#8220;https:\/\/kwf-hilger.com\/wp-content\/uploads\/2019\/04\/kwf_bild_intro_blau.jpg&#8220; bg_position=&#8220;left center&#8220; bg_repeat=&#8220;no-repeat&#8220; bg_stretch=&#8220;true&#8220; speed_factor=&#8220;0.4&#8243; video_color_mask=&#8220;#1b34b5&#8243; video_opacity=&#8220;0.5&#8243; min_height=&#8220;400&#8243; full_width=&#8220;true&#8220; js_vertical_centered=&#8220;true&#8220; padding_top=&#8220;0&#8243; padding_bottom=&#8220;0&#8243; sidebar=&#8220;sidebar-1&#8243;][vc_column][vc_column_text animation=&#8220;scale-up&#8220; el_class=&#8220;schatten&#8220; css=&#8220;.vc_custom_1567166650162{margin-bottom: 0px !important;}&#8220;] Walzen f\u00fcr die Automobilindustrie [\/vc_column_text][mk_padding_divider][\/vc_column][\/mk_page_section][mk_page_section bg_image=&#8220;https:\/\/kwf-hilger.com\/wp-content\/uploads\/2019\/04\/hintergrund_logo.png&#8220; bg_position=&#8220;center center&#8220; video_color_mask=&#8220;#ffffff&#8220; video_opacity=&#8220;0.7&#8243; min_height=&#8220;0&#8243; padding_top=&#8220;0&#8243; padding_bottom=&#8220;0&#8243; section_id=&#8220;woollenpaper&#8220; sidebar=&#8220;sidebar-1&#8243;][vc_column][mk_padding_divider size=&#8220;60&#8243;][vc_column_text css=&#8220;.vc_custom_1560961523198{margin-bottom: 0px !important;}&#8220;] Roberto\u2122 [\/vc_column_text][vc_separator color=&#8220;custom&#8220; border_width=&#8220;2&#8243; accent_color=&#8220;#00005e&#8220;][vc_row_inner][vc_column_inner width=&#8220;1\/2&#8243;][vc_column_text css=&#8220;.vc_custom_1566899287125{margin-bottom: 0px !important;}&#8220;] Durch das Intellectual Property Transfer Agreement zwischen [&hellip;]<\/p>\n","protected":false},"author":1,"featured_media":0,"parent":0,"menu_order":0,"comment_status":"closed","ping_status":"closed","template":"","meta":{"footnotes":""},"class_list":["post-1631","page","type-page","status-publish","hentry"],"_links":{"self":[{"href":"https:\/\/kwf-hilger.com\/de\/wp-json\/wp\/v2\/pages\/1631","targetHints":{"allow":["GET"]}}],"collection":[{"href":"https:\/\/kwf-hilger.com\/de\/wp-json\/wp\/v2\/pages"}],"about":[{"href":"https:\/\/kwf-hilger.com\/de\/wp-json\/wp\/v2\/types\/page"}],"author":[{"embeddable":true,"href":"https:\/\/kwf-hilger.com\/de\/wp-json\/wp\/v2\/users\/1"}],"replies":[{"embeddable":true,"href":"https:\/\/kwf-hilger.com\/de\/wp-json\/wp\/v2\/comments?post=1631"}],"version-history":[{"count":38,"href":"https:\/\/kwf-hilger.com\/de\/wp-json\/wp\/v2\/pages\/1631\/revisions"}],"predecessor-version":[{"id":2321,"href":"https:\/\/kwf-hilger.com\/de\/wp-json\/wp\/v2\/pages\/1631\/revisions\/2321"}],"wp:attachment":[{"href":"https:\/\/kwf-hilger.com\/de\/wp-json\/wp\/v2\/media?parent=1631"}],"curies":[{"name":"wp","href":"https:\/\/api.w.org\/{rel}","templated":true}]}}