{"id":1835,"date":"2019-06-19T15:27:04","date_gmt":"2019-06-19T13:27:04","guid":{"rendered":"https:\/\/kwf-hilger.com\/?page_id=1835"},"modified":"2019-10-02T13:30:17","modified_gmt":"2019-10-02T11:30:17","slug":"service","status":"publish","type":"page","link":"https:\/\/kwf-hilger.com\/de\/service\/","title":{"rendered":"Dienstleistungen"},"content":{"rendered":"<div class=\"wpb-content-wrapper\">[mk_page_section bg_image=&#8220;https:\/\/kwf-hilger.com\/wp-content\/uploads\/2019\/04\/kwf_bild_intro_blau.jpg&#8220; bg_position=&#8220;left center&#8220; bg_repeat=&#8220;no-repeat&#8220; bg_stretch=&#8220;true&#8220; speed_factor=&#8220;0.4&#8243; video_color_mask=&#8220;#1b34b5&#8243; video_opacity=&#8220;0.5&#8243; min_height=&#8220;400&#8243; full_width=&#8220;true&#8220; js_vertical_centered=&#8220;true&#8220; padding_top=&#8220;0&#8243; padding_bottom=&#8220;0&#8243; sidebar=&#8220;sidebar-1&#8243;][vc_column][vc_column_text animation=&#8220;scale-up&#8220; el_class=&#8220;schatten&#8220; css=&#8220;.vc_custom_1566912302871{margin-bottom: 0px !important;}&#8220;]\n<h1 style=\"text-align: center;\"><span style=\"color: #ffffff;\">Dienstleistungen<\/span><\/h1>\n[\/vc_column_text][vc_column_text disable_pattern=&#8220;false&#8220; css=&#8220;.vc_custom_1566912311439{margin-bottom: 0px !important;}&#8220;]\n<p style=\"color: #00005e; text-align: center;\"><span style=\"color: #ffffff;\">Die KWF verf\u00fcgt \u00fcber einen umfangreichen Maschinenpark und hochqualifiziertes Personal. Dadurch ist das Unternehmen in der Lage, einen umfassenden Rundum-Service f\u00fcr Ihre Walzen anzubieten.<\/span><\/p>\n[\/vc_column_text][mk_padding_divider][vc_row_inner][vc_column_inner width=&#8220;1\/3&#8243;][mk_button dimension=&#8220;outline&#8220; size=&#8220;large&#8220; url=&#8220;#new&#8220; align=&#8220;center&#8220; fullwidth=&#8220;true&#8220; outline_skin=&#8220;custom&#8220; outline_active_text_color=&#8220;#ffffff&#8220; outline_hover_bg_color=&#8220;#ffffff&#8220; outline_hover_color=&#8220;#00005e&#8220;]Herstellung neuer Walzen[\/mk_button][\/vc_column_inner][vc_column_inner width=&#8220;1\/3&#8243;][mk_button dimension=&#8220;outline&#8220; size=&#8220;large&#8220; url=&#8220;#recon&#8220; align=&#8220;center&#8220; fullwidth=&#8220;true&#8220; outline_skin=&#8220;custom&#8220; outline_active_color=&#8220;#ffffff&#8220; outline_hover_bg_color=&#8220;#ffffff&#8220; outline_hover_color=&#8220;#00005e&#8220;]Walzenaufbereitung[\/mk_button][\/vc_column_inner][vc_column_inner width=&#8220;1\/3&#8243;][mk_button dimension=&#8220;outline&#8220; size=&#8220;large&#8220; url=&#8220;#grind&#8220; align=&#8220;center&#8220; fullwidth=&#8220;true&#8220; outline_skin=&#8220;custom&#8220; outline_active_color=&#8220;#ffffff&#8220; outline_hover_bg_color=&#8220;#ffffff&#8220; outline_hover_color=&#8220;#00005e&#8220;]Pr\u00e4zisionsschleifen[\/mk_button][\/vc_column_inner][\/vc_row_inner][\/vc_column][\/mk_page_section][mk_page_section bg_image=&#8220;https:\/\/kwf-hilger.com\/wp-content\/uploads\/2019\/04\/hintergrund_logo.png&#8220; bg_position=&#8220;center center&#8220; video_color_mask=&#8220;#ffffff&#8220; video_opacity=&#8220;0.7&#8243; min_height=&#8220;0&#8243; padding_top=&#8220;0&#8243; padding_bottom=&#8220;0&#8243; section_id=&#8220;new&#8220; sidebar=&#8220;sidebar-1&#8243;][vc_column][mk_padding_divider size=&#8220;60&#8243;][vc_column_text css=&#8220;.vc_custom_1566912343944{margin-bottom: 0px !important;}&#8220;]\n<h2 style=\"text-align: center;\"><span style=\"color: #00005e;\">Herstellung neuer Walzen<\/span><\/h2>\n[\/vc_column_text][vc_separator color=&#8220;custom&#8220; border_width=&#8220;2&#8243; accent_color=&#8220;#00005e&#8220;][vc_row_inner][vc_column_inner][mk_custom_list style=&#8220;mk-icon-caret-right&#8220;]\n<ul style=\"test-align: justify !important;\">\n<li>Verwenden von CAD-Software zum Entwerfen von Walzen<\/li>\n<li>Die Entwicklung sicherer Verriegelungsmechanismen, um sicherzustellen, dass der unter enormem Druck stehende Bezug gut in der Produktionsumgebung funktioniert und die Sicherheit der Mitarbeiter gew\u00e4hrleistet.<\/li>\n<li>Wir verwenden nur die besten Grundmaterialien f\u00fcr neue Wellen, von extra geh\u00e4rtetem Stahl bis hin zu Edelstahl. Unsere Maschinenbauer und Dreher, die jeweils \u00fcber drei\u00dfig Jahre Erfahrung in der Herstellung neuer Walzen verf\u00fcgen, arbeiten mit einer Genauigkeit von 1\/100\u00a0mm.<\/li>\n<li>Das Unternehmen verf\u00fcgt \u00fcber ein umfangreiches Archiv von Walzenzeichnungen, die etwa 50 Jahre zur\u00fcckreichen. Wir arbeiten auch mit allen wichtigen Kalanderherstellern wie Andritz, Guarneri und Jagenberg zusammen.<\/li>\n<\/ul>\n[\/mk_custom_list][\/vc_column_inner][\/vc_row_inner][vc_row_inner][vc_column_inner width=&#8220;1\/3&#8243;][mk_image src=&#8220;https:\/\/kwf-hilger.com\/wp-content\/uploads\/2019\/06\/web-sup-new-rolls-1.jpg&#8220; image_size=&#8220;large&#8220; lightbox=&#8220;true&#8220; align=&#8220;center&#8220; el_class=&#8220;letterhough&#8220;][\/vc_column_inner][vc_column_inner width=&#8220;1\/3&#8243;][mk_image src=&#8220;https:\/\/kwf-hilger.com\/wp-content\/uploads\/2019\/06\/roll-new-rolls-5.jpg&#8220; image_size=&#8220;large&#8220; lightbox=&#8220;true&#8220; align=&#8220;center&#8220; el_class=&#8220;letterhough&#8220;][\/vc_column_inner][vc_column_inner width=&#8220;1\/3&#8243;][mk_image src=&#8220;https:\/\/kwf-hilger.com\/wp-content\/uploads\/2019\/06\/website-kugellager.jpg&#8220; image_size=&#8220;large&#8220; lightbox=&#8220;true&#8220; align=&#8220;center&#8220; el_class=&#8220;letterhough&#8220;][\/vc_column_inner][\/vc_row_inner][\/vc_column][vc_column][vc_row_inner el_id=&#8220;recon&#8220;][vc_column_inner][mk_padding_divider size=&#8220;60&#8243;][mk_padding_divider size=&#8220;60&#8243;][vc_column_text css=&#8220;.vc_custom_1566912364093{margin-bottom: 0px !important;}&#8220;]\n<h2 style=\"text-align: center;\"><span style=\"color: #00005e;\">Walzen- und Welleninstandsetzung<\/span><\/h2>\n[\/vc_column_text][vc_separator color=&#8220;custom&#8220; border_width=&#8220;2&#8243; accent_color=&#8220;#00005e&#8220;][\/vc_column_inner][\/vc_row_inner][vc_row_inner][vc_column_inner][mk_custom_list style=&#8220;mk-icon-caret-right&#8220;]\n<ul style=\"test-align: justify !important;\">\n<li>Reparatur von Wellenzapfen, Schlie\u00dfanlagen etc.<\/li>\n<li>Verschiedene Wellenbeschichtungen sind erh\u00e4ltlich, um Rostansammlungen zu minimieren und die Welle f\u00fcr raue Produktionsumgebungen wie z.\u00a0B. S\u00e4ure zu beschichten, was zum Schutz und zur Verl\u00e4ngerung der Lebensdauer von Walzenbez\u00fcgen beitr\u00e4gt.<\/li>\n<\/ul>\n[\/mk_custom_list][\/vc_column_inner][\/vc_row_inner][vc_row_inner][vc_column_inner width=&#8220;1\/3&#8243;][mk_image src=&#8220;https:\/\/kwf-hilger.com\/wp-content\/uploads\/2019\/06\/roll-repair.jpg&#8220; image_size=&#8220;large&#8220; lightbox=&#8220;true&#8220; align=&#8220;center&#8220; el_class=&#8220;letterhough&#8220;][\/vc_column_inner][vc_column_inner width=&#8220;1\/3&#8243;][mk_image src=&#8220;https:\/\/kwf-hilger.com\/wp-content\/uploads\/2019\/06\/website-sup-new-rolls-5.jpg&#8220; image_size=&#8220;large&#8220; lightbox=&#8220;true&#8220; align=&#8220;center&#8220; el_class=&#8220;letterhough&#8220;][\/vc_column_inner][vc_column_inner width=&#8220;1\/3&#8243;][mk_image src=&#8220;https:\/\/kwf-hilger.com\/wp-content\/uploads\/2019\/06\/web-sup-rolls-rep.jpg&#8220; image_size=&#8220;large&#8220; lightbox=&#8220;true&#8220; align=&#8220;center&#8220; el_class=&#8220;letterhough&#8220;][\/vc_column_inner][\/vc_row_inner][\/vc_column][vc_column][vc_row_inner el_id=&#8220;grind&#8220;][vc_column_inner][mk_padding_divider size=&#8220;60&#8243;][mk_padding_divider size=&#8220;60&#8243;][vc_column_text css=&#8220;.vc_custom_1566912383137{margin-bottom: 0px !important;}&#8220;]\n<h2 style=\"text-align: center;\"><span style=\"color: #00005e;\">Pr\u00e4zisionsschleifen<\/span><\/h2>\n[\/vc_column_text][vc_separator color=&#8220;custom&#8220; border_width=&#8220;2&#8243; accent_color=&#8220;#00005e&#8220;][\/vc_column_inner][\/vc_row_inner][vc_row_inner][vc_column_inner][mk_custom_list style=&#8220;mk-icon-caret-right&#8220;]\n<ul style=\"test-align: justify !important;\">\n<li>Balligschleifen (Bombage)<\/li>\n<li>Verschiedene Veredelungsm\u00f6glichkeiten vorhanden;<\/li>\n<li>traditionelle Drehbearbeitung\n<ul>\n<li>Steinschleifen<\/li>\n<li>Nassschleifen<\/li>\n<\/ul>\n<\/li>\n<\/ul>\n[\/mk_custom_list][\/vc_column_inner][\/vc_row_inner][vc_row_inner][vc_column_inner width=&#8220;1\/3&#8243;][mk_image src=&#8220;https:\/\/kwf-hilger.com\/wp-content\/uploads\/2019\/06\/website-precision-n.jpg&#8220; image_size=&#8220;large&#8220; lightbox=&#8220;true&#8220; align=&#8220;center&#8220; el_class=&#8220;letterhough&#8220;][\/vc_column_inner][vc_column_inner width=&#8220;1\/3&#8243;][mk_image src=&#8220;https:\/\/kwf-hilger.com\/wp-content\/uploads\/2019\/06\/wet-grinding-3.jpg&#8220; image_size=&#8220;large&#8220; lightbox=&#8220;true&#8220; align=&#8220;center&#8220; el_class=&#8220;letterhough&#8220;][\/vc_column_inner][vc_column_inner width=&#8220;1\/3&#8243;][mk_image src=&#8220;https:\/\/kwf-hilger.com\/wp-content\/uploads\/2019\/06\/website-bs-.jpg&#8220; image_size=&#8220;large&#8220; lightbox=&#8220;true&#8220; align=&#8220;center&#8220; el_class=&#8220;letterhough&#8220;][\/vc_column_inner][\/vc_row_inner][mk_padding_divider size=&#8220;60&#8243;][mk_padding_divider size=&#8220;60&#8243;][\/vc_column][\/mk_page_section]\n<\/div>","protected":false},"excerpt":{"rendered":"<p>[mk_page_section bg_image=&#8220;https:\/\/kwf-hilger.com\/wp-content\/uploads\/2019\/04\/kwf_bild_intro_blau.jpg&#8220; bg_position=&#8220;left center&#8220; bg_repeat=&#8220;no-repeat&#8220; bg_stretch=&#8220;true&#8220; speed_factor=&#8220;0.4&#8243; video_color_mask=&#8220;#1b34b5&#8243; video_opacity=&#8220;0.5&#8243; min_height=&#8220;400&#8243; full_width=&#8220;true&#8220; js_vertical_centered=&#8220;true&#8220; padding_top=&#8220;0&#8243; padding_bottom=&#8220;0&#8243; sidebar=&#8220;sidebar-1&#8243;][vc_column][vc_column_text animation=&#8220;scale-up&#8220; el_class=&#8220;schatten&#8220; css=&#8220;.vc_custom_1566912302871{margin-bottom: 0px !important;}&#8220;] Dienstleistungen [\/vc_column_text][vc_column_text disable_pattern=&#8220;false&#8220; css=&#8220;.vc_custom_1566912311439{margin-bottom: 0px !important;}&#8220;] Die KWF verf\u00fcgt \u00fcber einen umfangreichen Maschinenpark und hochqualifiziertes Personal. Dadurch ist das Unternehmen in der Lage, einen umfassenden Rundum-Service f\u00fcr Ihre Walzen anzubieten. [\/vc_column_text][mk_padding_divider][vc_row_inner][vc_column_inner width=&#8220;1\/3&#8243;][mk_button dimension=&#8220;outline&#8220; size=&#8220;large&#8220; url=&#8220;#new&#8220; [&hellip;]<\/p>\n","protected":false},"author":1,"featured_media":0,"parent":0,"menu_order":0,"comment_status":"closed","ping_status":"closed","template":"","meta":{"footnotes":""},"class_list":["post-1835","page","type-page","status-publish","hentry"],"_links":{"self":[{"href":"https:\/\/kwf-hilger.com\/de\/wp-json\/wp\/v2\/pages\/1835","targetHints":{"allow":["GET"]}}],"collection":[{"href":"https:\/\/kwf-hilger.com\/de\/wp-json\/wp\/v2\/pages"}],"about":[{"href":"https:\/\/kwf-hilger.com\/de\/wp-json\/wp\/v2\/types\/page"}],"author":[{"embeddable":true,"href":"https:\/\/kwf-hilger.com\/de\/wp-json\/wp\/v2\/users\/1"}],"replies":[{"embeddable":true,"href":"https:\/\/kwf-hilger.com\/de\/wp-json\/wp\/v2\/comments?post=1835"}],"version-history":[{"count":21,"href":"https:\/\/kwf-hilger.com\/de\/wp-json\/wp\/v2\/pages\/1835\/revisions"}],"predecessor-version":[{"id":2294,"href":"https:\/\/kwf-hilger.com\/de\/wp-json\/wp\/v2\/pages\/1835\/revisions\/2294"}],"wp:attachment":[{"href":"https:\/\/kwf-hilger.com\/de\/wp-json\/wp\/v2\/media?parent=1835"}],"curies":[{"name":"wp","href":"https:\/\/api.w.org\/{rel}","templated":true}]}}