{"id":788,"date":"2019-03-28T13:48:51","date_gmt":"2019-03-28T12:48:51","guid":{"rendered":"https:\/\/kwf-hilger.com\/?page_id=788"},"modified":"2019-10-02T13:31:26","modified_gmt":"2019-10-02T11:31:26","slug":"simtex","status":"publish","type":"page","link":"https:\/\/kwf-hilger.com\/de\/simtex\/","title":{"rendered":"SIMTEX\u2122_Embossing"},"content":{"rendered":"<div class=\"wpb-content-wrapper\">[mk_page_section bg_image=&#8220;https:\/\/kwf-hilger.com\/wp-content\/uploads\/2019\/04\/kwf_bild_intro_blau.jpg&#8220; bg_position=&#8220;left center&#8220; bg_repeat=&#8220;no-repeat&#8220; bg_stretch=&#8220;true&#8220; speed_factor=&#8220;0.4&#8243; video_color_mask=&#8220;#1b34b5&#8243; video_opacity=&#8220;0.5&#8243; min_height=&#8220;400&#8243; full_width=&#8220;true&#8220; js_vertical_centered=&#8220;true&#8220; padding_top=&#8220;0&#8243; padding_bottom=&#8220;0&#8243; sidebar=&#8220;sidebar-1&#8243;][vc_column][vc_column_text animation=&#8220;scale-up&#8220; el_class=&#8220;schatten&#8220; css=&#8220;.vc_custom_1560945072884{margin-bottom: 0px !important;}&#8220;]\n<h1 style=\"text-align: center;\"><span style=\"color: #ffffff;\">Simtex\u2122<\/span><\/h1>\n[\/vc_column_text][mk_padding_divider][vc_row_inner][vc_column_inner width=&#8220;1\/4&#8243;][mk_button dimension=&#8220;outline&#8220; size=&#8220;large&#8220; url=&#8220;\/simtex_general\/&#8220; align=&#8220;center&#8220; fullwidth=&#8220;true&#8220; margin_right=&#8220;0&#8243; outline_skin=&#8220;custom&#8220; outline_active_color=&#8220;#ffffff&#8220; outline_hover_bg_color=&#8220;#ffffff&#8220; outline_hover_color=&#8220;#00005e&#8220;]Allgemeine Information[\/mk_button][\/vc_column_inner][vc_column_inner width=&#8220;1\/4&#8243;][mk_button dimension=&#8220;outline&#8220; size=&#8220;large&#8220; url=&#8220;\/simtex_paper&#8220; align=&#8220;center&#8220; fullwidth=&#8220;true&#8220; outline_skin=&#8220;custom&#8220; outline_active_text_color=&#8220;#ffffff&#8220; outline_hover_bg_color=&#8220;#ffffff&#8220; outline_hover_color=&#8220;#00005e&#8220;]Kalandrieren von Papier[\/mk_button][\/vc_column_inner][vc_column_inner width=&#8220;1\/4&#8243;][mk_button dimension=&#8220;outline&#8220; size=&#8220;large&#8220; url=&#8220;\/simtex\/&#8220; align=&#8220;center&#8220; fullwidth=&#8220;true&#8220; id=&#8220;aktiv&#8220; outline_skin=&#8220;custom&#8220; outline_active_color=&#8220;#ffffff&#8220; outline_hover_bg_color=&#8220;#ffffff&#8220; outline_hover_color=&#8220;#00005e&#8220;]Simtex\u2122-Pr\u00e4gung[\/mk_button][\/vc_column_inner][vc_column_inner width=&#8220;1\/4&#8243;][mk_button dimension=&#8220;outline&#8220; size=&#8220;large&#8220; url=&#8220;\/simtex_textiles&#8220; align=&#8220;center&#8220; fullwidth=&#8220;true&#8220; outline_skin=&#8220;custom&#8220; outline_active_color=&#8220;#ffffff&#8220; outline_hover_bg_color=&#8220;#ffffff&#8220; outline_hover_color=&#8220;#00005e&#8220;]Kalandrieren von Textilien[\/mk_button][\/vc_column_inner][\/vc_row_inner][\/vc_column][\/mk_page_section][mk_page_section bg_image=&#8220;https:\/\/kwf-hilger.com\/wp-content\/uploads\/2019\/04\/hintergrund_logo.png&#8220; video_color_mask=&#8220;#ffffff&#8220; video_opacity=&#8220;0.7&#8243; min_height=&#8220;0&#8243; padding_top=&#8220;0&#8243; padding_bottom=&#8220;0&#8243; section_id=&#8220;woollenpaper&#8220; sidebar=&#8220;sidebar-1&#8243;][vc_column][mk_padding_divider size=&#8220;60&#8243;][vc_column_text css=&#8220;.vc_custom_1566913252437{margin-bottom: 0px !important;}&#8220;]\n<h2 class=\"p1\" style=\"text-align: center;\"><span style=\"color: #00005e;\">Simtex\u2122-Pr\u00e4gung<\/span><\/h2>\n[\/vc_column_text][vc_column_text css=&#8220;.vc_custom_1566913263297{margin-bottom: 0px !important;}&#8220;]\n<p class=\"p1\" style=\"text-align: center;\"><span class=\"s1\" style=\"color: #00005e;\">Hochleistungspr\u00e4gung, bahnbrechende Leistung<\/span><\/p>\n[\/vc_column_text][vc_separator color=&#8220;custom&#8220; border_width=&#8220;2&#8243; accent_color=&#8220;#00005e&#8220;][vc_row_inner][vc_column_inner width=&#8220;1\/2&#8243;][vc_column_text css=&#8220;.vc_custom_1566913280459{margin-bottom: 0px !important;}&#8220;]\n<p style=\"color: #00005e; text-align: justify !important;\">Unsere neueste Innovation, Simtex\u2122, setzt neue Ma\u00dfst\u00e4be in der Pr\u00e4gung. Es wird eine spezielle Formulierung speziell ausgew\u00e4hlter synthetischer Fasern verwendet, die auf einzigartige Weise hergestellt werden und in Umfangsrichtung so ausgerichtet sind, dass sie mit der Richtung des zu pr\u00e4genden Materials \u00fcbereinstimmen. Dieser Ansatz gew\u00e4hrleistet eine maximale \u201egeschmiedete\u201c Festigkeit und damit eine maximale Aufl\u00f6sung.<\/p>\n<p style=\"color: #00005e; text-align: justify !important;\">Einer der vielen Vorteile der Nutzung von Simtex\u2122 ist, dass es in der Lage ist, einer maximalen Oberfl\u00e4chentemperatur von mehr als 250\u00b0C+ standzuhalten, was eine sehr schnelle Pr\u00e4gung erm\u00f6glicht.<\/p>\n[\/vc_column_text][\/vc_column_inner][vc_column_inner width=&#8220;1\/2&#8243;][vc_single_image image=&#8220;794&#8243; img_size=&#8220;full&#8220;][\/vc_column_inner][\/vc_row_inner][\/vc_column][vc_column][mk_padding_divider size=&#8220;60&#8243;][vc_row_inner][vc_column_inner width=&#8220;1\/2&#8243;][vc_column_text css=&#8220;.vc_custom_1566913379135{margin-bottom: 0px !important;}&#8220;]\n<h3><span style=\"color: #00005e;\"><span class=\"s1\"><b>Warum Simtex\u2122 verwenden?<\/b><\/span><\/span><\/h3>\n[\/vc_column_text][vc_separator color=&#8220;custom&#8220; accent_color=&#8220;#00005e&#8220;][mk_custom_list style=&#8220;mk-icon-caret-right&#8220;]\n<ul>\n<li>Nachschleifintervall bis zu 1000 Stunden<\/li>\n<li>Shore D Bereich 45-90<\/li>\n<li>Gr\u00f6\u00dfere Materialtiefe<\/li>\n<li>L\u00e4ngere Lebensdauer<\/li>\n<li>Geeignet f\u00fcr feine Designs (unter 2\u00a0mm Mustertiefe)<\/li>\n<li>Stark verk\u00fcrzte Einlaufzeit<\/li>\n<li>Sehr belastbar &#8211; kleine Besch\u00e4digungen lassen sich leicht beheben<\/li>\n<li>Weniger Bearbeitung bedeutet l\u00e4ngere Walzenlebensdauer und geringere Ausfallzeiten<\/li>\n<li>Verzahnte und unverzahnte Anwendungen<\/li>\n<li>Verl\u00e4ngerte Lebensdauer und verbesserte Produktivit\u00e4t gegen\u00fcber herk\u00f6mmlichen Wollpapierwalzen.<\/li>\n<li>OBERFL\u00c4CHENTEMPERATURBEST\u00c4NDIGKEIT 250\u02daC<\/li>\n<li>PR\u00c4GEGESCHWINDIGKEITEN 1000 M\/MIN<\/li>\n<\/ul>\n[\/mk_custom_list][\/vc_column_inner][vc_column_inner width=&#8220;1\/2&#8243;][vc_column_text css=&#8220;.vc_custom_1566913429916{margin-bottom: 0px !important;}&#8220;]\n<h3><span style=\"color: #00005e;\"><span class=\"s1\"><b>Warum auf Simtex\u2122 upgraden?<\/b><\/span><\/span><\/h3>\n[\/vc_column_text][vc_separator color=&#8220;custom&#8220; accent_color=&#8220;#00005e&#8220;][mk_custom_list style=&#8220;mk-icon-caret-right&#8220;]\n<ul>\n<li>Es kann eine perfekte Definition erzielt werden, ob verzahnt oder unverzahnt<\/li>\n<li>Kein K\u00fchlsystem erforderlich<\/li>\n<li>Es k\u00f6nnen Pr\u00e4gegeschwindigkeiten von bis zu 1000\u00a0m\/min erreicht werden<\/li>\n<li>Oberfl\u00e4chentemperaturbest\u00e4ndigkeit 250\u00b0C+<\/li>\n<\/ul>\n[\/mk_custom_list][\/vc_column_inner][\/vc_row_inner][\/vc_column][vc_column][mk_padding_divider size=&#8220;60&#8243;][mk_padding_divider size=&#8220;60&#8243;][\/vc_column][\/mk_page_section]\n<\/div>","protected":false},"excerpt":{"rendered":"<p>[mk_page_section bg_image=&#8220;https:\/\/kwf-hilger.com\/wp-content\/uploads\/2019\/04\/kwf_bild_intro_blau.jpg&#8220; bg_position=&#8220;left center&#8220; bg_repeat=&#8220;no-repeat&#8220; bg_stretch=&#8220;true&#8220; speed_factor=&#8220;0.4&#8243; video_color_mask=&#8220;#1b34b5&#8243; video_opacity=&#8220;0.5&#8243; min_height=&#8220;400&#8243; full_width=&#8220;true&#8220; js_vertical_centered=&#8220;true&#8220; padding_top=&#8220;0&#8243; padding_bottom=&#8220;0&#8243; sidebar=&#8220;sidebar-1&#8243;][vc_column][vc_column_text animation=&#8220;scale-up&#8220; el_class=&#8220;schatten&#8220; css=&#8220;.vc_custom_1560945072884{margin-bottom: 0px !important;}&#8220;] Simtex\u2122 [\/vc_column_text][mk_padding_divider][vc_row_inner][vc_column_inner width=&#8220;1\/4&#8243;][mk_button dimension=&#8220;outline&#8220; size=&#8220;large&#8220; url=&#8220;\/simtex_general\/&#8220; align=&#8220;center&#8220; fullwidth=&#8220;true&#8220; margin_right=&#8220;0&#8243; outline_skin=&#8220;custom&#8220; outline_active_color=&#8220;#ffffff&#8220; outline_hover_bg_color=&#8220;#ffffff&#8220; outline_hover_color=&#8220;#00005e&#8220;]Allgemeine Information[\/mk_button][\/vc_column_inner][vc_column_inner width=&#8220;1\/4&#8243;][mk_button dimension=&#8220;outline&#8220; size=&#8220;large&#8220; url=&#8220;\/simtex_paper&#8220; align=&#8220;center&#8220; fullwidth=&#8220;true&#8220; outline_skin=&#8220;custom&#8220; outline_active_text_color=&#8220;#ffffff&#8220; outline_hover_bg_color=&#8220;#ffffff&#8220; outline_hover_color=&#8220;#00005e&#8220;]Kalandrieren von Papier[\/mk_button][\/vc_column_inner][vc_column_inner width=&#8220;1\/4&#8243;][mk_button dimension=&#8220;outline&#8220; size=&#8220;large&#8220; url=&#8220;\/simtex\/&#8220; align=&#8220;center&#8220; fullwidth=&#8220;true&#8220; id=&#8220;aktiv&#8220; outline_skin=&#8220;custom&#8220; outline_active_color=&#8220;#ffffff&#8220; [&hellip;]<\/p>\n","protected":false},"author":1,"featured_media":0,"parent":0,"menu_order":0,"comment_status":"closed","ping_status":"closed","template":"","meta":{"footnotes":""},"class_list":["post-788","page","type-page","status-publish","hentry"],"_links":{"self":[{"href":"https:\/\/kwf-hilger.com\/de\/wp-json\/wp\/v2\/pages\/788","targetHints":{"allow":["GET"]}}],"collection":[{"href":"https:\/\/kwf-hilger.com\/de\/wp-json\/wp\/v2\/pages"}],"about":[{"href":"https:\/\/kwf-hilger.com\/de\/wp-json\/wp\/v2\/types\/page"}],"author":[{"embeddable":true,"href":"https:\/\/kwf-hilger.com\/de\/wp-json\/wp\/v2\/users\/1"}],"replies":[{"embeddable":true,"href":"https:\/\/kwf-hilger.com\/de\/wp-json\/wp\/v2\/comments?post=788"}],"version-history":[{"count":60,"href":"https:\/\/kwf-hilger.com\/de\/wp-json\/wp\/v2\/pages\/788\/revisions"}],"predecessor-version":[{"id":2295,"href":"https:\/\/kwf-hilger.com\/de\/wp-json\/wp\/v2\/pages\/788\/revisions\/2295"}],"wp:attachment":[{"href":"https:\/\/kwf-hilger.com\/de\/wp-json\/wp\/v2\/media?parent=788"}],"curies":[{"name":"wp","href":"https:\/\/api.w.org\/{rel}","templated":true}]}}