{"id":834,"date":"2019-03-29T10:00:28","date_gmt":"2019-03-29T09:00:28","guid":{"rendered":"https:\/\/kwf-hilger.com\/?page_id=834"},"modified":"2020-07-15T15:28:18","modified_gmt":"2020-07-15T13:28:18","slug":"simtex_textiles","status":"publish","type":"page","link":"https:\/\/kwf-hilger.com\/de\/simtex_textiles\/","title":{"rendered":"Simtex\u2122_Textiles"},"content":{"rendered":"<div class=\"wpb-content-wrapper\">[mk_page_section bg_image=&#8220;https:\/\/kwf-hilger.com\/wp-content\/uploads\/2019\/04\/kwf_bild_intro_blau.jpg&#8220; bg_position=&#8220;left center&#8220; bg_repeat=&#8220;no-repeat&#8220; bg_stretch=&#8220;true&#8220; speed_factor=&#8220;0.4&#8243; video_color_mask=&#8220;#1b34b5&#8243; video_opacity=&#8220;0.5&#8243; min_height=&#8220;400&#8243; full_width=&#8220;true&#8220; js_vertical_centered=&#8220;true&#8220; padding_top=&#8220;0&#8243; padding_bottom=&#8220;0&#8243; sidebar=&#8220;sidebar-1&#8243;][vc_column][vc_column_text animation=&#8220;scale-up&#8220; el_class=&#8220;schatten&#8220; css=&#8220;.vc_custom_1560945072884{margin-bottom: 0px !important;}&#8220;]\n<h1 style=\"text-align: center;\"><span style=\"color: #ffffff;\">Simtex\u2122<\/span><\/h1>\n[\/vc_column_text][mk_padding_divider][vc_row_inner][vc_column_inner width=&#8220;1\/4&#8243;][mk_button dimension=&#8220;outline&#8220; size=&#8220;large&#8220; url=&#8220;\/simtex_general\/&#8220; align=&#8220;center&#8220; fullwidth=&#8220;true&#8220; margin_right=&#8220;0&#8243; outline_skin=&#8220;custom&#8220; outline_active_color=&#8220;#ffffff&#8220; outline_hover_bg_color=&#8220;#ffffff&#8220; outline_hover_color=&#8220;#00005e&#8220;]Allgemeine Information[\/mk_button][\/vc_column_inner][vc_column_inner width=&#8220;1\/4&#8243;][mk_button dimension=&#8220;outline&#8220; size=&#8220;large&#8220; url=&#8220;\/simtex_paper&#8220; align=&#8220;center&#8220; fullwidth=&#8220;true&#8220; outline_skin=&#8220;custom&#8220; outline_active_text_color=&#8220;#ffffff&#8220; outline_hover_bg_color=&#8220;#ffffff&#8220; outline_hover_color=&#8220;#00005e&#8220;]Kalandrieren von Papier[\/mk_button][\/vc_column_inner][vc_column_inner width=&#8220;1\/4&#8243;][mk_button dimension=&#8220;outline&#8220; size=&#8220;large&#8220; url=&#8220;\/simtex\/&#8220; align=&#8220;center&#8220; fullwidth=&#8220;true&#8220; outline_skin=&#8220;custom&#8220; outline_active_color=&#8220;#ffffff&#8220; outline_hover_bg_color=&#8220;#ffffff&#8220; outline_hover_color=&#8220;#00005e&#8220;]Simtex\u2122-Pr\u00e4gung[\/mk_button][\/vc_column_inner][vc_column_inner width=&#8220;1\/4&#8243;][mk_button dimension=&#8220;outline&#8220; size=&#8220;large&#8220; url=&#8220;\/simtex_textiles&#8220; align=&#8220;center&#8220; fullwidth=&#8220;true&#8220; id=&#8220;aktiv&#8220; outline_skin=&#8220;custom&#8220; outline_active_color=&#8220;#ffffff&#8220; outline_hover_bg_color=&#8220;#ffffff&#8220; outline_hover_color=&#8220;#00005e&#8220;]Kalandrieren von Textilien[\/mk_button][\/vc_column_inner][\/vc_row_inner][\/vc_column][\/mk_page_section][mk_page_section bg_image=&#8220;https:\/\/kwf-hilger.com\/wp-content\/uploads\/2019\/04\/hintergrund_logo.png&#8220; video_color_mask=&#8220;#ffffff&#8220; video_opacity=&#8220;0.7&#8243; min_height=&#8220;0&#8243; padding_top=&#8220;0&#8243; padding_bottom=&#8220;0&#8243; section_id=&#8220;woollenpaper&#8220; sidebar=&#8220;sidebar-1&#8243;][vc_column][mk_padding_divider size=&#8220;60&#8243;][vc_column_text css=&#8220;.vc_custom_1566913467553{margin-bottom: 0px !important;}&#8220;]\n<h2 class=\"p1\" style=\"text-align: center;\"><span style=\"color: #00005e;\"><span class=\"s1\"> Kalandrieren von Textilien\u00a0<\/span><\/span><\/h2>\n[\/vc_column_text][vc_separator color=&#8220;custom&#8220; border_width=&#8220;2&#8243; accent_color=&#8220;#00005e&#8220;][\/vc_column][vc_column][mk_padding_divider size=&#8220;60&#8243;][vc_row_inner][vc_column_inner width=&#8220;1\/2&#8243;][vc_column_text css=&#8220;.vc_custom_1566913573004{margin-bottom: 0px !important;}&#8220;]\n<h3><span style=\"color: #00005e;\"><span class=\"s1\"><b>Warum Simtex\u2122 verwenden?<\/b><\/span><\/span><\/h3>\n[\/vc_column_text][vc_separator color=&#8220;custom&#8220; accent_color=&#8220;#00005e&#8220;][mk_custom_list style=&#8220;mk-icon-caret-right&#8220;]\n<ul>\n<li>Nachschleifintervall bis zu 1000 Stunden<\/li>\n<li>Kein Verlust an Glanz und Geschmeidigkeit im Vergleich zu einer Baumwollwalze &#8211; vollelastischer Walzenspalt<\/li>\n<li>Shore D Bereich 70-90<\/li>\n<li>Gr\u00f6\u00dfere Materialtiefe<\/li>\n<li>Die originalen Walzenwellen k\u00f6nnen verwendet werden.<\/li>\n<li>L\u00e4ngere Lebensdauer<\/li>\n<\/ul>\n[\/mk_custom_list][\/vc_column_inner][vc_column_inner width=&#8220;1\/2&#8243;][vc_column_text css=&#8220;.vc_custom_1566913495189{margin-bottom: 0px !important;}&#8220;]\n<h3><span style=\"color: #00005e;\"><span class=\"s1\">Warum auf Simtex\u2122 upgraden?<\/span><\/span><\/h3>\n[\/vc_column_text][vc_separator color=&#8220;custom&#8220; accent_color=&#8220;#00005e&#8220;][mk_custom_list style=&#8220;mk-icon-caret-right&#8220;]Simtex\u2122 hat die volle Elastizit\u00e4t einer Baumwollwalze mit daraus resultierender erh\u00f6hter Verglasung und Gl\u00e4ttung durch Mikro-Slip-Technologie.<\/p>\n<ul>\n<li>Volle Elastizit\u00e4t wie eine Baumwollwalze mit dadurch erh\u00f6hter Glasur und Gl\u00e4ttung durch Micro-Slip-Technologie<\/li>\n<li>100\u00a0mm+ Nutzdurchmesser<\/li>\n<li>Oberfl\u00e4chentemperaturbest\u00e4ndigkeit 250\u00b0C+<\/li>\n<\/ul>\n[\/mk_custom_list][\/vc_column_inner][\/vc_row_inner][vc_row_inner][vc_column_inner width=&#8220;1\/3&#8243;][mk_image src=&#8220;https:\/\/kwf-hilger.com\/wp-content\/uploads\/2019\/06\/simtex-close-up-4.jpg&#8220; image_size=&#8220;full&#8220; lightbox=&#8220;true&#8220; align=&#8220;center&#8220; el_class=&#8220;letterhough&#8220;][\/vc_column_inner][vc_column_inner width=&#8220;1\/3&#8243;][mk_image src=&#8220;https:\/\/kwf-hilger.com\/wp-content\/uploads\/2019\/06\/simtex-1.jpg&#8220; image_size=&#8220;full&#8220; lightbox=&#8220;true&#8220; align=&#8220;center&#8220; el_class=&#8220;letterhough&#8220;][\/vc_column_inner][vc_column_inner width=&#8220;1\/3&#8243;][mk_image src=&#8220;https:\/\/kwf-hilger.com\/wp-content\/uploads\/2019\/06\/simtex-3.jpg&#8220; image_size=&#8220;full&#8220; lightbox=&#8220;true&#8220; align=&#8220;center&#8220; el_class=&#8220;letterhough&#8220;][\/vc_column_inner][\/vc_row_inner][\/vc_column][vc_column][mk_padding_divider size=&#8220;60&#8243;][vc_column_text css=&#8220;.vc_custom_1566913598505{margin-bottom: 0px !important;}&#8220;]\n<h2 style=\"text-align: center;\"><span style=\"color: #00005e;\">Beispiele<\/span><\/h2>\n[\/vc_column_text][vc_separator color=&#8220;custom&#8220; border_width=&#8220;2&#8243; accent_color=&#8220;#00005e&#8220;][mk_padding_divider size=&#8220;30&#8243;][vc_row_inner][vc_column_inner width=&#8220;1\/3&#8243;][vc_column_text css=&#8220;.vc_custom_1566913606024{margin-bottom: 0px !important;}&#8220;]\n<div class=\"vc_col-sm-12 wpb_column column_container _ height-full\">\n<h3 id=\"padding-56\" class=\"mk-padding-divider clearfix\"><span style=\"color: #00005e;\">Baumwollwalze <\/span><\/h3>\n<\/div>\n[\/vc_column_text][vc_separator color=&#8220;custom&#8220; accent_color=&#8220;#00005e&#8220;][mk_custom_list style=&#8220;mk-icon-caret-right&#8220;]\n<ul>\n<li>Materialtiefe: 50\u00a0mm<\/li>\n<li>Schnitttiefe: 1,25\u00a0mm<\/li>\n<li>Nachschleifintervall: 200 Stunden<\/li>\n<li>Theoretische Lebensdauer: 8.000 Stunden<\/li>\n<\/ul>\n[\/mk_custom_list][\/vc_column_inner][vc_column_inner width=&#8220;1\/3&#8243;][vc_column_text css=&#8220;.vc_custom_1566913614521{margin-bottom: 0px !important;}&#8220;]\n<div class=\"vc_col-sm-12 wpb_column column_container _ height-full\">\n<h3 id=\"padding-56\" class=\"mk-padding-divider clearfix\"><span style=\"color: #00005e;\"><b>Verbund- \/ Polymerwalze<\/b><\/span><\/h3>\n<\/div>\n[\/vc_column_text][vc_separator color=&#8220;custom&#8220; accent_color=&#8220;#00005e&#8220;][mk_custom_list style=&#8220;mk-icon-caret-right&#8220;]\n<ul>\n<li>Materialtiefe: 5\u00a0mm<\/li>\n<li>Schnitttiefe: 0,37\u00a0mm<\/li>\n<li>Nachschleifintervall: 2000 Stunden<\/li>\n<li>Theoretische Lebensdauer: 27000 Stunden<\/li>\n<\/ul>\n[\/mk_custom_list][\/vc_column_inner][vc_column_inner width=&#8220;1\/3&#8243;][vc_column_text css=&#8220;.vc_custom_1566913626791{margin-bottom: 0px !important;}&#8220;]\n<div class=\"vc_col-sm-12 wpb_column column_container _ height-full\">\n<h3><span style=\"color: #00005e;\">Simtex\u2122<\/span><\/h3>\n<\/div>\n[\/vc_column_text][vc_separator color=&#8220;custom&#8220; accent_color=&#8220;#00005e&#8220;][mk_custom_list style=&#8220;mk-icon-caret-right&#8220;]\n<ul>\n<li>Materialtiefe: 50\u00a0mm<\/li>\n<li>Schnitttiefe: 1\u00a0mm<\/li>\n<li>Nachschleifintervall: 1500 Stunden<\/li>\n<li>Theoretische Lebensdauer: 50000 Stunden<\/li>\n<\/ul>\n[\/mk_custom_list][\/vc_column_inner][\/vc_row_inner][\/vc_column][vc_column][mk_padding_divider size=&#8220;60&#8243;][mk_padding_divider size=&#8220;60&#8243;][\/vc_column][\/mk_page_section]\n<\/div>","protected":false},"excerpt":{"rendered":"<p>[mk_page_section bg_image=&#8220;https:\/\/kwf-hilger.com\/wp-content\/uploads\/2019\/04\/kwf_bild_intro_blau.jpg&#8220; bg_position=&#8220;left center&#8220; bg_repeat=&#8220;no-repeat&#8220; bg_stretch=&#8220;true&#8220; speed_factor=&#8220;0.4&#8243; video_color_mask=&#8220;#1b34b5&#8243; video_opacity=&#8220;0.5&#8243; min_height=&#8220;400&#8243; full_width=&#8220;true&#8220; js_vertical_centered=&#8220;true&#8220; padding_top=&#8220;0&#8243; padding_bottom=&#8220;0&#8243; sidebar=&#8220;sidebar-1&#8243;][vc_column][vc_column_text animation=&#8220;scale-up&#8220; el_class=&#8220;schatten&#8220; css=&#8220;.vc_custom_1560945072884{margin-bottom: 0px !important;}&#8220;] Simtex\u2122 [\/vc_column_text][mk_padding_divider][vc_row_inner][vc_column_inner width=&#8220;1\/4&#8243;][mk_button dimension=&#8220;outline&#8220; size=&#8220;large&#8220; url=&#8220;\/simtex_general\/&#8220; align=&#8220;center&#8220; fullwidth=&#8220;true&#8220; margin_right=&#8220;0&#8243; outline_skin=&#8220;custom&#8220; outline_active_color=&#8220;#ffffff&#8220; outline_hover_bg_color=&#8220;#ffffff&#8220; outline_hover_color=&#8220;#00005e&#8220;]Allgemeine Information[\/mk_button][\/vc_column_inner][vc_column_inner width=&#8220;1\/4&#8243;][mk_button dimension=&#8220;outline&#8220; size=&#8220;large&#8220; url=&#8220;\/simtex_paper&#8220; align=&#8220;center&#8220; fullwidth=&#8220;true&#8220; outline_skin=&#8220;custom&#8220; outline_active_text_color=&#8220;#ffffff&#8220; outline_hover_bg_color=&#8220;#ffffff&#8220; outline_hover_color=&#8220;#00005e&#8220;]Kalandrieren von Papier[\/mk_button][\/vc_column_inner][vc_column_inner width=&#8220;1\/4&#8243;][mk_button dimension=&#8220;outline&#8220; size=&#8220;large&#8220; url=&#8220;\/simtex\/&#8220; align=&#8220;center&#8220; fullwidth=&#8220;true&#8220; outline_skin=&#8220;custom&#8220; outline_active_color=&#8220;#ffffff&#8220; outline_hover_bg_color=&#8220;#ffffff&#8220; [&hellip;]<\/p>\n","protected":false},"author":1,"featured_media":0,"parent":0,"menu_order":0,"comment_status":"closed","ping_status":"closed","template":"","meta":{"footnotes":""},"class_list":["post-834","page","type-page","status-publish","hentry"],"_links":{"self":[{"href":"https:\/\/kwf-hilger.com\/de\/wp-json\/wp\/v2\/pages\/834","targetHints":{"allow":["GET"]}}],"collection":[{"href":"https:\/\/kwf-hilger.com\/de\/wp-json\/wp\/v2\/pages"}],"about":[{"href":"https:\/\/kwf-hilger.com\/de\/wp-json\/wp\/v2\/types\/page"}],"author":[{"embeddable":true,"href":"https:\/\/kwf-hilger.com\/de\/wp-json\/wp\/v2\/users\/1"}],"replies":[{"embeddable":true,"href":"https:\/\/kwf-hilger.com\/de\/wp-json\/wp\/v2\/comments?post=834"}],"version-history":[{"count":51,"href":"https:\/\/kwf-hilger.com\/de\/wp-json\/wp\/v2\/pages\/834\/revisions"}],"predecessor-version":[{"id":2315,"href":"https:\/\/kwf-hilger.com\/de\/wp-json\/wp\/v2\/pages\/834\/revisions\/2315"}],"wp:attachment":[{"href":"https:\/\/kwf-hilger.com\/de\/wp-json\/wp\/v2\/media?parent=834"}],"curies":[{"name":"wp","href":"https:\/\/api.w.org\/{rel}","templated":true}]}}