{"id":1229,"date":"2019-04-23T15:08:40","date_gmt":"2019-04-23T13:08:40","guid":{"rendered":"https:\/\/kwf-hilger.com\/?page_id=1229"},"modified":"2020-07-15T15:08:10","modified_gmt":"2020-07-15T13:08:10","slug":"startseite","status":"publish","type":"page","link":"https:\/\/kwf-hilger.com\/es\/","title":{"rendered":"Inicio"},"content":{"rendered":"<div class=\"wpb-content-wrapper\">[mk_page_section bg_image=\u00bbhttps:\/\/kwf-hilger.com\/wp-content\/uploads\/2019\/04\/helligkeit_kontrast-1-kopie.jpg\u00bb bg_position=\u00bbcenter center\u00bb bg_repeat=\u00bbno-repeat\u00bb bg_stretch=\u00bbtrue\u00bb speed_factor=\u00bb0.4&#8243; min_height=\u00bb300&#8243; full_width=\u00bbtrue\u00bb js_vertical_centered=\u00bbtrue\u00bb padding_top=\u00bb0&#8243; padding_bottom=\u00bb0&#8243; sidebar=\u00bbsidebar-1&#8243;][vc_column][vc_single_image image=\u00bb1179&#8243; img_size=\u00bbfull\u00bb alignment=\u00bbcenter\u00bb][vc_separator color=\u00bbwhite\u00bb el_width=\u00bb40&#8243;][vc_column_text css=\u00bb.vc_custom_1570015164677{margin-bottom: 0px !important;}\u00bb]\n<p style=\"text-align: center;\"><span style=\"color: #ffffff;\">DIE KALANDERWALZENFABRIK HILGER GMBH &amp; CO. KG \u2022 LA EMPRESA DE RODILLOS DE CALANDRA ALEMANA<\/span><\/p>\n[\/vc_column_text][\/vc_column][\/mk_page_section][mk_page_section bg_image=\u00bbhttps:\/\/kwf-hilger.com\/wp-content\/uploads\/2019\/04\/hintergrund_logo.png\u00bb bg_position=\u00bbright center\u00bb video_color_mask=\u00bb#ffffff\u00bb video_opacity=\u00bb0.7&#8243; min_height=\u00bb0&#8243; padding_top=\u00bb0&#8243; padding_bottom=\u00bb0&#8243; sidebar=\u00bbsidebar-1&#8243;][vc_column][mk_padding_divider size=\u00bb60&#8243;][vc_column_text css=\u00bb.vc_custom_1570015245687{margin-bottom: 0px !important;}\u00bb]\n<p style=\"color: #00005e; text-align: justify !important;\"><strong>KWF Hilger GmbH &amp; Co. KG <\/strong>es un proveedor l\u00edder en el mundo de rodillos de calandrado de alta calidad para las industrias del papel, el gofrado y las textiles. Nuestra destreza y precisi\u00f3n, combinada con nuestro deseo de innovaci\u00f3n, nos ha permitido atraer y retener a las empresas textiles y del papel l\u00edderes, as\u00ed como a los fabricantes de calandras de todo el mundo.<\/p>\n<p style=\"color: #00005e; text-align: justify !important;\">Para ampliar nuestra oferta de productos, KWF y <strong>Richard Hough Ltd.<\/strong> firmaron un acuerdo para la transferencia de tecnolog\u00eda a finales de 2018. Esto nos ha permitido aumentar nuestra oferta de productos para incluir a <strong>la industria de la automoci\u00f3n<\/strong> as\u00ed como fabricar <strong>rodillos no tejidos para el acabado met\u00e1lico<\/strong>. El personal t\u00e9cnico destacado de RHL est\u00e1 empleado actualmente en el taller KWF en Alemania cuyo asesor es el Sr. Anthony Ashton.<\/p>\n<p style=\"color: #00005e; text-align: justify !important;\"><strong>Roberto\u2122<\/strong>,<strong> Robertex\u2122<\/strong>,<strong> Nollap\u2122<\/strong>,<strong> Super Elastic\u2122<\/strong>,<strong> Syncast\u2122<\/strong> y <strong>Simtex\u2122<\/strong> forman parte actualmente de nuestra oferta de productos. Los rodillos KWF han representado siempre la calidad y la duraci\u00f3n y han sobrevivido incluso en los entornos de producci\u00f3n m\u00e1s duros. Nuestras relaciones a largo plazo con los clientes son una prueba irrefutable de nuestro constante nivel alto de trabajo.<\/p>\n[\/vc_column_text][mk_padding_divider][vc_column_text css=\u00bb.vc_custom_1567068770311{margin-bottom: 0px !important;}\u00bb]\n<h2 style=\"text-align: center;\"><span style=\"color: #00005e;\">Productos<\/span><\/h2>\n[\/vc_column_text][vc_separator color=\u00bbcustom\u00bb border_width=\u00bb2&#8243; accent_color=\u00bb#00005e\u00bb][mk_padding_divider size=\u00bb20&#8243;][vc_row_inner][vc_column_inner width=\u00bb1\/3&#8243;][vc_single_image image=\u00bb1652&#8243; img_size=\u00bbfull\u00bb alignment=\u00bbcenter\u00bb el_class=\u00bb.productimg\u00bb][mk_button dimension=\u00bboutline\u00bb size=\u00bblarge\u00bb url=\u00bb\/supercalendering-rolls-for-the-paper-industry\/\u00bb align=\u00bbcenter\u00bb fullwidth=\u00bbtrue\u00bb id=\u00bbproductmenu\u00bb margin_bottom=\u00bb0&#8243; margin_right=\u00bb0&#8243; outline_skin=\u00bbcustom\u00bb outline_active_color=\u00bb#00005e\u00bb outline_active_text_color=\u00bb#ffffff\u00bb outline_hover_bg_color=\u00bb#ffffff\u00bb outline_hover_color=\u00bb#00005e\u00bb]Rodillos de supercalandrado para la industria del papel[\/mk_button][mk_padding_divider visibility=\u00bbvisible-sm\u00bb][\/vc_column_inner][vc_column_inner width=\u00bb1\/3&#8243;][vc_single_image image=\u00bb1660&#8243; img_size=\u00bbfull\u00bb alignment=\u00bbcenter\u00bb el_class=\u00bb.productimg\u00bb][mk_button dimension=\u00bboutline\u00bb size=\u00bblarge\u00bb url=\u00bb\/embossing-rolls\/\u00bb align=\u00bbcenter\u00bb fullwidth=\u00bbtrue\u00bb id=\u00bbproductmenu\u00bb margin_bottom=\u00bb0&#8243; margin_right=\u00bb0&#8243; outline_skin=\u00bbcustom\u00bb outline_active_color=\u00bb#00005e\u00bb outline_active_text_color=\u00bb#ffffff\u00bb outline_hover_bg_color=\u00bb#ffffff\u00bb outline_hover_color=\u00bb#00005e\u00bb]Rodillos de gofrado[\/mk_button][mk_padding_divider visibility=\u00bbvisible-sm\u00bb][\/vc_column_inner][vc_column_inner width=\u00bb1\/3&#8243;][vc_single_image image=\u00bb1650&#8243; img_size=\u00bbfull\u00bb alignment=\u00bbcenter\u00bb el_class=\u00bb.productimg\u00bb][mk_button dimension=\u00bboutline\u00bb size=\u00bblarge\u00bb url=\u00bb\/calendering-rolls-for-the-textile-industry\/\u00bb align=\u00bbcenter\u00bb fullwidth=\u00bbtrue\u00bb id=\u00bbproductmenu\u00bb margin_bottom=\u00bb0&#8243; margin_right=\u00bb0&#8243; outline_skin=\u00bbcustom\u00bb outline_active_color=\u00bb#00005e\u00bb outline_active_text_color=\u00bb#ffffff\u00bb outline_hover_bg_color=\u00bb#ffffff\u00bb outline_hover_color=\u00bb#00005e\u00bb]Rodillos de calandrado para la industria textil[\/mk_button][mk_padding_divider visibility=\u00bbvisible-sm\u00bb][\/vc_column_inner][\/vc_row_inner][mk_padding_divider][vc_row_inner column_padding=\u00bb\u00bb][vc_column_inner width=\u00bb1\/3&#8243;][vc_single_image image=\u00bb1656&#8243; img_size=\u00bbfull\u00bb alignment=\u00bbcenter\u00bb el_class=\u00bb.productimg\u00bb][mk_button dimension=\u00bboutline\u00bb size=\u00bblarge\u00bb url=\u00bb\/calendering-rolls-for-the-textile-industry-2\/\u00bb align=\u00bbcenter\u00bb fullwidth=\u00bbtrue\u00bb id=\u00bbproductmenu\u00bb margin_bottom=\u00bb0&#8243; margin_right=\u00bb0&#8243; outline_skin=\u00bbcustom\u00bb outline_active_color=\u00bb#00005e\u00bb outline_active_text_color=\u00bb#ffffff\u00bb outline_hover_bg_color=\u00bb#ffffff\u00bb outline_hover_color=\u00bb#00005e\u00bb]Rodillos de escurrido para la industria textil[\/mk_button][mk_padding_divider visibility=\u00bbvisible-sm\u00bb][\/vc_column_inner][vc_column_inner width=\u00bb1\/3&#8243;][vc_single_image image=\u00bb1990&#8243; img_size=\u00bbfull\u00bb alignment=\u00bbcenter\u00bb el_class=\u00bb.productimg\u00bb][mk_button dimension=\u00bboutline\u00bb size=\u00bblarge\u00bb url=\u00bb\/nonwoven-rolls-for-metal-finishing\/\u00bb align=\u00bbcenter\u00bb fullwidth=\u00bbtrue\u00bb id=\u00bbproductmenu\u00bb margin_bottom=\u00bb0&#8243; margin_right=\u00bb0&#8243; outline_skin=\u00bbcustom\u00bb outline_active_color=\u00bb#00005e\u00bb outline_active_text_color=\u00bb#ffffff\u00bb outline_hover_bg_color=\u00bb#ffffff\u00bb outline_hover_color=\u00bb#00005e\u00bb]Rodillos no tejidos para el acabado met\u00e1lico[\/mk_button][mk_padding_divider visibility=\u00bbvisible-sm\u00bb][\/vc_column_inner][vc_column_inner width=\u00bb1\/3&#8243;][vc_single_image image=\u00bb1654&#8243; img_size=\u00bbfull\u00bb alignment=\u00bbcenter\u00bb el_class=\u00bb.productimg\u00bb][mk_button dimension=\u00bboutline\u00bb size=\u00bblarge\u00bb url=\u00bb\/rollers-for-the-automotive-industry-2\/\u00bb align=\u00bbcenter\u00bb fullwidth=\u00bbtrue\u00bb id=\u00bbproductmenu\u00bb margin_bottom=\u00bb0&#8243; margin_right=\u00bb0&#8243; outline_skin=\u00bbcustom\u00bb outline_active_color=\u00bb#00005e\u00bb outline_active_text_color=\u00bb#ffffff\u00bb outline_hover_bg_color=\u00bb#ffffff\u00bb outline_hover_color=\u00bb#00005e\u00bb]Rodillos para la industria de la automoci\u00f3n[\/mk_button][mk_padding_divider visibility=\u00bbvisible-sm\u00bb][\/vc_column_inner][\/vc_row_inner][mk_padding_divider][vc_row_inner column_padding=\u00bb\u00bb][vc_column_inner width=\u00bb1\/3&#8243;][vc_single_image image=\u00bb1657&#8243; img_size=\u00bbfull\u00bb alignment=\u00bbcenter\u00bb el_class=\u00bb.productimg\u00bb][mk_button dimension=\u00bboutline\u00bb size=\u00bblarge\u00bb url=\u00bb\/service\/#new\u00bb align=\u00bbcenter\u00bb fullwidth=\u00bbtrue\u00bb id=\u00bbproductmenu\u00bb margin_bottom=\u00bb0&#8243; margin_right=\u00bb0&#8243; outline_skin=\u00bbcustom\u00bb outline_active_color=\u00bb#00005e\u00bb outline_active_text_color=\u00bb#ffffff\u00bb outline_hover_bg_color=\u00bb#ffffff\u00bb outline_hover_color=\u00bb#00005e\u00bb]Fabricaci\u00f3n de rodillos nuevos[\/mk_button][mk_padding_divider visibility=\u00bbvisible-sm\u00bb][\/vc_column_inner][vc_column_inner width=\u00bb1\/3&#8243;][vc_single_image image=\u00bb1655&#8243; img_size=\u00bbfull\u00bb alignment=\u00bbcenter\u00bb el_class=\u00bb.productimg\u00bb][mk_button dimension=\u00bboutline\u00bb size=\u00bblarge\u00bb url=\u00bb\/service\/#recon\u00bb align=\u00bbcenter\u00bb fullwidth=\u00bbtrue\u00bb id=\u00bbproductmenu\u00bb margin_bottom=\u00bb0&#8243; margin_right=\u00bb0&#8243; outline_skin=\u00bbcustom\u00bb outline_active_color=\u00bb#00005e\u00bb outline_active_text_color=\u00bb#ffffff\u00bb outline_hover_bg_color=\u00bb#ffffff\u00bb outline_hover_color=\u00bb#00005e\u00bb]Reacondicionamiento del rodillo[\/mk_button][mk_padding_divider visibility=\u00bbvisible-sm\u00bb][\/vc_column_inner][vc_column_inner width=\u00bb1\/3&#8243;][vc_single_image image=\u00bb1658&#8243; img_size=\u00bbfull\u00bb alignment=\u00bbcenter\u00bb el_class=\u00bb.productimg\u00bb][mk_button dimension=\u00bboutline\u00bb size=\u00bblarge\u00bb url=\u00bb\/service\/#grind\u00bb align=\u00bbcenter\u00bb fullwidth=\u00bbtrue\u00bb id=\u00bbproductmenu\u00bb margin_bottom=\u00bb0&#8243; margin_right=\u00bb0&#8243; outline_skin=\u00bbcustom\u00bb outline_active_color=\u00bb#00005e\u00bb outline_active_text_color=\u00bb#ffffff\u00bb outline_hover_bg_color=\u00bb#ffffff\u00bb outline_hover_color=\u00bb#00005e\u00bb]Rectificado de precisi\u00f3n[\/mk_button][mk_padding_divider visibility=\u00bbvisible-sm\u00bb][\/vc_column_inner][\/vc_row_inner][mk_padding_divider][mk_padding_divider][mk_padding_divider][\/vc_column][\/mk_page_section][mk_page_section bg_image=\u00bbhttps:\/\/kwf-hilger.com\/wp-content\/uploads\/2019\/04\/helligkeit_kontrast-1-kopie.jpg\u00bb bg_position=\u00bbright bottom\u00bb bg_repeat=\u00bbno-repeat\u00bb bg_stretch=\u00bbtrue\u00bb speed_factor=\u00bb0.4&#8243; min_height=\u00bb0&#8243; js_vertical_centered=\u00bbtrue\u00bb padding_top=\u00bb0&#8243; padding_bottom=\u00bb0&#8243; sidebar=\u00bbsidebar-1&#8243;][vc_column][mk_padding_divider size=\u00bb60&#8243;][vc_column_text css=\u00bb.vc_custom_1570015306018{margin-bottom: 0px !important;}\u00bb]\n<h2 style=\"text-align: center;\"><span style=\"color: #ffffff;\">Innovation SIMTEX\u2122<\/span><\/h2>\n<p style=\"font-size: 23px; text-align: justify;\"><span style=\"color: #ffffff;\"><br \/>\nDesarrollado por RHL y KWF Hilger, Simtex\u2122 es una cubierta de rodillo nueva utilizada para el calandrado textil y de papel, as\u00ed como para el gofrado de alta velocidad. Consta de una f\u00f3rmula especial de fibras sint\u00e9ticas y puede resistir temperaturas superficiales m\u00e1ximas de 250 \u00baC.<br \/>\n<\/span><\/p>\n[\/vc_column_text][mk_padding_divider size=\u00bb20&#8243;][mk_button dimension=\u00bboutline\u00bb size=\u00bblarge\u00bb url=\u00bb\/simtex_general\/\u00bb align=\u00bbcenter\u00bb margin_right=\u00bb0&#8243; el_class=\u00bbeinereihe\u00bb outline_skin=\u00bbcustom\u00bb outline_active_color=\u00bb#ffffff\u00bb outline_hover_bg_color=\u00bb#ffffff\u00bb outline_hover_color=\u00bb#00005e\u00bb]Ir a SIMTEX\u2122[\/mk_button][mk_padding_divider size=\u00bb60&#8243;][\/vc_column][\/mk_page_section]\n<\/div>","protected":false},"excerpt":{"rendered":"<p>[mk_page_section bg_image=\u00bbhttps:\/\/kwf-hilger.com\/wp-content\/uploads\/2019\/04\/helligkeit_kontrast-1-kopie.jpg\u00bb bg_position=\u00bbcenter center\u00bb bg_repeat=\u00bbno-repeat\u00bb bg_stretch=\u00bbtrue\u00bb speed_factor=\u00bb0.4&#8243; min_height=\u00bb300&#8243; full_width=\u00bbtrue\u00bb js_vertical_centered=\u00bbtrue\u00bb padding_top=\u00bb0&#8243; padding_bottom=\u00bb0&#8243; sidebar=\u00bbsidebar-1&#8243;][vc_column][vc_single_image image=\u00bb1179&#8243; img_size=\u00bbfull\u00bb alignment=\u00bbcenter\u00bb][vc_separator color=\u00bbwhite\u00bb el_width=\u00bb40&#8243;][vc_column_text css=\u00bb.vc_custom_1570015164677{margin-bottom: 0px !important;}\u00bb] DIE KALANDERWALZENFABRIK HILGER GMBH &amp; CO. KG \u2022 LA EMPRESA DE RODILLOS DE CALANDRA ALEMANA [\/vc_column_text][\/vc_column][\/mk_page_section][mk_page_section bg_image=\u00bbhttps:\/\/kwf-hilger.com\/wp-content\/uploads\/2019\/04\/hintergrund_logo.png\u00bb bg_position=\u00bbright center\u00bb video_color_mask=\u00bb#ffffff\u00bb video_opacity=\u00bb0.7&#8243; min_height=\u00bb0&#8243; padding_top=\u00bb0&#8243; padding_bottom=\u00bb0&#8243; sidebar=\u00bbsidebar-1&#8243;][vc_column][mk_padding_divider size=\u00bb60&#8243;][vc_column_text css=\u00bb.vc_custom_1570015245687{margin-bottom: 0px !important;}\u00bb] KWF Hilger GmbH &amp; Co. [&hellip;]<\/p>\n","protected":false},"author":1,"featured_media":0,"parent":0,"menu_order":0,"comment_status":"closed","ping_status":"closed","template":"","meta":{"footnotes":""},"class_list":["post-1229","page","type-page","status-publish","hentry"],"_links":{"self":[{"href":"https:\/\/kwf-hilger.com\/es\/wp-json\/wp\/v2\/pages\/1229","targetHints":{"allow":["GET"]}}],"collection":[{"href":"https:\/\/kwf-hilger.com\/es\/wp-json\/wp\/v2\/pages"}],"about":[{"href":"https:\/\/kwf-hilger.com\/es\/wp-json\/wp\/v2\/types\/page"}],"author":[{"embeddable":true,"href":"https:\/\/kwf-hilger.com\/es\/wp-json\/wp\/v2\/users\/1"}],"replies":[{"embeddable":true,"href":"https:\/\/kwf-hilger.com\/es\/wp-json\/wp\/v2\/comments?post=1229"}],"version-history":[{"count":77,"href":"https:\/\/kwf-hilger.com\/es\/wp-json\/wp\/v2\/pages\/1229\/revisions"}],"predecessor-version":[{"id":2309,"href":"https:\/\/kwf-hilger.com\/es\/wp-json\/wp\/v2\/pages\/1229\/revisions\/2309"}],"wp:attachment":[{"href":"https:\/\/kwf-hilger.com\/es\/wp-json\/wp\/v2\/media?parent=1229"}],"curies":[{"name":"wp","href":"https:\/\/api.w.org\/{rel}","templated":true}]}}