{"id":1528,"date":"2019-06-13T09:21:45","date_gmt":"2019-06-13T07:21:45","guid":{"rendered":"https:\/\/kwf-hilger.com\/?page_id=1528"},"modified":"2019-10-02T13:24:20","modified_gmt":"2019-10-02T11:24:20","slug":"overview","status":"publish","type":"page","link":"https:\/\/kwf-hilger.com\/es\/overview\/","title":{"rendered":"Resumen"},"content":{"rendered":"[mk_page_section bg_image=\u00bbhttps:\/\/kwf-hilger.com\/wp-content\/uploads\/2019\/04\/hintergrund_logo.png\u00bb bg_position=\u00bbcenter center\u00bb video_color_mask=\u00bb#ffffff\u00bb video_opacity=\u00bb0.7&#8243; min_height=\u00bb0&#8243; padding_top=\u00bb0&#8243; padding_bottom=\u00bb0&#8243; sidebar=\u00bbsidebar-1&#8243;][vc_column][mk_padding_divider size=\u00bb60&#8243;][vc_column_text css=\u00bb.vc_custom_1567069326905{margin-bottom: 0px !important;}\u00bb]\n<h2 style=\"text-align: center;\"><span style=\"color: #00005e;\">Resumen<\/span><\/h2>\n[\/vc_column_text][vc_separator color=\u00bbcustom\u00bb border_width=\u00bb2&#8243; accent_color=\u00bb#00005e\u00bb][\/vc_column][vc_column][vc_column_text disable_pattern=\u00bbfalse\u00bb css=\u00bb.vc_custom_1570015394329{margin-bottom: 0px !important;}\u00bb]\n<p style=\"color: #00005e; text-align: justify !important;\">La empresa se centra en el punto m\u00e1s alto del espectro de calidad y cada integrante del personal de producci\u00f3n cuenta con m\u00e1s de 30 a\u00f1os de experiencia en la fabricaci\u00f3n de rodillos. La fabricaci\u00f3n de rodillos de alta calidad no solo requiere de los mejores materiales disponibles, sino tambi\u00e9n de una precisi\u00f3n y una habilidad que ha evolucionado durante d\u00e9cadas. Como director general y propietario de la empresa, insisto en que no hemos escatimado en esfuerzos, ya sea mediante la obtenci\u00f3n de materias primas de la m\u00e1s alta calidad como los procesos de fabricaci\u00f3n meticulosos. Vemos a cada rodillo como un desaf\u00edo para nosotros. Nuestro control de calidad es riguroso. Suministramos a las empresas del papel, textiles y de la automoci\u00f3n l\u00edderes de Europa que, a su vez, fabrican los productos de la mejor calidad en sus propios mercados espec\u00edficos. Estas relaciones a largo plazo y a menudo exclusivas con los clientes, combinadas con nuestro muy bajo historial de quejas, nos hacen l\u00edderes en este campo. Si se puede suministrar 127 rodillos en 4 a\u00f1os a un solo cliente y solo recibe una queja por un rodillo, \u00a1creo que esto habla por s\u00ed solo!<\/p>\n[\/vc_column_text][\/vc_column][vc_column width=\u00bb1\/3&#8243;][mk_image src=\u00bbhttps:\/\/kwf-hilger.com\/wp-content\/uploads\/2019\/03\/presse.png\u00bb image_size=\u00bblarge\u00bb lightbox=\u00bbtrue\u00bb align=\u00bbcenter\u00bb el_class=\u00bbletterhough\u00bb][mk_padding_divider size=\u00bb60&#8243;][\/vc_column][vc_column width=\u00bb2\/3&#8243;][vc_column_text disable_pattern=\u00bbfalse\u00bb css=\u00bb.vc_custom_1570015457731{margin-bottom: 0px !important;}\u00bb]\n<p style=\"color: #00005e; text-align: justify !important;\">A finales de 2018, para ampliar nuestra oferta de productos, KWF Hilger y <strong>Richard Hough Ltd.<\/strong> firmaron un acuerdo para la transferencia de tecnolog\u00eda. Esto nos ha permitido aumentar nuestra oferta de productos para incluir a <strong>la industria de la automoci\u00f3n<\/strong> as\u00ed como para producir <strong>rodillos no tejidos para acabados met\u00e1licos<\/strong>. El personal t\u00e9cnico m\u00e1s capacitado de RHL ahora est\u00e1 trabajando en el taller de KWF en Alemania y el Sr. Anthony Ashton es el asesor. <strong>Roberto\u2122<\/strong>, <strong>Robertex\u2122<\/strong>, <strong>Nollap\u2122<\/strong>, <strong>Super Elastic\u2122<\/strong>, <strong>Syncast\u2122<\/strong> y nuestra \u00faltima innovaci\u00f3n, <strong>Simtex\u2122<\/strong>, ahora forman parte de nuestra oferta de productos.<\/p>\n<p style=\"color: #00005e; text-align: justify !important;\">Atentamente,<\/p>\n[\/vc_column_text][mk_image src=\u00bbhttps:\/\/kwf-hilger.com\/wp-content\/uploads\/2019\/06\/png-signatur-kwf.png\u00bb image_size=\u00bbmedium\u00bb align=\u00bbcenter\u00bb][vc_column_text disable_pattern=\u00bbfalse\u00bb css=\u00bb.vc_custom_1560760065262{margin-bottom: 0px !important;}\u00bb]\n<p style=\"text-align: center;\" align=\"center\"><span lang=\"EN-GB\" style=\"color: #00005e;\">A. Hilger, M.A., M.B.A, &#8211; CEO<\/span><\/p>\n[\/vc_column_text][\/vc_column][\/mk_page_section]","protected":false},"excerpt":{"rendered":"<p>[mk_page_section bg_image=\u00bbhttps:\/\/kwf-hilger.com\/wp-content\/uploads\/2019\/04\/hintergrund_logo.png\u00bb bg_position=\u00bbcenter center\u00bb video_color_mask=\u00bb#ffffff\u00bb video_opacity=\u00bb0.7&#8243; min_height=\u00bb0&#8243; padding_top=\u00bb0&#8243; padding_bottom=\u00bb0&#8243; sidebar=\u00bbsidebar-1&#8243;][vc_column][mk_padding_divider size=\u00bb60&#8243;][vc_column_text css=\u00bb.vc_custom_1567069326905{margin-bottom: 0px !important;}\u00bb] Resumen [\/vc_column_text][vc_separator color=\u00bbcustom\u00bb border_width=\u00bb2&#8243; accent_color=\u00bb#00005e\u00bb][\/vc_column][vc_column][vc_column_text disable_pattern=\u00bbfalse\u00bb css=\u00bb.vc_custom_1570015394329{margin-bottom: 0px !important;}\u00bb] La empresa se centra en el punto m\u00e1s alto del espectro de calidad y cada integrante del personal de producci\u00f3n cuenta con m\u00e1s de 30 a\u00f1os de experiencia en la fabricaci\u00f3n de [&hellip;]<\/p>\n","protected":false},"author":1,"featured_media":0,"parent":0,"menu_order":0,"comment_status":"closed","ping_status":"closed","template":"","meta":{"footnotes":""},"class_list":["post-1528","page","type-page","status-publish","hentry"],"_links":{"self":[{"href":"https:\/\/kwf-hilger.com\/es\/wp-json\/wp\/v2\/pages\/1528","targetHints":{"allow":["GET"]}}],"collection":[{"href":"https:\/\/kwf-hilger.com\/es\/wp-json\/wp\/v2\/pages"}],"about":[{"href":"https:\/\/kwf-hilger.com\/es\/wp-json\/wp\/v2\/types\/page"}],"author":[{"embeddable":true,"href":"https:\/\/kwf-hilger.com\/es\/wp-json\/wp\/v2\/users\/1"}],"replies":[{"embeddable":true,"href":"https:\/\/kwf-hilger.com\/es\/wp-json\/wp\/v2\/comments?post=1528"}],"version-history":[{"count":27,"href":"https:\/\/kwf-hilger.com\/es\/wp-json\/wp\/v2\/pages\/1528\/revisions"}],"predecessor-version":[{"id":2292,"href":"https:\/\/kwf-hilger.com\/es\/wp-json\/wp\/v2\/pages\/1528\/revisions\/2292"}],"wp:attachment":[{"href":"https:\/\/kwf-hilger.com\/es\/wp-json\/wp\/v2\/media?parent=1528"}],"curies":[{"name":"wp","href":"https:\/\/api.w.org\/{rel}","templated":true}]}}