{"id":1610,"date":"2019-06-17T10:30:59","date_gmt":"2019-06-17T08:30:59","guid":{"rendered":"https:\/\/kwf-hilger.com\/?page_id=1610"},"modified":"2019-10-02T13:18:47","modified_gmt":"2019-10-02T11:18:47","slug":"history","status":"publish","type":"page","link":"https:\/\/kwf-hilger.com\/es\/history\/","title":{"rendered":"Historia"},"content":{"rendered":"[mk_page_section bg_image=\u00bbhttps:\/\/kwf-hilger.com\/wp-content\/uploads\/2019\/04\/hintergrund_logo.png\u00bb bg_position=\u00bbcenter center\u00bb video_color_mask=\u00bb#ffffff\u00bb video_opacity=\u00bb0.7&#8243; min_height=\u00bb0&#8243; padding_top=\u00bb0&#8243; padding_bottom=\u00bb0&#8243; sidebar=\u00bbsidebar-1&#8243;][vc_column][mk_padding_divider size=\u00bb60&#8243;][vc_column_text css=\u00bb.vc_custom_1567068477271{margin-bottom: 0px !important;}\u00bb]\n<h2 style=\"text-align: center;\"><span style=\"color: #00005e;\">Historia<\/span><\/h2>\n[\/vc_column_text][vc_separator color=\u00bbcustom\u00bb border_width=\u00bb2&#8243; accent_color=\u00bb#00005e\u00bb][vc_column_text disable_pattern=\u00bbfalse\u00bb css=\u00bb.vc_custom_1570015121434{margin-bottom: 0px !important;}\u00bb]\n<p style=\"color: #00005e; text-align: justify !important;\">Las ra\u00edces de mi familia est\u00e1n juntoal negocio del papel. Mi bisabuelo, Norbert Klagges, fund\u00f3 la empresa de papel <strong>Kabel<\/strong> en Hagen en 1897. En 1904, fund\u00f3 la empresa de papel <strong>Reisholz<\/strong> y en 1910 compr\u00f3 la empresa de papel <strong>Uetersen<\/strong>. En 1913 se fusionaron las tres empresas y pasaron a llamarse <strong>Papierfabrik Reisholz AG<\/strong>, que unos a\u00f1os m\u00e1s tarde cambi\u00f3 a <strong>Feldmuehle GmbH<\/strong>.<\/p>\n<p style=\"color: #00005e; text-align: justify !important;\">Yo soy de la tercera generaci\u00f3n de mi familia en el negocio de la calandra. Mi abuelo, el Dr. Franz Hilger, fue due\u00f1o de <strong>ECK Haubold GmbH<\/strong>. ECK fue fundado en 1849. Export\u00f3 las m\u00e1quinas de calandrado textiles y de papel ECK y la tecnolog\u00eda de rodillos por todo el mundo. ECK simboliz\u00f3 la calidad, la precisi\u00f3n y la duraci\u00f3n alemanas en la medida en que sigue habiendo a\u00fan m\u00e1quinas de calandra ECK operativas en todo el mundo. Mi taller a\u00fan recibe pedidos ocasionales para reponer rodillos de las m\u00e1quinas de calandrado ECK.<\/p>\n<p style=\"color: #00005e; text-align: justify !important;\">Mi familia vendi\u00f3 el negocio de las m\u00e1quinas de calandrado a <strong>Escher Wyss AG \/ Sulzer<\/strong> en 1973, pero conserv\u00f3 la parte de la empresa que fabricaba los rodillos. Operando con el nombre de <strong>Kalanderwalzenfabrik (KWF) GmbH &amp; Co. KG<\/strong>, la nueva empresa, dirigida por mi padre, el Sr. Paul Hilger, suministr\u00f3 rodillos nuevos y recuperados a empresas textiles y del papel l\u00edderes en todo el mundo. La mayor\u00eda de las empresas textiles o del papel han recubierto sus rodillos en D\u00fcsseldorf, en alg\u00fan momento en los \u00faltimos 100 a\u00f1os. Aunque la KWF original fue vendida a <strong>Jan Kleinewefers GmbH &amp; Co. KG<\/strong> en 1989 y posteriormente a <strong>Voith Paper GmbH &amp; Co. KG<\/strong> en 1994, el taller de rodillos sigui\u00f3 en propiedad de mi familia en D\u00fcsseldorf. A finales de 2010, tuvimos la oportunidad de volver a comprar el taller de rodillos a Voith Paper y operamos una vez m\u00e1s con el nombre de Kalanderwalzenfabrik (KWF) Hilger GmbH &amp; Co. KG. Estamos orgullosos de servir a una cartera de clientes diversa e internacional.<\/p>\n[\/vc_column_text][mk_padding_divider size=\u00bb60&#8243;][\/vc_column][vc_column width=\u00bb1\/2&#8243;][mk_image src=\u00bbhttps:\/\/kwf-hilger.com\/wp-content\/uploads\/2019\/06\/kwf-brosch-kopie.jpg\u00bb image_size=\u00bblarge\u00bb lightbox=\u00bbtrue\u00bb][\/vc_column][vc_column width=\u00bb1\/2&#8243;][mk_image src=\u00bbhttps:\/\/kwf-hilger.com\/wp-content\/uploads\/2019\/06\/firma-kopie.jpg\u00bb image_size=\u00bblarge\u00bb lightbox=\u00bbtrue\u00bb align=\u00bbright\u00bb][\/vc_column][\/mk_page_section]","protected":false},"excerpt":{"rendered":"<p>[mk_page_section bg_image=\u00bbhttps:\/\/kwf-hilger.com\/wp-content\/uploads\/2019\/04\/hintergrund_logo.png\u00bb bg_position=\u00bbcenter center\u00bb video_color_mask=\u00bb#ffffff\u00bb video_opacity=\u00bb0.7&#8243; min_height=\u00bb0&#8243; padding_top=\u00bb0&#8243; padding_bottom=\u00bb0&#8243; sidebar=\u00bbsidebar-1&#8243;][vc_column][mk_padding_divider size=\u00bb60&#8243;][vc_column_text css=\u00bb.vc_custom_1567068477271{margin-bottom: 0px !important;}\u00bb] Historia [\/vc_column_text][vc_separator color=\u00bbcustom\u00bb border_width=\u00bb2&#8243; accent_color=\u00bb#00005e\u00bb][vc_column_text disable_pattern=\u00bbfalse\u00bb css=\u00bb.vc_custom_1570015121434{margin-bottom: 0px !important;}\u00bb] Las ra\u00edces de mi familia est\u00e1n juntoal negocio del papel. Mi bisabuelo, Norbert Klagges, fund\u00f3 la empresa de papel Kabel en Hagen en 1897. En 1904, fund\u00f3 la empresa de papel Reisholz [&hellip;]<\/p>\n","protected":false},"author":1,"featured_media":0,"parent":0,"menu_order":0,"comment_status":"closed","ping_status":"closed","template":"","meta":{"footnotes":""},"class_list":["post-1610","page","type-page","status-publish","hentry"],"_links":{"self":[{"href":"https:\/\/kwf-hilger.com\/es\/wp-json\/wp\/v2\/pages\/1610","targetHints":{"allow":["GET"]}}],"collection":[{"href":"https:\/\/kwf-hilger.com\/es\/wp-json\/wp\/v2\/pages"}],"about":[{"href":"https:\/\/kwf-hilger.com\/es\/wp-json\/wp\/v2\/types\/page"}],"author":[{"embeddable":true,"href":"https:\/\/kwf-hilger.com\/es\/wp-json\/wp\/v2\/users\/1"}],"replies":[{"embeddable":true,"href":"https:\/\/kwf-hilger.com\/es\/wp-json\/wp\/v2\/comments?post=1610"}],"version-history":[{"count":17,"href":"https:\/\/kwf-hilger.com\/es\/wp-json\/wp\/v2\/pages\/1610\/revisions"}],"predecessor-version":[{"id":2289,"href":"https:\/\/kwf-hilger.com\/es\/wp-json\/wp\/v2\/pages\/1610\/revisions\/2289"}],"wp:attachment":[{"href":"https:\/\/kwf-hilger.com\/es\/wp-json\/wp\/v2\/media?parent=1610"}],"curies":[{"name":"wp","href":"https:\/\/api.w.org\/{rel}","templated":true}]}}