{"id":1617,"date":"2019-06-17T11:07:53","date_gmt":"2019-06-17T09:07:53","guid":{"rendered":"https:\/\/kwf-hilger.com\/?page_id=1617"},"modified":"2020-07-15T15:41:51","modified_gmt":"2020-07-15T13:41:51","slug":"supercalendering-rolls-for-the-paper-industry","status":"publish","type":"page","link":"https:\/\/kwf-hilger.com\/es\/supercalendering-rolls-for-the-paper-industry\/","title":{"rendered":"Rodillos de supercalandrado para la industria del papel"},"content":{"rendered":"<div class=\"wpb-content-wrapper\">[mk_page_section bg_image=\u00bbhttps:\/\/kwf-hilger.com\/wp-content\/uploads\/2019\/04\/helligkeit_kontrast-1-kopie.jpg\u00bb bg_position=\u00bbleft center\u00bb bg_repeat=\u00bbno-repeat\u00bb bg_stretch=\u00bbtrue\u00bb speed_factor=\u00bb0.4&#8243; video_color_mask=\u00bb#1b34b5&#8243; video_opacity=\u00bb0.5&#8243; min_height=\u00bb400&#8243; full_width=\u00bbtrue\u00bb js_vertical_centered=\u00bbtrue\u00bb padding_top=\u00bb0&#8243; padding_bottom=\u00bb0&#8243; sidebar=\u00bbsidebar-1&#8243;][vc_column][vc_column_text animation=\u00bbscale-up\u00bb el_class=\u00bbschatten\u00bb css=\u00bb.vc_custom_1567070589695{margin-bottom: 0px !important;}\u00bb]\n<h1 style=\"text-align: center;\"><span style=\"color: #ffffff;\"> Rodillos de supercalandrado para la industria del papel <\/span><\/h1>\n[\/vc_column_text][vc_column_text disable_pattern=\u00bbfalse\u00bb css=\u00bb.vc_custom_1570016494045{margin-bottom: 0px !important;}\u00bb]\n<p style=\"color: #00005e; text-align: center;\"><span style=\"color: #ffffff;\">Somos especialistas en la fabricaci\u00f3n de rodillos de supercalandrado completamente nuevos (incluso el eje central de acero) o en el recubrimiento de los rodillos existentes.<\/span><\/p>\n[\/vc_column_text][mk_padding_divider][\/vc_column][\/mk_page_section][mk_page_section bg_image=\u00bbhttps:\/\/kwf-hilger.com\/wp-content\/uploads\/2019\/04\/hintergrund_logo.png\u00bb bg_position=\u00bbleft center\u00bb video_color_mask=\u00bb#ffffff\u00bb video_opacity=\u00bb0.7&#8243; min_height=\u00bb0&#8243; padding_top=\u00bb0&#8243; padding_bottom=\u00bb0&#8243; section_id=\u00bbsupercalender\u00bb sidebar=\u00bbsidebar-1&#8243;][vc_column][mk_padding_divider size=\u00bb60&#8243;][vc_column_text css=\u00bb.vc_custom_1567070611235{margin-bottom: 0px !important;}\u00bb]\n<h2 style=\"text-align: center;\"><span style=\"color: #00005e;\">Procesado del papel de la supercalandra<\/span><\/h2>\n[\/vc_column_text][vc_separator color=\u00bbcustom\u00bb border_width=\u00bb2&#8243; accent_color=\u00bb#00005e\u00bb][mk_padding_divider size=\u00bb30&#8243;][vc_row_inner][vc_column_inner width=\u00bb1\/2&#8243;][vc_column_text css=\u00bb.vc_custom_1570016507246{margin-bottom: 0px !important;}\u00bb]\n<h3><span style=\"color: #00005e;\"><b>Materiales de recubrimiento para el supercalandrado<\/b><\/span><\/h3>\n[\/vc_column_text][vc_separator color=\u00bbcustom\u00bb accent_color=\u00bb#00005e\u00bb][mk_custom_list style=\u00bbmk-icon-caret-right\u00bb]\n<ul>\n<li>Papel Blue Denim<\/li>\n<li>Papel de lana: rango del 10 % al 45 %<\/li>\n<li>Fiberun WBN (HTCN del RHL)<\/li>\n<li>Challenge<\/li>\n<\/ul>\n[\/mk_custom_list][\/vc_column_inner][vc_column_inner width=\u00bb1\/2&#8243;][vc_column_text css=\u00bb.vc_custom_1567070644748{margin-bottom: 0px !important;}\u00bb]\n<h3><span style=\"color: #00005e;\"><b>Cubiertas disponibles para calandrado de alta temperatura<\/b><\/span><\/h3>\n[\/vc_column_text][vc_separator color=\u00bbcustom\u00bb accent_color=\u00bb#00005e\u00bb][mk_custom_list style=\u00bbmk-icon-caret-right\u00bb]\n<ul>\n<li>Fiberun WBN (HTCN del RHL)<\/li>\n<li>Challenge\u2122<\/li>\n<li>Simtex\u2122<\/li>\n<\/ul>\n[\/mk_custom_list][\/vc_column_inner][\/vc_row_inner][mk_padding_divider size=\u00bb30&#8243;][vc_row_inner][vc_column_inner width=\u00bb1\/2&#8243;][vc_column_text css=\u00bb.vc_custom_1570016540925{margin-bottom: 0px !important;}\u00bb]\n<h3><span style=\"color: #00005e;\"><strong>Propiedades del rodillo de calandra relacionadas con el acabado del papel Caracter\u00edsticas<br \/>\n<\/strong><\/span><\/h3>\n[\/vc_column_text][mk_image src=\u00bbhttps:\/\/kwf-hilger.com\/wp-content\/uploads\/2019\/04\/supercalender_table.png\u00bb image_size=\u00bbfull\u00bb lightbox=\u00bbtrue\u00bb][vc_column_text css=\u00bb.vc_custom_1570016548687{margin-bottom: 0px !important;}\u00bb]<span style=\"color: #00005e;\"><i> <small>Las temperaturas m\u00e1ximas son solo con fines de orientaci\u00f3n. El funcionamiento de los rodillos a altas temperaturas, velocidades y presiones de la l\u00ednea reducir\u00e1 la duraci\u00f3n de la cubierta del rodillo y aparecer\u00e1 un riesgo de fallo prematuro.<\/small><\/i><\/span>[\/vc_column_text][\/vc_column_inner][vc_column_inner width=\u00bb1\/2&#8243;][vc_column_text css=\u00bb.vc_custom_1570016557451{margin-bottom: 0px !important;}\u00bb]\n<h3><span style=\"color: #00005e;\"><strong>Propiedades del rodillo relacionadas con las caracter\u00edsticas del calandrado<\/strong><\/span><\/h3>\n[\/vc_column_text][mk_image src=\u00bbhttps:\/\/kwf-hilger.com\/wp-content\/uploads\/2019\/06\/tabelle_kwf.png\u00bb image_size=\u00bbfull\u00bb lightbox=\u00bbtrue\u00bb][\/vc_column_inner][\/vc_row_inner][\/vc_column][vc_column][vc_row_inner][vc_column_inner][mk_padding_divider size=\u00bb60&#8243;][mk_padding_divider size=\u00bb60&#8243;][vc_column_text css=\u00bb.vc_custom_1567070735950{margin-bottom: 0px !important;}\u00bb]\n<h2 style=\"text-align: center;\"><span style=\"color: #00005e;\">La cubierta de la calandra Fiberun WBN (HTCN del RHL)<\/span><\/h2>\n[\/vc_column_text][vc_separator color=\u00bbcustom\u00bb border_width=\u00bb2&#8243; accent_color=\u00bb#00005e\u00bb][\/vc_column_inner][\/vc_row_inner][vc_row_inner][vc_column_inner width=\u00bb1\/2&#8243;][vc_column_text css=\u00bb.vc_custom_1570016588972{margin-bottom: 0px !important;}\u00bb]\n<p style=\"color: #00005e; text-align: justify !important;\">El Fiberun WBN (HTCN del RHL) tiene el mayor grado de polimerizaci\u00f3n de cualquier cubierta de calandra de fibra. Una combinaci\u00f3n de fibras v\u00edrgenes b\u00e1sicas m\u00e1s largas de alta calidad y batidores Hollander tradicionales provoca un menor debilitamiento y una mayor estabilidad dimensional si se compara con los recubrimientos convencionales Blue Denim y de algod\u00f3n s. Manifestar\u00e1 propiedades de mayor duraci\u00f3n debido a un menor debilitamiento y una mayor estabilidad dimensional.<\/p>\n<p style=\"color: #00005e; text-align: justify !important;\">Esto se traduce en mayores intervalos de rectificado o tener que remover menos material de la superficie del rodillo durante los rectificados regulares.<\/p>\n<p style=\"color: #00005e; text-align: justify !important;\">Los clientes han visto anteriormente un aumento de la duraci\u00f3n del 50 % si se compara con las cubiertas de fibra Blue Denim convencional. Esto se traduce en que, por ejemplo, solo sea necesario retirar 1,5 mm de di\u00e1metro en el rectificado, en lugar de los 3 mm habituales con las cubiertas convencionales.<\/p>\n[\/vc_column_text][mk_image src=\u00bbhttps:\/\/kwf-hilger.com\/wp-content\/uploads\/2019\/06\/web-sup-paper-rolls.jpg\u00bb image_size=\u00bbfull\u00bb lightbox=\u00bbtrue\u00bb el_class=\u00bbletterhough\u00bb][\/vc_column_inner][vc_column_inner width=\u00bb1\/2&#8243;][mk_image src=\u00bbhttps:\/\/kwf-hilger.com\/wp-content\/uploads\/2019\/06\/white-paper-roll-close-up.jpg\u00bb image_size=\u00bbfull\u00bb lightbox=\u00bbtrue\u00bb el_class=\u00bbletterhough\u00bb][mk_padding_divider][vc_column_text css=\u00bb.vc_custom_1567070785784{margin-bottom: 0px !important;}\u00bb]\n<h3><span style=\"color: #00005e;\">Cubierta Fiberun WBN ( HTCN del RHL)<\/span><\/h3>\n[\/vc_column_text][vc_separator color=\u00bbcustom\u00bb accent_color=\u00bb#00005e\u00bb][mk_custom_list style=\u00bbmk-icon-caret-right\u00bb]\n<ul>\n<li>Mejor eficiencia<\/li>\n<li>Modo de pensar m\u00e1s ecol\u00f3gico<\/li>\n<li>Una mejor posici\u00f3n para el futuro<\/li>\n<li>Calidad mejorada<\/li>\n<li>Optimizaci\u00f3n de las capacidades de la supercalandra<\/li>\n<\/ul>\n[\/mk_custom_list][\/vc_column_inner][\/vc_row_inner][\/vc_column][vc_column][vc_row_inner][vc_column_inner][mk_padding_divider size=\u00bb60&#8243;][mk_padding_divider size=\u00bb60&#8243;][vc_column_text css=\u00bb.vc_custom_1567070804158{margin-bottom: 0px !important;}\u00bb]\n<h2 style=\"text-align: center;\"><span style=\"color: #00005e;\">Materias primas: Fiberun WBN (HTCN del RHL)<\/span><\/h2>\n[\/vc_column_text][vc_separator color=\u00bbcustom\u00bb border_width=\u00bb2&#8243; accent_color=\u00bb#00005e\u00bb][\/vc_column_inner][\/vc_row_inner][vc_row_inner][vc_column_inner width=\u00bb1\/2&#8243;][mk_image src=\u00bbhttps:\/\/kwf-hilger.com\/wp-content\/uploads\/2019\/06\/image002.jpg\u00bb image_size=\u00bbfull\u00bb lightbox=\u00bbtrue\u00bb el_class=\u00bbletterhough\u00bb][\/vc_column_inner][vc_column_inner width=\u00bb1\/2&#8243;][mk_image src=\u00bbhttps:\/\/kwf-hilger.com\/wp-content\/uploads\/2019\/06\/image003.png\u00bb image_size=\u00bbfull\u00bb lightbox=\u00bbtrue\u00bb][mk_padding_divider size=\u00bb20&#8243;][vc_column_text css=\u00bb.vc_custom_1570016612813{margin-bottom: 0px !important;}\u00bb]<span style=\"color: #00005e;\">Tecnolog\u00eda innovadora: los recubrimientos de fibra m\u00e1s avanzados en el mercado.<\/span>[\/vc_column_text][mk_padding_divider size=\u00bb20&#8243;][vc_column_text css=\u00bb.vc_custom_1570016621749{margin-bottom: 0px !important;}\u00bb]\n<p style=\"color: #00005e; text-align: justify !important;\">El algod\u00f3n que se procesa de este modo elimina virtualmente la contaminaci\u00f3n de materias como el poli\u00e9ster, el caucho sint\u00e9tico (lycra), pernos o remaches de metal, cremalleras y botones, etc. La necesidad de utilizar batidores Hollander tradicionales para conservar la longitud y la resistencia total de las fibras, reduce el trabajo mec\u00e1nico para conservar el mayor DP. No se utiliza ning\u00fan qu\u00edmico de proceso antes de convertirlas en papel.<\/p>\n<p style=\"color: #00005e; text-align: justify !important;\">Fibras m\u00e1s largas con l\u00ednteres de algod\u00f3n virgen; esto permite obtener la mejor transmisi\u00f3n de calor en la cubierta del rodillo y una estabilidad dimensional excelente de la cubierta del rodillo gracias al contacto prolongado con el eje del rodillo.<\/p>\n[\/vc_column_text][\/vc_column_inner][\/vc_row_inner][vc_row_inner][vc_column_inner][mk_padding_divider size=\u00bb60&#8243;][mk_padding_divider size=\u00bb60&#8243;][vc_column_text css=\u00bb.vc_custom_1567070838302{margin-bottom: 0px !important;}\u00bb]\n<h2 style=\"text-align: center;\"><span style=\"color: #00005e;\">Fiberun WBN (HTCN del RHL) frente al BLUE DEMIN<\/span><\/h2>\n[\/vc_column_text][vc_separator color=\u00bbcustom\u00bb border_width=\u00bb2&#8243; accent_color=\u00bb#00005e\u00bb][\/vc_column_inner][\/vc_row_inner][vc_row_inner][vc_column_inner width=\u00bb1\/2&#8243;][vc_column_text css=\u00bb.vc_custom_1567070846484{margin-bottom: 0px !important;}\u00bb]\n<h3><span style=\"color: #00005e;\">Diferencias entre Fiberun WBN (HTCN del RHL) y BLUE DENIM<\/span><\/h3>\n[\/vc_column_text][vc_separator color=\u00bbcustom\u00bb accent_color=\u00bb#00005e\u00bb][mk_custom_list style=\u00bbmk-icon-caret-right\u00bb]\n<ul>\n<li>Fiberun WBN (HTCN de RHL) tiene una porosidad Bendsten de 2000 mi \/ min, esto significa que el aire pasa a trav\u00e9s de \u00e9l con relativa facilidad, debido a las fibras v\u00edrgenes b\u00e1sicas largas.<\/li>\n<li>Blue Denim tiene una porosidad Bendsten de 600 ml \/ min, el aire pasa a trav\u00e9s de \u00e9l satisfactoriamente.<\/li>\n<li>En t\u00e9rminos del rodillo de la calandra, una hoja abierta es una propiedad muy deseable porque el papel aprieta hoja por hoja en una \u00fanica masa homog\u00e9nea. \u00a1Es necesario un martillo y un cincel para separar las hojas despu\u00e9s del prensado! \u00a1Una hoja cerrada significa que cada hoja permanece separada incluso despu\u00e9s del prensado de 3000 toneladas!<\/li>\n<li>Un rodillo que est\u00e9 fabricado con hojas que son m\u00e1s cerradas no se amoldar\u00e1 a los cambios geom\u00e9tricos en la calandra como naturalmente lo har\u00eda una hoja abierta como el Fiberun WBN (HTCN de RHL)<\/li>\n<li>Una hoja de papel abierta Fiberun WBN (HTCN de RHL) permite una distribuci\u00f3n del calor mucho mejor que una hoja cerrada.<\/li>\n<\/ul>\n[\/mk_custom_list][\/vc_column_inner][vc_column_inner width=\u00bb1\/2&#8243;][mk_image src=\u00bbhttps:\/\/kwf-hilger.com\/wp-content\/uploads\/2019\/04\/bildschirmfoto-2019-04-01-um-11.32.03.jpg\u00bb image_size=\u00bbfull\u00bb lightbox=\u00bbtrue\u00bb][\/vc_column_inner][\/vc_row_inner][mk_padding_divider size=\u00bb30&#8243;][vc_row_inner][vc_column_inner width=\u00bb1\/2&#8243;][mk_image src=\u00bbhttps:\/\/kwf-hilger.com\/wp-content\/uploads\/2019\/06\/website-precision-grinding-2.jpg\u00bb image_size=\u00bbfull\u00bb lightbox=\u00bbtrue\u00bb el_class=\u00bbletterhough\u00bb][\/vc_column_inner][vc_column_inner width=\u00bb1\/2&#8243;][mk_image src=\u00bbhttps:\/\/kwf-hilger.com\/wp-content\/uploads\/2019\/06\/bs-being-ground.jpg\u00bb image_size=\u00bbfull\u00bb lightbox=\u00bbtrue\u00bb el_class=\u00bbletterhough\u00bb][\/vc_column_inner][\/vc_row_inner][mk_padding_divider size=\u00bb30&#8243;][vc_row_inner][vc_column_inner width=\u00bb1\/2&#8243;][vc_column_text css=\u00bb.vc_custom_1567070875091{margin-bottom: 0px !important;}\u00bb]\n<h3><span style=\"color: #00005e;\">Estabilidad din\u00e1mica<\/span><\/h3>\n[\/vc_column_text][vc_separator color=\u00bbcustom\u00bb accent_color=\u00bb#00005e\u00bb][mk_custom_list style=\u00bbmk-icon-caret-right\u00bb]\n<ul>\n<li>Posiblemente menos eliminaci\u00f3n por rectificado<\/li>\n<li>Menos probabilidad de ahuecamiento<\/li>\n<li>Rodillo m\u00e1s homog\u00e9neo<\/li>\n<li>Mayor duraci\u00f3n antes de que aparezcan los signos de envejecimiento<\/li>\n<\/ul>\n[\/mk_custom_list][\/vc_column_inner][vc_column_inner width=\u00bb1\/2&#8243;][vc_column_text css=\u00bb.vc_custom_1567070903997{margin-bottom: 0px !important;}\u00bb]\n<h3><span style=\"color: #00005e;\">Ventajas frente a los rodillos de compuesto \/ pol\u00edmero<\/span><\/h3>\n[\/vc_column_text][vc_separator color=\u00bbcustom\u00bb accent_color=\u00bb#00005e\u00bb][mk_custom_list style=\u00bbmk-icon-caret-right\u00bb]\n<ul>\n<li>A diferencia de los rodillos de compuesto\/pol\u00edmero, e Fiberun WBN (HTCN de RHL) se puede utilizar para actualizar su calandra con la ventaja de crear brillo por fricci\u00f3n gracias al microdeslizamiento.<\/li>\n<\/ul>\n[\/mk_custom_list][\/vc_column_inner][\/vc_row_inner][vc_row_inner][vc_column_inner width=\u00bb1\/2&#8243;][vc_column_text css=\u00bb.vc_custom_1567070923572{margin-bottom: 0px !important;}\u00bb]\n<h3><span style=\"color: #00005e;\">Por qu\u00e9 utilizar Fiberun WBN (HTCN del RHL)<\/span><\/h3>\n[\/vc_column_text][vc_separator color=\u00bbcustom\u00bb accent_color=\u00bb#00005e\u00bb][mk_custom_list style=\u00bbmk-icon-caret-right\u00bb]\n<ul>\n<li>M\u00e1s barato<\/li>\n<li>No tiene tendencia a densificar en exceso la superficie del papel<\/li>\n<li>Menos riesgo gracias a un di\u00e1metro \u00fatil m\u00e1s grande<\/li>\n<li>F\u00e1cil de trabajar con tecnolog\u00eda convencional<\/li>\n<\/ul>\n[\/mk_custom_list][\/vc_column_inner][vc_column_inner width=\u00bb1\/2&#8243;][vc_column_text css=\u00bb.vc_custom_1567070941270{margin-bottom: 0px !important;}\u00bb]\n<h3><span style=\"color: #00005e;\"><b>Ventajas frente a los rodillos de compuesto \/ pol\u00edmero<\/b><\/span><\/h3>\n[\/vc_column_text][vc_separator color=\u00bbcustom\u00bb accent_color=\u00bb#00005e\u00bb][mk_custom_list style=\u00bbmk-icon-caret-right\u00bb]\n<ul>\n<li>Mejor resistencia al calor<\/li>\n<li>Mayor brillo o mayor producci\u00f3n (con el aumento de la temperatura, la presi\u00f3n o la velocidad)<\/li>\n<li>Posiblemente una mayor duraci\u00f3n<\/li>\n<li>Alto rendimiento incluso con di\u00e1metros m\u00e1s peque\u00f1os<\/li>\n<\/ul>\n[\/mk_custom_list][\/vc_column_inner][\/vc_row_inner][mk_padding_divider size=\u00bb30&#8243;][vc_row_inner][vc_column_inner width=\u00bb1\/2&#8243;][mk_image src=\u00bbhttps:\/\/kwf-hilger.com\/wp-content\/uploads\/2019\/06\/0283-24-01-2014.jpg\u00bb image_size=\u00bbfull\u00bb lightbox=\u00bbtrue\u00bb el_class=\u00bbletterhough\u00bb][\/vc_column_inner][vc_column_inner width=\u00bb1\/2&#8243;][mk_image src=\u00bbhttps:\/\/kwf-hilger.com\/wp-content\/uploads\/2019\/06\/img_7828.jpg\u00bb image_size=\u00bbfull\u00bb lightbox=\u00bbtrue\u00bb el_class=\u00bbletterhough\u00bb][\/vc_column_inner][\/vc_row_inner][mk_padding_divider size=\u00bb60&#8243;][mk_padding_divider size=\u00bb60&#8243;][\/vc_column][\/mk_page_section]\n<\/div>","protected":false},"excerpt":{"rendered":"<p>[mk_page_section bg_image=\u00bbhttps:\/\/kwf-hilger.com\/wp-content\/uploads\/2019\/04\/helligkeit_kontrast-1-kopie.jpg\u00bb bg_position=\u00bbleft center\u00bb bg_repeat=\u00bbno-repeat\u00bb bg_stretch=\u00bbtrue\u00bb speed_factor=\u00bb0.4&#8243; video_color_mask=\u00bb#1b34b5&#8243; video_opacity=\u00bb0.5&#8243; min_height=\u00bb400&#8243; full_width=\u00bbtrue\u00bb js_vertical_centered=\u00bbtrue\u00bb padding_top=\u00bb0&#8243; padding_bottom=\u00bb0&#8243; sidebar=\u00bbsidebar-1&#8243;][vc_column][vc_column_text animation=\u00bbscale-up\u00bb el_class=\u00bbschatten\u00bb css=\u00bb.vc_custom_1567070589695{margin-bottom: 0px !important;}\u00bb] Rodillos de supercalandrado para la industria del papel [\/vc_column_text][vc_column_text disable_pattern=\u00bbfalse\u00bb css=\u00bb.vc_custom_1570016494045{margin-bottom: 0px !important;}\u00bb] Somos especialistas en la fabricaci\u00f3n de rodillos de supercalandrado completamente nuevos (incluso el eje central de acero) o en el recubrimiento de [&hellip;]<\/p>\n","protected":false},"author":1,"featured_media":0,"parent":0,"menu_order":0,"comment_status":"closed","ping_status":"closed","template":"","meta":{"footnotes":""},"class_list":["post-1617","page","type-page","status-publish","hentry"],"_links":{"self":[{"href":"https:\/\/kwf-hilger.com\/es\/wp-json\/wp\/v2\/pages\/1617","targetHints":{"allow":["GET"]}}],"collection":[{"href":"https:\/\/kwf-hilger.com\/es\/wp-json\/wp\/v2\/pages"}],"about":[{"href":"https:\/\/kwf-hilger.com\/es\/wp-json\/wp\/v2\/types\/page"}],"author":[{"embeddable":true,"href":"https:\/\/kwf-hilger.com\/es\/wp-json\/wp\/v2\/users\/1"}],"replies":[{"embeddable":true,"href":"https:\/\/kwf-hilger.com\/es\/wp-json\/wp\/v2\/comments?post=1617"}],"version-history":[{"count":45,"href":"https:\/\/kwf-hilger.com\/es\/wp-json\/wp\/v2\/pages\/1617\/revisions"}],"predecessor-version":[{"id":2319,"href":"https:\/\/kwf-hilger.com\/es\/wp-json\/wp\/v2\/pages\/1617\/revisions\/2319"}],"wp:attachment":[{"href":"https:\/\/kwf-hilger.com\/es\/wp-json\/wp\/v2\/media?parent=1617"}],"curies":[{"name":"wp","href":"https:\/\/api.w.org\/{rel}","templated":true}]}}