{"id":1621,"date":"2019-06-17T11:08:18","date_gmt":"2019-06-17T09:08:18","guid":{"rendered":"https:\/\/kwf-hilger.com\/?page_id=1621"},"modified":"2019-10-02T13:16:40","modified_gmt":"2019-10-02T11:16:40","slug":"calendering-rolls-for-the-textile-industry","status":"publish","type":"page","link":"https:\/\/kwf-hilger.com\/es\/calendering-rolls-for-the-textile-industry\/","title":{"rendered":"Rodillos de calandra para la industria textil"},"content":{"rendered":"<div class=\"wpb-content-wrapper\">[mk_page_section bg_image=\u00bbhttps:\/\/kwf-hilger.com\/wp-content\/uploads\/2019\/04\/kwf_bild_intro_blau.jpg\u00bb bg_position=\u00bbright center\u00bb bg_repeat=\u00bbno-repeat\u00bb bg_stretch=\u00bbtrue\u00bb speed_factor=\u00bb0.4&#8243; video_color_mask=\u00bb#1b34b5&#8243; video_opacity=\u00bb0.5&#8243; min_height=\u00bb400&#8243; full_width=\u00bbtrue\u00bb js_vertical_centered=\u00bbtrue\u00bb padding_top=\u00bb0&#8243; padding_bottom=\u00bb0&#8243; sidebar=\u00bbsidebar-1&#8243;][vc_column][vc_column_text animation=\u00bbscale-up\u00bb el_class=\u00bbschatten\u00bb css=\u00bb.vc_custom_1570014885089{margin-bottom: 0px !important;}\u00bb]\n<h1 style=\"text-align: center;\"><span style=\"color: #ffffff;\">Rodillos de calandra para la industria textil<\/span><\/h1>\n[\/vc_column_text][mk_padding_divider][vc_row_inner is_fullwidth_content=\u00bbfalse\u00bb][vc_column_inner width=\u00bb1\/2&#8243;][mk_button dimension=\u00bboutline\u00bb size=\u00bblarge\u00bb url=\u00bb#copcotton\u00bb align=\u00bbcenter\u00bb fullwidth=\u00bbtrue\u00bb outline_skin=\u00bbcustom\u00bb outline_active_color=\u00bb#ffffff\u00bb outline_hover_bg_color=\u00bb#ffffff\u00bb outline_hover_color=\u00bb#00005e\u00bb]Algod\u00f3n Cop[\/mk_button][\/vc_column_inner][vc_column_inner width=\u00bb1\/2&#8243;][mk_button dimension=\u00bboutline\u00bb size=\u00bblarge\u00bb url=\u00bb#syncasttextil1&#8243; align=\u00bbcenter\u00bb fullwidth=\u00bbtrue\u00bb outline_skin=\u00bbcustom\u00bb outline_active_color=\u00bb#ffffff\u00bb outline_hover_bg_color=\u00bb#ffffff\u00bb outline_hover_color=\u00bb#00005e\u00bb]Syncast\u2122[\/mk_button][\/vc_column_inner][\/vc_row_inner][\/vc_column][\/mk_page_section][mk_page_section bg_image=\u00bbhttps:\/\/kwf-hilger.com\/wp-content\/uploads\/2019\/04\/hintergrund_logo.png\u00bb bg_position=\u00bbcenter center\u00bb video_color_mask=\u00bb#ffffff\u00bb video_opacity=\u00bb0.7&#8243; min_height=\u00bb0&#8243; padding_top=\u00bb0&#8243; padding_bottom=\u00bb0&#8243; section_id=\u00bbcopcotton\u00bb sidebar=\u00bbsidebar-1&#8243;][vc_column][mk_padding_divider size=\u00bb60&#8243;][vc_column_text css=\u00bb.vc_custom_1567066462826{margin-bottom: 0px !important;}\u00bb]\n<h2 style=\"text-align: center;\"><span style=\"color: #00005e;\">Algod\u00f3n Cop<\/span><\/h2>\n[\/vc_column_text][vc_column_text css=\u00bb.vc_custom_1570014897045{margin-bottom: 0px !important;}\u00bb]\n<p class=\"p2\" style=\"text-align: center;\"><span style=\"color: #00005e;\">Nuestros rodillos de algod\u00f3n de alta calidad son especificados exclusivamente por los fabricantes de calandras l\u00edderes en todo el mundo<br \/>\ny utilizados por los mejores fabricantes textiles de todo el mundo.<\/span><\/p>\n<p>&nbsp;<\/p>\n[\/vc_column_text][vc_separator color=\u00bbcustom\u00bb border_width=\u00bb2&#8243; accent_color=\u00bb#00005e\u00bb][vc_row_inner][vc_column_inner width=\u00bb1\/2&#8243;][vc_column_text css=\u00bb.vc_custom_1570014913027{margin-bottom: 0px !important;}\u00bb]\n<p style=\"color: #00005e; text-align: justify !important;\">El algod\u00f3n Cop se fabrica con algod\u00f3n natural al 100 %, usando una t\u00e9cnica de fabricaci\u00f3n \u00fanica. Tenemos un m\u00e9todo especial para fabricar los rodillos de modo que los hilos de algod\u00f3n se orienten circularmente alrededor del rodillo para proporcionar una mayor resistencia del recubrimiento y tambi\u00e9n un tacto m\u00e1s suave al tejido.<\/p>\n<p style=\"color: #00005e; text-align: justify !important;\">El algod\u00f3n Cop tiene un rendimiento incomparable en t\u00e9rminos de resiliencia, resistencia al calor y duraci\u00f3n de las fibras y las caracter\u00edsticas el\u00e1sticas del ligante garantizan que la estructura porosa y abierta tenga un alto grado de flexibilidad, elasticidad y resistencia.<\/p>\n[\/vc_column_text][\/vc_column_inner][vc_column_inner width=\u00bb1\/2&#8243;][mk_image src=\u00bbhttps:\/\/kwf-hilger.com\/wp-content\/uploads\/2019\/06\/cop-cotton-cover-close-up.jpg\u00bb image_size=\u00bblarge\u00bb lightbox=\u00bbtrue\u00bb align=\u00bbcenter\u00bb el_class=\u00bbletterhough\u00bb][\/vc_column_inner][\/vc_row_inner][mk_padding_divider size=\u00bb60&#8243;][vc_row_inner][vc_column_inner width=\u00bb1\/3&#8243;][mk_image src=\u00bbhttps:\/\/kwf-hilger.com\/wp-content\/uploads\/2019\/06\/row-of-finished-bs.jpg\u00bb image_size=\u00bblarge\u00bb lightbox=\u00bbtrue\u00bb align=\u00bbcenter\u00bb el_class=\u00bbletterhough\u00bb][\/vc_column_inner][vc_column_inner width=\u00bb1\/3&#8243;][mk_image src=\u00bbhttps:\/\/kwf-hilger.com\/wp-content\/uploads\/2019\/06\/close-up-cotton-roll.jpg\u00bb image_size=\u00bblarge\u00bb lightbox=\u00bbtrue\u00bb align=\u00bbcenter\u00bb el_class=\u00bbletterhough\u00bb][\/vc_column_inner][vc_column_inner width=\u00bb1\/3&#8243;][mk_image src=\u00bbhttps:\/\/kwf-hilger.com\/wp-content\/uploads\/2019\/06\/cotton-roll-in-press-2.jpg\u00bb image_size=\u00bblarge\u00bb lightbox=\u00bbtrue\u00bb align=\u00bbcenter\u00bb el_class=\u00bbletterhough\u00bb][\/vc_column_inner][\/vc_row_inner][mk_padding_divider size=\u00bb60&#8243;][vc_row_inner][vc_column_inner width=\u00bb1\/2&#8243;][vc_column_text css=\u00bb.vc_custom_1567066501649{margin-bottom: 0px !important;}\u00bb]\n<h3 class=\"p1\"><span class=\"s1\" style=\"color: #00005f;\">Aplicaciones:<\/span><\/h3>\n[\/vc_column_text][vc_separator color=\u00bbcustom\u00bb accent_color=\u00bb#00005e\u00bb][mk_custom_list style=\u00bbmk-icon-caret-right\u00bb]\n<ul>\n<li>Calandrado textil y no tejido<\/li>\n<li>Estampado<\/li>\n<\/ul>\n[\/mk_custom_list][mk_padding_divider][vc_column_text css=\u00bb.vc_custom_1567066525518{margin-bottom: 0px !important;}\u00bb]\n<h3 class=\"p1\"><span class=\"s1\" style=\"color: #00005f;\">Caracter\u00edsticas principales:<\/span><\/h3>\n[\/vc_column_text][vc_separator color=\u00bbcustom\u00bb accent_color=\u00bb#00005e\u00bb][mk_custom_list style=\u00bbmk-icon-caret-right\u00bb]\n<ul>\n<li>Alta resiliencia y resistencia<\/li>\n<li>Excelentes caracter\u00edsticas de la superficie del rodillo<\/li>\n<li>Logra un acabado de la superficie del tejido \u00f3ptimo<\/li>\n<li>Excelente resistencia al da\u00f1o superficial<\/li>\n<\/ul>\n[\/mk_custom_list][\/vc_column_inner][vc_column_inner width=\u00bb1\/2&#8243;][vc_column_text css=\u00bb.vc_custom_1570014940461{margin-bottom: 0px !important;}\u00bb]\n<h3 class=\"p1\"><span class=\"s1\" style=\"color: #00005f;\">Rodillos de algod\u00f3n para:<\/span><\/h3>\n[\/vc_column_text][vc_separator color=\u00bbcustom\u00bb accent_color=\u00bb#00005e\u00bb][mk_custom_list style=\u00bbmk-icon-caret-right\u00bb]\n<ul>\n<li>Calandras textiles universales<\/li>\n<li>Calandras Schreiner<\/li>\n<li>Calandras de fricci\u00f3n<\/li>\n<li>Calandras de estampado<\/li>\n<li>Calandras de encolado y non-woven<\/li>\n<\/ul>\n[\/mk_custom_list][\/vc_column_inner][\/vc_row_inner][\/vc_column][vc_column][vc_row_inner el_id=\u00bbsyncasttextil1&#8243;][vc_column_inner][mk_padding_divider size=\u00bb60&#8243;][mk_padding_divider size=\u00bb60&#8243;][vc_column_text css=\u00bb.vc_custom_1567066574704{margin-bottom: 0px !important;}\u00bb]\n<h2 style=\"text-align: center;\"><span style=\"color: #00005e;\">Rodillos de la calandra de poliamida SYNCAST\u2122<\/span><\/h2>\n[\/vc_column_text][vc_separator color=\u00bbcustom\u00bb border_width=\u00bb2&#8243; accent_color=\u00bb#00005e\u00bb][\/vc_column_inner][\/vc_row_inner][vc_row_inner][vc_column_inner width=\u00bb1\/2&#8243;][vc_column_text disable_pattern=\u00bbfalse\u00bb css=\u00bb.vc_custom_1570014963546{margin-bottom: 0px !important;}\u00bb]\n<p style=\"color: #00005e; text-align: justify !important;\">Los rodillos de la calandra de poliamida Syncast\u2122 de KWF son una soluci\u00f3n de \u00faltima generaci\u00f3n para muchas aplicaciones de calandrado y gofrado. La excelente resistencia a los da\u00f1os superficiales garantiza un mantenimiento m\u00ednimo y una vida \u00fatil muy larga.<\/p>\n[\/vc_column_text][\/vc_column_inner][vc_column_inner width=\u00bb1\/2&#8243;][mk_image src=\u00bbhttps:\/\/kwf-hilger.com\/wp-content\/uploads\/2019\/06\/symcast-tube-4.jpg\u00bb image_size=\u00bblarge\u00bb lightbox=\u00bbtrue\u00bb align=\u00bbcenter\u00bb el_class=\u00bbletterhough\u00bb][\/vc_column_inner][\/vc_row_inner][mk_padding_divider size=\u00bb60&#8243;][vc_row_inner][vc_column_inner width=\u00bb1\/2&#8243;][mk_image src=\u00bbhttps:\/\/kwf-hilger.com\/wp-content\/uploads\/2019\/06\/symcast-10-1.jpg\u00bb image_size=\u00bblarge\u00bb lightbox=\u00bbtrue\u00bb align=\u00bbcenter\u00bb el_class=\u00bbletterhough\u00bb][\/vc_column_inner][vc_column_inner width=\u00bb1\/2&#8243;][mk_image src=\u00bbhttps:\/\/kwf-hilger.com\/wp-content\/uploads\/2019\/06\/symcast-tube-2.jpg\u00bb image_size=\u00bblarge\u00bb lightbox=\u00bbtrue\u00bb align=\u00bbcenter\u00bb el_class=\u00bbletterhough\u00bb][\/vc_column_inner][\/vc_row_inner][mk_padding_divider size=\u00bb60&#8243;][vc_row_inner][vc_column_inner width=\u00bb1\/2&#8243;][vc_column_text css=\u00bb.vc_custom_1567066593062{margin-bottom: 0px !important;}\u00bb]\n<h3 class=\"p1\"><span class=\"s1\" style=\"color: #00005f;\">Construcci\u00f3n<\/span><\/h3>\n[\/vc_column_text][vc_separator color=\u00bbcustom\u00bb accent_color=\u00bb#00005e\u00bb][vc_column_text css=\u00bb.vc_custom_1570014977654{margin-bottom: 0px !important;}\u00bb]\n<p style=\"color: #00005e; text-align: justify !important;\">Syncast\u2122 es un pol\u00edmero exclusivamente el\u00e1stico y termopl\u00e1stico que fue desarrollado especialmente para rodillos de calandra. Las cubiertas de los rodillos Syncast\u2122 son de moldeado centr\u00edfugo, lo que garantiza una perfecta calidad debido a la excepcional velocidad giratoria (2000 rpm) utilizada en el proceso de fundici\u00f3n. Esta alta velocidad de rotaci\u00f3n garantiza la expulsi\u00f3n de todas las burbujas de aire y las impurezas de la cubierta. Adem\u00e1s, el enfriamiento atmosf\u00e9rico natural del pol\u00edmero moldeado en el proceso garantiza el tiempo de reacci\u00f3n m\u00e1ximo, lo que permite que se formen mol\u00e9culas m\u00e1s largas.<\/p>\n<p style=\"color: #00005e; text-align: justify !important;\">La longitud de la mol\u00e9cula mejorada le proporciona a la cubierta del rodillo de la calandra Syncast\u2122 una excelente elasticidad y recuperaci\u00f3n de marcas, con una deformaci\u00f3n m\u00ednima. Esto da como resultado un excelente rendimiento en la calandra y una vida \u00fatil m\u00e1xima. Las tensiones internas se reducen en la cubierta del rodillo de calandra Syncast\u2122 ya que se fabrica con temperaturas por debajo del punto de fusi\u00f3n del pol\u00edmero.<\/p>\n[\/vc_column_text][\/vc_column_inner][vc_column_inner width=\u00bb1\/2&#8243;][vc_column_text css=\u00bb.vc_custom_1567066619354{margin-bottom: 0px !important;}\u00bb]\n<h3><span style=\"color: #00005e;\">Aplicaciones<\/span><\/h3>\n[\/vc_column_text][vc_separator color=\u00bbcustom\u00bb accent_color=\u00bb#00005e\u00bb][mk_custom_list style=\u00bbmk-icon-caret-right\u00bb]\n<ul>\n<li>Calandrado<\/li>\n<li>Telas naturales de punto y tejidas<\/li>\n<li>Telas sint\u00e9ticas de punto y tejidas<\/li>\n<li>Non-wovens (termosellado)<\/li>\n<li>Papel<\/li>\n<\/ul>\n[\/mk_custom_list][mk_padding_divider][vc_column_text css=\u00bb.vc_custom_1567066634415{margin-bottom: 0px !important;}\u00bb]\n<h3><span class=\"s1\" style=\"color: #00005f;\"><b>Beneficios operacionales<\/b><\/span><\/h3>\n[\/vc_column_text][vc_separator color=\u00bbcustom\u00bb accent_color=\u00bb#00005e\u00bb][mk_custom_list style=\u00bbmk-icon-caret-right\u00bb]\n<ul>\n<li>No se necesita humectaci\u00f3n previa<\/li>\n<li>Altamente resistente a las marcas de la superficie, por ejemplo, de bordes de mangas, costuras, pliegues y nudos, etc.<\/li>\n<li>La mayor\u00eda de las marcas de la superficie se nivelan durante la operaci\u00f3n<\/li>\n<li>Pueden utilizarse diferentes anchos del material sin problemas de marcado en los bordes<\/li>\n<li>Resistente a los productos qu\u00edmicos de procesamiento de uso m\u00e1s com\u00fan<\/li>\n<li>Los rodillos Syncast\u2122 se pueden volver a rectificar varias veces y proporcionan una excelente vida \u00fatil<\/li>\n<\/ul>\n[\/mk_custom_list][\/vc_column_inner][\/vc_row_inner][\/vc_column][vc_column][mk_padding_divider size=\u00bb60&#8243;][mk_padding_divider size=\u00bb60&#8243;][\/vc_column][\/mk_page_section]\n<\/div>","protected":false},"excerpt":{"rendered":"<p>[mk_page_section bg_image=\u00bbhttps:\/\/kwf-hilger.com\/wp-content\/uploads\/2019\/04\/kwf_bild_intro_blau.jpg\u00bb bg_position=\u00bbright center\u00bb bg_repeat=\u00bbno-repeat\u00bb bg_stretch=\u00bbtrue\u00bb speed_factor=\u00bb0.4&#8243; video_color_mask=\u00bb#1b34b5&#8243; video_opacity=\u00bb0.5&#8243; min_height=\u00bb400&#8243; full_width=\u00bbtrue\u00bb js_vertical_centered=\u00bbtrue\u00bb padding_top=\u00bb0&#8243; padding_bottom=\u00bb0&#8243; sidebar=\u00bbsidebar-1&#8243;][vc_column][vc_column_text animation=\u00bbscale-up\u00bb el_class=\u00bbschatten\u00bb css=\u00bb.vc_custom_1570014885089{margin-bottom: 0px !important;}\u00bb] Rodillos de calandra para la industria textil [\/vc_column_text][mk_padding_divider][vc_row_inner is_fullwidth_content=\u00bbfalse\u00bb][vc_column_inner width=\u00bb1\/2&#8243;][mk_button dimension=\u00bboutline\u00bb size=\u00bblarge\u00bb url=\u00bb#copcotton\u00bb align=\u00bbcenter\u00bb fullwidth=\u00bbtrue\u00bb outline_skin=\u00bbcustom\u00bb outline_active_color=\u00bb#ffffff\u00bb outline_hover_bg_color=\u00bb#ffffff\u00bb outline_hover_color=\u00bb#00005e\u00bb]Algod\u00f3n Cop[\/mk_button][\/vc_column_inner][vc_column_inner width=\u00bb1\/2&#8243;][mk_button dimension=\u00bboutline\u00bb size=\u00bblarge\u00bb url=\u00bb#syncasttextil1&#8243; align=\u00bbcenter\u00bb fullwidth=\u00bbtrue\u00bb outline_skin=\u00bbcustom\u00bb outline_active_color=\u00bb#ffffff\u00bb outline_hover_bg_color=\u00bb#ffffff\u00bb outline_hover_color=\u00bb#00005e\u00bb]Syncast\u2122[\/mk_button][\/vc_column_inner][\/vc_row_inner][\/vc_column][\/mk_page_section][mk_page_section bg_image=\u00bbhttps:\/\/kwf-hilger.com\/wp-content\/uploads\/2019\/04\/hintergrund_logo.png\u00bb bg_position=\u00bbcenter center\u00bb video_color_mask=\u00bb#ffffff\u00bb video_opacity=\u00bb0.7&#8243; [&hellip;]<\/p>\n","protected":false},"author":1,"featured_media":0,"parent":0,"menu_order":0,"comment_status":"closed","ping_status":"closed","template":"","meta":{"footnotes":""},"class_list":["post-1621","page","type-page","status-publish","hentry"],"_links":{"self":[{"href":"https:\/\/kwf-hilger.com\/es\/wp-json\/wp\/v2\/pages\/1621","targetHints":{"allow":["GET"]}}],"collection":[{"href":"https:\/\/kwf-hilger.com\/es\/wp-json\/wp\/v2\/pages"}],"about":[{"href":"https:\/\/kwf-hilger.com\/es\/wp-json\/wp\/v2\/types\/page"}],"author":[{"embeddable":true,"href":"https:\/\/kwf-hilger.com\/es\/wp-json\/wp\/v2\/users\/1"}],"replies":[{"embeddable":true,"href":"https:\/\/kwf-hilger.com\/es\/wp-json\/wp\/v2\/comments?post=1621"}],"version-history":[{"count":30,"href":"https:\/\/kwf-hilger.com\/es\/wp-json\/wp\/v2\/pages\/1621\/revisions"}],"predecessor-version":[{"id":2288,"href":"https:\/\/kwf-hilger.com\/es\/wp-json\/wp\/v2\/pages\/1621\/revisions\/2288"}],"wp:attachment":[{"href":"https:\/\/kwf-hilger.com\/es\/wp-json\/wp\/v2\/media?parent=1621"}],"curies":[{"name":"wp","href":"https:\/\/api.w.org\/{rel}","templated":true}]}}