{"id":1623,"date":"2019-06-17T11:08:27","date_gmt":"2019-06-17T09:08:27","guid":{"rendered":"https:\/\/kwf-hilger.com\/?page_id=1623"},"modified":"2020-01-24T14:08:26","modified_gmt":"2020-01-24T13:08:26","slug":"calendering-rolls-for-the-textile-industry-2","status":"publish","type":"page","link":"https:\/\/kwf-hilger.com\/es\/calendering-rolls-for-the-textile-industry-2\/","title":{"rendered":"Rodillos de escurrido para la industria textil"},"content":{"rendered":"<div class=\"wpb-content-wrapper\">[mk_page_section bg_image=\u00bbhttps:\/\/kwf-hilger.com\/wp-content\/uploads\/2019\/04\/kwf_bild_intro_blau.jpg\u00bb bg_position=\u00bbleft bottom\u00bb bg_repeat=\u00bbno-repeat\u00bb bg_stretch=\u00bbtrue\u00bb speed_factor=\u00bb0.4&#8243; video_color_mask=\u00bb#1b34b5&#8243; video_opacity=\u00bb0.5&#8243; min_height=\u00bb400&#8243; full_width=\u00bbtrue\u00bb js_vertical_centered=\u00bbtrue\u00bb padding_top=\u00bb0&#8243; padding_bottom=\u00bb0&#8243; sidebar=\u00bbsidebar-1&#8243;][vc_column][vc_column_text animation=\u00bbscale-up\u00bb el_class=\u00bbschatten\u00bb css=\u00bb.vc_custom_1567070263618{margin-bottom: 0px !important;}\u00bb]\n<h1 style=\"text-align: center;\"><span style=\"color: #ffffff;\">Rodillos de escurrido para la industria textil<\/span><\/h1>\n[\/vc_column_text][mk_padding_divider][vc_row_inner][vc_column_inner width=\u00bb1\/3&#8243;][mk_button dimension=\u00bboutline\u00bb size=\u00bblarge\u00bb url=\u00bb#roberto\u00bb align=\u00bbcenter\u00bb fullwidth=\u00bbtrue\u00bb outline_skin=\u00bbcustom\u00bb outline_active_color=\u00bb#ffffff\u00bb outline_hover_bg_color=\u00bb#ffffff\u00bb outline_hover_color=\u00bb#00005e\u00bb]Roberto\u2122[\/mk_button][\/vc_column_inner][vc_column_inner width=\u00bb1\/3&#8243;][mk_button dimension=\u00bboutline\u00bb size=\u00bblarge\u00bb url=\u00bb#nollap\u00bb align=\u00bbcenter\u00bb fullwidth=\u00bbtrue\u00bb outline_skin=\u00bbcustom\u00bb outline_active_color=\u00bb#ffffff\u00bb outline_hover_bg_color=\u00bb#ffffff\u00bb outline_hover_color=\u00bb#00005e\u00bb]Nollap\u2122[\/mk_button][\/vc_column_inner][vc_column_inner width=\u00bb1\/3&#8243;][mk_button dimension=\u00bboutline\u00bb size=\u00bblarge\u00bb url=\u00bb#robertex\u00bb align=\u00bbcenter\u00bb fullwidth=\u00bbtrue\u00bb outline_skin=\u00bbcustom\u00bb outline_active_color=\u00bb#ffffff\u00bb outline_hover_bg_color=\u00bb#ffffff\u00bb outline_hover_color=\u00bb#00005e\u00bb]Robertex\u2122[\/mk_button][\/vc_column_inner][\/vc_row_inner][\/vc_column][\/mk_page_section][mk_page_section bg_image=\u00bbhttps:\/\/kwf-hilger.com\/wp-content\/uploads\/2019\/04\/hintergrund_logo.png\u00bb bg_position=\u00bbleft bottom\u00bb video_color_mask=\u00bb#ffffff\u00bb video_opacity=\u00bb0.7&#8243; min_height=\u00bb0&#8243; padding_top=\u00bb0&#8243; padding_bottom=\u00bb0&#8243; section_id=\u00bbroberto\u00bb sidebar=\u00bbsidebar-1&#8243;][vc_column][mk_padding_divider size=\u00bb60&#8243;][vc_column_text css=\u00bb.vc_custom_1560958239940{margin-bottom: 0px !important;}\u00bb]\n<h2 style=\"text-align: center;\"><span style=\"color: #00005e;\">Roberto\u2122<\/span><\/h2>\n[\/vc_column_text][vc_column_text css=\u00bb.vc_custom_1567070270974{margin-bottom: 0px !important;}\u00bb]\n<p class=\"p1\" style=\"text-align: center;\"><span class=\"s1\" style=\"color: #00005e;\">Rodillos de escurrido de alta expresi\u00f3n<\/span><\/p>\n[\/vc_column_text][vc_separator color=\u00bbcustom\u00bb border_width=\u00bb2&#8243; accent_color=\u00bb#00005e\u00bb][vc_row_inner][vc_column_inner width=\u00bb1\/2&#8243;][vc_column_text css=\u00bb.vc_custom_1570016315929{margin-bottom: 0px !important;}\u00bb]\n<p style=\"color: #00005e; text-align: justify !important;\">Fabricados exclusivamente por KWF Hilger GmbH &amp; Co. KG, los rodillos Roberto\u2122 son una sustituci\u00f3n de alto rendimiento para los rodillos de escurrido de caucho o PU convencionales, con una expresi\u00f3n significativamente mejorada y una vida \u00fatil mejorada considerablemente en comparaci\u00f3n con los de caucho y PU.<\/p>\n[\/vc_column_text][mk_padding_divider size=\u00bb20&#8243;][mk_padding_divider size=\u00bb20&#8243;][vc_column_text css=\u00bb.vc_custom_1567070286583{margin-bottom: 0px !important;}\u00bb]\n<h3><span class=\"s1\" style=\"color: #00005e;\">Aplicaciones<\/span><\/h3>\n[\/vc_column_text][vc_separator color=\u00bbcustom\u00bb accent_color=\u00bb#00005e\u00bb][mk_custom_list style=\u00bbmk-icon-caret-right\u00bb]\n<ul>\n<li>Extracci\u00f3n de l\u00edquidos de alta eficacia de telas tejidas, de punto y no tejidas<\/li>\n<li>Extracci\u00f3n de l\u00edquidos de alta eficacia en presencia de fibras sueltas, por ejemplo l\u00edneas \u00abpostratamiento\u00bb ray\u00f3n<\/li>\n<\/ul>\n[\/mk_custom_list][\/vc_column_inner][vc_column_inner width=\u00bb1\/2&#8243;][mk_image src=\u00bbhttps:\/\/kwf-hilger.com\/wp-content\/uploads\/2019\/06\/nishat-mills-3.jpg\u00bb image_size=\u00bbfull\u00bb lightbox=\u00bbtrue\u00bb align=\u00bbcenter\u00bb el_class=\u00bbletterhough\u00bb][\/vc_column_inner][\/vc_row_inner][mk_padding_divider size=\u00bb60&#8243;][vc_row_inner][vc_column_inner][vc_column_text css=\u00bb.vc_custom_1567070303121{margin-bottom: 0px !important;}\u00bb]\n<h3 class=\"p1\"><span class=\"s1\" style=\"color: #00005e;\">Fabricaciones<\/span><\/h3>\n[\/vc_column_text][vc_separator color=\u00bbcustom\u00bb accent_color=\u00bb#00005e\u00bb][\/vc_column_inner][\/vc_row_inner][vc_row_inner][vc_column_inner width=\u00bb1\/2&#8243;][vc_column_text css=\u00bb.vc_custom_1570016332991{margin-bottom: 0px !important;}\u00bb]\n<p style=\"color: #00005e; text-align: justify !important;\">Los rodillos de fibra Roberto\u2122 est\u00e1n fabricados con ejes centrales de acero de alta calidad con recubrimientos de acero o acero inoxidable que conservan una cubierta de fibra microporosa altamente comprimida de fibras mezcladas recubiertas con un material ligante sint\u00e9tico. Hay disponible una gama de materiales Roberto\u2122 para adaptarse a las diferentes aplicaciones de la industria textil. Las cubiertas del rodillo Roberto\u2122 est\u00e1n compuestas por una matriz de fibras con una superficie y un interior poroso. Las fibras se unen mec\u00e1nicamente o mediante un tratamiento t\u00e9rmico y qu\u00edmico. La cubierta tiene aproximadamente un 40 % de volumen vac\u00edo (cavidades peque\u00f1as interconectadas). La resiliencia de las fibras y las caracter\u00edsticas el\u00e1sticas del sistema ligante garantizan que la estructura porosa y abierta tenga un alto grado de flexibilidad, elasticidad y resistencia.<\/p>\n[\/vc_column_text][\/vc_column_inner][vc_column_inner width=\u00bb1\/2&#8243;][mk_image src=\u00bbhttps:\/\/kwf-hilger.com\/wp-content\/uploads\/2019\/03\/bildschirmfoto-2019-03-29-um-14.33.49.png\u00bb image_size=\u00bbfull\u00bb lightbox=\u00bbtrue\u00bb align=\u00bbcenter\u00bb el_class=\u00bbletterhough\u00bb][\/vc_column_inner][\/vc_row_inner][mk_padding_divider size=\u00bb60&#8243;][vc_row_inner][vc_column_inner][vc_column_text css=\u00bb.vc_custom_1567070319674{margin-bottom: 0px !important;}\u00bb]\n<h3 class=\"p1\"><span class=\"s1\" style=\"color: #00005e;\">Rendimiento<\/span><\/h3>\n[\/vc_column_text][vc_separator color=\u00bbcustom\u00bb accent_color=\u00bb#00005e\u00bb][vc_column_text css=\u00bb.vc_custom_1570016342449{margin-bottom: 0px !important;}\u00bb]\n<p style=\"color: #00005e; text-align: justify !important;\">El excelente rendimiento del escurrido de Roberto\u2122 se logra gracias a una combinaci\u00f3n de la acci\u00f3n de escurrido y una potente succi\u00f3n capilar. Cuando la tela entra en el nip, el l\u00edquido en exceso se retira mediante el escurrido e, inmediatamente despu\u00e9s del nip, Roberto\u2122 absorbe el l\u00edquido extra \u2122, con lo que se logra un mayor rendimiento del escurrido del 20 al 50 % si se compara con los rodillos de caucho y PU convencionales.<\/p>\n[\/vc_column_text][\/vc_column_inner][\/vc_row_inner][mk_padding_divider size=\u00bb60&#8243;][vc_row_inner][vc_column_inner width=\u00bb1\/2&#8243;][mk_image src=\u00bbhttps:\/\/kwf-hilger.com\/wp-content\/uploads\/2019\/06\/nishat-mills-10.jpg\u00bb image_size=\u00bblarge\u00bb lightbox=\u00bbtrue\u00bb align=\u00bbcenter\u00bb el_class=\u00bbletterhough\u00bb][\/vc_column_inner][vc_column_inner width=\u00bb1\/2&#8243;][mk_image src=\u00bbhttps:\/\/kwf-hilger.com\/wp-content\/uploads\/2019\/06\/website-achsen-2.jpg\u00bb image_size=\u00bbfull\u00bb lightbox=\u00bbtrue\u00bb align=\u00bbcenter\u00bb el_class=\u00bbletterhough\u00bb][\/vc_column_inner][\/vc_row_inner][mk_padding_divider size=\u00bb60&#8243;][vc_row_inner][vc_column_inner width=\u00bb1\/2&#8243;][vc_column_text css=\u00bb.vc_custom_1567070337143{margin-bottom: 0px !important;}\u00bb]\n<h3 class=\"p1\"><span class=\"s1\" style=\"color: #00005e;\">Beneficios<\/span><\/h3>\n[\/vc_column_text][vc_separator color=\u00bbcustom\u00bb accent_color=\u00bb#00005e\u00bb][mk_custom_list style=\u00bbmk-icon-caret-right\u00bb]\n<ul>\n<li>Excelente rendimiento del escurrido debido a un efecto de succi\u00f3n capilar y escurrido combinados (aumento del 20 al 50 % si se compara con los de caucho y PU)<\/li>\n<li>Se logran mayores velocidades de secado<\/li>\n<li>Los rodillos Roberto\u2122 permiten un ahorro del consumo energ\u00e9tico significativo (hasta el 40 %)<\/li>\n<li>R\u00e1pida amortizaci\u00f3n de la inversi\u00f3n: el desembolso inicial se ve compensado por los ahorros energ\u00e9ticos en solo unos meses<\/li>\n<li>Desarrollado especialmente para resistir a la mayor\u00eda de qu\u00edmicos de procesamiento<\/li>\n<li>Acci\u00f3n de escurrido m\u00e1s suave debido a la resiliencia extrema, si se compara con los rodillos duros que pueden da\u00f1ar la fabricaci\u00f3n de telas con fibra<\/li>\n<li>Los rodillos Roberto\u2122 se pueden utilizar para sustituir otros tipos de rodillos de escurrido y pueden ponerse en funcionamiento junto con rodillos de metal, ebonita y caucho duro<\/li>\n<li>Los rodillos Roberto\u2122 pueden ser rectificados muchas veces m\u00e1s que los rodillos de escurrido convencionales debido al grosor del material de la cubierta, lo que provoca un aumento significativo de la duraci\u00f3n del rodillo<\/li>\n<\/ul>\n[\/mk_custom_list][\/vc_column_inner][vc_column_inner width=\u00bb1\/2&#8243;][vc_column_text css=\u00bb.vc_custom_1567070355900{margin-bottom: 0px !important;}\u00bb]\n<h3 class=\"p1\"><span class=\"s1\" style=\"color: #00005e;\">Resultados de la expresi\u00f3n<\/span><\/h3>\n[\/vc_column_text][vc_separator color=\u00bbcustom\u00bb accent_color=\u00bb#00005e\u00bb][vc_column_text css=\u00bb.vc_custom_1570016363852{margin-bottom: 0px !important;}\u00bb]\n<p class=\"p2\"><span class=\"s1\" style=\"color: #00005e;\">Los resultados de la expresi\u00f3n ilustrados a continuaci\u00f3n se lograron a 50 m \/ min, con una carga de 54 kg \/ cm y una temperatura de 20 \u00baC<\/span><\/p>\n[\/vc_column_text][mk_padding_divider size=\u00bb20&#8243;][mk_padding_divider size=\u00bb20&#8243;][mk_image src=\u00bbhttps:\/\/kwf-hilger.com\/wp-content\/uploads\/2019\/03\/bildschirmfoto-2019-03-29-um-14.38.10.png\u00bb image_size=\u00bbfull\u00bb lightbox=\u00bbtrue\u00bb][\/vc_column_inner][\/vc_row_inner][\/vc_column][vc_column][vc_row_inner el_id=\u00bbnollap\u00bb][vc_column_inner][mk_padding_divider size=\u00bb60&#8243;][mk_padding_divider size=\u00bb60&#8243;][vc_column_text css=\u00bb.vc_custom_1560865563087{margin-bottom: 0px !important;}\u00bb]\n<h2 style=\"text-align: center;\"><span style=\"color: #00005e;\">Nollap\u2122 <\/span><\/h2>\n[\/vc_column_text][vc_column_text css=\u00bb.vc_custom_1567070370633{margin-bottom: 0px !important;}\u00bb]\n<p style=\"text-align: center;\"><span style=\"color: #00005e;\">Rodillos de escurrido de alta expresi\u00f3n para fibras viscosas <\/span><\/p>\n[\/vc_column_text][vc_separator color=\u00bbcustom\u00bb border_width=\u00bb2&#8243; accent_color=\u00bb#00005e\u00bb][\/vc_column_inner][\/vc_row_inner][vc_row_inner][vc_column_inner width=\u00bb1\/2&#8243;][vc_column_text css=\u00bb.vc_custom_1567070377309{margin-bottom: 0px !important;}\u00bb]\n<h3 class=\"p1\"><span class=\"s1\" style=\"color: #00005e;\">Aplicaciones<\/span><\/h3>\n[\/vc_column_text][vc_separator color=\u00bbcustom\u00bb accent_color=\u00bb#00005e\u00bb][vc_column_text css=\u00bb.vc_custom_1570016381501{margin-bottom: 0px !important;}\u00bb]\n<p style=\"color: #00005e; text-align: justify !important;\">Los rodillos de fibra Nollap\u2122 son para utilizar en el escurrido de alta eficacia de hilos y las fibras discontinuas de viscosa. La humedad residual de alrededor del 100 % se obtiene normalmente con grandes ahorros energ\u00e9ticos si se compara con el escurrido con un rodillo de caucho o con dos rodillos de acero.<\/p>\n[\/vc_column_text][mk_padding_divider size=\u00bb20&#8243;][mk_padding_divider size=\u00bb20&#8243;][vc_column_text css=\u00bb.vc_custom_1567070395148{margin-bottom: 0px !important;}\u00bb]\n<h3 class=\"p1\"><span style=\"color: #00005e;\">Descripciones<\/span><\/h3>\n[\/vc_column_text][vc_separator color=\u00bbcustom\u00bb accent_color=\u00bb#00005e\u00bb][vc_column_text css=\u00bb.vc_custom_1570016389209{margin-bottom: 0px !important;}\u00bb]\n<p style=\"color: #00005e; text-align: justify !important;\">Los rodillos de fibra Nollap\u2122 tienen un \u00abrelleno\u00bb microporoso altamente comprimido de fibras especiales, recubierto individualmente con un compuesto de l\u00e1tex que los une permanentemente.<\/p>\n[\/vc_column_text][\/vc_column_inner][vc_column_inner width=\u00bb1\/2&#8243;][mk_image src=\u00bbhttps:\/\/kwf-hilger.com\/wp-content\/uploads\/2019\/06\/nollap-4.jpg\u00bb image_size=\u00bbfull\u00bb lightbox=\u00bbtrue\u00bb align=\u00bbcenter\u00bb el_class=\u00bbletterhough\u00bb][mk_padding_divider size=\u00bb20&#8243;][\/vc_column_inner][\/vc_row_inner][mk_padding_divider size=\u00bb60&#8243;][vc_row_inner][vc_column_inner][mk_image src=\u00bbhttps:\/\/kwf-hilger.com\/wp-content\/uploads\/2019\/06\/nollap-3.jpg\u00bb image_size=\u00bbfull\u00bb lightbox=\u00bbtrue\u00bb align=\u00bbcenter\u00bb el_class=\u00bbletterhough\u00bb][\/vc_column_inner][\/vc_row_inner][mk_padding_divider size=\u00bb60&#8243;][vc_row_inner][vc_column_inner width=\u00bb1\/2&#8243;][vc_column_text css=\u00bb.vc_custom_1567070410899{margin-bottom: 0px !important;}\u00bb]\n<h3 class=\"p1\"><span class=\"s1\" style=\"color: #00005e;\">Funcionamiento<\/span><\/h3>\n[\/vc_column_text][vc_separator color=\u00bbcustom\u00bb accent_color=\u00bb#00005e\u00bb][mk_custom_list style=\u00bbmk-icon-caret-right\u00bb]\n<ul>\n<li>Las fibras de viscosa son muy hidrosc\u00f3picas por naturaleza y no liberan l\u00edquido con facilidad. Las fibras son de flujo libre lo que hace que el espesor de la losa sea desigual lo que pone tensiones diferentes en el nip del rodillo.<\/li>\n<li>Las fibras de viscosa son sensibles a la contaminaci\u00f3n. KWF dise\u00f1a y fabrica rodillos Nollap\u2122 para esta aplicaci\u00f3n especializada y utiliza materiales que no pueden contaminar las fibras.<\/li>\n<li>Dominamos la tecnolog\u00eda desarrollando un dise\u00f1o de alto par para esta operaci\u00f3n. Estamos actualizando y mejorando continuamente los rodillos Nollap\u2122 bas\u00e1ndonos en el esfuerzo de I+D y las opiniones de los clientes.<\/li>\n<li>Cuando la fibra o el hilo entra en el nip, el exceso de l\u00edquido se retira con el escurrido e inmediatamente despu\u00e9s del nip, el exceso de l\u00edquido se succiona en el rodillo evacuado parcialmente, creando un sistema de extracci\u00f3n muy eficiente.<\/li>\n<\/ul>\n[\/mk_custom_list][mk_image src=\u00bbhttps:\/\/kwf-hilger.com\/wp-content\/uploads\/2019\/06\/nollap-2.jpg\u00bb image_size=\u00bbfull\u00bb lightbox=\u00bbtrue\u00bb align=\u00bbcenter\u00bb el_class=\u00bbletterhough\u00bb][\/vc_column_inner][vc_column_inner width=\u00bb1\/2&#8243;][vc_column_text css=\u00bb.vc_custom_1567070428365{margin-bottom: 0px !important;}\u00bb]\n<div id=\"list-27\" class=\"mk-list-styles mk-align-none clear\" data-charcode=\"mk-moon-thumbs-up-3\" data-family=\"\">\n<h3 class=\"p1\"><span class=\"s1\" style=\"color: #00005e;\">Beneficios<\/span><\/h3>\n<\/div>\n[\/vc_column_text][vc_separator color=\u00bbcustom\u00bb accent_color=\u00bb#00005e\u00bb][mk_custom_list style=\u00bbmk-icon-caret-right\u00bb]\n<ul>\n<li>Normalmente se obtiene una humedad residual de alrededor del 100 %, con el gran ahorro energ\u00e9tico posterior en los secadores<\/li>\n<li>Una gran ventaja si se compara con los rodillos recubiertos de acero o caucho es que una red de fibra desigual no es problema para el rodillo Nollap\u2122<\/li>\n<li>Las marcas de da\u00f1os se recuperan f\u00e1cilmente debido a la naturaleza resiliente del material de \u00abrecubrimiento\u00bb<\/li>\n<li>Los objetos extra\u00f1os como peque\u00f1as piezas de la maquinaria u otros residuos simplemente se hunden en el rodillo y no es necesario retirarlas<\/li>\n<li>A diferencia de los rodillos de caucho que son muy f\u00e1ciles de da\u00f1ar y no pueden soportar altas presiones de escurrido, los rodillos de fibra Nollap\u2122, debido a su fabricaci\u00f3n laminada y su alto grado de resiliencia se recuperan r\u00e1pidamente<\/li>\n<li>Las presiones de escurrido en exceso de 215 kg \/ cm lineal se pueden obtener con los rodillos de fibra Nollap\u2122<\/li>\n<li>Los rodillos de fibra Nollap\u2122 proporcionan un ahorro medio del 20 % en el consumo energ\u00e9tico a diferencia de los rodillos de caucho convencionales<\/li>\n<li>Los rodillos de fibra Nollap\u2122 pueden rectificarse para eliminar las marcas profundas poco usuales<\/li>\n<li>Los rodillos de fibra Nollap\u2122 pueden sustituir con facilidad otros tipos de rodillos de escurrido y pueden volver a recubrirse cuando alcancen el di\u00e1metro m\u00ednimo<\/li>\n<li>Los beneficios operativos de los rodillos de fibra Nollap\u2122 superan muchas veces al precio<\/li>\n<li>Los rodillos de fibra Nollap\u2122 mejoran el efecto de escurrido sin poner ning\u00fan tipo de presi\u00f3n en las fibras<\/li>\n<li>Los rodillos de fibra Nollap\u2122 tienen un coeficiente de fricci\u00f3n que es mucho mayor en comparaci\u00f3n con los rodillos de metal o de caucho, eliminando el deslizamiento<\/li>\n<li>El alto coeficiente de fricci\u00f3n de los rodillos de fibra Nollap\u2122 proporciona fibras de viscosa de mejor calidad sin zonas endurecidas, roturas ni brillos en las fibras de viscosa<\/li>\n<li>Los rodillos de fibra Nollap\u2122 duran m\u00e1s de 5 a\u00f1os en general y el per\u00edodo de amortizaci\u00f3n es de menos de un a\u00f1o<\/li>\n<\/ul>\n[\/mk_custom_list][\/vc_column_inner][\/vc_row_inner][\/vc_column][vc_column][vc_row_inner el_id=\u00bbrobertex\u00bb][vc_column_inner][mk_padding_divider size=\u00bb60&#8243;][mk_padding_divider size=\u00bb60&#8243;][vc_column_text css=\u00bb.vc_custom_1560958253181{margin-bottom: 0px !important;}\u00bb]\n<h2 style=\"text-align: center;\"><span style=\"color: #00005e;\">Robertex\u2122<\/span><\/h2>\n[\/vc_column_text][vc_column_text css=\u00bb.vc_custom_1567070452665{margin-bottom: 0px !important;}\u00bb]\n<p class=\"p1\" style=\"text-align: center;\"><span class=\"s1\" style=\"color: #00005e;\"> Rodillos resistentes a los productos qu\u00edmicos <\/span><\/p>\n[\/vc_column_text][vc_separator color=\u00bbcustom\u00bb border_width=\u00bb2&#8243; accent_color=\u00bb#00005e\u00bb][\/vc_column_inner][\/vc_row_inner][vc_row_inner][vc_column_inner width=\u00bb1\/2&#8243;][vc_column_text css=\u00bb.vc_custom_1570016432261{margin-bottom: 0px !important;}\u00bb]\n<p style=\"color: #00005e; text-align: justify !important;\">Presentaci\u00f3n de Robertex\u2122: el primer rodillo de escurrido de fibras de alta expresi\u00f3n y resistente a los productos qu\u00edmicos dise\u00f1ado especialmente para utilizar en entornos de elaboraci\u00f3n de tejidos agresivos La elecci\u00f3n ideal para utilizar en entornos \u00e1cidos o c\u00e1usticos rigurosos<\/p>\n[\/vc_column_text][mk_padding_divider size=\u00bb20&#8243;][vc_column_text css=\u00bb.vc_custom_1567070473541{margin-bottom: 0px !important;}\u00bb]\n<h3 class=\"p1\"><span class=\"s1\" style=\"color: #00005e;\">Aplicaciones<\/span><\/h3>\n[\/vc_column_text][vc_separator color=\u00bbcustom\u00bb accent_color=\u00bb#00005e\u00bb][mk_custom_list style=\u00bbmk-icon-caret-right\u00bb]\n<ul>\n<li>Extracci\u00f3n de l\u00edquidos de alta eficacia de telas tejidas, de punto y no tejidas<\/li>\n<li>Extracci\u00f3n de l\u00edquidos de alta eficacia de fibras sueltas, por ejemplo l\u00edneas \u00abpostprocesamiento\u00bb ray\u00f3n<\/li>\n<\/ul>\n[\/mk_custom_list][\/vc_column_inner][vc_column_inner width=\u00bb1\/2&#8243;][mk_image src=\u00bbhttps:\/\/kwf-hilger.com\/wp-content\/uploads\/2019\/06\/img_7772.jpg\u00bb image_size=\u00bbfull\u00bb lightbox=\u00bbtrue\u00bb align=\u00bbcenter\u00bb el_class=\u00bbletterhough\u00bb][\/vc_column_inner][\/vc_row_inner][mk_padding_divider size=\u00bb60&#8243;][vc_row_inner][vc_column_inner width=\u00bb1\/2&#8243;][vc_column_text css=\u00bb.vc_custom_1567070491116{margin-bottom: 0px !important;}\u00bb]\n<h3 class=\"p1\"><span class=\"s1\" style=\"color: #00005f;\">Fabricaci\u00f3n<\/span><\/h3>\n[\/vc_column_text][vc_separator color=\u00bbcustom\u00bb accent_color=\u00bb#00005e\u00bb][vc_column_text css=\u00bb.vc_custom_1570016455119{margin-bottom: 0px !important;}\u00bb]\n<p style=\"color: #00005e; text-align: justify !important;\">Los rodillos de fibra Robertex\u2122 est\u00e1n fabricados con ejes centrales de acero de alta calidad con recubrimientos de acero o acero inoxidable que conservan una cubierta de fibra microporosa altamente comprimida de fibras mixtas revestidas con material ligante sint\u00e9tico. Hay disponible una gama de materiales de Robertex\u2122 para adaptarse a las diferentes aplicaciones de la industria textil.<\/p>\n<p style=\"color: #00005e; text-align: justify !important;\">Las cubiertas de los rodillos Robertex\u2122 est\u00e1n compuestas de una matriz de fibras con una superficie y un interior poroso. Las fibras se unen mec\u00e1nicamente o mediante un tratamiento t\u00e9rmico y qu\u00edmico. La cubierta tiene aproximadamente un 40 % de volumen vac\u00edo (cavidades peque\u00f1as interconectadas). La resiliencia de las fibras y las caracter\u00edsticas el\u00e1sticas del sistema ligante garantizan que la estructura porosa y abierta tenga un alto grado de flexibilidad, elasticidad y resistencia.<\/p>\n[\/vc_column_text][\/vc_column_inner][vc_column_inner width=\u00bb1\/2&#8243;][vc_column_text css=\u00bb.vc_custom_1567070526139{margin-bottom: 0px !important;}\u00bb]\n<h3 class=\"p1\"><span class=\"s1\" style=\"color: #00005f;\">Beneficios<\/span><\/h3>\n[\/vc_column_text][vc_separator color=\u00bbcustom\u00bb accent_color=\u00bb#00005e\u00bb][mk_custom_list style=\u00bbmk-icon-caret-right\u00bb]La elecci\u00f3n ideal para usar en entornos \u00e1cidos y c\u00e1usticos rigurosos<\/p>\n<ul>\n<li>Rango de pH en funcionamiento: 0-14<\/li>\n<li>Temperatura m\u00e1xima: 100 \u00baC<\/li>\n<li>Robertex\u2122 es una alternativa de alto rendimiento a los rodillos de caucho<\/li>\n<li>Debido a su fabricaci\u00f3n de fibra sint\u00e9tica no tejida \u00fanica. Robertex\u2122 puede superar a los rodillos de caucho 10 veces m\u00e1s con una excepcional potencia de desag\u00fce de bajo consumo<\/li>\n<li>Menos gastos qu\u00edmicos al reducir la transferencia y la contaminaci\u00f3n cruzada, Robertex\u2122 puede ayudar a reducir el consumo de l\u00edquidos y el coste de la eliminaci\u00f3n de residuos<\/li>\n<li>Robertex\u2122 dura mucho m\u00e1s que los rodillos de caucho, de modo que no es necesario cambiarlos con tanta frecuencia lo que resulta en menos tiempo de inactividad y m\u00e1s tiempo \u00fatil<\/li>\n<\/ul>\n[\/mk_custom_list][\/vc_column_inner][\/vc_row_inner][mk_padding_divider size=\u00bb60&#8243;][mk_padding_divider size=\u00bb60&#8243;][\/vc_column][\/mk_page_section]\n<\/div>","protected":false},"excerpt":{"rendered":"<p>[mk_page_section bg_image=\u00bbhttps:\/\/kwf-hilger.com\/wp-content\/uploads\/2019\/04\/kwf_bild_intro_blau.jpg\u00bb bg_position=\u00bbleft bottom\u00bb bg_repeat=\u00bbno-repeat\u00bb bg_stretch=\u00bbtrue\u00bb speed_factor=\u00bb0.4&#8243; video_color_mask=\u00bb#1b34b5&#8243; video_opacity=\u00bb0.5&#8243; min_height=\u00bb400&#8243; full_width=\u00bbtrue\u00bb js_vertical_centered=\u00bbtrue\u00bb padding_top=\u00bb0&#8243; padding_bottom=\u00bb0&#8243; sidebar=\u00bbsidebar-1&#8243;][vc_column][vc_column_text animation=\u00bbscale-up\u00bb el_class=\u00bbschatten\u00bb css=\u00bb.vc_custom_1567070263618{margin-bottom: 0px !important;}\u00bb] Rodillos de escurrido para la industria textil [\/vc_column_text][mk_padding_divider][vc_row_inner][vc_column_inner width=\u00bb1\/3&#8243;][mk_button dimension=\u00bboutline\u00bb size=\u00bblarge\u00bb url=\u00bb#roberto\u00bb align=\u00bbcenter\u00bb fullwidth=\u00bbtrue\u00bb outline_skin=\u00bbcustom\u00bb outline_active_color=\u00bb#ffffff\u00bb outline_hover_bg_color=\u00bb#ffffff\u00bb outline_hover_color=\u00bb#00005e\u00bb]Roberto\u2122[\/mk_button][\/vc_column_inner][vc_column_inner width=\u00bb1\/3&#8243;][mk_button dimension=\u00bboutline\u00bb size=\u00bblarge\u00bb url=\u00bb#nollap\u00bb align=\u00bbcenter\u00bb fullwidth=\u00bbtrue\u00bb outline_skin=\u00bbcustom\u00bb outline_active_color=\u00bb#ffffff\u00bb outline_hover_bg_color=\u00bb#ffffff\u00bb outline_hover_color=\u00bb#00005e\u00bb]Nollap\u2122[\/mk_button][\/vc_column_inner][vc_column_inner width=\u00bb1\/3&#8243;][mk_button dimension=\u00bboutline\u00bb size=\u00bblarge\u00bb url=\u00bb#robertex\u00bb align=\u00bbcenter\u00bb fullwidth=\u00bbtrue\u00bb outline_skin=\u00bbcustom\u00bb [&hellip;]<\/p>\n","protected":false},"author":1,"featured_media":0,"parent":0,"menu_order":0,"comment_status":"closed","ping_status":"closed","template":"","meta":{"footnotes":""},"class_list":["post-1623","page","type-page","status-publish","hentry"],"_links":{"self":[{"href":"https:\/\/kwf-hilger.com\/es\/wp-json\/wp\/v2\/pages\/1623","targetHints":{"allow":["GET"]}}],"collection":[{"href":"https:\/\/kwf-hilger.com\/es\/wp-json\/wp\/v2\/pages"}],"about":[{"href":"https:\/\/kwf-hilger.com\/es\/wp-json\/wp\/v2\/types\/page"}],"author":[{"embeddable":true,"href":"https:\/\/kwf-hilger.com\/es\/wp-json\/wp\/v2\/users\/1"}],"replies":[{"embeddable":true,"href":"https:\/\/kwf-hilger.com\/es\/wp-json\/wp\/v2\/comments?post=1623"}],"version-history":[{"count":34,"href":"https:\/\/kwf-hilger.com\/es\/wp-json\/wp\/v2\/pages\/1623\/revisions"}],"predecessor-version":[{"id":1754,"href":"https:\/\/kwf-hilger.com\/es\/wp-json\/wp\/v2\/pages\/1623\/revisions\/1754"}],"wp:attachment":[{"href":"https:\/\/kwf-hilger.com\/es\/wp-json\/wp\/v2\/media?parent=1623"}],"curies":[{"name":"wp","href":"https:\/\/api.w.org\/{rel}","templated":true}]}}