{"id":1626,"date":"2019-06-17T11:08:48","date_gmt":"2019-06-17T09:08:48","guid":{"rendered":"https:\/\/kwf-hilger.com\/?page_id=1626"},"modified":"2020-07-15T15:55:36","modified_gmt":"2020-07-15T13:55:36","slug":"nonwoven-rolls-for-metal-finishing","status":"publish","type":"page","link":"https:\/\/kwf-hilger.com\/es\/nonwoven-rolls-for-metal-finishing\/","title":{"rendered":"Rodillos no tejidos para acabado met\u00e1lico"},"content":{"rendered":"<div class=\"wpb-content-wrapper\">[mk_page_section bg_image=\u00bbhttps:\/\/kwf-hilger.com\/wp-content\/uploads\/2019\/04\/kwf_bild_intro_blau.jpg\u00bb bg_position=\u00bbcenter bottom\u00bb bg_repeat=\u00bbno-repeat\u00bb bg_stretch=\u00bbtrue\u00bb speed_factor=\u00bb0.4&#8243; video_color_mask=\u00bb#1b34b5&#8243; video_opacity=\u00bb0.5&#8243; min_height=\u00bb400&#8243; full_width=\u00bbtrue\u00bb js_vertical_centered=\u00bbtrue\u00bb padding_top=\u00bb0&#8243; padding_bottom=\u00bb0&#8243; sidebar=\u00bbsidebar-1&#8243;][vc_column][vc_column_text animation=\u00bbscale-up\u00bb el_class=\u00bbschatten\u00bb css=\u00bb.vc_custom_1567069246229{margin-bottom: 0px !important;}\u00bb]\n<h1 style=\"text-align: center;\"><span style=\"color: #ffffff;\">Rodillos no tejidos para acabado met\u00e1lico<\/span><\/h1>\n[\/vc_column_text][\/vc_column][\/mk_page_section][mk_page_section bg_image=\u00bbhttps:\/\/kwf-hilger.com\/wp-content\/uploads\/2019\/04\/hintergrund_logo.png\u00bb bg_position=\u00bbcenter center\u00bb video_color_mask=\u00bb#ffffff\u00bb video_opacity=\u00bb0.7&#8243; min_height=\u00bb0&#8243; padding_top=\u00bb0&#8243; padding_bottom=\u00bb0&#8243; section_id=\u00bbwoollenpaper\u00bb sidebar=\u00bbsidebar-1&#8243;][vc_column][mk_padding_divider size=\u00bb60&#8243;][vc_column_text css=\u00bb.vc_custom_1560866298540{margin-bottom: 0px !important;}\u00bb]\n<h2 style=\"text-align: center;\"><span style=\"color: #00005e;\">Robertex\u2122<\/span><\/h2>\n[\/vc_column_text][vc_column_text css=\u00bb.vc_custom_1570015343434{margin-bottom: 0px !important;}\u00bb]\n<p class=\"p1\" style=\"text-align: center;\"><span class=\"s1\" style=\"color: #00005e;\"> Rodillos resistentes a los productos qu\u00edmicos para la industria de procesamiento del metal <\/span><\/p>\n[\/vc_column_text][vc_separator color=\u00bbcustom\u00bb border_width=\u00bb2&#8243; accent_color=\u00bb#00005e\u00bb][vc_row_inner][vc_column_inner width=\u00bb1\/2&#8243;][vc_column_text css=\u00bb.vc_custom_1567069264102{margin-bottom: 0px !important;}\u00bb]\n<h3 class=\"p1\"><span class=\"s1\" style=\"color: #00005e;\">Beneficios<\/span><\/h3>\n[\/vc_column_text][vc_separator color=\u00bbcustom\u00bb accent_color=\u00bb#00005e\u00bb][vc_column_text css=\u00bb.vc_custom_1570015352938{margin-bottom: 0px !important;}\u00bb]\n<p style=\"color: #00005e; text-align: justify !important;\">Los rodillos Robertex\u2122 son la mejor opci\u00f3n para utilizar en entornos \u00e1cidos o c\u00e1usticos m\u00e1s rigurosos durante el procesamiento met\u00e1lico.<\/p>\n[\/vc_column_text][mk_padding_divider size=\u00bb20&#8243;][mk_padding_divider size=\u00bb20&#8243;][mk_padding_divider size=\u00bb20&#8243;][vc_column_text css=\u00bb.vc_custom_1567069284775{margin-bottom: 0px !important;}\u00bb]\n<h3 class=\"p1\"><span class=\"s1\" style=\"color: #00005e;\">Rango de pH operativo 0-14<\/span><\/h3>\n[\/vc_column_text][vc_separator color=\u00bbcustom\u00bb accent_color=\u00bb#00005e\u00bb][mk_custom_list style=\u00bbmk-icon-caret-right\u00bb]\n<ul>\n<li>Temperatura m\u00e1xima de 100 \u00baC<\/li>\n<li>Robertex\u2122 es una alternativa de alto rendimiento a los rodillos de goma<\/li>\n<li>Debido a su fabricaci\u00f3n \u00fanica con fibra sint\u00e9tica no tejida<\/li>\n<li>Robertex\u2122 puede hacer que los rodillos duren 10 veces m\u00e1s con un poder excepcional de deshidrataci\u00f3n de bajo consumo<\/li>\n<li>La menor frecuencia de cambio de rodillos logra que cada vez haya menos interrupciones y m\u00e1s tiempo de producci\u00f3n<\/li>\n<\/ul>\n[\/mk_custom_list][\/vc_column_inner][vc_column_inner width=\u00bb1\/2&#8243;][mk_image src=\u00bbhttps:\/\/kwf-hilger.com\/wp-content\/uploads\/2019\/06\/resilio-roll.jpg\u00bb image_size=\u00bbfull\u00bb lightbox=\u00bbtrue\u00bb][\/vc_column_inner][\/vc_row_inner][\/vc_column][vc_column][mk_padding_divider size=\u00bb60&#8243;][mk_padding_divider size=\u00bb60&#8243;][\/vc_column][\/mk_page_section]\n<\/div>","protected":false},"excerpt":{"rendered":"<p>[mk_page_section bg_image=\u00bbhttps:\/\/kwf-hilger.com\/wp-content\/uploads\/2019\/04\/kwf_bild_intro_blau.jpg\u00bb bg_position=\u00bbcenter bottom\u00bb bg_repeat=\u00bbno-repeat\u00bb bg_stretch=\u00bbtrue\u00bb speed_factor=\u00bb0.4&#8243; video_color_mask=\u00bb#1b34b5&#8243; video_opacity=\u00bb0.5&#8243; min_height=\u00bb400&#8243; full_width=\u00bbtrue\u00bb js_vertical_centered=\u00bbtrue\u00bb padding_top=\u00bb0&#8243; padding_bottom=\u00bb0&#8243; sidebar=\u00bbsidebar-1&#8243;][vc_column][vc_column_text animation=\u00bbscale-up\u00bb el_class=\u00bbschatten\u00bb css=\u00bb.vc_custom_1567069246229{margin-bottom: 0px !important;}\u00bb] Rodillos no tejidos para acabado met\u00e1lico [\/vc_column_text][\/vc_column][\/mk_page_section][mk_page_section bg_image=\u00bbhttps:\/\/kwf-hilger.com\/wp-content\/uploads\/2019\/04\/hintergrund_logo.png\u00bb bg_position=\u00bbcenter center\u00bb video_color_mask=\u00bb#ffffff\u00bb video_opacity=\u00bb0.7&#8243; min_height=\u00bb0&#8243; padding_top=\u00bb0&#8243; padding_bottom=\u00bb0&#8243; section_id=\u00bbwoollenpaper\u00bb sidebar=\u00bbsidebar-1&#8243;][vc_column][mk_padding_divider size=\u00bb60&#8243;][vc_column_text css=\u00bb.vc_custom_1560866298540{margin-bottom: 0px !important;}\u00bb] Robertex\u2122 [\/vc_column_text][vc_column_text css=\u00bb.vc_custom_1570015343434{margin-bottom: 0px !important;}\u00bb] Rodillos resistentes a los productos qu\u00edmicos para la industria [&hellip;]<\/p>\n","protected":false},"author":1,"featured_media":0,"parent":0,"menu_order":0,"comment_status":"closed","ping_status":"closed","template":"","meta":{"footnotes":""},"class_list":["post-1626","page","type-page","status-publish","hentry"],"_links":{"self":[{"href":"https:\/\/kwf-hilger.com\/es\/wp-json\/wp\/v2\/pages\/1626","targetHints":{"allow":["GET"]}}],"collection":[{"href":"https:\/\/kwf-hilger.com\/es\/wp-json\/wp\/v2\/pages"}],"about":[{"href":"https:\/\/kwf-hilger.com\/es\/wp-json\/wp\/v2\/types\/page"}],"author":[{"embeddable":true,"href":"https:\/\/kwf-hilger.com\/es\/wp-json\/wp\/v2\/users\/1"}],"replies":[{"embeddable":true,"href":"https:\/\/kwf-hilger.com\/es\/wp-json\/wp\/v2\/comments?post=1626"}],"version-history":[{"count":17,"href":"https:\/\/kwf-hilger.com\/es\/wp-json\/wp\/v2\/pages\/1626\/revisions"}],"predecessor-version":[{"id":2291,"href":"https:\/\/kwf-hilger.com\/es\/wp-json\/wp\/v2\/pages\/1626\/revisions\/2291"}],"wp:attachment":[{"href":"https:\/\/kwf-hilger.com\/es\/wp-json\/wp\/v2\/media?parent=1626"}],"curies":[{"name":"wp","href":"https:\/\/api.w.org\/{rel}","templated":true}]}}