{"id":1835,"date":"2019-06-19T15:27:04","date_gmt":"2019-06-19T13:27:04","guid":{"rendered":"https:\/\/kwf-hilger.com\/?page_id=1835"},"modified":"2019-10-02T13:30:17","modified_gmt":"2019-10-02T11:30:17","slug":"service","status":"publish","type":"page","link":"https:\/\/kwf-hilger.com\/es\/service\/","title":{"rendered":"Servicios"},"content":{"rendered":"<div class=\"wpb-content-wrapper\">[mk_page_section bg_image=\u00bbhttps:\/\/kwf-hilger.com\/wp-content\/uploads\/2019\/04\/kwf_bild_intro_blau.jpg\u00bb bg_position=\u00bbleft center\u00bb bg_repeat=\u00bbno-repeat\u00bb bg_stretch=\u00bbtrue\u00bb speed_factor=\u00bb0.4&#8243; video_color_mask=\u00bb#1b34b5&#8243; video_opacity=\u00bb0.5&#8243; min_height=\u00bb400&#8243; full_width=\u00bbtrue\u00bb js_vertical_centered=\u00bbtrue\u00bb padding_top=\u00bb0&#8243; padding_bottom=\u00bb0&#8243; sidebar=\u00bbsidebar-1&#8243;][vc_column][vc_column_text animation=\u00bbscale-up\u00bb el_class=\u00bbschatten\u00bb css=\u00bb.vc_custom_1567069792455{margin-bottom: 0px !important;}\u00bb]\n<h1 style=\"text-align: center;\"><span style=\"color: #ffffff;\">Servicios<\/span><\/h1>\n[\/vc_column_text][vc_column_text disable_pattern=\u00bbfalse\u00bb css=\u00bb.vc_custom_1567069799463{margin-bottom: 0px !important;}\u00bb]\n<p style=\"color: #00005e; text-align: center;\"><span style=\"color: #ffffff;\">KWF tiene un amplio parque de m\u00e1quinas y personal altamente cualificado. Por lo tanto, la empresa puede ofrecer un servicio integral completo para sus rodillos.<\/span><\/p>\n[\/vc_column_text][mk_padding_divider][vc_row_inner][vc_column_inner width=\u00bb1\/3&#8243;][mk_button dimension=\u00bboutline\u00bb size=\u00bblarge\u00bb url=\u00bb#new\u00bb align=\u00bbcenter\u00bb fullwidth=\u00bbtrue\u00bb outline_skin=\u00bbcustom\u00bb outline_active_text_color=\u00bb#ffffff\u00bb outline_hover_bg_color=\u00bb#ffffff\u00bb outline_hover_color=\u00bb#00005e\u00bb]Fabricaci\u00f3n de nuevos rodillos[\/mk_button][\/vc_column_inner][vc_column_inner width=\u00bb1\/3&#8243;][mk_button dimension=\u00bboutline\u00bb size=\u00bblarge\u00bb url=\u00bb#recon\u00bb align=\u00bbcenter\u00bb fullwidth=\u00bbtrue\u00bb outline_skin=\u00bbcustom\u00bb outline_active_color=\u00bb#ffffff\u00bb outline_hover_bg_color=\u00bb#ffffff\u00bb outline_hover_color=\u00bb#00005e\u00bb]Reacondicionamiento del rodillo[\/mk_button][\/vc_column_inner][vc_column_inner width=\u00bb1\/3&#8243;][mk_button dimension=\u00bboutline\u00bb size=\u00bblarge\u00bb url=\u00bb#grind\u00bb align=\u00bbcenter\u00bb fullwidth=\u00bbtrue\u00bb outline_skin=\u00bbcustom\u00bb outline_active_color=\u00bb#ffffff\u00bb outline_hover_bg_color=\u00bb#ffffff\u00bb outline_hover_color=\u00bb#00005e\u00bb]Amolado de precisi\u00f3n[\/mk_button][\/vc_column_inner][\/vc_row_inner][\/vc_column][\/mk_page_section][mk_page_section bg_image=\u00bbhttps:\/\/kwf-hilger.com\/wp-content\/uploads\/2019\/04\/hintergrund_logo.png\u00bb bg_position=\u00bbcenter center\u00bb video_color_mask=\u00bb#ffffff\u00bb video_opacity=\u00bb0.7&#8243; min_height=\u00bb0&#8243; padding_top=\u00bb0&#8243; padding_bottom=\u00bb0&#8243; section_id=\u00bbnew\u00bb sidebar=\u00bbsidebar-1&#8243;][vc_column][mk_padding_divider size=\u00bb60&#8243;][vc_column_text css=\u00bb.vc_custom_1567069826231{margin-bottom: 0px !important;}\u00bb]\n<h2 style=\"text-align: center;\"><span style=\"color: #00005e;\">Fabricaci\u00f3n de nuevos rodillos<\/span><\/h2>\n[\/vc_column_text][vc_separator color=\u00bbcustom\u00bb border_width=\u00bb2&#8243; accent_color=\u00bb#00005e\u00bb][vc_row_inner][vc_column_inner][mk_custom_list style=\u00bbmk-icon-caret-right\u00bb]\n<ul>\n<li>Uso del software CAD para dise\u00f1ar rodillos<\/li>\n<li>El dise\u00f1o de mecanismos de bloqueo seguros garantiza que la cubierta, sometida a enormes presiones, funcione bien en el entorno de producci\u00f3n y garantice la seguridad de los trabajadores.<\/li>\n<li>Para ejes nuevos, solo utilizamos los mejores materiales base, desde acero endurecido hasta acero inoxidable. Nuestros ingenieros mec\u00e1nicos y torneros, que cuentan con treinta a\u00f1os de experiencia en la fabricaci\u00f3n de rodillos nuevos, trabajan en la precisi\u00f3n de una cent\u00e9sima de mm.<\/li>\n<li>La empresa tiene un amplio archivo de planos de rodillos desde hace 50 a\u00f1os. Tambi\u00e9n colaboramos con todos los principales especialistas de la m\u00e1quina de calandrado, como Andritz, Guarneri y Jagenberg.<\/li>\n<\/ul>\n[\/mk_custom_list][\/vc_column_inner][\/vc_row_inner][vc_row_inner][vc_column_inner width=\u00bb1\/3&#8243;][mk_image src=\u00bbhttps:\/\/kwf-hilger.com\/wp-content\/uploads\/2019\/06\/web-sup-new-rolls-1.jpg\u00bb image_size=\u00bblarge\u00bb lightbox=\u00bbtrue\u00bb align=\u00bbcenter\u00bb el_class=\u00bbletterhough\u00bb][\/vc_column_inner][vc_column_inner width=\u00bb1\/3&#8243;][mk_image src=\u00bbhttps:\/\/kwf-hilger.com\/wp-content\/uploads\/2019\/06\/roll-new-rolls-5.jpg\u00bb image_size=\u00bblarge\u00bb lightbox=\u00bbtrue\u00bb align=\u00bbcenter\u00bb el_class=\u00bbletterhough\u00bb][\/vc_column_inner][vc_column_inner width=\u00bb1\/3&#8243;][mk_image src=\u00bbhttps:\/\/kwf-hilger.com\/wp-content\/uploads\/2019\/06\/website-kugellager.jpg\u00bb image_size=\u00bblarge\u00bb lightbox=\u00bbtrue\u00bb align=\u00bbcenter\u00bb el_class=\u00bbletterhough\u00bb][\/vc_column_inner][\/vc_row_inner][\/vc_column][vc_column][vc_row_inner el_id=\u00bbrecon\u00bb][vc_column_inner][mk_padding_divider size=\u00bb60&#8243;][mk_padding_divider size=\u00bb60&#8243;][vc_column_text css=\u00bb.vc_custom_1567069841282{margin-bottom: 0px !important;}\u00bb]\n<h2 style=\"text-align: center;\"><span style=\"color: #00005e;\">Reacondicionamiento del rodillo y el eje<\/span><\/h2>\n[\/vc_column_text][vc_separator color=\u00bbcustom\u00bb border_width=\u00bb2&#8243; accent_color=\u00bb#00005e\u00bb][\/vc_column_inner][\/vc_row_inner][vc_row_inner][vc_column_inner][mk_custom_list style=\u00bbmk-icon-caret-right\u00bb]\n<ul>\n<li>Reparaci\u00f3n de ejes, sistemas de bloqueo, etc.<\/li>\n<li>Hay disponible varios revestimientos de ejes para reducir la formaci\u00f3n de corrosi\u00f3n y adaptarlos a entornos de producci\u00f3n duros, por ejemplo \u00e1cidos, con lo que se protege y aumenta la vida \u00fatil de las cubiertas de los rodillos.<\/li>\n<\/ul>\n[\/mk_custom_list][\/vc_column_inner][\/vc_row_inner][vc_row_inner][vc_column_inner width=\u00bb1\/3&#8243;][mk_image src=\u00bbhttps:\/\/kwf-hilger.com\/wp-content\/uploads\/2019\/06\/roll-repair.jpg\u00bb image_size=\u00bblarge\u00bb lightbox=\u00bbtrue\u00bb align=\u00bbcenter\u00bb el_class=\u00bbletterhough\u00bb][\/vc_column_inner][vc_column_inner width=\u00bb1\/3&#8243;][mk_image src=\u00bbhttps:\/\/kwf-hilger.com\/wp-content\/uploads\/2019\/06\/website-sup-new-rolls-5.jpg\u00bb image_size=\u00bblarge\u00bb lightbox=\u00bbtrue\u00bb align=\u00bbcenter\u00bb el_class=\u00bbletterhough\u00bb][\/vc_column_inner][vc_column_inner width=\u00bb1\/3&#8243;][mk_image src=\u00bbhttps:\/\/kwf-hilger.com\/wp-content\/uploads\/2019\/06\/web-sup-rolls-rep.jpg\u00bb image_size=\u00bblarge\u00bb lightbox=\u00bbtrue\u00bb align=\u00bbcenter\u00bb el_class=\u00bbletterhough\u00bb][\/vc_column_inner][\/vc_row_inner][\/vc_column][vc_column][vc_row_inner el_id=\u00bbgrind\u00bb][vc_column_inner][mk_padding_divider size=\u00bb60&#8243;][mk_padding_divider size=\u00bb60&#8243;][vc_column_text css=\u00bb.vc_custom_1567069862181{margin-bottom: 0px !important;}\u00bb]\n<h2 style=\"text-align: center;\"><span style=\"color: #00005e;\">Amolado de precisi\u00f3n<\/span><\/h2>\n[\/vc_column_text][vc_separator color=\u00bbcustom\u00bb border_width=\u00bb2&#8243; accent_color=\u00bb#00005e\u00bb][\/vc_column_inner][\/vc_row_inner][vc_row_inner][vc_column_inner][mk_custom_list style=\u00bbmk-icon-caret-right\u00bb]\n<ul>\n<li>Rectificado con abombado<\/li>\n<li>Hay disponibles diferentes acabados<\/li>\n<li>Acabado de torneado tradicional\n<ul>\n<li>Rectificado a la piedra<\/li>\n<li>Rectificado h\u00famedo<\/li>\n<\/ul>\n<\/li>\n<\/ul>\n[\/mk_custom_list][\/vc_column_inner][\/vc_row_inner][vc_row_inner][vc_column_inner width=\u00bb1\/3&#8243;][mk_image src=\u00bbhttps:\/\/kwf-hilger.com\/wp-content\/uploads\/2019\/06\/website-precision-n.jpg\u00bb image_size=\u00bblarge\u00bb lightbox=\u00bbtrue\u00bb align=\u00bbcenter\u00bb el_class=\u00bbletterhough\u00bb][\/vc_column_inner][vc_column_inner width=\u00bb1\/3&#8243;][mk_image src=\u00bbhttps:\/\/kwf-hilger.com\/wp-content\/uploads\/2019\/06\/wet-grinding-3.jpg\u00bb image_size=\u00bblarge\u00bb lightbox=\u00bbtrue\u00bb align=\u00bbcenter\u00bb el_class=\u00bbletterhough\u00bb][\/vc_column_inner][vc_column_inner width=\u00bb1\/3&#8243;][mk_image src=\u00bbhttps:\/\/kwf-hilger.com\/wp-content\/uploads\/2019\/06\/website-bs-.jpg\u00bb image_size=\u00bblarge\u00bb lightbox=\u00bbtrue\u00bb align=\u00bbcenter\u00bb el_class=\u00bbletterhough\u00bb][\/vc_column_inner][\/vc_row_inner][mk_padding_divider size=\u00bb60&#8243;][mk_padding_divider size=\u00bb60&#8243;][\/vc_column][\/mk_page_section]\n<\/div>","protected":false},"excerpt":{"rendered":"<p>[mk_page_section bg_image=\u00bbhttps:\/\/kwf-hilger.com\/wp-content\/uploads\/2019\/04\/kwf_bild_intro_blau.jpg\u00bb bg_position=\u00bbleft center\u00bb bg_repeat=\u00bbno-repeat\u00bb bg_stretch=\u00bbtrue\u00bb speed_factor=\u00bb0.4&#8243; video_color_mask=\u00bb#1b34b5&#8243; video_opacity=\u00bb0.5&#8243; min_height=\u00bb400&#8243; full_width=\u00bbtrue\u00bb js_vertical_centered=\u00bbtrue\u00bb padding_top=\u00bb0&#8243; padding_bottom=\u00bb0&#8243; sidebar=\u00bbsidebar-1&#8243;][vc_column][vc_column_text animation=\u00bbscale-up\u00bb el_class=\u00bbschatten\u00bb css=\u00bb.vc_custom_1567069792455{margin-bottom: 0px !important;}\u00bb] Servicios [\/vc_column_text][vc_column_text disable_pattern=\u00bbfalse\u00bb css=\u00bb.vc_custom_1567069799463{margin-bottom: 0px !important;}\u00bb] KWF tiene un amplio parque de m\u00e1quinas y personal altamente cualificado. Por lo tanto, la empresa puede ofrecer un servicio integral completo para sus rodillos. [\/vc_column_text][mk_padding_divider][vc_row_inner][vc_column_inner width=\u00bb1\/3&#8243;][mk_button dimension=\u00bboutline\u00bb size=\u00bblarge\u00bb [&hellip;]<\/p>\n","protected":false},"author":1,"featured_media":0,"parent":0,"menu_order":0,"comment_status":"closed","ping_status":"closed","template":"","meta":{"footnotes":""},"class_list":["post-1835","page","type-page","status-publish","hentry"],"_links":{"self":[{"href":"https:\/\/kwf-hilger.com\/es\/wp-json\/wp\/v2\/pages\/1835","targetHints":{"allow":["GET"]}}],"collection":[{"href":"https:\/\/kwf-hilger.com\/es\/wp-json\/wp\/v2\/pages"}],"about":[{"href":"https:\/\/kwf-hilger.com\/es\/wp-json\/wp\/v2\/types\/page"}],"author":[{"embeddable":true,"href":"https:\/\/kwf-hilger.com\/es\/wp-json\/wp\/v2\/users\/1"}],"replies":[{"embeddable":true,"href":"https:\/\/kwf-hilger.com\/es\/wp-json\/wp\/v2\/comments?post=1835"}],"version-history":[{"count":21,"href":"https:\/\/kwf-hilger.com\/es\/wp-json\/wp\/v2\/pages\/1835\/revisions"}],"predecessor-version":[{"id":2294,"href":"https:\/\/kwf-hilger.com\/es\/wp-json\/wp\/v2\/pages\/1835\/revisions\/2294"}],"wp:attachment":[{"href":"https:\/\/kwf-hilger.com\/es\/wp-json\/wp\/v2\/media?parent=1835"}],"curies":[{"name":"wp","href":"https:\/\/api.w.org\/{rel}","templated":true}]}}