{"id":788,"date":"2019-03-28T13:48:51","date_gmt":"2019-03-28T12:48:51","guid":{"rendered":"https:\/\/kwf-hilger.com\/?page_id=788"},"modified":"2019-10-02T13:31:26","modified_gmt":"2019-10-02T11:31:26","slug":"simtex","status":"publish","type":"page","link":"https:\/\/kwf-hilger.com\/es\/simtex\/","title":{"rendered":"SIMTEX\u2122_Embossing"},"content":{"rendered":"<div class=\"wpb-content-wrapper\">[mk_page_section bg_image=\u00bbhttps:\/\/kwf-hilger.com\/wp-content\/uploads\/2019\/04\/kwf_bild_intro_blau.jpg\u00bb bg_position=\u00bbleft center\u00bb bg_repeat=\u00bbno-repeat\u00bb bg_stretch=\u00bbtrue\u00bb speed_factor=\u00bb0.4&#8243; video_color_mask=\u00bb#1b34b5&#8243; video_opacity=\u00bb0.5&#8243; min_height=\u00bb400&#8243; full_width=\u00bbtrue\u00bb js_vertical_centered=\u00bbtrue\u00bb padding_top=\u00bb0&#8243; padding_bottom=\u00bb0&#8243; sidebar=\u00bbsidebar-1&#8243;][vc_column][vc_column_text animation=\u00bbscale-up\u00bb el_class=\u00bbschatten\u00bb css=\u00bb.vc_custom_1560945072884{margin-bottom: 0px !important;}\u00bb]\n<h1 style=\"text-align: center;\"><span style=\"color: #ffffff;\">Simtex\u2122<\/span><\/h1>\n[\/vc_column_text][mk_padding_divider][vc_row_inner][vc_column_inner width=\u00bb1\/4&#8243;][mk_button dimension=\u00bboutline\u00bb size=\u00bblarge\u00bb url=\u00bb\/simtex_general\/\u00bb align=\u00bbcenter\u00bb fullwidth=\u00bbtrue\u00bb margin_right=\u00bb0&#8243; outline_skin=\u00bbcustom\u00bb outline_active_color=\u00bb#ffffff\u00bb outline_hover_bg_color=\u00bb#ffffff\u00bb outline_hover_color=\u00bb#00005e\u00bb]Informaci\u00f3n general[\/mk_button][\/vc_column_inner][vc_column_inner width=\u00bb1\/4&#8243;][mk_button dimension=\u00bboutline\u00bb size=\u00bblarge\u00bb url=\u00bb\/simtex_paper\u00bb align=\u00bbcenter\u00bb fullwidth=\u00bbtrue\u00bb outline_skin=\u00bbcustom\u00bb outline_active_text_color=\u00bb#ffffff\u00bb outline_hover_bg_color=\u00bb#ffffff\u00bb outline_hover_color=\u00bb#00005e\u00bb]Calandrado del papel[\/mk_button][\/vc_column_inner][vc_column_inner width=\u00bb1\/4&#8243;][mk_button dimension=\u00bboutline\u00bb size=\u00bblarge\u00bb url=\u00bb\/simtex\/\u00bb align=\u00bbcenter\u00bb fullwidth=\u00bbtrue\u00bb id=\u00bbaktiv\u00bb outline_skin=\u00bbcustom\u00bb outline_active_color=\u00bb#ffffff\u00bb outline_hover_bg_color=\u00bb#ffffff\u00bb outline_hover_color=\u00bb#00005e\u00bb]Gofrado Simtex\u2122[\/mk_button][\/vc_column_inner][vc_column_inner width=\u00bb1\/4&#8243;][mk_button dimension=\u00bboutline\u00bb size=\u00bblarge\u00bb url=\u00bb\/simtex_textiles\u00bb align=\u00bbcenter\u00bb fullwidth=\u00bbtrue\u00bb outline_skin=\u00bbcustom\u00bb outline_active_color=\u00bb#ffffff\u00bb outline_hover_bg_color=\u00bb#ffffff\u00bb outline_hover_color=\u00bb#00005e\u00bb]Calandrado textil[\/mk_button][\/vc_column_inner][\/vc_row_inner][\/vc_column][\/mk_page_section][mk_page_section bg_image=\u00bbhttps:\/\/kwf-hilger.com\/wp-content\/uploads\/2019\/04\/hintergrund_logo.png\u00bb video_color_mask=\u00bb#ffffff\u00bb video_opacity=\u00bb0.7&#8243; min_height=\u00bb0&#8243; padding_top=\u00bb0&#8243; padding_bottom=\u00bb0&#8243; section_id=\u00bbwoollenpaper\u00bb sidebar=\u00bbsidebar-1&#8243;][vc_column][mk_padding_divider size=\u00bb60&#8243;][vc_column_text css=\u00bb.vc_custom_1567072493055{margin-bottom: 0px !important;}\u00bb]\n<h2 class=\"p1\" style=\"text-align: center;\"><span style=\"color: #00005e;\">Simtex\u2122\u00a0Gofrado<\/span><\/h2>\n[\/vc_column_text][vc_column_text css=\u00bb.vc_custom_1567072504335{margin-bottom: 0px !important;}\u00bb]\n<p class=\"p1\" style=\"text-align: center;\"><span class=\"s1\" style=\"color: #00005e;\">Gofrado de alto rendimiento, rendimiento innovador<\/span><\/p>\n[\/vc_column_text][vc_separator color=\u00bbcustom\u00bb border_width=\u00bb2&#8243; accent_color=\u00bb#00005e\u00bb][vc_row_inner][vc_column_inner width=\u00bb1\/2&#8243;][vc_column_text css=\u00bb.vc_custom_1570015846778{margin-bottom: 0px !important;}\u00bb]\n<p style=\"color: #00005e; text-align: justify !important;\">Nuestra \u00faltima innovaci\u00f3n, Simtex\u2122, lleva al gofrado a un nuevo nivel de excelencia. Utiliza una f\u00f3rmula especial de fibras sint\u00e9ticas seleccionadas especialmente, preparadas de un modo \u00fanico, orientadas circularmente para coincidir con la direcci\u00f3n del material que se va a gofrar. Este enfoque garantiza una resistencia \u00abforjada\u00bb m\u00e1xima y, por lo tanto, una definici\u00f3n m\u00e1xima.<\/p>\n<p style=\"color: #00005e; text-align: justify !important;\">Una de las muchas ventajas de usar Simtex\u2122 es que puede resistir una temperatura superficial m\u00e1xima de 250 \u00baC lo que permite un gofrado de muy alta velocidad.<\/p>\n[\/vc_column_text][\/vc_column_inner][vc_column_inner width=\u00bb1\/2&#8243;][vc_single_image image=\u00bb794&#8243; img_size=\u00bbfull\u00bb][\/vc_column_inner][\/vc_row_inner][\/vc_column][vc_column][mk_padding_divider size=\u00bb60&#8243;][vc_row_inner][vc_column_inner width=\u00bb1\/2&#8243;][vc_column_text css=\u00bb.vc_custom_1567072527458{margin-bottom: 0px !important;}\u00bb]\n<h3><span style=\"color: #00005e;\"><span class=\"s1\"><b>Por qu\u00e9 utilizar Simtex\u2122<\/b><\/span><\/span><\/h3>\n[\/vc_column_text][vc_separator color=\u00bbcustom\u00bb accent_color=\u00bb#00005e\u00bb][mk_custom_list style=\u00bbmk-icon-caret-right\u00bb]\n<ul>\n<li>Intervalo de nuevo rectificado de hasta 1000 horas<\/li>\n<li>Gama de Shore D 45-90<\/li>\n<li>Mayor profundidad del material<\/li>\n<li>Mayor duraci\u00f3n<\/li>\n<li>Marcado m\u00ednimo<\/li>\n<li>Adecuado para dise\u00f1os finos (profundidad del dibujo inferior a 2 mm)<\/li>\n<li>Tiempo de puesta en marcha muy reducido<\/li>\n<li>Altamente resiliente: las marcas de da\u00f1os m\u00ednimos se recuperan con facilidad<\/li>\n<li>Una rectificaci\u00f3n menor significa mayor duraci\u00f3n del rodillo y tiempo de inactividad menor<\/li>\n<li>Aplicaciones con o sin engranaje<\/li>\n<li>Mayor duraci\u00f3n del rodillo y mejora de la productividad sobre los rodillos de papel de lana tradicionales.<\/li>\n<li>RESISTENCIA DE LA TEMPERATURA SUPERFICIAL DE 250 \u00baC<\/li>\n<li>VELOCIDADES DEL GOFRADO 1000 M \/ MIN<\/li>\n<\/ul>\n[\/mk_custom_list][\/vc_column_inner][vc_column_inner width=\u00bb1\/2&#8243;][vc_column_text css=\u00bb.vc_custom_1570015878114{margin-bottom: 0px !important;}\u00bb]\n<h3><span style=\"color: #00005e;\"><span class=\"s1\"><b>Por qu\u00e9 actualizar a Simtex\u2122<\/b><\/span><\/span><\/h3>\n[\/vc_column_text][vc_separator color=\u00bbcustom\u00bb accent_color=\u00bb#00005e\u00bb][mk_custom_list style=\u00bbmk-icon-caret-right\u00bb]\n<ul>\n<li>La definici\u00f3n perfecta se puede obtener tanto con engranado como sin \u00e9l<\/li>\n<li>No es necesario un sistema de refrigeraci\u00f3n<\/li>\n<li>Se pueden obtener velocidades de gofrado de hasta 1000 m \/ min<\/li>\n<li>Resistencia de la temperatura superficial de 250 \u00baC<\/li>\n<\/ul>\n[\/mk_custom_list][\/vc_column_inner][\/vc_row_inner][\/vc_column][vc_column][mk_padding_divider size=\u00bb60&#8243;][mk_padding_divider size=\u00bb60&#8243;][\/vc_column][\/mk_page_section]\n<\/div>","protected":false},"excerpt":{"rendered":"<p>[mk_page_section bg_image=\u00bbhttps:\/\/kwf-hilger.com\/wp-content\/uploads\/2019\/04\/kwf_bild_intro_blau.jpg\u00bb bg_position=\u00bbleft center\u00bb bg_repeat=\u00bbno-repeat\u00bb bg_stretch=\u00bbtrue\u00bb speed_factor=\u00bb0.4&#8243; video_color_mask=\u00bb#1b34b5&#8243; video_opacity=\u00bb0.5&#8243; min_height=\u00bb400&#8243; full_width=\u00bbtrue\u00bb js_vertical_centered=\u00bbtrue\u00bb padding_top=\u00bb0&#8243; padding_bottom=\u00bb0&#8243; sidebar=\u00bbsidebar-1&#8243;][vc_column][vc_column_text animation=\u00bbscale-up\u00bb el_class=\u00bbschatten\u00bb css=\u00bb.vc_custom_1560945072884{margin-bottom: 0px !important;}\u00bb] Simtex\u2122 [\/vc_column_text][mk_padding_divider][vc_row_inner][vc_column_inner width=\u00bb1\/4&#8243;][mk_button dimension=\u00bboutline\u00bb size=\u00bblarge\u00bb url=\u00bb\/simtex_general\/\u00bb align=\u00bbcenter\u00bb fullwidth=\u00bbtrue\u00bb margin_right=\u00bb0&#8243; outline_skin=\u00bbcustom\u00bb outline_active_color=\u00bb#ffffff\u00bb outline_hover_bg_color=\u00bb#ffffff\u00bb outline_hover_color=\u00bb#00005e\u00bb]Informaci\u00f3n general[\/mk_button][\/vc_column_inner][vc_column_inner width=\u00bb1\/4&#8243;][mk_button dimension=\u00bboutline\u00bb size=\u00bblarge\u00bb url=\u00bb\/simtex_paper\u00bb align=\u00bbcenter\u00bb fullwidth=\u00bbtrue\u00bb outline_skin=\u00bbcustom\u00bb outline_active_text_color=\u00bb#ffffff\u00bb outline_hover_bg_color=\u00bb#ffffff\u00bb outline_hover_color=\u00bb#00005e\u00bb]Calandrado del papel[\/mk_button][\/vc_column_inner][vc_column_inner width=\u00bb1\/4&#8243;][mk_button dimension=\u00bboutline\u00bb size=\u00bblarge\u00bb url=\u00bb\/simtex\/\u00bb align=\u00bbcenter\u00bb fullwidth=\u00bbtrue\u00bb id=\u00bbaktiv\u00bb outline_skin=\u00bbcustom\u00bb outline_active_color=\u00bb#ffffff\u00bb [&hellip;]<\/p>\n","protected":false},"author":1,"featured_media":0,"parent":0,"menu_order":0,"comment_status":"closed","ping_status":"closed","template":"","meta":{"footnotes":""},"class_list":["post-788","page","type-page","status-publish","hentry"],"_links":{"self":[{"href":"https:\/\/kwf-hilger.com\/es\/wp-json\/wp\/v2\/pages\/788","targetHints":{"allow":["GET"]}}],"collection":[{"href":"https:\/\/kwf-hilger.com\/es\/wp-json\/wp\/v2\/pages"}],"about":[{"href":"https:\/\/kwf-hilger.com\/es\/wp-json\/wp\/v2\/types\/page"}],"author":[{"embeddable":true,"href":"https:\/\/kwf-hilger.com\/es\/wp-json\/wp\/v2\/users\/1"}],"replies":[{"embeddable":true,"href":"https:\/\/kwf-hilger.com\/es\/wp-json\/wp\/v2\/comments?post=788"}],"version-history":[{"count":60,"href":"https:\/\/kwf-hilger.com\/es\/wp-json\/wp\/v2\/pages\/788\/revisions"}],"predecessor-version":[{"id":2295,"href":"https:\/\/kwf-hilger.com\/es\/wp-json\/wp\/v2\/pages\/788\/revisions\/2295"}],"wp:attachment":[{"href":"https:\/\/kwf-hilger.com\/es\/wp-json\/wp\/v2\/media?parent=788"}],"curies":[{"name":"wp","href":"https:\/\/api.w.org\/{rel}","templated":true}]}}