{"id":834,"date":"2019-03-29T10:00:28","date_gmt":"2019-03-29T09:00:28","guid":{"rendered":"https:\/\/kwf-hilger.com\/?page_id=834"},"modified":"2020-07-15T15:28:18","modified_gmt":"2020-07-15T13:28:18","slug":"simtex_textiles","status":"publish","type":"page","link":"https:\/\/kwf-hilger.com\/es\/simtex_textiles\/","title":{"rendered":"Simtex\u2122_Textiles"},"content":{"rendered":"<div class=\"wpb-content-wrapper\">[mk_page_section bg_image=\u00bbhttps:\/\/kwf-hilger.com\/wp-content\/uploads\/2019\/04\/kwf_bild_intro_blau.jpg\u00bb bg_position=\u00bbleft center\u00bb bg_repeat=\u00bbno-repeat\u00bb bg_stretch=\u00bbtrue\u00bb speed_factor=\u00bb0.4&#8243; video_color_mask=\u00bb#1b34b5&#8243; video_opacity=\u00bb0.5&#8243; min_height=\u00bb400&#8243; full_width=\u00bbtrue\u00bb js_vertical_centered=\u00bbtrue\u00bb padding_top=\u00bb0&#8243; padding_bottom=\u00bb0&#8243; sidebar=\u00bbsidebar-1&#8243;][vc_column][vc_column_text animation=\u00bbscale-up\u00bb el_class=\u00bbschatten\u00bb css=\u00bb.vc_custom_1560945072884{margin-bottom: 0px !important;}\u00bb]\n<h1 style=\"text-align: center;\"><span style=\"color: #ffffff;\">Simtex\u2122<\/span><\/h1>\n[\/vc_column_text][mk_padding_divider][vc_row_inner][vc_column_inner width=\u00bb1\/4&#8243;][mk_button dimension=\u00bboutline\u00bb size=\u00bblarge\u00bb url=\u00bb\/simtex_general\/\u00bb align=\u00bbcenter\u00bb fullwidth=\u00bbtrue\u00bb margin_right=\u00bb0&#8243; outline_skin=\u00bbcustom\u00bb outline_active_color=\u00bb#ffffff\u00bb outline_hover_bg_color=\u00bb#ffffff\u00bb outline_hover_color=\u00bb#00005e\u00bb]Informaci\u00f3n general[\/mk_button][\/vc_column_inner][vc_column_inner width=\u00bb1\/4&#8243;][mk_button dimension=\u00bboutline\u00bb size=\u00bblarge\u00bb url=\u00bb\/simtex_paper\u00bb align=\u00bbcenter\u00bb fullwidth=\u00bbtrue\u00bb outline_skin=\u00bbcustom\u00bb outline_active_text_color=\u00bb#ffffff\u00bb outline_hover_bg_color=\u00bb#ffffff\u00bb outline_hover_color=\u00bb#00005e\u00bb]Calandrado del papel[\/mk_button][\/vc_column_inner][vc_column_inner width=\u00bb1\/4&#8243;][mk_button dimension=\u00bboutline\u00bb size=\u00bblarge\u00bb url=\u00bb\/simtex\/\u00bb align=\u00bbcenter\u00bb fullwidth=\u00bbtrue\u00bb outline_skin=\u00bbcustom\u00bb outline_active_color=\u00bb#ffffff\u00bb outline_hover_bg_color=\u00bb#ffffff\u00bb outline_hover_color=\u00bb#00005e\u00bb]Gofrado Simtex\u2122[\/mk_button][\/vc_column_inner][vc_column_inner width=\u00bb1\/4&#8243;][mk_button dimension=\u00bboutline\u00bb size=\u00bblarge\u00bb url=\u00bb\/simtex_textiles\u00bb align=\u00bbcenter\u00bb fullwidth=\u00bbtrue\u00bb id=\u00bbaktiv\u00bb outline_skin=\u00bbcustom\u00bb outline_active_color=\u00bb#ffffff\u00bb outline_hover_bg_color=\u00bb#ffffff\u00bb outline_hover_color=\u00bb#00005e\u00bb]Calandrado textil[\/mk_button][\/vc_column_inner][\/vc_row_inner][\/vc_column][\/mk_page_section][mk_page_section bg_image=\u00bbhttps:\/\/kwf-hilger.com\/wp-content\/uploads\/2019\/04\/hintergrund_logo.png\u00bb video_color_mask=\u00bb#ffffff\u00bb video_opacity=\u00bb0.7&#8243; min_height=\u00bb0&#8243; padding_top=\u00bb0&#8243; padding_bottom=\u00bb0&#8243; section_id=\u00bbwoollenpaper\u00bb sidebar=\u00bbsidebar-1&#8243;][vc_column][mk_padding_divider size=\u00bb60&#8243;][vc_column_text css=\u00bb.vc_custom_1567071884295{margin-bottom: 0px !important;}\u00bb]\n<h2 class=\"p1\" style=\"text-align: center;\"><span style=\"color: #00005e;\"><span class=\"s1\"> Calandrado textil de alto rendimiento \u00a0<\/span><\/span><\/h2>\n[\/vc_column_text][vc_separator color=\u00bbcustom\u00bb border_width=\u00bb2&#8243; accent_color=\u00bb#00005e\u00bb][\/vc_column][vc_column][mk_padding_divider size=\u00bb60&#8243;][vc_row_inner][vc_column_inner width=\u00bb1\/2&#8243;][vc_column_text css=\u00bb.vc_custom_1567071910768{margin-bottom: 0px !important;}\u00bb]\n<h3><span style=\"color: #00005e;\"><span class=\"s1\">Por qu\u00e9 utilizar Simtex\u2122<\/span><\/span><\/h3>\n[\/vc_column_text][vc_separator color=\u00bbcustom\u00bb accent_color=\u00bb#00005e\u00bb][mk_custom_list style=\u00bbmk-icon-caret-right\u00bb]\n<ul>\n<li>Intervalo de rectificado de hasta 1000 horas<\/li>\n<li>No hay p\u00e9rdida de brillo ni de suavidad si se compara con el rodillo de algod\u00f3n: nip completamente el\u00e1stico<\/li>\n<li>Rango Shore D 70-90<\/li>\n<li>Mayor profundidad del material<\/li>\n<li>Se pueden utilizar los ejes del rodillo original.<\/li>\n<li>Mayor duraci\u00f3n<\/li>\n<li>Marcado m\u00ednimo<\/li>\n<li>Da\u00f1o m\u00ednimo desde el orillo<\/li>\n<\/ul>\n[\/mk_custom_list][\/vc_column_inner][vc_column_inner width=\u00bb1\/2&#8243;][vc_column_text css=\u00bb.vc_custom_1567071946720{margin-bottom: 0px !important;}\u00bb]\n<h3><span style=\"color: #00005e;\"><span class=\"s1\"><b>Por qu\u00e9 actualizar al Simtex\u2122 <\/b><\/span><\/span><\/h3>\n[\/vc_column_text][vc_separator color=\u00bbcustom\u00bb accent_color=\u00bb#00005e\u00bb][mk_custom_list style=\u00bbmk-icon-caret-right\u00bb]Simtex\u2122 tiene la elasticidad total de un rodillo de algod\u00f3n con una mayor lisura y un mayor brillo resultante de la tecnolog\u00eda de microdeslizamiento<\/p>\n<ul>\n<li>Elasticidad total como un rodillo de algod\u00f3n con una mayor lisura y un mayor brillo gracias a la tecnolog\u00eda de microdeslizamiento<\/li>\n<li>Di\u00e1metro \u00fatil de 100 mm<\/li>\n<li>Resistencia de la temperatura superficial de 250 \u00baC<\/li>\n<\/ul>\n[\/mk_custom_list][\/vc_column_inner][\/vc_row_inner][vc_row_inner][vc_column_inner width=\u00bb1\/3&#8243;][mk_image src=\u00bbhttps:\/\/kwf-hilger.com\/wp-content\/uploads\/2019\/06\/simtex-close-up-4.jpg\u00bb image_size=\u00bbfull\u00bb lightbox=\u00bbtrue\u00bb align=\u00bbcenter\u00bb el_class=\u00bbletterhough\u00bb][\/vc_column_inner][vc_column_inner width=\u00bb1\/3&#8243;][mk_image src=\u00bbhttps:\/\/kwf-hilger.com\/wp-content\/uploads\/2019\/06\/simtex-1.jpg\u00bb image_size=\u00bbfull\u00bb lightbox=\u00bbtrue\u00bb align=\u00bbcenter\u00bb el_class=\u00bbletterhough\u00bb][\/vc_column_inner][vc_column_inner width=\u00bb1\/3&#8243;][mk_image src=\u00bbhttps:\/\/kwf-hilger.com\/wp-content\/uploads\/2019\/06\/simtex-3.jpg\u00bb image_size=\u00bbfull\u00bb lightbox=\u00bbtrue\u00bb align=\u00bbcenter\u00bb el_class=\u00bbletterhough\u00bb][\/vc_column_inner][\/vc_row_inner][\/vc_column][vc_column][mk_padding_divider size=\u00bb60&#8243;][vc_column_text css=\u00bb.vc_custom_1567072018493{margin-bottom: 0px !important;}\u00bb]\n<h2 style=\"text-align: center;\"><span style=\"color: #00005e;\">Ejemplos<\/span><\/h2>\n[\/vc_column_text][vc_separator color=\u00bbcustom\u00bb border_width=\u00bb2&#8243; accent_color=\u00bb#00005e\u00bb][mk_padding_divider size=\u00bb30&#8243;][vc_row_inner][vc_column_inner width=\u00bb1\/3&#8243;][vc_column_text css=\u00bb.vc_custom_1570016259462{margin-bottom: 0px !important;}\u00bb]\n<div class=\"vc_col-sm-12 wpb_column column_container _ height-full\">\n<h3 id=\"padding-56\" class=\"mk-padding-divider clearfix\"><span style=\"color: #00005e;\">Rodillo de algod\u00f3n <\/span><\/h3>\n<\/div>\n[\/vc_column_text][vc_separator color=\u00bbcustom\u00bb accent_color=\u00bb#00005e\u00bb][mk_custom_list style=\u00bbmk-icon-caret-right\u00bb]\n<ul>\n<li>Profundidad del material: 50 mm<\/li>\n<li>Profundidad del corte: 1,25 mm<\/li>\n<li>Intervalo de rectificaci\u00f3n: 200 horas<\/li>\n<li>Duraci\u00f3n te\u00f3rica: 8000 horas<\/li>\n<\/ul>\n[\/mk_custom_list][\/vc_column_inner][vc_column_inner width=\u00bb1\/3&#8243;][vc_column_text css=\u00bb.vc_custom_1567072047894{margin-bottom: 0px !important;}\u00bb]\n<div class=\"vc_col-sm-12 wpb_column column_container _ height-full\">\n<h3 id=\"padding-56\" class=\"mk-padding-divider clearfix\"><span style=\"color: #00005e;\"><b>Rodillo de compuesto \/ pol\u00edmero<\/b><\/span><\/h3>\n<\/div>\n[\/vc_column_text][vc_separator color=\u00bbcustom\u00bb accent_color=\u00bb#00005e\u00bb][mk_custom_list style=\u00bbmk-icon-caret-right\u00bb]\n<ul>\n<li>Profundidad del material: 5 mm<\/li>\n<li>Profundidad del corte: 0,37 mm<\/li>\n<li>Intervalo de rectificaci\u00f3n: 2000 horas<\/li>\n<li>Duraci\u00f3n te\u00f3rica: 27000 horas<\/li>\n<\/ul>\n[\/mk_custom_list][\/vc_column_inner][vc_column_inner width=\u00bb1\/3&#8243;][vc_column_text css=\u00bb.vc_custom_1560949859350{margin-bottom: 0px !important;}\u00bb]\n<div class=\"vc_col-sm-12 wpb_column column_container _ height-full\">\n<h3><span style=\"color: #00005e;\">Simtex<span class=\"s2\"><sup>TM<\/sup><\/span><\/span><\/h3>\n<\/div>\n[\/vc_column_text][vc_separator color=\u00bbcustom\u00bb accent_color=\u00bb#00005e\u00bb][mk_custom_list style=\u00bbmk-icon-caret-right\u00bb]\n<ul>\n<li>Profundidad del material: 50 mm<\/li>\n<li>Profundidad del corte: 1 mm<\/li>\n<li>Intervalo de rectificaci\u00f3n: 1500 horas<\/li>\n<li>Duraci\u00f3n te\u00f3rica: 50000 horas<\/li>\n<\/ul>\n[\/mk_custom_list][\/vc_column_inner][\/vc_row_inner][\/vc_column][vc_column][mk_padding_divider size=\u00bb60&#8243;][mk_padding_divider size=\u00bb60&#8243;][\/vc_column][\/mk_page_section]\n<\/div>","protected":false},"excerpt":{"rendered":"<p>[mk_page_section bg_image=\u00bbhttps:\/\/kwf-hilger.com\/wp-content\/uploads\/2019\/04\/kwf_bild_intro_blau.jpg\u00bb bg_position=\u00bbleft center\u00bb bg_repeat=\u00bbno-repeat\u00bb bg_stretch=\u00bbtrue\u00bb speed_factor=\u00bb0.4&#8243; video_color_mask=\u00bb#1b34b5&#8243; video_opacity=\u00bb0.5&#8243; min_height=\u00bb400&#8243; full_width=\u00bbtrue\u00bb js_vertical_centered=\u00bbtrue\u00bb padding_top=\u00bb0&#8243; padding_bottom=\u00bb0&#8243; sidebar=\u00bbsidebar-1&#8243;][vc_column][vc_column_text animation=\u00bbscale-up\u00bb el_class=\u00bbschatten\u00bb css=\u00bb.vc_custom_1560945072884{margin-bottom: 0px !important;}\u00bb] Simtex\u2122 [\/vc_column_text][mk_padding_divider][vc_row_inner][vc_column_inner width=\u00bb1\/4&#8243;][mk_button dimension=\u00bboutline\u00bb size=\u00bblarge\u00bb url=\u00bb\/simtex_general\/\u00bb align=\u00bbcenter\u00bb fullwidth=\u00bbtrue\u00bb margin_right=\u00bb0&#8243; outline_skin=\u00bbcustom\u00bb outline_active_color=\u00bb#ffffff\u00bb outline_hover_bg_color=\u00bb#ffffff\u00bb outline_hover_color=\u00bb#00005e\u00bb]Informaci\u00f3n general[\/mk_button][\/vc_column_inner][vc_column_inner width=\u00bb1\/4&#8243;][mk_button dimension=\u00bboutline\u00bb size=\u00bblarge\u00bb url=\u00bb\/simtex_paper\u00bb align=\u00bbcenter\u00bb fullwidth=\u00bbtrue\u00bb outline_skin=\u00bbcustom\u00bb outline_active_text_color=\u00bb#ffffff\u00bb outline_hover_bg_color=\u00bb#ffffff\u00bb outline_hover_color=\u00bb#00005e\u00bb]Calandrado del papel[\/mk_button][\/vc_column_inner][vc_column_inner width=\u00bb1\/4&#8243;][mk_button dimension=\u00bboutline\u00bb size=\u00bblarge\u00bb url=\u00bb\/simtex\/\u00bb align=\u00bbcenter\u00bb fullwidth=\u00bbtrue\u00bb outline_skin=\u00bbcustom\u00bb outline_active_color=\u00bb#ffffff\u00bb outline_hover_bg_color=\u00bb#ffffff\u00bb [&hellip;]<\/p>\n","protected":false},"author":1,"featured_media":0,"parent":0,"menu_order":0,"comment_status":"closed","ping_status":"closed","template":"","meta":{"footnotes":""},"class_list":["post-834","page","type-page","status-publish","hentry"],"_links":{"self":[{"href":"https:\/\/kwf-hilger.com\/es\/wp-json\/wp\/v2\/pages\/834","targetHints":{"allow":["GET"]}}],"collection":[{"href":"https:\/\/kwf-hilger.com\/es\/wp-json\/wp\/v2\/pages"}],"about":[{"href":"https:\/\/kwf-hilger.com\/es\/wp-json\/wp\/v2\/types\/page"}],"author":[{"embeddable":true,"href":"https:\/\/kwf-hilger.com\/es\/wp-json\/wp\/v2\/users\/1"}],"replies":[{"embeddable":true,"href":"https:\/\/kwf-hilger.com\/es\/wp-json\/wp\/v2\/comments?post=834"}],"version-history":[{"count":51,"href":"https:\/\/kwf-hilger.com\/es\/wp-json\/wp\/v2\/pages\/834\/revisions"}],"predecessor-version":[{"id":2315,"href":"https:\/\/kwf-hilger.com\/es\/wp-json\/wp\/v2\/pages\/834\/revisions\/2315"}],"wp:attachment":[{"href":"https:\/\/kwf-hilger.com\/es\/wp-json\/wp\/v2\/media?parent=834"}],"curies":[{"name":"wp","href":"https:\/\/api.w.org\/{rel}","templated":true}]}}