{"id":1528,"date":"2019-06-13T09:21:45","date_gmt":"2019-06-13T07:21:45","guid":{"rendered":"https:\/\/kwf-hilger.com\/?page_id=1528"},"modified":"2019-10-02T13:24:20","modified_gmt":"2019-10-02T11:24:20","slug":"overview","status":"publish","type":"page","link":"https:\/\/kwf-hilger.com\/fr\/overview\/","title":{"rendered":"Aper\u00e7u"},"content":{"rendered":"[mk_page_section bg_image=\u00a0\u00bbhttps:\/\/kwf-hilger.com\/wp-content\/uploads\/2019\/04\/hintergrund_logo.png\u00a0\u00bb bg_position=\u00a0\u00bbcenter center\u00a0\u00bb video_color_mask=\u00a0\u00bb#ffffff\u00a0\u00bb video_opacity=\u00a0\u00bb0.7&Prime; min_height=\u00a0\u00bb0&Prime; padding_top=\u00a0\u00bb0&Prime; padding_bottom=\u00a0\u00bb0&Prime; sidebar=\u00a0\u00bbsidebar-1&Prime;][vc_column][mk_padding_divider size=\u00a0\u00bb60&Prime;][vc_column_text css=\u00a0\u00bb.vc_custom_1567076656053{margin-bottom: 0px !important;}\u00a0\u00bb]\n<h2 style=\"text-align: center;\"><span style=\"color: #00005e;\">Aper\u00e7u<\/span><\/h2>\n[\/vc_column_text][vc_separator color=\u00a0\u00bbcustom\u00a0\u00bb border_width=\u00a0\u00bb2&Prime; accent_color=\u00a0\u00bb#00005e\u00a0\u00bb][\/vc_column][vc_column][vc_column_text disable_pattern=\u00a0\u00bbfalse\u00a0\u00bb css=\u00a0\u00bb.vc_custom_1570010975981{margin-bottom: 0px !important;}\u00a0\u00bb]\n<p style=\"color: #00005e; text-align: justify !important;\">L&rsquo;entreprise se concentre sur le haut de gamme et chaque membre de son personnel de production poss\u00e8de plus de 30 ans d&rsquo;exp\u00e9rience dans la fabrication de rouleaux. La production de rouleaux de grande qualit\u00e9 n\u00e9cessite non seulement de disposer des meilleurs mat\u00e9riaux mais \u00e9galement d&rsquo;une pr\u00e9cision et d&rsquo;un savoir-faire ayant \u00e9volu\u00e9 au fil des d\u00e9cennies. En tant que PDG et propri\u00e9taire de l&rsquo;entreprise, j&rsquo;insiste sur le fait que nous ne faisons pas de compromis, qu&rsquo;il s&rsquo;agisse de garantir des mati\u00e8res premi\u00e8res de qualit\u00e9 sup\u00e9rieure ou des processus de production minutieux. Nous consid\u00e9rons chaque rouleau comme un d\u00e9fi unique pour nous. Notre contr\u00f4le de qualit\u00e9 est rigoureux. Nous fournissons les principales entreprises europ\u00e9ennes du papier, du textile et de l&rsquo;automobile, produisant \u00e0 leur tour des produits de la meilleure qualit\u00e9 sur leurs propres march\u00e9s. Ces relations \u00e0 long terme et souvent exclusives avec nos clients associ\u00e9es \u00e0 notre bilan de r\u00e9clamations de clients tr\u00e8s faibles font de nous un leader dans ce domaine. Si vous \u00eates en mesure de fournir 127 rouleaux \u00e0 un seul client sur une p\u00e9riode de 4 ans et de ne recevoir qu&rsquo;une seule r\u00e9clamation concernant un rouleau, je pense que cela en dit long!<\/p>\n[\/vc_column_text][\/vc_column][vc_column width=\u00a0\u00bb1\/3&Prime;][mk_image src=\u00a0\u00bbhttps:\/\/kwf-hilger.com\/wp-content\/uploads\/2019\/03\/presse.png\u00a0\u00bb image_size=\u00a0\u00bblarge\u00a0\u00bb lightbox=\u00a0\u00bbtrue\u00a0\u00bb align=\u00a0\u00bbcenter\u00a0\u00bb el_class=\u00a0\u00bbletterhough\u00a0\u00bb][mk_padding_divider size=\u00a0\u00bb60&Prime;][\/vc_column][vc_column width=\u00a0\u00bb2\/3&Prime;][vc_column_text disable_pattern=\u00a0\u00bbfalse\u00a0\u00bb css=\u00a0\u00bb.vc_custom_1570013545471{margin-bottom: 0px !important;}\u00a0\u00bb]\n<p style=\"color: #00005e; text-align: justify !important;\">Afin d&rsquo;\u00e9largir notre portefeuille de produits, KWF Hilger et <strong>Richard Hough Ltd.<\/strong> ont conclu un accord de transfert de technologie \u00e0 la fin de 2018. Cet accord nous a permis d&rsquo;\u00e9largir notre offre de produits pour inclure <strong>l&rsquo;industrie automobile<\/strong> et de produire des <strong>rouleaux de non tiss\u00e9s pour le finissage des m\u00e9taux<\/strong>. Le personnel technique principal de RHL est d\u00e9sormais employ\u00e9 \u00e0 l&rsquo;atelier KWF en Allemagne sous les conseils de M. Anthony Ashton. <strong>Roberto\u2122<\/strong>, <strong>Robertex\u2122<\/strong>, <strong>Nollap\u2122<\/strong>, <strong>Super Elastic\u2122<\/strong>, <strong>Syncast\u2122<\/strong> et notre derni\u00e8re innovation <strong>Simtex\u2122<\/strong> font d\u00e9sormais partie de notre portefeuille de produits.<\/p>\n<p style=\"color: #00005e; text-align: justify !important;\">Cordialement,<\/p>\n[\/vc_column_text][mk_image src=\u00a0\u00bbhttps:\/\/kwf-hilger.com\/wp-content\/uploads\/2019\/06\/png-signatur-kwf.png\u00a0\u00bb image_size=\u00a0\u00bbmedium\u00a0\u00bb align=\u00a0\u00bbcenter\u00a0\u00bb][vc_column_text disable_pattern=\u00a0\u00bbfalse\u00a0\u00bb css=\u00a0\u00bb.vc_custom_1560760065262{margin-bottom: 0px !important;}\u00a0\u00bb]\n<p style=\"text-align: center;\" align=\"center\"><span lang=\"EN-GB\" style=\"color: #00005e;\">A. Hilger, M.A., M.B.A, &#8211; CEO<\/span><\/p>\n[\/vc_column_text][\/vc_column][\/mk_page_section]","protected":false},"excerpt":{"rendered":"<p>[mk_page_section bg_image=\u00a0\u00bbhttps:\/\/kwf-hilger.com\/wp-content\/uploads\/2019\/04\/hintergrund_logo.png\u00a0\u00bb bg_position=\u00a0\u00bbcenter center\u00a0\u00bb video_color_mask=\u00a0\u00bb#ffffff\u00a0\u00bb video_opacity=\u00a0\u00bb0.7&Prime; min_height=\u00a0\u00bb0&Prime; padding_top=\u00a0\u00bb0&Prime; padding_bottom=\u00a0\u00bb0&Prime; sidebar=\u00a0\u00bbsidebar-1&Prime;][vc_column][mk_padding_divider size=\u00a0\u00bb60&Prime;][vc_column_text css=\u00a0\u00bb.vc_custom_1567076656053{margin-bottom: 0px !important;}\u00a0\u00bb] Aper\u00e7u [\/vc_column_text][vc_separator color=\u00a0\u00bbcustom\u00a0\u00bb border_width=\u00a0\u00bb2&Prime; accent_color=\u00a0\u00bb#00005e\u00a0\u00bb][\/vc_column][vc_column][vc_column_text disable_pattern=\u00a0\u00bbfalse\u00a0\u00bb css=\u00a0\u00bb.vc_custom_1570010975981{margin-bottom: 0px !important;}\u00a0\u00bb] L&rsquo;entreprise se concentre sur le haut de gamme et chaque membre de son personnel de production poss\u00e8de plus de 30 ans d&rsquo;exp\u00e9rience dans la fabrication de rouleaux. La production de rouleaux de [&hellip;]<\/p>\n","protected":false},"author":1,"featured_media":0,"parent":0,"menu_order":0,"comment_status":"closed","ping_status":"closed","template":"","meta":{"footnotes":""},"class_list":["post-1528","page","type-page","status-publish","hentry"],"_links":{"self":[{"href":"https:\/\/kwf-hilger.com\/fr\/wp-json\/wp\/v2\/pages\/1528","targetHints":{"allow":["GET"]}}],"collection":[{"href":"https:\/\/kwf-hilger.com\/fr\/wp-json\/wp\/v2\/pages"}],"about":[{"href":"https:\/\/kwf-hilger.com\/fr\/wp-json\/wp\/v2\/types\/page"}],"author":[{"embeddable":true,"href":"https:\/\/kwf-hilger.com\/fr\/wp-json\/wp\/v2\/users\/1"}],"replies":[{"embeddable":true,"href":"https:\/\/kwf-hilger.com\/fr\/wp-json\/wp\/v2\/comments?post=1528"}],"version-history":[{"count":27,"href":"https:\/\/kwf-hilger.com\/fr\/wp-json\/wp\/v2\/pages\/1528\/revisions"}],"predecessor-version":[{"id":2292,"href":"https:\/\/kwf-hilger.com\/fr\/wp-json\/wp\/v2\/pages\/1528\/revisions\/2292"}],"wp:attachment":[{"href":"https:\/\/kwf-hilger.com\/fr\/wp-json\/wp\/v2\/media?parent=1528"}],"curies":[{"name":"wp","href":"https:\/\/api.w.org\/{rel}","templated":true}]}}