{"id":1610,"date":"2019-06-17T10:30:59","date_gmt":"2019-06-17T08:30:59","guid":{"rendered":"https:\/\/kwf-hilger.com\/?page_id=1610"},"modified":"2019-10-02T13:18:47","modified_gmt":"2019-10-02T11:18:47","slug":"history","status":"publish","type":"page","link":"https:\/\/kwf-hilger.com\/fr\/history\/","title":{"rendered":"Historique"},"content":{"rendered":"[mk_page_section bg_image=\u00a0\u00bbhttps:\/\/kwf-hilger.com\/wp-content\/uploads\/2019\/04\/hintergrund_logo.png\u00a0\u00bb bg_position=\u00a0\u00bbcenter center\u00a0\u00bb video_color_mask=\u00a0\u00bb#ffffff\u00a0\u00bb video_opacity=\u00a0\u00bb0.7&Prime; min_height=\u00a0\u00bb0&Prime; padding_top=\u00a0\u00bb0&Prime; padding_bottom=\u00a0\u00bb0&Prime; sidebar=\u00a0\u00bbsidebar-1&Prime;][vc_column][mk_padding_divider size=\u00a0\u00bb60&Prime;][vc_column_text css=\u00a0\u00bb.vc_custom_1567075960340{margin-bottom: 0px !important;}\u00a0\u00bb]\n<h2 style=\"text-align: center;\"><span style=\"color: #00005e;\">Historique<\/span><\/h2>\n[\/vc_column_text][vc_separator color=\u00a0\u00bbcustom\u00a0\u00bb border_width=\u00a0\u00bb2&Prime; accent_color=\u00a0\u00bb#00005e\u00a0\u00bb][vc_column_text disable_pattern=\u00a0\u00bbfalse\u00a0\u00bb css=\u00a0\u00bb.vc_custom_1570010599242{margin-bottom: 0px !important;}\u00a0\u00bb]\n<p style=\"color: #00005e; text-align: justify !important;\">Ma famille puise ses racines dans l&rsquo;industrie du papier. Mon arri\u00e8re-grand-p\u00e8re, Norbert Klagges, a fond\u00e9 la soci\u00e9t\u00e9 de papier <strong>Kabel<\/strong> \u00e0 Hagen en 1897. En 1904, il a fond\u00e9 la soci\u00e9t\u00e9 de papier <strong>Reisholz<\/strong> et a rachet\u00e9 en 1910 la soci\u00e9t\u00e9 de papier <strong>Uetersen<\/strong>. En 1913, les trois soci\u00e9t\u00e9s ont fusionn\u00e9 sous le nom de <strong>Papierfabrik Reisholz AG<\/strong> avant d&rsquo;\u00eatre renomm\u00e9e <strong>Feldmuehle GmbH<\/strong> quelques ann\u00e9es plus tard.<\/p>\n<p style=\"color: #00005e; text-align: justify !important;\">Je suis la troisi\u00e8me g\u00e9n\u00e9ration de ma famille \u00e0 faire partie du secteur des calandres. Mon grand-p\u00e8re, le Dr Franz Hilger, \u00e9tait le propri\u00e9taire de l&rsquo;entreprise<strong> ECK Haubold GmbH<\/strong>. Eck a \u00e9t\u00e9 fond\u00e9e en 1849. Il a export\u00e9 dans le monde entier des machines de calandrage de papier et de textile ECK ainsi que la technologie des rouleaux. Eck \u00e9tait synonyme de qualit\u00e9 allemande, de pr\u00e9cision et de long\u00e9vit\u00e9, dans la mesure o\u00f9 il existe encore des machines de calandrage ECK op\u00e9rationnelles dans le monde entier. Mon atelier re\u00e7oit toujours occasionnellement des commandes de remplissage de rouleaux pour des machines de calandrage ECK.<\/p>\n<p style=\"color: #00005e; text-align: justify !important;\">Ma famille a vendu l&rsquo;entreprise de machines de calandrage \u00e0 <strong>Escher Wyss AG \/ Sulzer<\/strong> en 1973, mais a conserv\u00e9 la partie de l&rsquo;entreprise qui fabriquait les rouleaux. Op\u00e9rant sous le nom de <strong>Kalanderwalzenfabrik (KWF) GmbH &amp; Co. KG<\/strong>, la nouvelle entreprise, dirig\u00e9e par mon p\u00e8re, Paul Hilger, fournissait des rouleaux neufs et restaur\u00e9s \u00e0 de grandes entreprises du papier et du textile du monde entier. La plupart des entreprises du textile ou du papier ont eu leurs rouleaux restaur\u00e9s \u00e0 D\u00fcsseldorf au cours des cent derni\u00e8res ann\u00e9es. Bien que l&rsquo;entreprise KWF originale ait \u00e9t\u00e9 vendue \u00e0 <strong>Jan Kleinewefers GmbH &amp; Co. KG<\/strong> en 1989 puis \u00e0 <strong>Voith Paper GmbH &amp; Co. KG<\/strong> en 1994, l&rsquo;atelier de rouleaux est rest\u00e9 sur la propri\u00e9t\u00e9 de ma famille \u00e0 D\u00fcsseldorf. \u00c0 la fin de 2010, nous avons eu l&rsquo;opportunit\u00e9 de racheter l&rsquo;atelier de rouleau \u00e0 Voith Paper et, op\u00e9rant une fois de plus sous le nom de Kalanderwalzenfabrik (KWF) Hilger GmbH &amp; Co. KG, nous sommes tr\u00e8s fiers de servir une client\u00e8le diversifi\u00e9e et internationale.<\/p>\n[\/vc_column_text][mk_padding_divider size=\u00a0\u00bb60&Prime;][\/vc_column][vc_column width=\u00a0\u00bb1\/2&Prime;][mk_image src=\u00a0\u00bbhttps:\/\/kwf-hilger.com\/wp-content\/uploads\/2019\/06\/kwf-brosch-kopie.jpg\u00a0\u00bb image_size=\u00a0\u00bblarge\u00a0\u00bb lightbox=\u00a0\u00bbtrue\u00a0\u00bb][\/vc_column][vc_column width=\u00a0\u00bb1\/2&Prime;][mk_image src=\u00a0\u00bbhttps:\/\/kwf-hilger.com\/wp-content\/uploads\/2019\/06\/firma-kopie.jpg\u00a0\u00bb image_size=\u00a0\u00bblarge\u00a0\u00bb lightbox=\u00a0\u00bbtrue\u00a0\u00bb align=\u00a0\u00bbright\u00a0\u00bb][\/vc_column][\/mk_page_section]","protected":false},"excerpt":{"rendered":"<p>[mk_page_section bg_image=\u00a0\u00bbhttps:\/\/kwf-hilger.com\/wp-content\/uploads\/2019\/04\/hintergrund_logo.png\u00a0\u00bb bg_position=\u00a0\u00bbcenter center\u00a0\u00bb video_color_mask=\u00a0\u00bb#ffffff\u00a0\u00bb video_opacity=\u00a0\u00bb0.7&Prime; min_height=\u00a0\u00bb0&Prime; padding_top=\u00a0\u00bb0&Prime; padding_bottom=\u00a0\u00bb0&Prime; sidebar=\u00a0\u00bbsidebar-1&Prime;][vc_column][mk_padding_divider size=\u00a0\u00bb60&Prime;][vc_column_text css=\u00a0\u00bb.vc_custom_1567075960340{margin-bottom: 0px !important;}\u00a0\u00bb] Historique [\/vc_column_text][vc_separator color=\u00a0\u00bbcustom\u00a0\u00bb border_width=\u00a0\u00bb2&Prime; accent_color=\u00a0\u00bb#00005e\u00a0\u00bb][vc_column_text disable_pattern=\u00a0\u00bbfalse\u00a0\u00bb css=\u00a0\u00bb.vc_custom_1570010599242{margin-bottom: 0px !important;}\u00a0\u00bb] Ma famille puise ses racines dans l&rsquo;industrie du papier. Mon arri\u00e8re-grand-p\u00e8re, Norbert Klagges, a fond\u00e9 la soci\u00e9t\u00e9 de papier Kabel \u00e0 Hagen en 1897. En 1904, il a fond\u00e9 la soci\u00e9t\u00e9 de [&hellip;]<\/p>\n","protected":false},"author":1,"featured_media":0,"parent":0,"menu_order":0,"comment_status":"closed","ping_status":"closed","template":"","meta":{"footnotes":""},"class_list":["post-1610","page","type-page","status-publish","hentry"],"_links":{"self":[{"href":"https:\/\/kwf-hilger.com\/fr\/wp-json\/wp\/v2\/pages\/1610","targetHints":{"allow":["GET"]}}],"collection":[{"href":"https:\/\/kwf-hilger.com\/fr\/wp-json\/wp\/v2\/pages"}],"about":[{"href":"https:\/\/kwf-hilger.com\/fr\/wp-json\/wp\/v2\/types\/page"}],"author":[{"embeddable":true,"href":"https:\/\/kwf-hilger.com\/fr\/wp-json\/wp\/v2\/users\/1"}],"replies":[{"embeddable":true,"href":"https:\/\/kwf-hilger.com\/fr\/wp-json\/wp\/v2\/comments?post=1610"}],"version-history":[{"count":17,"href":"https:\/\/kwf-hilger.com\/fr\/wp-json\/wp\/v2\/pages\/1610\/revisions"}],"predecessor-version":[{"id":2289,"href":"https:\/\/kwf-hilger.com\/fr\/wp-json\/wp\/v2\/pages\/1610\/revisions\/2289"}],"wp:attachment":[{"href":"https:\/\/kwf-hilger.com\/fr\/wp-json\/wp\/v2\/media?parent=1610"}],"curies":[{"name":"wp","href":"https:\/\/api.w.org\/{rel}","templated":true}]}}