{"id":1617,"date":"2019-06-17T11:07:53","date_gmt":"2019-06-17T09:07:53","guid":{"rendered":"https:\/\/kwf-hilger.com\/?page_id=1617"},"modified":"2020-07-15T15:41:51","modified_gmt":"2020-07-15T13:41:51","slug":"supercalendering-rolls-for-the-paper-industry","status":"publish","type":"page","link":"https:\/\/kwf-hilger.com\/fr\/supercalendering-rolls-for-the-paper-industry\/","title":{"rendered":"Rouleaux de super-calandrage destin\u00e9s \u00e0 l&rsquo;industrie du papier"},"content":{"rendered":"<div class=\"wpb-content-wrapper\">[mk_page_section bg_image=\u00a0\u00bbhttps:\/\/kwf-hilger.com\/wp-content\/uploads\/2019\/04\/helligkeit_kontrast-1-kopie.jpg\u00a0\u00bb bg_position=\u00a0\u00bbleft center\u00a0\u00bb bg_repeat=\u00a0\u00bbno-repeat\u00a0\u00bb bg_stretch=\u00a0\u00bbtrue\u00a0\u00bb speed_factor=\u00a0\u00bb0.4&Prime; video_color_mask=\u00a0\u00bb#1b34b5&Prime; video_opacity=\u00a0\u00bb0.5&Prime; min_height=\u00a0\u00bb400&Prime; full_width=\u00a0\u00bbtrue\u00a0\u00bb js_vertical_centered=\u00a0\u00bbtrue\u00a0\u00bb padding_top=\u00a0\u00bb0&Prime; padding_bottom=\u00a0\u00bb0&Prime; sidebar=\u00a0\u00bbsidebar-1&Prime;][vc_column][vc_column_text animation=\u00a0\u00bbscale-up\u00a0\u00bb el_class=\u00a0\u00bbschatten\u00a0\u00bb css=\u00a0\u00bb.vc_custom_1567079640724{margin-bottom: 0px !important;}\u00a0\u00bb]\n<h1 style=\"text-align: center;\"><span style=\"color: #ffffff;\"> Rouleaux de super-calandrage destin\u00e9s \u00e0 l&rsquo;industrie du papier<\/span><\/h1>\n[\/vc_column_text][vc_column_text disable_pattern=\u00a0\u00bbfalse\u00a0\u00bb css=\u00a0\u00bb.vc_custom_1570012063765{margin-bottom: 0px !important;}\u00a0\u00bb]\n<p style=\"color: #00005e; text-align: center;\"><span style=\"color: #ffffff;\">Nous sommes sp\u00e9cialis\u00e9s dans la fabrication de nouveaux rouleaux supercalandreurs complets (dont les arbres centraux en acier) ou dans le remplissage de vos rouleaux existants. <\/span><\/p>\n[\/vc_column_text][mk_padding_divider][\/vc_column][\/mk_page_section][mk_page_section bg_image=\u00a0\u00bbhttps:\/\/kwf-hilger.com\/wp-content\/uploads\/2019\/04\/hintergrund_logo.png\u00a0\u00bb bg_position=\u00a0\u00bbleft center\u00a0\u00bb video_color_mask=\u00a0\u00bb#ffffff\u00a0\u00bb video_opacity=\u00a0\u00bb0.7&Prime; min_height=\u00a0\u00bb0&Prime; padding_top=\u00a0\u00bb0&Prime; padding_bottom=\u00a0\u00bb0&Prime; section_id=\u00a0\u00bbsupercalender\u00a0\u00bb sidebar=\u00a0\u00bbsidebar-1&Prime;][vc_column][mk_padding_divider size=\u00a0\u00bb60&Prime;][vc_column_text css=\u00a0\u00bb.vc_custom_1567079655819{margin-bottom: 0px !important;}\u00a0\u00bb]\n<h2 style=\"text-align: center;\"><span style=\"color: #00005e;\">Traitement du papier supercalandreur<\/span><\/h2>\n[\/vc_column_text][vc_separator color=\u00a0\u00bbcustom\u00a0\u00bb border_width=\u00a0\u00bb2&Prime; accent_color=\u00a0\u00bb#00005e\u00a0\u00bb][mk_padding_divider size=\u00a0\u00bb30&Prime;][vc_row_inner][vc_column_inner width=\u00a0\u00bb1\/2&Prime;][vc_column_text css=\u00a0\u00bb.vc_custom_1567079663178{margin-bottom: 0px !important;}\u00a0\u00bb]\n<h3><span style=\"color: #00005e;\"><b>Mat\u00e9riaux de remplissage pour le supercalandrage<\/b><\/span><\/h3>\n[\/vc_column_text][vc_separator color=\u00a0\u00bbcustom\u00a0\u00bb accent_color=\u00a0\u00bb#00005e\u00a0\u00bb][mk_custom_list style=\u00a0\u00bbmk-icon-caret-right\u00a0\u00bb]\n<ul>\n<li>Papier Blue Denim<\/li>\n<li>Papier de laine\u00a0: de 10\u00a0% \u00e0 45\u00a0%<\/li>\n<li>Fiberun WBN (HTCN de RHL)<\/li>\n<li>Challenge<\/li>\n<\/ul>\n[\/mk_custom_list][\/vc_column_inner][vc_column_inner width=\u00a0\u00bb1\/2&Prime;][vc_column_text css=\u00a0\u00bb.vc_custom_1567079679451{margin-bottom: 0px !important;}\u00a0\u00bb]\n<h3><span style=\"color: #00005e;\"><b>Rev\u00eatements disponibles pour le calandrage \u00e0 haute temp\u00e9rature<\/b><\/span><\/h3>\n[\/vc_column_text][vc_separator color=\u00a0\u00bbcustom\u00a0\u00bb accent_color=\u00a0\u00bb#00005e\u00a0\u00bb][mk_custom_list style=\u00a0\u00bbmk-icon-caret-right\u00a0\u00bb]\n<ul>\n<li>Fiberun WBN (HTCN de RHL)<\/li>\n<li>Challenge\u2122<\/li>\n<li>Simtex\u2122<\/li>\n<\/ul>\n[\/mk_custom_list][\/vc_column_inner][\/vc_row_inner][mk_padding_divider size=\u00a0\u00bb30&Prime;][vc_row_inner][vc_column_inner width=\u00a0\u00bb1\/2&Prime;][vc_column_text css=\u00a0\u00bb.vc_custom_1567079704275{margin-bottom: 0px !important;}\u00a0\u00bb]\n<h3><span style=\"color: #00005e;\"><strong>Propri\u00e9t\u00e9s du rouleau de calandre selon la finition du papier Caract\u00e9ristiques<br \/>\n<\/strong><\/span><\/h3>\n[\/vc_column_text][mk_image src=\u00a0\u00bbhttps:\/\/kwf-hilger.com\/wp-content\/uploads\/2019\/04\/supercalender_table.png\u00a0\u00bb image_size=\u00a0\u00bbfull\u00a0\u00bb lightbox=\u00a0\u00bbtrue\u00a0\u00bb][vc_column_text css=\u00a0\u00bb.vc_custom_1570012106229{margin-bottom: 0px !important;}\u00a0\u00bb]<span style=\"color: #00005e;\"><i> <small>Les temp\u00e9ratures maximales sont donn\u00e9es \u00e0 titre indicatif uniquement. L&rsquo;utilisation de rouleaux \u00e0 des temp\u00e9ratures, \u00e0 des vitesses et \u00e0 des pressions de ligne \u00e9lev\u00e9es peut r\u00e9duire la dur\u00e9e de vie du rev\u00eatement et pr\u00e9senter des risques de d\u00e9faillance pr\u00e9matur\u00e9e.<\/small><\/i><\/span>[\/vc_column_text][\/vc_column_inner][vc_column_inner width=\u00a0\u00bb1\/2&Prime;][vc_column_text css=\u00a0\u00bb.vc_custom_1570012119993{margin-bottom: 0px !important;}\u00a0\u00bb]\n<h3><span style=\"color: #00005e;\"><strong>Propri\u00e9t\u00e9s du rouleau selon les caract\u00e9ristiques de calandrage<\/strong><\/span><\/h3>\n[\/vc_column_text][mk_image src=\u00a0\u00bbhttps:\/\/kwf-hilger.com\/wp-content\/uploads\/2019\/06\/tabelle_kwf.png\u00a0\u00bb image_size=\u00a0\u00bbfull\u00a0\u00bb lightbox=\u00a0\u00bbtrue\u00a0\u00bb][\/vc_column_inner][\/vc_row_inner][\/vc_column][vc_column][vc_row_inner][vc_column_inner][mk_padding_divider size=\u00a0\u00bb60&Prime;][mk_padding_divider size=\u00a0\u00bb60&Prime;][vc_column_text css=\u00a0\u00bb.vc_custom_1567079742555{margin-bottom: 0px !important;}\u00a0\u00bb]\n<h2 style=\"text-align: center;\"><span style=\"color: #00005e;\">Rev\u00eatement de calandre Fiberun WBN (HTCN de RHL)<\/span><\/h2>\n[\/vc_column_text][vc_separator color=\u00a0\u00bbcustom\u00a0\u00bb border_width=\u00a0\u00bb2&Prime; accent_color=\u00a0\u00bb#00005e\u00a0\u00bb][\/vc_column_inner][\/vc_row_inner][vc_row_inner][vc_column_inner width=\u00a0\u00bb1\/2&Prime;][vc_column_text css=\u00a0\u00bb.vc_custom_1570012142667{margin-bottom: 0px !important;}\u00a0\u00bb]\n<p style=\"color: #00005e; text-align: justify !important;\">Fiberun WBN (HTCN de RHL) pr\u00e9sente le degr\u00e9 de polym\u00e9risation le plus \u00e9lev\u00e9 parmi tous les rev\u00eatements de calandre en fibre. Une combinaison de fibres vierges les plus longues et discontinues de premi\u00e8re qualit\u00e9 et de piles hollandaises traditionnelles permet de r\u00e9duire la fragilisation et d&rsquo;am\u00e9liorer la stabilit\u00e9 dimensionnelle par rapport aux remplisseurs de rouleaux de calandres traditionnels en coton et en blue denim. Il pr\u00e9sente une dur\u00e9e de vie plus longue gr\u00e2ce \u00e0 la diminution de la fragilisation et \u00e0 l&rsquo;am\u00e9lioration de la stabilit\u00e9 dimensionnelle.<\/p>\n<p style=\"color: #00005e; text-align: justify !important;\">Cela se traduit par des intervalles d&rsquo;aff\u00fbtage plus longs ou la n\u00e9cessit\u00e9 d&rsquo;usiner \u00e0 des intervalles d&rsquo;aff\u00fbtage r\u00e9guliers moins de mat\u00e9riau de la surface du rouleau.<\/p>\n<p style=\"color: #00005e; text-align: justify !important;\">Les clients ont d\u00e9j\u00e0 constat\u00e9 une dur\u00e9e de vie 50 % plus longue par rapport aux rev\u00eatements en fibres blue denim traditionnels. Cela se traduit, par exemple, par le besoin de ne supprimer que 1,5 mm de diam\u00e8tre lors de l&rsquo;aff\u00fbtage, au lieu des 3 mm habituels avec les rev\u00eatements traditionnels.<\/p>\n[\/vc_column_text][mk_image src=\u00a0\u00bbhttps:\/\/kwf-hilger.com\/wp-content\/uploads\/2019\/06\/web-sup-paper-rolls.jpg\u00a0\u00bb image_size=\u00a0\u00bbfull\u00a0\u00bb lightbox=\u00a0\u00bbtrue\u00a0\u00bb el_class=\u00a0\u00bbletterhough\u00a0\u00bb][\/vc_column_inner][vc_column_inner width=\u00a0\u00bb1\/2&Prime;][mk_image src=\u00a0\u00bbhttps:\/\/kwf-hilger.com\/wp-content\/uploads\/2019\/06\/white-paper-roll-close-up.jpg\u00a0\u00bb image_size=\u00a0\u00bbfull\u00a0\u00bb lightbox=\u00a0\u00bbtrue\u00a0\u00bb el_class=\u00a0\u00bbletterhough\u00a0\u00bb][mk_padding_divider][vc_column_text css=\u00a0\u00bb.vc_custom_1567079781052{margin-bottom: 0px !important;}\u00a0\u00bb]\n<h3><span style=\"color: #00005e;\">Rev\u00eatement Fiberun WBN (HTCN de RHL)<\/span><\/h3>\n[\/vc_column_text][vc_separator color=\u00a0\u00bbcustom\u00a0\u00bb accent_color=\u00a0\u00bb#00005e\u00a0\u00bb][mk_custom_list style=\u00a0\u00bbmk-icon-caret-right\u00a0\u00bb]\n<ul>\n<li>Meilleure efficacit\u00e9<\/li>\n<li>Fa\u00e7on de penser plus \u00e9cologique<\/li>\n<li>Meilleure position pour l&rsquo;avenir<\/li>\n<li>Qualit\u00e9 am\u00e9lior\u00e9e<\/li>\n<li>Optimisation des capacit\u00e9s du supercalandreur<\/li>\n<\/ul>\n[\/mk_custom_list][\/vc_column_inner][\/vc_row_inner][\/vc_column][vc_column][vc_row_inner][vc_column_inner][mk_padding_divider size=\u00a0\u00bb60&Prime;][mk_padding_divider size=\u00a0\u00bb60&Prime;][vc_column_text css=\u00a0\u00bb.vc_custom_1570012281948{margin-bottom: 0px !important;}\u00a0\u00bb]\n<h2 style=\"text-align: center;\"><span style=\"color: #00005e;\">Mati\u00e8res premi\u00e8res : Fiberun WBN (HTCN de RHL)<\/span><\/h2>\n[\/vc_column_text][vc_separator color=\u00a0\u00bbcustom\u00a0\u00bb border_width=\u00a0\u00bb2&Prime; accent_color=\u00a0\u00bb#00005e\u00a0\u00bb][\/vc_column_inner][\/vc_row_inner][vc_row_inner][vc_column_inner width=\u00a0\u00bb1\/2&Prime;][mk_image src=\u00a0\u00bbhttps:\/\/kwf-hilger.com\/wp-content\/uploads\/2019\/06\/image002.jpg\u00a0\u00bb image_size=\u00a0\u00bbfull\u00a0\u00bb lightbox=\u00a0\u00bbtrue\u00a0\u00bb el_class=\u00a0\u00bbletterhough\u00a0\u00bb][\/vc_column_inner][vc_column_inner width=\u00a0\u00bb1\/2&Prime;][mk_image src=\u00a0\u00bbhttps:\/\/kwf-hilger.com\/wp-content\/uploads\/2019\/06\/image003.png\u00a0\u00bb image_size=\u00a0\u00bbfull\u00a0\u00bb lightbox=\u00a0\u00bbtrue\u00a0\u00bb][mk_padding_divider size=\u00a0\u00bb20&Prime;][vc_column_text css=\u00a0\u00bb.vc_custom_1570012293866{margin-bottom: 0px !important;}\u00a0\u00bb]<span style=\"color: #00005e;\">Technologie r\u00e9volutionnaire: le remplissage de fibre le plus avanc\u00e9 du march\u00e9.<\/span>[\/vc_column_text][mk_padding_divider size=\u00a0\u00bb20&Prime;][vc_column_text css=\u00a0\u00bb.vc_custom_1570012304347{margin-bottom: 0px !important;}\u00a0\u00bb]\n<p style=\"color: #00005e; text-align: justify !important;\">Le coton trait\u00e9 de cette mani\u00e8re \u00e9limine pratiquement toute contamination par des mat\u00e9riaux tels que le polyester, le caoutchouc synth\u00e9tique (lycra), les crampons\/rivets en m\u00e9tal, les fermetures \u00e9clair et les boutons, etc. Il est n\u00e9cessaire d&rsquo;utiliser des piles hollandaises pour pr\u00e9server la pleine puissance et longueur des fibres. Il minimise le travail m\u00e9canique pour conserver le DP le plus \u00e9lev\u00e9. Aucun produit chimique n&rsquo;a \u00e9t\u00e9 utilis\u00e9 avant sa transformation en papier.<\/p>\n<p style=\"color: #00005e; text-align: justify !important;\">Les fibres les plus longues compos\u00e9es de linters de coton vierges garantissent une transmission optimale de la chaleur dans le rev\u00eatement du rouleau et une excellente stabilit\u00e9 dimensionnelle du rev\u00eatement du rouleau, permettant un contact prolong\u00e9 avec l&rsquo;arbre du rouleau.<\/p>\n[\/vc_column_text][\/vc_column_inner][\/vc_row_inner][vc_row_inner][vc_column_inner][mk_padding_divider size=\u00a0\u00bb60&Prime;][mk_padding_divider size=\u00a0\u00bb60&Prime;][vc_column_text css=\u00a0\u00bb.vc_custom_1567080578821{margin-bottom: 0px !important;}\u00a0\u00bb]\n<h2 style=\"text-align: center;\"><span style=\"color: #00005e;\">Fiberun WBN (HTCN de RHL) vs BLUE DEMIN<\/span><\/h2>\n[\/vc_column_text][vc_separator color=\u00a0\u00bbcustom\u00a0\u00bb border_width=\u00a0\u00bb2&Prime; accent_color=\u00a0\u00bb#00005e\u00a0\u00bb][\/vc_column_inner][\/vc_row_inner][vc_row_inner][vc_column_inner width=\u00a0\u00bb1\/2&Prime;][vc_column_text css=\u00a0\u00bb.vc_custom_1567080587963{margin-bottom: 0px !important;}\u00a0\u00bb]\n<h3><span style=\"color: #00005e;\">Diff\u00e9rences entre Fiberun WBN (HTCN de RHL) et BLUE DENIM<\/span><\/h3>\n[\/vc_column_text][vc_separator color=\u00a0\u00bbcustom\u00a0\u00bb accent_color=\u00a0\u00bb#00005e\u00a0\u00bb][mk_custom_list style=\u00a0\u00bbmk-icon-caret-right\u00a0\u00bb]\n<ul>\n<li>Fiberun WBN (HTCN de RHL) pr\u00e9sente une porosit\u00e9 Bendtsen sup\u00e9rieure \u00e0 2\u00a0000\u00a0ml\/min., cela signifie que l&rsquo;air le traverse relativement facilement gr\u00e2ce aux longues fibres vierges discontinues.<\/li>\n<li>Blue Denim pr\u00e9sente une porosit\u00e9 Bendtsen de 600\u00a0ml\/min., cela signifie que l&rsquo;air le traverse de mani\u00e8re satisfaisante.<\/li>\n<li>Il est tr\u00e8s souhaitable que le rouleaude calandre poss\u00e8de une feuille ouverte car le papier presse les feuilles en une masse unique homog\u00e8ne. Il faut alors un marteau et un burin pour s\u00e9parer les feuilles apr\u00e8s le pressage\u00a0! Une feuille ferm\u00e9e signifie que chaque feuille reste s\u00e9par\u00e9e m\u00eame apr\u00e8s un pressage \u00e0 3\u00a0000\u00a0tonnes\u00a0!<\/li>\n<li>Un rouleau fabriqu\u00e9 avec des feuilles plus ferm\u00e9es ne se conformera pas aussi naturellement aux modifications g\u00e9om\u00e9triques de la calandre qu&rsquo;une feuille ouverte comme Fiberun WBN (HTCN de RHL)<\/li>\n<li>Une feuille de papier ouverte Fiberun WBN (HTCN de RHL) permet une bien meilleure r\u00e9partition de la chaleur qu&rsquo;une feuille ferm\u00e9e.<\/li>\n<\/ul>\n[\/mk_custom_list][\/vc_column_inner][vc_column_inner width=\u00a0\u00bb1\/2&Prime;][mk_image src=\u00a0\u00bbhttps:\/\/kwf-hilger.com\/wp-content\/uploads\/2019\/04\/bildschirmfoto-2019-04-01-um-11.32.03.jpg\u00a0\u00bb image_size=\u00a0\u00bbfull\u00a0\u00bb lightbox=\u00a0\u00bbtrue\u00a0\u00bb][\/vc_column_inner][\/vc_row_inner][mk_padding_divider size=\u00a0\u00bb30&Prime;][vc_row_inner][vc_column_inner width=\u00a0\u00bb1\/2&Prime;][mk_image src=\u00a0\u00bbhttps:\/\/kwf-hilger.com\/wp-content\/uploads\/2019\/06\/website-precision-grinding-2.jpg\u00a0\u00bb image_size=\u00a0\u00bbfull\u00a0\u00bb lightbox=\u00a0\u00bbtrue\u00a0\u00bb el_class=\u00a0\u00bbletterhough\u00a0\u00bb][\/vc_column_inner][vc_column_inner width=\u00a0\u00bb1\/2&Prime;][mk_image src=\u00a0\u00bbhttps:\/\/kwf-hilger.com\/wp-content\/uploads\/2019\/06\/bs-being-ground.jpg\u00a0\u00bb image_size=\u00a0\u00bbfull\u00a0\u00bb lightbox=\u00a0\u00bbtrue\u00a0\u00bb el_class=\u00a0\u00bbletterhough\u00a0\u00bb][\/vc_column_inner][\/vc_row_inner][mk_padding_divider size=\u00a0\u00bb30&Prime;][vc_row_inner][vc_column_inner width=\u00a0\u00bb1\/2&Prime;][vc_column_text css=\u00a0\u00bb.vc_custom_1567080611508{margin-bottom: 0px !important;}\u00a0\u00bb]\n<h3><span style=\"color: #00005e;\">Stabilit\u00e9 dynamique<\/span><\/h3>\n[\/vc_column_text][vc_separator color=\u00a0\u00bbcustom\u00a0\u00bb accent_color=\u00a0\u00bb#00005e\u00a0\u00bb][mk_custom_list style=\u00a0\u00bbmk-icon-caret-right\u00a0\u00bb]\n<ul>\n<li>Probablement moins de suppression lors de l&rsquo;aff\u00fbtage<\/li>\n<li>Moins de risque de creusement<\/li>\n<li>Surface du rouleau plus uniforme<\/li>\n<li>Plus longue dur\u00e9e avant les signes de vieillissement<\/li>\n<\/ul>\n[\/mk_custom_list][\/vc_column_inner][vc_column_inner width=\u00a0\u00bb1\/2&Prime;][vc_column_text css=\u00a0\u00bb.vc_custom_1567080634420{margin-bottom: 0px !important;}\u00a0\u00bb]\n<h3><span style=\"color: #00005e;\">Avantages par rapport aux rouleaux en composite\/polym\u00e8re<\/span><\/h3>\n[\/vc_column_text][vc_separator color=\u00a0\u00bbcustom\u00a0\u00bb accent_color=\u00a0\u00bb#00005e\u00a0\u00bb][mk_custom_list style=\u00a0\u00bbmk-icon-caret-right\u00a0\u00bb]\n<ul>\n<li>Contrairement aux rouleaux en composite\/plastique, Fiberun WBN (HTCN de RHL) peut \u00eatre utilis\u00e9 pour am\u00e9liorer votre calandre avec l&rsquo;avantage de cr\u00e9er un brillant de frottement total dans le pincement caus\u00e9 par un micro-glissement.<\/li>\n<\/ul>\n[\/mk_custom_list][\/vc_column_inner][\/vc_row_inner][vc_row_inner][vc_column_inner width=\u00a0\u00bb1\/2&Prime;][vc_column_text css=\u00a0\u00bb.vc_custom_1567080649980{margin-bottom: 0px !important;}\u00a0\u00bb]\n<h3><span style=\"color: #00005e;\">Pourquoi utiliser Fiberun WBN (HTCN de RHL)<\/span><\/h3>\n[\/vc_column_text][vc_separator color=\u00a0\u00bbcustom\u00a0\u00bb accent_color=\u00a0\u00bb#00005e\u00a0\u00bb][mk_custom_list style=\u00a0\u00bbmk-icon-caret-right\u00a0\u00bb]\n<ul>\n<li>Moins cher<\/li>\n<li>Aucune tendance \u00e0 trop densifier la surface du papier<\/li>\n<li>Moins de risque gr\u00e2ce au diam\u00e8tre utile plus grand<\/li>\n<li>Facile \u00e0 travailler avec la technologie traditionnelle<\/li>\n<\/ul>\n[\/mk_custom_list][\/vc_column_inner][vc_column_inner width=\u00a0\u00bb1\/2&Prime;][vc_column_text css=\u00a0\u00bb.vc_custom_1567080669404{margin-bottom: 0px !important;}\u00a0\u00bb]\n<h3><span style=\"color: #00005e;\"><b>Avantages par rapport aux rouleaux en composite\/polym\u00e8re<\/b><\/span><\/h3>\n[\/vc_column_text][vc_separator color=\u00a0\u00bbcustom\u00a0\u00bb accent_color=\u00a0\u00bb#00005e\u00a0\u00bb][mk_custom_list style=\u00a0\u00bbmk-icon-caret-right\u00a0\u00bb]\n<ul>\n<li>Meilleure r\u00e9sistance \u00e0 la chaleur<\/li>\n<li>Brillance plus \u00e9lev\u00e9e ou rendement accru (gr\u00e2ce \u00e0 l&rsquo;augmentation de la temp\u00e9rature\/pression ou de la vitesse)<\/li>\n<li>Dur\u00e9e de production potentiellement plus longue<\/li>\n<li>Haute performance m\u00eame \u00e0 des diam\u00e8tres inf\u00e9rieurs<\/li>\n<\/ul>\n[\/mk_custom_list][\/vc_column_inner][\/vc_row_inner][mk_padding_divider size=\u00a0\u00bb30&Prime;][vc_row_inner][vc_column_inner width=\u00a0\u00bb1\/2&Prime;][mk_image src=\u00a0\u00bbhttps:\/\/kwf-hilger.com\/wp-content\/uploads\/2019\/06\/0283-24-01-2014.jpg\u00a0\u00bb image_size=\u00a0\u00bbfull\u00a0\u00bb lightbox=\u00a0\u00bbtrue\u00a0\u00bb el_class=\u00a0\u00bbletterhough\u00a0\u00bb][\/vc_column_inner][vc_column_inner width=\u00a0\u00bb1\/2&Prime;][mk_image src=\u00a0\u00bbhttps:\/\/kwf-hilger.com\/wp-content\/uploads\/2019\/06\/img_7828.jpg\u00a0\u00bb image_size=\u00a0\u00bbfull\u00a0\u00bb lightbox=\u00a0\u00bbtrue\u00a0\u00bb el_class=\u00a0\u00bbletterhough\u00a0\u00bb][\/vc_column_inner][\/vc_row_inner][mk_padding_divider size=\u00a0\u00bb60&Prime;][mk_padding_divider size=\u00a0\u00bb60&Prime;][\/vc_column][\/mk_page_section]\n<\/div>","protected":false},"excerpt":{"rendered":"<p>[mk_page_section bg_image=\u00a0\u00bbhttps:\/\/kwf-hilger.com\/wp-content\/uploads\/2019\/04\/helligkeit_kontrast-1-kopie.jpg\u00a0\u00bb bg_position=\u00a0\u00bbleft center\u00a0\u00bb bg_repeat=\u00a0\u00bbno-repeat\u00a0\u00bb bg_stretch=\u00a0\u00bbtrue\u00a0\u00bb speed_factor=\u00a0\u00bb0.4&Prime; video_color_mask=\u00a0\u00bb#1b34b5&Prime; video_opacity=\u00a0\u00bb0.5&Prime; min_height=\u00a0\u00bb400&Prime; full_width=\u00a0\u00bbtrue\u00a0\u00bb js_vertical_centered=\u00a0\u00bbtrue\u00a0\u00bb padding_top=\u00a0\u00bb0&Prime; padding_bottom=\u00a0\u00bb0&Prime; sidebar=\u00a0\u00bbsidebar-1&Prime;][vc_column][vc_column_text animation=\u00a0\u00bbscale-up\u00a0\u00bb el_class=\u00a0\u00bbschatten\u00a0\u00bb css=\u00a0\u00bb.vc_custom_1567079640724{margin-bottom: 0px !important;}\u00a0\u00bb] Rouleaux de super-calandrage destin\u00e9s \u00e0 l&rsquo;industrie du papier [\/vc_column_text][vc_column_text disable_pattern=\u00a0\u00bbfalse\u00a0\u00bb css=\u00a0\u00bb.vc_custom_1570012063765{margin-bottom: 0px !important;}\u00a0\u00bb] Nous sommes sp\u00e9cialis\u00e9s dans la fabrication de nouveaux rouleaux supercalandreurs complets (dont les arbres centraux en acier) ou dans le remplissage de [&hellip;]<\/p>\n","protected":false},"author":1,"featured_media":0,"parent":0,"menu_order":0,"comment_status":"closed","ping_status":"closed","template":"","meta":{"footnotes":""},"class_list":["post-1617","page","type-page","status-publish","hentry"],"_links":{"self":[{"href":"https:\/\/kwf-hilger.com\/fr\/wp-json\/wp\/v2\/pages\/1617","targetHints":{"allow":["GET"]}}],"collection":[{"href":"https:\/\/kwf-hilger.com\/fr\/wp-json\/wp\/v2\/pages"}],"about":[{"href":"https:\/\/kwf-hilger.com\/fr\/wp-json\/wp\/v2\/types\/page"}],"author":[{"embeddable":true,"href":"https:\/\/kwf-hilger.com\/fr\/wp-json\/wp\/v2\/users\/1"}],"replies":[{"embeddable":true,"href":"https:\/\/kwf-hilger.com\/fr\/wp-json\/wp\/v2\/comments?post=1617"}],"version-history":[{"count":45,"href":"https:\/\/kwf-hilger.com\/fr\/wp-json\/wp\/v2\/pages\/1617\/revisions"}],"predecessor-version":[{"id":2319,"href":"https:\/\/kwf-hilger.com\/fr\/wp-json\/wp\/v2\/pages\/1617\/revisions\/2319"}],"wp:attachment":[{"href":"https:\/\/kwf-hilger.com\/fr\/wp-json\/wp\/v2\/media?parent=1617"}],"curies":[{"name":"wp","href":"https:\/\/api.w.org\/{rel}","templated":true}]}}