{"id":1619,"date":"2019-06-17T11:08:03","date_gmt":"2019-06-17T09:08:03","guid":{"rendered":"https:\/\/kwf-hilger.com\/?page_id=1619"},"modified":"2020-07-15T15:45:13","modified_gmt":"2020-07-15T13:45:13","slug":"embossing-rolls","status":"publish","type":"page","link":"https:\/\/kwf-hilger.com\/fr\/embossing-rolls\/","title":{"rendered":"Rouleaux de gaufrage"},"content":{"rendered":"<div class=\"wpb-content-wrapper\">[mk_page_section bg_image=\u00a0\u00bbhttps:\/\/kwf-hilger.com\/wp-content\/uploads\/2019\/04\/kwf_bild_intro_blau.jpg\u00a0\u00bb bg_position=\u00a0\u00bbleft center\u00a0\u00bb bg_repeat=\u00a0\u00bbno-repeat\u00a0\u00bb bg_stretch=\u00a0\u00bbtrue\u00a0\u00bb speed_factor=\u00a0\u00bb0.4&Prime; video_color_mask=\u00a0\u00bb#1b34b5&Prime; video_opacity=\u00a0\u00bb0.5&Prime; min_height=\u00a0\u00bb400&Prime; full_width=\u00a0\u00bbtrue\u00a0\u00bb js_vertical_centered=\u00a0\u00bbtrue\u00a0\u00bb padding_top=\u00a0\u00bb0&Prime; padding_bottom=\u00a0\u00bb0&Prime; sidebar=\u00a0\u00bbsidebar-1&Prime;][vc_column][vc_column_text animation=\u00a0\u00bbscale-up\u00a0\u00bb el_class=\u00a0\u00bbschatten\u00a0\u00bb css=\u00a0\u00bb.vc_custom_1567075733065{margin-bottom: 0px !important;}\u00a0\u00bb]\n<h1 style=\"text-align: center;\"><span style=\"color: #ffffff;\">Rouleaux de gaufrage<\/span><\/h1>\n[\/vc_column_text][vc_column_text disable_pattern=\u00a0\u00bbfalse\u00a0\u00bb css=\u00a0\u00bb.vc_custom_1570010257553{margin-bottom: 0px !important;}\u00a0\u00bb]\n<p style=\"color: #00005e; text-align: center;\"><span style=\"color: #ffffff;\">Les rouleaux de soutien remplis de fibres repr\u00e9sentent aujourd&rsquo;hui l&rsquo;alternative la plus performante et la plus rentable<br \/>\npour la majorit\u00e9 des applications de gaufrage.<br \/>\n<\/span><\/p>\n[\/vc_column_text][mk_padding_divider][vc_row_inner][vc_column_inner width=\u00a0\u00bb1\/3&Prime;][mk_button dimension=\u00a0\u00bboutline\u00a0\u00bb size=\u00a0\u00bblarge\u00a0\u00bb url=\u00a0\u00bb#woollenpaper\u00a0\u00bb align=\u00a0\u00bbcenter\u00a0\u00bb fullwidth=\u00a0\u00bbtrue\u00a0\u00bb outline_skin=\u00a0\u00bbcustom\u00a0\u00bb outline_active_text_color=\u00a0\u00bb#ffffff\u00a0\u00bb outline_hover_bg_color=\u00a0\u00bb#ffffff\u00a0\u00bb outline_hover_color=\u00a0\u00bb#00005e\u00a0\u00bb]Papier de laine[\/mk_button][\/vc_column_inner][vc_column_inner width=\u00a0\u00bb1\/3&Prime;][mk_button dimension=\u00a0\u00bboutline\u00a0\u00bb size=\u00a0\u00bblarge\u00a0\u00bb url=\u00a0\u00bb#superelastic\u00a0\u00bb align=\u00a0\u00bbcenter\u00a0\u00bb fullwidth=\u00a0\u00bbtrue\u00a0\u00bb outline_skin=\u00a0\u00bbcustom\u00a0\u00bb outline_active_color=\u00a0\u00bb#ffffff\u00a0\u00bb outline_hover_bg_color=\u00a0\u00bb#ffffff\u00a0\u00bb outline_hover_color=\u00a0\u00bb#00005e\u00a0\u00bb]Super Elastic\u2122[\/mk_button][\/vc_column_inner][vc_column_inner width=\u00a0\u00bb1\/3&Prime;][mk_button dimension=\u00a0\u00bboutline\u00a0\u00bb size=\u00a0\u00bblarge\u00a0\u00bb url=\u00a0\u00bb#syncastembossing\u00a0\u00bb align=\u00a0\u00bbcenter\u00a0\u00bb fullwidth=\u00a0\u00bbtrue\u00a0\u00bb outline_skin=\u00a0\u00bbcustom\u00a0\u00bb outline_active_color=\u00a0\u00bb#ffffff\u00a0\u00bb outline_hover_bg_color=\u00a0\u00bb#ffffff\u00a0\u00bb outline_hover_color=\u00a0\u00bb#00005e\u00a0\u00bb]Syncast\u2122[\/mk_button][\/vc_column_inner][\/vc_row_inner][\/vc_column][\/mk_page_section][mk_page_section bg_image=\u00a0\u00bbhttps:\/\/kwf-hilger.com\/wp-content\/uploads\/2019\/04\/hintergrund_logo.png\u00a0\u00bb bg_position=\u00a0\u00bbcenter center\u00a0\u00bb video_color_mask=\u00a0\u00bb#ffffff\u00a0\u00bb video_opacity=\u00a0\u00bb0.7&Prime; min_height=\u00a0\u00bb0&Prime; padding_top=\u00a0\u00bb0&Prime; padding_bottom=\u00a0\u00bb0&Prime; section_id=\u00a0\u00bbwoollenpaper\u00a0\u00bb sidebar=\u00a0\u00bbsidebar-1&Prime;][vc_column][mk_padding_divider size=\u00a0\u00bb60&Prime;][vc_column_text css=\u00a0\u00bb.vc_custom_1567075758439{margin-bottom: 0px !important;}\u00a0\u00bb]\n<h2 style=\"text-align: center;\"><span style=\"color: #00005e;\">Papier de laine<\/span><\/h2>\n[\/vc_column_text][vc_separator color=\u00a0\u00bbcustom\u00a0\u00bb border_width=\u00a0\u00bb2&Prime; accent_color=\u00a0\u00bb#00005e\u00a0\u00bb][vc_row_inner][vc_column_inner width=\u00a0\u00bb1\/2&Prime;][vc_column_text css=\u00a0\u00bb.vc_custom_1570010274506{margin-bottom: 0px !important;}\u00a0\u00bb]<span style=\"color: #00005e;\"><strong>Propri\u00e9t\u00e9s du rouleau selon les caract\u00e9ristiques de calandrage<\/strong><\/span>[\/vc_column_text][vc_single_image image=\u00a0\u00bb1694&Prime; img_size=\u00a0\u00bbfull\u00a0\u00bb][\/vc_column_inner][vc_column_inner width=\u00a0\u00bb1\/2&Prime;][mk_padding_divider size=\u00a0\u00bb60&Prime;][mk_custom_list style=\u00a0\u00bbmk-icon-caret-right\u00a0\u00bb]\n<ul>\n<li>Rev\u00eatement \u00e0 base de papier de laine et de coton \u00e0 la structure press\u00e9e<\/li>\n<li>La teneur en laine (10-45\u00a0%) et la duret\u00e9 peuvent \u00eatre modifi\u00e9es en fonction de<\/li>\n<li>l&rsquo;application<\/li>\n<li>Conforme au rouleau en acier grav\u00e9 pour conf\u00e9rer un gaufrage pr\u00e9cis<\/li>\n<li>Convient aux conceptions fines ou profondes<\/li>\n<li>Applications adapt\u00e9es et non adapt\u00e9es<\/li>\n<\/ul>\n[\/mk_custom_list][\/vc_column_inner][\/vc_row_inner][vc_row_inner][vc_column_inner width=\u00a0\u00bb1\/3&Prime;][mk_image src=\u00a0\u00bbhttps:\/\/kwf-hilger.com\/wp-content\/uploads\/2019\/06\/web-sup-embossing-rolls.jpg\u00a0\u00bb image_size=\u00a0\u00bblarge\u00a0\u00bb lightbox=\u00a0\u00bbtrue\u00a0\u00bb align=\u00a0\u00bbcenter\u00a0\u00bb el_class=\u00a0\u00bbletterhough\u00a0\u00bb][\/vc_column_inner][vc_column_inner width=\u00a0\u00bb1\/3&Prime;][mk_image src=\u00a0\u00bbhttps:\/\/kwf-hilger.com\/wp-content\/uploads\/2019\/06\/paper-roll-in-press.jpg\u00a0\u00bb image_size=\u00a0\u00bblarge\u00a0\u00bb lightbox=\u00a0\u00bbtrue\u00a0\u00bb align=\u00a0\u00bbcenter\u00a0\u00bb el_class=\u00a0\u00bbletterhough\u00a0\u00bb][\/vc_column_inner][vc_column_inner width=\u00a0\u00bb1\/3&Prime;][mk_image src=\u00a0\u00bbhttps:\/\/kwf-hilger.com\/wp-content\/uploads\/2019\/06\/paper.jpg\u00a0\u00bb image_size=\u00a0\u00bblarge\u00a0\u00bb lightbox=\u00a0\u00bbtrue\u00a0\u00bb align=\u00a0\u00bbcenter\u00a0\u00bb el_class=\u00a0\u00bbletterhough\u00a0\u00bb][\/vc_column_inner][\/vc_row_inner][\/vc_column][vc_column][vc_row_inner el_id=\u00a0\u00bbsuperelastic\u00a0\u00bb][vc_column_inner][mk_padding_divider size=\u00a0\u00bb60&Prime;][mk_padding_divider size=\u00a0\u00bb60&Prime;][vc_column_text css=\u00a0\u00bb.vc_custom_1560854644272{margin-bottom: 0px !important;}\u00a0\u00bb]\n<h2 style=\"text-align: center;\"><span style=\"color: #00005e;\">Super Elastic\u2122<\/span><\/h2>\n[\/vc_column_text][vc_separator color=\u00a0\u00bbcustom\u00a0\u00bb border_width=\u00a0\u00bb2&Prime; accent_color=\u00a0\u00bb#00005e\u00a0\u00bb][\/vc_column_inner][\/vc_row_inner][vc_row_inner][vc_column_inner width=\u00a0\u00bb1\/2&Prime;][mk_custom_list style=\u00a0\u00bbmk-icon-caret-right\u00a0\u00bb]\n<ul>\n<li>Rev\u00eatement \u00e0 base de coton tiss\u00e9 \u00e0 100\u00a0% \u00e0 la structure press\u00e9e<\/li>\n<li>Convient aux conceptions fines (moins de 1\u00a0mm de profondeur)<\/li>\n<li>Temps de mise en service consid\u00e9rablement r\u00e9duit<\/li>\n<li>Les motifs peu profonds peuvent \u00eatre superpos\u00e9s sans n\u00e9cessiter de r\u00e9aff\u00fbtage (id\u00e9al pour les gaufreuses \u00e0 tourelle)<\/li>\n<li>R\u00e9silience \u00e9lev\u00e9e, les dommages mineurs se r\u00e9sorbent facilement<\/li>\n<li>Moins d&rsquo;usinage pour une dur\u00e9e de vie des rouleaux plus longue et des temps d&rsquo;arr\u00eat r\u00e9duits<\/li>\n<li>Applications adapt\u00e9es et non adapt\u00e9es<\/li>\n<li>Am\u00e9lioration de la dur\u00e9e de vie des rouleaux et de la productivit\u00e9 par rapport aux rouleaux de papier de laine traditionnels<\/li>\n<\/ul>\n[\/mk_custom_list][\/vc_column_inner][vc_column_inner width=\u00a0\u00bb1\/2&Prime;][vc_single_image image=\u00a0\u00bb1697&Prime; img_size=\u00a0\u00bbfull\u00a0\u00bb][\/vc_column_inner][\/vc_row_inner][\/vc_column][vc_column][vc_row_inner el_id=\u00a0\u00bbsyncastembossing\u00a0\u00bb][vc_column_inner][mk_padding_divider size=\u00a0\u00bb60&Prime;][mk_padding_divider size=\u00a0\u00bb60&Prime;][vc_column_text css=\u00a0\u00bb.vc_custom_1566897078645{margin-bottom: 0px !important;}\u00a0\u00bb]\n<h2 style=\"text-align: center;\"><span style=\"color: #00005e;\">Syncast\u2122<\/span><\/h2>\n[\/vc_column_text][vc_separator color=\u00a0\u00bbcustom\u00a0\u00bb border_width=\u00a0\u00bb2&Prime; accent_color=\u00a0\u00bb#00005e\u00a0\u00bb][\/vc_column_inner][\/vc_row_inner][vc_row_inner][vc_column_inner width=\u00a0\u00bb1\/2&Prime;][mk_custom_list style=\u00a0\u00bbmk-icon-caret-right\u00a0\u00bb]\n<ul>\n<li>Tissus naturels tiss\u00e9s et tricot\u00e9s<\/li>\n<li>Tissus synth\u00e9tiques tiss\u00e9s et tricot\u00e9s<\/li>\n<li>Non-tiss\u00e9s<\/li>\n<li>Papier<\/li>\n<li>Vinyle \/ cuirs synth\u00e9tiques<\/li>\n<li>Feuilles d&rsquo;aluminium<\/li>\n<\/ul>\n[\/mk_custom_list][mk_padding_divider size=\u00a0\u00bb10&Prime;][vc_column_text css=\u00a0\u00bb.vc_custom_1567075815815{margin-bottom: 0px !important;}\u00a0\u00bb]\n<h3><span class=\"s1\" style=\"color: #00005f;\">Avantages op\u00e9rationnels<\/span><\/h3>\n[\/vc_column_text][vc_separator color=\u00a0\u00bbcustom\u00a0\u00bb accent_color=\u00a0\u00bb#00005e\u00a0\u00bb][mk_custom_list style=\u00a0\u00bbmk-icon-caret-right\u00a0\u00bb]\n<ul>\n<li>Excellent effet lissant<\/li>\n<li>Excellent effet de gla\u00e7age lorsqu&rsquo;il est utilis\u00e9 avec un rouleau en acier hautement poli<\/li>\n<li>Excellente densification du tissu calandr\u00e9<\/li>\n<li>La stabilit\u00e9 de fonctionnement permet d&rsquo;obtenir une brillance plus \u00e9lev\u00e9e et plus homog\u00e8ne \u00e0 des vitesses plus \u00e9lev\u00e9es<\/li>\n<li>Syncast\u2122 produit d&rsquo;excellents effets de brillance \/ de perception \/ mats lorsqu&rsquo;il est utilis\u00e9 en combinaison avec des rouleaux de coton<\/li>\n<\/ul>\n[\/mk_custom_list][\/vc_column_inner][vc_column_inner width=\u00a0\u00bb1\/2&Prime;][mk_image src=\u00a0\u00bbhttps:\/\/kwf-hilger.com\/wp-content\/uploads\/2019\/06\/symcast-2.jpg\u00a0\u00bb image_size=\u00a0\u00bblarge\u00a0\u00bb lightbox=\u00a0\u00bbtrue\u00a0\u00bb align=\u00a0\u00bbcenter\u00a0\u00bb el_class=\u00a0\u00bbletterhough\u00a0\u00bb][\/vc_column_inner][\/vc_row_inner][vc_row_inner][vc_column_inner width=\u00a0\u00bb1\/2&Prime;][mk_image src=\u00a0\u00bbhttps:\/\/kwf-hilger.com\/wp-content\/uploads\/2019\/06\/symcast-4.jpg\u00a0\u00bb image_size=\u00a0\u00bblarge\u00a0\u00bb lightbox=\u00a0\u00bbtrue\u00a0\u00bb align=\u00a0\u00bbcenter\u00a0\u00bb el_class=\u00a0\u00bbletterhough\u00a0\u00bb][\/vc_column_inner][vc_column_inner width=\u00a0\u00bb1\/2&Prime;][mk_image src=\u00a0\u00bbhttps:\/\/kwf-hilger.com\/wp-content\/uploads\/2019\/06\/symcast-9.jpg\u00a0\u00bb image_size=\u00a0\u00bbfull\u00a0\u00bb lightbox=\u00a0\u00bbtrue\u00a0\u00bb align=\u00a0\u00bbcenter\u00a0\u00bb el_class=\u00a0\u00bbletterhough\u00a0\u00bb][\/vc_column_inner][\/vc_row_inner][mk_padding_divider size=\u00a0\u00bb60&Prime;][vc_row_inner][vc_column_inner][mk_table style=\u00a0\u00bbstyle2&Prime;]\n<table width=\"100%\">\n<thead>\n<tr>\n<th style=\"text-align: left;\"><strong><span style=\"color: #ffffff !important;\">Mat\u00e9riau Syncast\u2122<\/span><\/strong><\/th>\n<th style=\"text-align: left;\"><span style=\"color: #ffffff;\">Polyamide PA6G:<\/span><\/th>\n<\/tr>\n<\/thead>\n<tbody>\n<tr>\n<td style=\"text-align: left;\"><span style=\"color: #00005f;\">Couleur<\/span><\/td>\n<td style=\"text-align: left;\"><span style=\"color: #00005f;\">Naturelle<\/span><\/td>\n<\/tr>\n<tr>\n<td style=\"text-align: left;\"><span style=\"color: #00005f;\">Duret\u00e9<\/span><\/td>\n<td style=\"text-align: left;\"><span style=\"color: #00005f;\">87\u00b0 +\/-1 Shore D<\/span><\/td>\n<\/tr>\n<tr>\n<td style=\"text-align: left;\"><span style=\"color: #00005f;\">Temp\u00e9rature de surface maximale du rouleau en acier chauff\u00e9<\/span><\/td>\n<td style=\"text-align: left;\"><span style=\"color: #00005f;\">200-220\u00b0C<\/span><\/td>\n<\/tr>\n<tr>\n<td style=\"text-align: left;\"><span style=\"color: #00005f;\">Temp\u00e9rature de surface maximale du rouleau SYNCAST\u2122<\/span><\/td>\n<td style=\"text-align: left;\"><span style=\"color: #00005f;\">130\u00b0C<\/span><\/td>\n<\/tr>\n<tr>\n<td style=\"text-align: left;\"><span style=\"color: #00005f;\">Pression lin\u00e9aire maximale<\/span><\/td>\n<td style=\"text-align: left;\"><span style=\"color: #00005f;\">35o kN\/m<\/span><\/td>\n<\/tr>\n<\/tbody>\n<\/table>\n[\/mk_table][\/vc_column_inner][\/vc_row_inner][mk_padding_divider size=\u00a0\u00bb60&Prime;][mk_padding_divider size=\u00a0\u00bb60&Prime;][\/vc_column][\/mk_page_section]\n<\/div>","protected":false},"excerpt":{"rendered":"<p>[mk_page_section bg_image=\u00a0\u00bbhttps:\/\/kwf-hilger.com\/wp-content\/uploads\/2019\/04\/kwf_bild_intro_blau.jpg\u00a0\u00bb bg_position=\u00a0\u00bbleft center\u00a0\u00bb bg_repeat=\u00a0\u00bbno-repeat\u00a0\u00bb bg_stretch=\u00a0\u00bbtrue\u00a0\u00bb speed_factor=\u00a0\u00bb0.4&Prime; video_color_mask=\u00a0\u00bb#1b34b5&Prime; video_opacity=\u00a0\u00bb0.5&Prime; min_height=\u00a0\u00bb400&Prime; full_width=\u00a0\u00bbtrue\u00a0\u00bb js_vertical_centered=\u00a0\u00bbtrue\u00a0\u00bb padding_top=\u00a0\u00bb0&Prime; padding_bottom=\u00a0\u00bb0&Prime; sidebar=\u00a0\u00bbsidebar-1&Prime;][vc_column][vc_column_text animation=\u00a0\u00bbscale-up\u00a0\u00bb el_class=\u00a0\u00bbschatten\u00a0\u00bb css=\u00a0\u00bb.vc_custom_1567075733065{margin-bottom: 0px !important;}\u00a0\u00bb] Rouleaux de gaufrage [\/vc_column_text][vc_column_text disable_pattern=\u00a0\u00bbfalse\u00a0\u00bb css=\u00a0\u00bb.vc_custom_1570010257553{margin-bottom: 0px !important;}\u00a0\u00bb] Les rouleaux de soutien remplis de fibres repr\u00e9sentent aujourd&rsquo;hui l&rsquo;alternative la plus performante et la plus rentable pour la majorit\u00e9 des applications de gaufrage. [\/vc_column_text][mk_padding_divider][vc_row_inner][vc_column_inner width=\u00a0\u00bb1\/3&Prime;][mk_button dimension=\u00a0\u00bboutline\u00a0\u00bb [&hellip;]<\/p>\n","protected":false},"author":1,"featured_media":0,"parent":0,"menu_order":0,"comment_status":"closed","ping_status":"closed","template":"","meta":{"footnotes":""},"class_list":["post-1619","page","type-page","status-publish","hentry"],"_links":{"self":[{"href":"https:\/\/kwf-hilger.com\/fr\/wp-json\/wp\/v2\/pages\/1619","targetHints":{"allow":["GET"]}}],"collection":[{"href":"https:\/\/kwf-hilger.com\/fr\/wp-json\/wp\/v2\/pages"}],"about":[{"href":"https:\/\/kwf-hilger.com\/fr\/wp-json\/wp\/v2\/types\/page"}],"author":[{"embeddable":true,"href":"https:\/\/kwf-hilger.com\/fr\/wp-json\/wp\/v2\/users\/1"}],"replies":[{"embeddable":true,"href":"https:\/\/kwf-hilger.com\/fr\/wp-json\/wp\/v2\/comments?post=1619"}],"version-history":[{"count":29,"href":"https:\/\/kwf-hilger.com\/fr\/wp-json\/wp\/v2\/pages\/1619\/revisions"}],"predecessor-version":[{"id":2320,"href":"https:\/\/kwf-hilger.com\/fr\/wp-json\/wp\/v2\/pages\/1619\/revisions\/2320"}],"wp:attachment":[{"href":"https:\/\/kwf-hilger.com\/fr\/wp-json\/wp\/v2\/media?parent=1619"}],"curies":[{"name":"wp","href":"https:\/\/api.w.org\/{rel}","templated":true}]}}