{"id":1621,"date":"2019-06-17T11:08:18","date_gmt":"2019-06-17T09:08:18","guid":{"rendered":"https:\/\/kwf-hilger.com\/?page_id=1621"},"modified":"2019-10-02T13:16:40","modified_gmt":"2019-10-02T11:16:40","slug":"calendering-rolls-for-the-textile-industry","status":"publish","type":"page","link":"https:\/\/kwf-hilger.com\/fr\/calendering-rolls-for-the-textile-industry\/","title":{"rendered":"Rouleaux de calandrage destin\u00e9s \u00e0 l&rsquo;industrie textile"},"content":{"rendered":"<div class=\"wpb-content-wrapper\">[mk_page_section bg_image=\u00a0\u00bbhttps:\/\/kwf-hilger.com\/wp-content\/uploads\/2019\/04\/kwf_bild_intro_blau.jpg\u00a0\u00bb bg_position=\u00a0\u00bbright center\u00a0\u00bb bg_repeat=\u00a0\u00bbno-repeat\u00a0\u00bb bg_stretch=\u00a0\u00bbtrue\u00a0\u00bb speed_factor=\u00a0\u00bb0.4&Prime; video_color_mask=\u00a0\u00bb#1b34b5&Prime; video_opacity=\u00a0\u00bb0.5&Prime; min_height=\u00a0\u00bb400&Prime; full_width=\u00a0\u00bbtrue\u00a0\u00bb js_vertical_centered=\u00a0\u00bbtrue\u00a0\u00bb padding_top=\u00a0\u00bb0&Prime; padding_bottom=\u00a0\u00bb0&Prime; sidebar=\u00a0\u00bbsidebar-1&Prime;][vc_column][vc_column_text animation=\u00a0\u00bbscale-up\u00a0\u00bb el_class=\u00a0\u00bbschatten\u00a0\u00bb css=\u00a0\u00bb.vc_custom_1570010062637{margin-bottom: 0px !important;}\u00a0\u00bb]\n<h1 style=\"text-align: center;\"><span style=\"color: #ffffff;\">Rouleaux de calandrage destin\u00e9s \u00e0 l&rsquo;industrie textile<\/span><\/h1>\n[\/vc_column_text][mk_padding_divider][vc_row_inner is_fullwidth_content=\u00a0\u00bbfalse\u00a0\u00bb][vc_column_inner width=\u00a0\u00bb1\/2&Prime;][mk_button dimension=\u00a0\u00bboutline\u00a0\u00bb size=\u00a0\u00bblarge\u00a0\u00bb url=\u00a0\u00bb#copcotton\u00a0\u00bb align=\u00a0\u00bbcenter\u00a0\u00bb fullwidth=\u00a0\u00bbtrue\u00a0\u00bb outline_skin=\u00a0\u00bbcustom\u00a0\u00bb outline_active_color=\u00a0\u00bb#ffffff\u00a0\u00bb outline_hover_bg_color=\u00a0\u00bb#ffffff\u00a0\u00bb outline_hover_color=\u00a0\u00bb#00005e\u00a0\u00bb]Coton Cop[\/mk_button][\/vc_column_inner][vc_column_inner width=\u00a0\u00bb1\/2&Prime;][mk_button dimension=\u00a0\u00bboutline\u00a0\u00bb size=\u00a0\u00bblarge\u00a0\u00bb url=\u00a0\u00bb#syncasttextil1&Prime; align=\u00a0\u00bbcenter\u00a0\u00bb fullwidth=\u00a0\u00bbtrue\u00a0\u00bb outline_skin=\u00a0\u00bbcustom\u00a0\u00bb outline_active_color=\u00a0\u00bb#ffffff\u00a0\u00bb outline_hover_bg_color=\u00a0\u00bb#ffffff\u00a0\u00bb outline_hover_color=\u00a0\u00bb#00005e\u00a0\u00bb]Syncast\u2122[\/mk_button][\/vc_column_inner][\/vc_row_inner][\/vc_column][\/mk_page_section][mk_page_section bg_image=\u00a0\u00bbhttps:\/\/kwf-hilger.com\/wp-content\/uploads\/2019\/04\/hintergrund_logo.png\u00a0\u00bb bg_position=\u00a0\u00bbcenter center\u00a0\u00bb video_color_mask=\u00a0\u00bb#ffffff\u00a0\u00bb video_opacity=\u00a0\u00bb0.7&Prime; min_height=\u00a0\u00bb0&Prime; padding_top=\u00a0\u00bb0&Prime; padding_bottom=\u00a0\u00bb0&Prime; section_id=\u00a0\u00bbcopcotton\u00a0\u00bb sidebar=\u00a0\u00bbsidebar-1&Prime;][vc_column][mk_padding_divider size=\u00a0\u00bb60&Prime;][vc_column_text css=\u00a0\u00bb.vc_custom_1567075517036{margin-bottom: 0px !important;}\u00a0\u00bb]\n<h2 style=\"text-align: center;\"><span style=\"color: #00005e;\">Coton Cop<\/span><\/h2>\n[\/vc_column_text][vc_column_text css=\u00a0\u00bb.vc_custom_1570010089069{margin-bottom: 0px !important;}\u00a0\u00bb]\n<p class=\"p2\" style=\"text-align: center;\"><span style=\"color: #00005e;\">Nos rouleaux en coton de haute qualit\u00e9 sont exclusivement sp\u00e9cifi\u00e9s par les plus grands fabricants de calandres au monde et utilis\u00e9s par les principaux fabricants de textile dans le monde.<br \/>\n<\/span><\/p>\n[\/vc_column_text][vc_separator color=\u00a0\u00bbcustom\u00a0\u00bb border_width=\u00a0\u00bb2&Prime; accent_color=\u00a0\u00bb#00005e\u00a0\u00bb][vc_row_inner][vc_column_inner width=\u00a0\u00bb1\/2&Prime;][vc_column_text css=\u00a0\u00bb.vc_custom_1570010102478{margin-bottom: 0px !important;}\u00a0\u00bb]\n<p style=\"color: #00005e; text-align: justify !important;\">Le coton Cop est fabriqu\u00e9 \u00e0 partir de coton 100 % naturel, selon une technique de fabrication unique. Nous disposons d&rsquo;une m\u00e9thode particuli\u00e8re pour fabriquer les rouleaux de mani\u00e8re \u00e0 ce que les fils de coton soient orient\u00e9s circonf\u00e9rentiellement autour du rouleau, conf\u00e9rant une force bien sup\u00e9rieure au rev\u00eatement et un toucher plus doux au tissu.<\/p>\n<p style=\"color: #00005e; text-align: justify !important;\">Le coton Cop pr\u00e9sente des performances in\u00e9gal\u00e9es en termes de r\u00e9silience, de r\u00e9sistance \u00e0 la chaleur et de dur\u00e9e de vie des fibres et les caract\u00e9ristiques \u00e9lastiques du syst\u00e8me de liaison garantissent un haut degr\u00e9 de flexibilit\u00e9, d&rsquo;\u00e9lasticit\u00e9 et de r\u00e9sistance de la structure poreuse\/ouverte.<\/p>\n[\/vc_column_text][\/vc_column_inner][vc_column_inner width=\u00a0\u00bb1\/2&Prime;][mk_image src=\u00a0\u00bbhttps:\/\/kwf-hilger.com\/wp-content\/uploads\/2019\/06\/cop-cotton-cover-close-up.jpg\u00a0\u00bb image_size=\u00a0\u00bblarge\u00a0\u00bb lightbox=\u00a0\u00bbtrue\u00a0\u00bb align=\u00a0\u00bbcenter\u00a0\u00bb el_class=\u00a0\u00bbletterhough\u00a0\u00bb][\/vc_column_inner][\/vc_row_inner][mk_padding_divider size=\u00a0\u00bb60&Prime;][vc_row_inner][vc_column_inner width=\u00a0\u00bb1\/3&Prime;][mk_image src=\u00a0\u00bbhttps:\/\/kwf-hilger.com\/wp-content\/uploads\/2019\/06\/row-of-finished-bs.jpg\u00a0\u00bb image_size=\u00a0\u00bblarge\u00a0\u00bb lightbox=\u00a0\u00bbtrue\u00a0\u00bb align=\u00a0\u00bbcenter\u00a0\u00bb el_class=\u00a0\u00bbletterhough\u00a0\u00bb][\/vc_column_inner][vc_column_inner width=\u00a0\u00bb1\/3&Prime;][mk_image src=\u00a0\u00bbhttps:\/\/kwf-hilger.com\/wp-content\/uploads\/2019\/06\/close-up-cotton-roll.jpg\u00a0\u00bb image_size=\u00a0\u00bblarge\u00a0\u00bb lightbox=\u00a0\u00bbtrue\u00a0\u00bb align=\u00a0\u00bbcenter\u00a0\u00bb el_class=\u00a0\u00bbletterhough\u00a0\u00bb][\/vc_column_inner][vc_column_inner width=\u00a0\u00bb1\/3&Prime;][mk_image src=\u00a0\u00bbhttps:\/\/kwf-hilger.com\/wp-content\/uploads\/2019\/06\/cotton-roll-in-press-2.jpg\u00a0\u00bb image_size=\u00a0\u00bblarge\u00a0\u00bb lightbox=\u00a0\u00bbtrue\u00a0\u00bb align=\u00a0\u00bbcenter\u00a0\u00bb el_class=\u00a0\u00bbletterhough\u00a0\u00bb][\/vc_column_inner][\/vc_row_inner][mk_padding_divider size=\u00a0\u00bb60&Prime;][vc_row_inner][vc_column_inner width=\u00a0\u00bb1\/2&Prime;][vc_column_text css=\u00a0\u00bb.vc_custom_1567075568962{margin-bottom: 0px !important;}\u00a0\u00bb]\n<h3 class=\"p1\"><span class=\"s1\" style=\"color: #00005f;\">Applications:<\/span><\/h3>\n[\/vc_column_text][vc_separator color=\u00a0\u00bbcustom\u00a0\u00bb accent_color=\u00a0\u00bb#00005e\u00a0\u00bb][mk_custom_list style=\u00a0\u00bbmk-icon-caret-right\u00a0\u00bb]\n<ul>\n<li>Calandrage textile et non tiss\u00e9<\/li>\n<li>Gaufrage<\/li>\n<\/ul>\n[\/mk_custom_list][mk_padding_divider][vc_column_text css=\u00a0\u00bb.vc_custom_1570010123831{margin-bottom: 0px !important;}\u00a0\u00bb]\n<h3 class=\"p1\"><span class=\"s1\" style=\"color: #00005f;\">Principales caract\u00e9ristiques:<\/span><\/h3>\n[\/vc_column_text][vc_separator color=\u00a0\u00bbcustom\u00a0\u00bb accent_color=\u00a0\u00bb#00005e\u00a0\u00bb][mk_custom_list style=\u00a0\u00bbmk-icon-caret-right\u00a0\u00bb]\n<ul>\n<li>R\u00e9silience et force \u00e9lev\u00e9es<\/li>\n<li>Excellentes caract\u00e9ristiques de surface du rouleau<\/li>\n<li>Finition optimale de la surface du tissu<\/li>\n<li>Excellente r\u00e9sistance aux dommages de surface<\/li>\n<\/ul>\n[\/mk_custom_list][\/vc_column_inner][vc_column_inner width=\u00a0\u00bb1\/2&Prime;][vc_column_text css=\u00a0\u00bb.vc_custom_1570010149656{margin-bottom: 0px !important;}\u00a0\u00bb]\n<h3 class=\"p1\"><span class=\"s1\" style=\"color: #00005f;\">Rouleaux en coton pour:<\/span><\/h3>\n[\/vc_column_text][vc_separator color=\u00a0\u00bbcustom\u00a0\u00bb accent_color=\u00a0\u00bb#00005e\u00a0\u00bb][mk_custom_list style=\u00a0\u00bbmk-icon-caret-right\u00a0\u00bb]\n<ul>\n<li>Calandres textiles universelles<\/li>\n<li>Calandres Schreiner<\/li>\n<li>Calandres \u00e0 frottement<\/li>\n<li>Calandres de gaufrage<\/li>\n<li>Calandres de liaison et non-tiss\u00e9s<\/li>\n<\/ul>\n[\/mk_custom_list][\/vc_column_inner][\/vc_row_inner][\/vc_column][vc_column][vc_row_inner el_id=\u00a0\u00bbsyncasttextil1&Prime;][vc_column_inner][mk_padding_divider size=\u00a0\u00bb60&Prime;][mk_padding_divider size=\u00a0\u00bb60&Prime;][vc_column_text css=\u00a0\u00bb.vc_custom_1567075625607{margin-bottom: 0px !important;}\u00a0\u00bb]\n<h2 style=\"text-align: center;\"><span style=\"color: #00005e;\">Rouleaux de calandre en polyamide SYNCAST\u2122<\/span><\/h2>\n[\/vc_column_text][vc_separator color=\u00a0\u00bbcustom\u00a0\u00bb border_width=\u00a0\u00bb2&Prime; accent_color=\u00a0\u00bb#00005e\u00a0\u00bb][\/vc_column_inner][\/vc_row_inner][vc_row_inner][vc_column_inner width=\u00a0\u00bb1\/2&Prime;][vc_column_text disable_pattern=\u00a0\u00bbfalse\u00a0\u00bb css=\u00a0\u00bb.vc_custom_1570010172429{margin-bottom: 0px !important;}\u00a0\u00bb]\n<p style=\"color: #00005e; text-align: justify !important;\">Les rouleaux de calandre en polyamide Syncast\u2122 de KWF constituent une solution de pointe pour de nombreuses applications de calandrage et de gaufrage. L&rsquo;excellente r\u00e9sistance aux dommages de surface garantit un entretien minimum et une dur\u00e9e de vie tr\u00e8s longue.<\/p>\n[\/vc_column_text][\/vc_column_inner][vc_column_inner width=\u00a0\u00bb1\/2&Prime;][mk_image src=\u00a0\u00bbhttps:\/\/kwf-hilger.com\/wp-content\/uploads\/2019\/06\/symcast-tube-4.jpg\u00a0\u00bb image_size=\u00a0\u00bblarge\u00a0\u00bb lightbox=\u00a0\u00bbtrue\u00a0\u00bb align=\u00a0\u00bbcenter\u00a0\u00bb el_class=\u00a0\u00bbletterhough\u00a0\u00bb][\/vc_column_inner][\/vc_row_inner][mk_padding_divider size=\u00a0\u00bb60&Prime;][vc_row_inner][vc_column_inner width=\u00a0\u00bb1\/2&Prime;][mk_image src=\u00a0\u00bbhttps:\/\/kwf-hilger.com\/wp-content\/uploads\/2019\/06\/symcast-10-1.jpg\u00a0\u00bb image_size=\u00a0\u00bblarge\u00a0\u00bb lightbox=\u00a0\u00bbtrue\u00a0\u00bb align=\u00a0\u00bbcenter\u00a0\u00bb el_class=\u00a0\u00bbletterhough\u00a0\u00bb][\/vc_column_inner][vc_column_inner width=\u00a0\u00bb1\/2&Prime;][mk_image src=\u00a0\u00bbhttps:\/\/kwf-hilger.com\/wp-content\/uploads\/2019\/06\/symcast-tube-2.jpg\u00a0\u00bb image_size=\u00a0\u00bblarge\u00a0\u00bb lightbox=\u00a0\u00bbtrue\u00a0\u00bb align=\u00a0\u00bbcenter\u00a0\u00bb el_class=\u00a0\u00bbletterhough\u00a0\u00bb][\/vc_column_inner][\/vc_row_inner][mk_padding_divider size=\u00a0\u00bb60&Prime;][vc_row_inner][vc_column_inner width=\u00a0\u00bb1\/2&Prime;][vc_column_text css=\u00a0\u00bb.vc_custom_1567075642592{margin-bottom: 0px !important;}\u00a0\u00bb]\n<h3 class=\"p1\"><span class=\"s1\" style=\"color: #00005f;\">Construction<\/span><\/h3>\n[\/vc_column_text][vc_separator color=\u00a0\u00bbcustom\u00a0\u00bb accent_color=\u00a0\u00bb#00005e\u00a0\u00bb][vc_column_text css=\u00a0\u00bb.vc_custom_1570010191024{margin-bottom: 0px !important;}\u00a0\u00bb]\n<p style=\"color: #00005e; text-align: justify !important;\">Syncast\u2122 est un polym\u00e8re thermoplastique \u00e0 \u00e9lasticit\u00e9 unique, sp\u00e9cialement con\u00e7u pour les rouleaux de calandre. Les rev\u00eatements de rouleaux Syncast\u2122 sont coul\u00e9s par centrifugation, garantissant une qualit\u00e9 optimale gr\u00e2ce \u00e0 la vitesse de rotation exceptionnellement \u00e9lev\u00e9e (2 000 tr\/min) utilis\u00e9e lors du processus de coul\u00e9e. Cette \u00ab coul\u00e9e en rotation \u00bb \u00e0 haute vitesse assure l&rsquo;expulsion de toutes les bulles d&rsquo;air et impuret\u00e9s du rev\u00eatement. Le refroidissement atmosph\u00e9rique naturel du polym\u00e8re coul\u00e9 lors du processus de moulage garantit ensuite un temps de r\u00e9action maximal, permettant ainsi la formation de mol\u00e9cules plus longues.<\/p>\n<p style=\"color: #00005e; text-align: justify !important;\">La longueur optimis\u00e9e de la mol\u00e9cule conf\u00e8re au rouleau de calandre Syncast\u2122 son excellente \u00e9lasticit\u00e9 et une \u00ab gu\u00e9rison \u00bb des marques, avec une distorsion minimale de la forme. En r\u00e9sulte une excellente capacit\u00e9 de fonctionnement dans la calandre et une dur\u00e9e de vie maximale. Les contraintes internes sont minimis\u00e9es dans le rev\u00eatement de rouleau de calandre Syncast\u2122 car il est produit \u00e0 des temp\u00e9ratures inf\u00e9rieures au point de fusion du polym\u00e8re.<\/p>\n[\/vc_column_text][\/vc_column_inner][vc_column_inner width=\u00a0\u00bb1\/2&Prime;][vc_column_text css=\u00a0\u00bb.vc_custom_1560939454438{margin-bottom: 0px !important;}\u00a0\u00bb]\n<h3><span style=\"color: #00005e;\">Applications<\/span><\/h3>\n[\/vc_column_text][vc_separator color=\u00a0\u00bbcustom\u00a0\u00bb accent_color=\u00a0\u00bb#00005e\u00a0\u00bb][mk_custom_list style=\u00a0\u00bbmk-icon-caret-right\u00a0\u00bb]\n<ul>\n<li>Calandrage<\/li>\n<li>Tissus naturels tiss\u00e9s et tricot\u00e9s<\/li>\n<li>Tissus synth\u00e9tiques tiss\u00e9s et tricot\u00e9s<\/li>\n<li>Non-tiss\u00e9s (thermocollants)<\/li>\n<li>Papier<\/li>\n<\/ul>\n[\/mk_custom_list][mk_padding_divider][vc_column_text css=\u00a0\u00bb.vc_custom_1567075681794{margin-bottom: 0px !important;}\u00a0\u00bb]\n<h3><span class=\"s1\" style=\"color: #00005f;\"><b>Avantages op\u00e9rationnels<\/b><\/span><\/h3>\n[\/vc_column_text][vc_separator color=\u00a0\u00bbcustom\u00a0\u00bb accent_color=\u00a0\u00bb#00005e\u00a0\u00bb][mk_custom_list style=\u00a0\u00bbmk-icon-caret-right\u00a0\u00bb]\n<ul>\n<li>Aucun lavage n\u00e9cessaire<\/li>\n<li>Tr\u00e8s r\u00e9sistant aux marques de surface, caus\u00e9es par ex. par des bords de manchon, des jointures, des plis et des n\u0153uds, etc.<\/li>\n<li>La plupart des marques de surface se nivellent pendant le fonctionnement<\/li>\n<li>Diff\u00e9rentes largeurs de mat\u00e9riaux peuvent \u00eatre utilis\u00e9es sans probl\u00e8mes de marquage des bords<\/li>\n<li>R\u00e9sistant aux produits chimiques de traitement les plus couramment utilis\u00e9s<\/li>\n<li>Les rouleaux Syncast\u2122 peuvent \u00eatre r\u00e9-usin\u00e9s \u00e0 plusieurs reprises et offrent une excellente dur\u00e9e de vie<\/li>\n<\/ul>\n[\/mk_custom_list][\/vc_column_inner][\/vc_row_inner][\/vc_column][vc_column][mk_padding_divider size=\u00a0\u00bb60&Prime;][mk_padding_divider size=\u00a0\u00bb60&Prime;][\/vc_column][\/mk_page_section]\n<\/div>","protected":false},"excerpt":{"rendered":"<p>[mk_page_section bg_image=\u00a0\u00bbhttps:\/\/kwf-hilger.com\/wp-content\/uploads\/2019\/04\/kwf_bild_intro_blau.jpg\u00a0\u00bb bg_position=\u00a0\u00bbright center\u00a0\u00bb bg_repeat=\u00a0\u00bbno-repeat\u00a0\u00bb bg_stretch=\u00a0\u00bbtrue\u00a0\u00bb speed_factor=\u00a0\u00bb0.4&Prime; video_color_mask=\u00a0\u00bb#1b34b5&Prime; video_opacity=\u00a0\u00bb0.5&Prime; min_height=\u00a0\u00bb400&Prime; full_width=\u00a0\u00bbtrue\u00a0\u00bb js_vertical_centered=\u00a0\u00bbtrue\u00a0\u00bb padding_top=\u00a0\u00bb0&Prime; padding_bottom=\u00a0\u00bb0&Prime; sidebar=\u00a0\u00bbsidebar-1&Prime;][vc_column][vc_column_text animation=\u00a0\u00bbscale-up\u00a0\u00bb el_class=\u00a0\u00bbschatten\u00a0\u00bb css=\u00a0\u00bb.vc_custom_1570010062637{margin-bottom: 0px !important;}\u00a0\u00bb] Rouleaux de calandrage destin\u00e9s \u00e0 l&rsquo;industrie textile [\/vc_column_text][mk_padding_divider][vc_row_inner is_fullwidth_content=\u00a0\u00bbfalse\u00a0\u00bb][vc_column_inner width=\u00a0\u00bb1\/2&Prime;][mk_button dimension=\u00a0\u00bboutline\u00a0\u00bb size=\u00a0\u00bblarge\u00a0\u00bb url=\u00a0\u00bb#copcotton\u00a0\u00bb align=\u00a0\u00bbcenter\u00a0\u00bb fullwidth=\u00a0\u00bbtrue\u00a0\u00bb outline_skin=\u00a0\u00bbcustom\u00a0\u00bb outline_active_color=\u00a0\u00bb#ffffff\u00a0\u00bb outline_hover_bg_color=\u00a0\u00bb#ffffff\u00a0\u00bb outline_hover_color=\u00a0\u00bb#00005e\u00a0\u00bb]Coton Cop[\/mk_button][\/vc_column_inner][vc_column_inner width=\u00a0\u00bb1\/2&Prime;][mk_button dimension=\u00a0\u00bboutline\u00a0\u00bb size=\u00a0\u00bblarge\u00a0\u00bb url=\u00a0\u00bb#syncasttextil1&Prime; align=\u00a0\u00bbcenter\u00a0\u00bb fullwidth=\u00a0\u00bbtrue\u00a0\u00bb outline_skin=\u00a0\u00bbcustom\u00a0\u00bb outline_active_color=\u00a0\u00bb#ffffff\u00a0\u00bb outline_hover_bg_color=\u00a0\u00bb#ffffff\u00a0\u00bb outline_hover_color=\u00a0\u00bb#00005e\u00a0\u00bb]Syncast\u2122[\/mk_button][\/vc_column_inner][\/vc_row_inner][\/vc_column][\/mk_page_section][mk_page_section bg_image=\u00a0\u00bbhttps:\/\/kwf-hilger.com\/wp-content\/uploads\/2019\/04\/hintergrund_logo.png\u00a0\u00bb bg_position=\u00a0\u00bbcenter center\u00a0\u00bb video_color_mask=\u00a0\u00bb#ffffff\u00a0\u00bb video_opacity=\u00a0\u00bb0.7&Prime; [&hellip;]<\/p>\n","protected":false},"author":1,"featured_media":0,"parent":0,"menu_order":0,"comment_status":"closed","ping_status":"closed","template":"","meta":{"footnotes":""},"class_list":["post-1621","page","type-page","status-publish","hentry"],"_links":{"self":[{"href":"https:\/\/kwf-hilger.com\/fr\/wp-json\/wp\/v2\/pages\/1621","targetHints":{"allow":["GET"]}}],"collection":[{"href":"https:\/\/kwf-hilger.com\/fr\/wp-json\/wp\/v2\/pages"}],"about":[{"href":"https:\/\/kwf-hilger.com\/fr\/wp-json\/wp\/v2\/types\/page"}],"author":[{"embeddable":true,"href":"https:\/\/kwf-hilger.com\/fr\/wp-json\/wp\/v2\/users\/1"}],"replies":[{"embeddable":true,"href":"https:\/\/kwf-hilger.com\/fr\/wp-json\/wp\/v2\/comments?post=1621"}],"version-history":[{"count":30,"href":"https:\/\/kwf-hilger.com\/fr\/wp-json\/wp\/v2\/pages\/1621\/revisions"}],"predecessor-version":[{"id":2288,"href":"https:\/\/kwf-hilger.com\/fr\/wp-json\/wp\/v2\/pages\/1621\/revisions\/2288"}],"wp:attachment":[{"href":"https:\/\/kwf-hilger.com\/fr\/wp-json\/wp\/v2\/media?parent=1621"}],"curies":[{"name":"wp","href":"https:\/\/api.w.org\/{rel}","templated":true}]}}