{"id":1626,"date":"2019-06-17T11:08:48","date_gmt":"2019-06-17T09:08:48","guid":{"rendered":"https:\/\/kwf-hilger.com\/?page_id=1626"},"modified":"2020-07-15T15:55:36","modified_gmt":"2020-07-15T13:55:36","slug":"nonwoven-rolls-for-metal-finishing","status":"publish","type":"page","link":"https:\/\/kwf-hilger.com\/fr\/nonwoven-rolls-for-metal-finishing\/","title":{"rendered":"Rouleaux de non-tiss\u00e9s pour le finissage des m\u00e9taux"},"content":{"rendered":"<div class=\"wpb-content-wrapper\">[mk_page_section bg_image=\u00a0\u00bbhttps:\/\/kwf-hilger.com\/wp-content\/uploads\/2019\/04\/kwf_bild_intro_blau.jpg\u00a0\u00bb bg_position=\u00a0\u00bbcenter bottom\u00a0\u00bb bg_repeat=\u00a0\u00bbno-repeat\u00a0\u00bb bg_stretch=\u00a0\u00bbtrue\u00a0\u00bb speed_factor=\u00a0\u00bb0.4&Prime; video_color_mask=\u00a0\u00bb#1b34b5&Prime; video_opacity=\u00a0\u00bb0.5&Prime; min_height=\u00a0\u00bb400&Prime; full_width=\u00a0\u00bbtrue\u00a0\u00bb js_vertical_centered=\u00a0\u00bbtrue\u00a0\u00bb padding_top=\u00a0\u00bb0&Prime; padding_bottom=\u00a0\u00bb0&Prime; sidebar=\u00a0\u00bbsidebar-1&Prime;][vc_column][vc_column_text animation=\u00a0\u00bbscale-up\u00a0\u00bb el_class=\u00a0\u00bbschatten\u00a0\u00bb css=\u00a0\u00bb.vc_custom_1567076393272{margin-bottom: 0px !important;}\u00a0\u00bb]\n<h1 style=\"text-align: center;\"><span style=\"color: #ffffff;\">Rouleaux de non-tiss\u00e9s pour le finissage des m\u00e9taux<\/span><\/h1>\n[\/vc_column_text][\/vc_column][\/mk_page_section][mk_page_section bg_image=\u00a0\u00bbhttps:\/\/kwf-hilger.com\/wp-content\/uploads\/2019\/04\/hintergrund_logo.png\u00a0\u00bb bg_position=\u00a0\u00bbcenter center\u00a0\u00bb video_color_mask=\u00a0\u00bb#ffffff\u00a0\u00bb video_opacity=\u00a0\u00bb0.7&Prime; min_height=\u00a0\u00bb0&Prime; padding_top=\u00a0\u00bb0&Prime; padding_bottom=\u00a0\u00bb0&Prime; section_id=\u00a0\u00bbwoollenpaper\u00a0\u00bb sidebar=\u00a0\u00bbsidebar-1&Prime;][vc_column][mk_padding_divider size=\u00a0\u00bb60&Prime;][vc_column_text css=\u00a0\u00bb.vc_custom_1560866298540{margin-bottom: 0px !important;}\u00a0\u00bb]\n<h2 style=\"text-align: center;\"><span style=\"color: #00005e;\">Robertex\u2122<\/span><\/h2>\n[\/vc_column_text][vc_column_text css=\u00a0\u00bb.vc_custom_1570010923982{margin-bottom: 0px !important;}\u00a0\u00bb]\n<p class=\"p1\" style=\"text-align: center;\"><span class=\"s1\" style=\"color: #00005e;\"> Rouleaux r\u00e9sistants aux produits chimiques destin\u00e9s \u00e0 l&rsquo;industrie de traitement des m\u00e9taux <\/span><\/p>\n[\/vc_column_text][vc_separator color=\u00a0\u00bbcustom\u00a0\u00bb border_width=\u00a0\u00bb2&Prime; accent_color=\u00a0\u00bb#00005e\u00a0\u00bb][vc_row_inner][vc_column_inner width=\u00a0\u00bb1\/2&Prime;][vc_column_text css=\u00a0\u00bb.vc_custom_1567076525291{margin-bottom: 0px !important;}\u00a0\u00bb]\n<h3 class=\"p1\"><span class=\"s1\" style=\"color: #00005e;\">Avantages<\/span><\/h3>\n[\/vc_column_text][vc_separator color=\u00a0\u00bbcustom\u00a0\u00bb accent_color=\u00a0\u00bb#00005e\u00a0\u00bb][vc_column_text css=\u00a0\u00bb.vc_custom_1570010932483{margin-bottom: 0px !important;}\u00a0\u00bb]\n<p style=\"color: #00005e; text-align: justify !important;\">Robertex\u2122 constitue le choix id\u00e9al pour une utilisation dans des environnements fortement caustiques ou acides lors du traitement des m\u00e9taux.<\/p>\n[\/vc_column_text][mk_padding_divider size=\u00a0\u00bb20&Prime;][mk_padding_divider size=\u00a0\u00bb20&Prime;][mk_padding_divider size=\u00a0\u00bb20&Prime;][vc_column_text css=\u00a0\u00bb.vc_custom_1567076562612{margin-bottom: 0px !important;}\u00a0\u00bb]\n<h3 class=\"p1\"><span class=\"s1\" style=\"color: #00005e;\">Plage de fonctionnement pH 0-14<\/span><\/h3>\n[\/vc_column_text][vc_separator color=\u00a0\u00bbcustom\u00a0\u00bb accent_color=\u00a0\u00bb#00005e\u00a0\u00bb][mk_custom_list style=\u00a0\u00bbmk-icon-caret-right\u00a0\u00bb]\n<ul>\n<li>Temp\u00e9rature maximale 100\u00a0\u00b0C<\/li>\n<li>Robertex\u2122 est une alternative \u00e0 haut rendement aux rouleaux en caoutchouc<\/li>\n<li>Et ce, gr\u00e2ce \u00e0 sa production unique de fibres synth\u00e9tiques non tiss\u00e9es<\/li>\n<li>Robertex\u2122 peut durer 10\u00a0fois plus longtemps que les rouleaux en caoutchouc et permet de r\u00e9aliser des \u00e9conomies d&rsquo;\u00e9nergie exceptionnelles<\/li>\n<li>Des changements de rouleau moins fr\u00e9quents sont n\u00e9cessaires, r\u00e9duisant les temps d&rsquo;arr\u00eat et augmentant le temps de fonctionnement<\/li>\n<\/ul>\n[\/mk_custom_list][\/vc_column_inner][vc_column_inner width=\u00a0\u00bb1\/2&Prime;][mk_image src=\u00a0\u00bbhttps:\/\/kwf-hilger.com\/wp-content\/uploads\/2019\/06\/resilio-roll.jpg\u00a0\u00bb image_size=\u00a0\u00bbfull\u00a0\u00bb lightbox=\u00a0\u00bbtrue\u00a0\u00bb][\/vc_column_inner][\/vc_row_inner][\/vc_column][vc_column][mk_padding_divider size=\u00a0\u00bb60&Prime;][mk_padding_divider size=\u00a0\u00bb60&Prime;][\/vc_column][\/mk_page_section]\n<\/div>","protected":false},"excerpt":{"rendered":"<p>[mk_page_section bg_image=\u00a0\u00bbhttps:\/\/kwf-hilger.com\/wp-content\/uploads\/2019\/04\/kwf_bild_intro_blau.jpg\u00a0\u00bb bg_position=\u00a0\u00bbcenter bottom\u00a0\u00bb bg_repeat=\u00a0\u00bbno-repeat\u00a0\u00bb bg_stretch=\u00a0\u00bbtrue\u00a0\u00bb speed_factor=\u00a0\u00bb0.4&Prime; video_color_mask=\u00a0\u00bb#1b34b5&Prime; video_opacity=\u00a0\u00bb0.5&Prime; min_height=\u00a0\u00bb400&Prime; full_width=\u00a0\u00bbtrue\u00a0\u00bb js_vertical_centered=\u00a0\u00bbtrue\u00a0\u00bb padding_top=\u00a0\u00bb0&Prime; padding_bottom=\u00a0\u00bb0&Prime; sidebar=\u00a0\u00bbsidebar-1&Prime;][vc_column][vc_column_text animation=\u00a0\u00bbscale-up\u00a0\u00bb el_class=\u00a0\u00bbschatten\u00a0\u00bb css=\u00a0\u00bb.vc_custom_1567076393272{margin-bottom: 0px !important;}\u00a0\u00bb] Rouleaux de non-tiss\u00e9s pour le finissage des m\u00e9taux [\/vc_column_text][\/vc_column][\/mk_page_section][mk_page_section bg_image=\u00a0\u00bbhttps:\/\/kwf-hilger.com\/wp-content\/uploads\/2019\/04\/hintergrund_logo.png\u00a0\u00bb bg_position=\u00a0\u00bbcenter center\u00a0\u00bb video_color_mask=\u00a0\u00bb#ffffff\u00a0\u00bb video_opacity=\u00a0\u00bb0.7&Prime; min_height=\u00a0\u00bb0&Prime; padding_top=\u00a0\u00bb0&Prime; padding_bottom=\u00a0\u00bb0&Prime; section_id=\u00a0\u00bbwoollenpaper\u00a0\u00bb sidebar=\u00a0\u00bbsidebar-1&Prime;][vc_column][mk_padding_divider size=\u00a0\u00bb60&Prime;][vc_column_text css=\u00a0\u00bb.vc_custom_1560866298540{margin-bottom: 0px !important;}\u00a0\u00bb] Robertex\u2122 [\/vc_column_text][vc_column_text css=\u00a0\u00bb.vc_custom_1570010923982{margin-bottom: 0px !important;}\u00a0\u00bb] Rouleaux r\u00e9sistants aux produits chimiques destin\u00e9s \u00e0 [&hellip;]<\/p>\n","protected":false},"author":1,"featured_media":0,"parent":0,"menu_order":0,"comment_status":"closed","ping_status":"closed","template":"","meta":{"footnotes":""},"class_list":["post-1626","page","type-page","status-publish","hentry"],"_links":{"self":[{"href":"https:\/\/kwf-hilger.com\/fr\/wp-json\/wp\/v2\/pages\/1626","targetHints":{"allow":["GET"]}}],"collection":[{"href":"https:\/\/kwf-hilger.com\/fr\/wp-json\/wp\/v2\/pages"}],"about":[{"href":"https:\/\/kwf-hilger.com\/fr\/wp-json\/wp\/v2\/types\/page"}],"author":[{"embeddable":true,"href":"https:\/\/kwf-hilger.com\/fr\/wp-json\/wp\/v2\/users\/1"}],"replies":[{"embeddable":true,"href":"https:\/\/kwf-hilger.com\/fr\/wp-json\/wp\/v2\/comments?post=1626"}],"version-history":[{"count":17,"href":"https:\/\/kwf-hilger.com\/fr\/wp-json\/wp\/v2\/pages\/1626\/revisions"}],"predecessor-version":[{"id":2291,"href":"https:\/\/kwf-hilger.com\/fr\/wp-json\/wp\/v2\/pages\/1626\/revisions\/2291"}],"wp:attachment":[{"href":"https:\/\/kwf-hilger.com\/fr\/wp-json\/wp\/v2\/media?parent=1626"}],"curies":[{"name":"wp","href":"https:\/\/api.w.org\/{rel}","templated":true}]}}