{"id":788,"date":"2019-03-28T13:48:51","date_gmt":"2019-03-28T12:48:51","guid":{"rendered":"https:\/\/kwf-hilger.com\/?page_id=788"},"modified":"2019-10-02T13:31:26","modified_gmt":"2019-10-02T11:31:26","slug":"simtex","status":"publish","type":"page","link":"https:\/\/kwf-hilger.com\/fr\/simtex\/","title":{"rendered":"SIMTEX\u2122_Embossing"},"content":{"rendered":"<div class=\"wpb-content-wrapper\">[mk_page_section bg_image=\u00a0\u00bbhttps:\/\/kwf-hilger.com\/wp-content\/uploads\/2019\/04\/kwf_bild_intro_blau.jpg\u00a0\u00bb bg_position=\u00a0\u00bbleft center\u00a0\u00bb bg_repeat=\u00a0\u00bbno-repeat\u00a0\u00bb bg_stretch=\u00a0\u00bbtrue\u00a0\u00bb speed_factor=\u00a0\u00bb0.4&Prime; video_color_mask=\u00a0\u00bb#1b34b5&Prime; video_opacity=\u00a0\u00bb0.5&Prime; min_height=\u00a0\u00bb400&Prime; full_width=\u00a0\u00bbtrue\u00a0\u00bb js_vertical_centered=\u00a0\u00bbtrue\u00a0\u00bb padding_top=\u00a0\u00bb0&Prime; padding_bottom=\u00a0\u00bb0&Prime; sidebar=\u00a0\u00bbsidebar-1&Prime;][vc_column][vc_column_text animation=\u00a0\u00bbscale-up\u00a0\u00bb el_class=\u00a0\u00bbschatten\u00a0\u00bb css=\u00a0\u00bb.vc_custom_1560945072884{margin-bottom: 0px !important;}\u00a0\u00bb]\n<h1 style=\"text-align: center;\"><span style=\"color: #ffffff;\">Simtex\u2122<\/span><\/h1>\n[\/vc_column_text][mk_padding_divider][vc_row_inner][vc_column_inner width=\u00a0\u00bb1\/4&Prime;][mk_button dimension=\u00a0\u00bboutline\u00a0\u00bb size=\u00a0\u00bblarge\u00a0\u00bb url=\u00a0\u00bb\/simtex_general\/\u00a0\u00bb align=\u00a0\u00bbcenter\u00a0\u00bb fullwidth=\u00a0\u00bbtrue\u00a0\u00bb margin_right=\u00a0\u00bb0&Prime; outline_skin=\u00a0\u00bbcustom\u00a0\u00bb outline_active_color=\u00a0\u00bb#ffffff\u00a0\u00bb outline_hover_bg_color=\u00a0\u00bb#ffffff\u00a0\u00bb outline_hover_color=\u00a0\u00bb#00005e\u00a0\u00bb]Informations g\u00e9n\u00e9rales[\/mk_button][\/vc_column_inner][vc_column_inner width=\u00a0\u00bb1\/4&Prime;][mk_button dimension=\u00a0\u00bboutline\u00a0\u00bb size=\u00a0\u00bblarge\u00a0\u00bb url=\u00a0\u00bb\/simtex_paper\u00a0\u00bb align=\u00a0\u00bbcenter\u00a0\u00bb fullwidth=\u00a0\u00bbtrue\u00a0\u00bb outline_skin=\u00a0\u00bbcustom\u00a0\u00bb outline_active_text_color=\u00a0\u00bb#ffffff\u00a0\u00bb outline_hover_bg_color=\u00a0\u00bb#ffffff\u00a0\u00bb outline_hover_color=\u00a0\u00bb#00005e\u00a0\u00bb]Calandrage du papier[\/mk_button][\/vc_column_inner][vc_column_inner width=\u00a0\u00bb1\/4&Prime;][mk_button dimension=\u00a0\u00bboutline\u00a0\u00bb size=\u00a0\u00bblarge\u00a0\u00bb url=\u00a0\u00bb\/simtex\/\u00a0\u00bb align=\u00a0\u00bbcenter\u00a0\u00bb fullwidth=\u00a0\u00bbtrue\u00a0\u00bb id=\u00a0\u00bbaktiv\u00a0\u00bb outline_skin=\u00a0\u00bbcustom\u00a0\u00bb outline_active_color=\u00a0\u00bb#ffffff\u00a0\u00bb outline_hover_bg_color=\u00a0\u00bb#ffffff\u00a0\u00bb outline_hover_color=\u00a0\u00bb#00005e\u00a0\u00bb]Gaufrage Simtex\u2122[\/mk_button][\/vc_column_inner][vc_column_inner width=\u00a0\u00bb1\/4&Prime;][mk_button dimension=\u00a0\u00bboutline\u00a0\u00bb size=\u00a0\u00bblarge\u00a0\u00bb url=\u00a0\u00bb\/simtex_textiles\u00a0\u00bb align=\u00a0\u00bbcenter\u00a0\u00bb fullwidth=\u00a0\u00bbtrue\u00a0\u00bb outline_skin=\u00a0\u00bbcustom\u00a0\u00bb outline_active_color=\u00a0\u00bb#ffffff\u00a0\u00bb outline_hover_bg_color=\u00a0\u00bb#ffffff\u00a0\u00bb outline_hover_color=\u00a0\u00bb#00005e\u00a0\u00bb]Calandrage textile[\/mk_button][\/vc_column_inner][\/vc_row_inner][\/vc_column][\/mk_page_section][mk_page_section bg_image=\u00a0\u00bbhttps:\/\/kwf-hilger.com\/wp-content\/uploads\/2019\/04\/hintergrund_logo.png\u00a0\u00bb video_color_mask=\u00a0\u00bb#ffffff\u00a0\u00bb video_opacity=\u00a0\u00bb0.7&Prime; min_height=\u00a0\u00bb0&Prime; padding_top=\u00a0\u00bb0&Prime; padding_bottom=\u00a0\u00bb0&Prime; section_id=\u00a0\u00bbwoollenpaper\u00a0\u00bb sidebar=\u00a0\u00bbsidebar-1&Prime;][vc_column][mk_padding_divider size=\u00a0\u00bb60&Prime;][vc_column_text css=\u00a0\u00bb.vc_custom_1567083292105{margin-bottom: 0px !important;}\u00a0\u00bb]\n<h2 class=\"p1\" style=\"text-align: center;\"><span style=\"color: #00005e;\">Gaufrage Simtex\u2122<\/span><\/h2>\n[\/vc_column_text][vc_column_text css=\u00a0\u00bb.vc_custom_1567083298488{margin-bottom: 0px !important;}\u00a0\u00bb]\n<p class=\"p1\" style=\"text-align: center;\"><span class=\"s1\" style=\"color: #00005e;\">Gaufrage haute performance, performances r\u00e9volutionnaires<\/span><\/p>\n[\/vc_column_text][vc_separator color=\u00a0\u00bbcustom\u00a0\u00bb border_width=\u00a0\u00bb2&Prime; accent_color=\u00a0\u00bb#00005e\u00a0\u00bb][vc_row_inner][vc_column_inner width=\u00a0\u00bb1\/2&Prime;][vc_column_text css=\u00a0\u00bb.vc_custom_1570011524120{margin-bottom: 0px !important;}\u00a0\u00bb]\n<p style=\"color: #00005e; text-align: justify !important;\">Notre derni\u00e8re innovation Simtex\u2122 \u00e9l\u00e8ve le gaufrage \u00e0 un nouveau niveau d&rsquo;excellence. Elle utilise une formulation sp\u00e9ciale de fibres synth\u00e9tiques sp\u00e9cialement s\u00e9lectionn\u00e9es, pr\u00e9par\u00e9es de mani\u00e8re unique, orient\u00e9es de fa\u00e7on circonf\u00e9rentielle de mani\u00e8re \u00e0 co\u00efncider avec la direction du mat\u00e9riau \u00e0 gaufrer. Cette approche garantit une force \u00ab forg\u00e9e \u00bb et une d\u00e9finition maximales.<\/p>\n<p style=\"color: #00005e; text-align: justify !important;\">Sa capacit\u00e9 \u00e0 r\u00e9sister \u00e0 une temp\u00e9rature de surface maximale de 250 \u00b0C, permettant un gaufrage \u00e0 tr\u00e8s grande vitesse, constitue l&rsquo;un des nombreux avantages de l&rsquo;utilisation de Simtex\u2122.<\/p>\n[\/vc_column_text][\/vc_column_inner][vc_column_inner width=\u00a0\u00bb1\/2&Prime;][vc_single_image image=\u00a0\u00bb794&Prime; img_size=\u00a0\u00bbfull\u00a0\u00bb][\/vc_column_inner][\/vc_row_inner][\/vc_column][vc_column][mk_padding_divider size=\u00a0\u00bb60&Prime;][vc_row_inner][vc_column_inner width=\u00a0\u00bb1\/2&Prime;][vc_column_text css=\u00a0\u00bb.vc_custom_1567083741574{margin-bottom: 0px !important;}\u00a0\u00bb]\n<h3><span style=\"color: #00005e;\"><span class=\"s1\"><b>Pourquoi utiliser Simtex\u2122<\/b><\/span><\/span><\/h3>\n[\/vc_column_text][vc_separator color=\u00a0\u00bbcustom\u00a0\u00bb accent_color=\u00a0\u00bb#00005e\u00a0\u00bb][mk_custom_list style=\u00a0\u00bbmk-icon-caret-right\u00a0\u00bb]\n<ul>\n<li>Intervalles d&rsquo;aff\u00fbtage jusqu&rsquo;\u00e0 1000\u00a0heures<\/li>\n<li>Shore D plage 45-90<\/li>\n<li>Plus grande profondeur de mat\u00e9riau<\/li>\n<li>Dur\u00e9e de vie plus longue<\/li>\n<li>Marquage minimal<\/li>\n<li>Convient aux conceptions fines (moins de 2\u00a0mm de profondeur)<\/li>\n<li>Temps de mise en service consid\u00e9rablement r\u00e9duit<\/li>\n<li>R\u00e9silience \u00e9lev\u00e9e, les dommages mineurs se r\u00e9sorbent facilement<\/li>\n<li>Moins d&rsquo;usinage pour une dur\u00e9e de vie des rouleaux plus longue et des temps d&rsquo;arr\u00eat r\u00e9duits<\/li>\n<li>Applications adapt\u00e9es et non adapt\u00e9es<\/li>\n<li>Am\u00e9lioration de la dur\u00e9e de vie des rouleaux et de la productivit\u00e9 par rapport aux rouleaux de papier de laine traditionnels.<\/li>\n<li>R\u00c9SISTANCE \u00c0 UNE TEMP\u00c9RATURE DE SURFACE DE 250\u00a0\u00b0C<\/li>\n<li>VITESSE DE GAUFRAGE 1\u00a0000\u00a0M\/MIN<\/li>\n<\/ul>\n[\/mk_custom_list][\/vc_column_inner][vc_column_inner width=\u00a0\u00bb1\/2&Prime;][vc_column_text css=\u00a0\u00bb.vc_custom_1567083761460{margin-bottom: 0px !important;}\u00a0\u00bb]\n<h3><span style=\"color: #00005e;\"><span class=\"s1\"><b>Pourquoi passer \u00e0 Simtex\u2122<\/b><\/span><\/span><\/h3>\n[\/vc_column_text][vc_separator color=\u00a0\u00bbcustom\u00a0\u00bb accent_color=\u00a0\u00bb#00005e\u00a0\u00bb][mk_custom_list style=\u00a0\u00bbmk-icon-caret-right\u00a0\u00bb]\n<ul>\n<li>Permet d&rsquo;obtenir une d\u00e9finition optimale qu&rsquo;il soit adapt\u00e9 ou non<\/li>\n<li>Aucun syst\u00e8me de refroidissement requis<\/li>\n<li>Peut atteindre une vitesse de gaufrage allant jusqu&rsquo;\u00e0 1\u00a0000\u00a0m\/min<\/li>\n<li>R\u00e9sistance \u00e0 une temp\u00e9rature de surface de 250\u00a0\u00b0C<\/li>\n<\/ul>\n[\/mk_custom_list][\/vc_column_inner][\/vc_row_inner][\/vc_column][vc_column][mk_padding_divider size=\u00a0\u00bb60&Prime;][mk_padding_divider size=\u00a0\u00bb60&Prime;][\/vc_column][\/mk_page_section]\n<\/div>","protected":false},"excerpt":{"rendered":"<p>[mk_page_section bg_image=\u00a0\u00bbhttps:\/\/kwf-hilger.com\/wp-content\/uploads\/2019\/04\/kwf_bild_intro_blau.jpg\u00a0\u00bb bg_position=\u00a0\u00bbleft center\u00a0\u00bb bg_repeat=\u00a0\u00bbno-repeat\u00a0\u00bb bg_stretch=\u00a0\u00bbtrue\u00a0\u00bb speed_factor=\u00a0\u00bb0.4&Prime; video_color_mask=\u00a0\u00bb#1b34b5&Prime; video_opacity=\u00a0\u00bb0.5&Prime; min_height=\u00a0\u00bb400&Prime; full_width=\u00a0\u00bbtrue\u00a0\u00bb js_vertical_centered=\u00a0\u00bbtrue\u00a0\u00bb padding_top=\u00a0\u00bb0&Prime; padding_bottom=\u00a0\u00bb0&Prime; sidebar=\u00a0\u00bbsidebar-1&Prime;][vc_column][vc_column_text animation=\u00a0\u00bbscale-up\u00a0\u00bb el_class=\u00a0\u00bbschatten\u00a0\u00bb css=\u00a0\u00bb.vc_custom_1560945072884{margin-bottom: 0px !important;}\u00a0\u00bb] Simtex\u2122 [\/vc_column_text][mk_padding_divider][vc_row_inner][vc_column_inner width=\u00a0\u00bb1\/4&Prime;][mk_button dimension=\u00a0\u00bboutline\u00a0\u00bb size=\u00a0\u00bblarge\u00a0\u00bb url=\u00a0\u00bb\/simtex_general\/\u00a0\u00bb align=\u00a0\u00bbcenter\u00a0\u00bb fullwidth=\u00a0\u00bbtrue\u00a0\u00bb margin_right=\u00a0\u00bb0&Prime; outline_skin=\u00a0\u00bbcustom\u00a0\u00bb outline_active_color=\u00a0\u00bb#ffffff\u00a0\u00bb outline_hover_bg_color=\u00a0\u00bb#ffffff\u00a0\u00bb outline_hover_color=\u00a0\u00bb#00005e\u00a0\u00bb]Informations g\u00e9n\u00e9rales[\/mk_button][\/vc_column_inner][vc_column_inner width=\u00a0\u00bb1\/4&Prime;][mk_button dimension=\u00a0\u00bboutline\u00a0\u00bb size=\u00a0\u00bblarge\u00a0\u00bb url=\u00a0\u00bb\/simtex_paper\u00a0\u00bb align=\u00a0\u00bbcenter\u00a0\u00bb fullwidth=\u00a0\u00bbtrue\u00a0\u00bb outline_skin=\u00a0\u00bbcustom\u00a0\u00bb outline_active_text_color=\u00a0\u00bb#ffffff\u00a0\u00bb outline_hover_bg_color=\u00a0\u00bb#ffffff\u00a0\u00bb outline_hover_color=\u00a0\u00bb#00005e\u00a0\u00bb]Calandrage du papier[\/mk_button][\/vc_column_inner][vc_column_inner width=\u00a0\u00bb1\/4&Prime;][mk_button dimension=\u00a0\u00bboutline\u00a0\u00bb size=\u00a0\u00bblarge\u00a0\u00bb url=\u00a0\u00bb\/simtex\/\u00a0\u00bb align=\u00a0\u00bbcenter\u00a0\u00bb fullwidth=\u00a0\u00bbtrue\u00a0\u00bb id=\u00a0\u00bbaktiv\u00a0\u00bb outline_skin=\u00a0\u00bbcustom\u00a0\u00bb outline_active_color=\u00a0\u00bb#ffffff\u00a0\u00bb [&hellip;]<\/p>\n","protected":false},"author":1,"featured_media":0,"parent":0,"menu_order":0,"comment_status":"closed","ping_status":"closed","template":"","meta":{"footnotes":""},"class_list":["post-788","page","type-page","status-publish","hentry"],"_links":{"self":[{"href":"https:\/\/kwf-hilger.com\/fr\/wp-json\/wp\/v2\/pages\/788","targetHints":{"allow":["GET"]}}],"collection":[{"href":"https:\/\/kwf-hilger.com\/fr\/wp-json\/wp\/v2\/pages"}],"about":[{"href":"https:\/\/kwf-hilger.com\/fr\/wp-json\/wp\/v2\/types\/page"}],"author":[{"embeddable":true,"href":"https:\/\/kwf-hilger.com\/fr\/wp-json\/wp\/v2\/users\/1"}],"replies":[{"embeddable":true,"href":"https:\/\/kwf-hilger.com\/fr\/wp-json\/wp\/v2\/comments?post=788"}],"version-history":[{"count":60,"href":"https:\/\/kwf-hilger.com\/fr\/wp-json\/wp\/v2\/pages\/788\/revisions"}],"predecessor-version":[{"id":2295,"href":"https:\/\/kwf-hilger.com\/fr\/wp-json\/wp\/v2\/pages\/788\/revisions\/2295"}],"wp:attachment":[{"href":"https:\/\/kwf-hilger.com\/fr\/wp-json\/wp\/v2\/media?parent=788"}],"curies":[{"name":"wp","href":"https:\/\/api.w.org\/{rel}","templated":true}]}}