{"id":834,"date":"2019-03-29T10:00:28","date_gmt":"2019-03-29T09:00:28","guid":{"rendered":"https:\/\/kwf-hilger.com\/?page_id=834"},"modified":"2020-07-15T15:28:18","modified_gmt":"2020-07-15T13:28:18","slug":"simtex_textiles","status":"publish","type":"page","link":"https:\/\/kwf-hilger.com\/fr\/simtex_textiles\/","title":{"rendered":"Simtex\u2122_Textiles"},"content":{"rendered":"<div class=\"wpb-content-wrapper\">[mk_page_section bg_image=\u00a0\u00bbhttps:\/\/kwf-hilger.com\/wp-content\/uploads\/2019\/04\/kwf_bild_intro_blau.jpg\u00a0\u00bb bg_position=\u00a0\u00bbleft center\u00a0\u00bb bg_repeat=\u00a0\u00bbno-repeat\u00a0\u00bb bg_stretch=\u00a0\u00bbtrue\u00a0\u00bb speed_factor=\u00a0\u00bb0.4&Prime; video_color_mask=\u00a0\u00bb#1b34b5&Prime; video_opacity=\u00a0\u00bb0.5&Prime; min_height=\u00a0\u00bb400&Prime; full_width=\u00a0\u00bbtrue\u00a0\u00bb js_vertical_centered=\u00a0\u00bbtrue\u00a0\u00bb padding_top=\u00a0\u00bb0&Prime; padding_bottom=\u00a0\u00bb0&Prime; sidebar=\u00a0\u00bbsidebar-1&Prime;][vc_column][vc_column_text animation=\u00a0\u00bbscale-up\u00a0\u00bb el_class=\u00a0\u00bbschatten\u00a0\u00bb css=\u00a0\u00bb.vc_custom_1560945072884{margin-bottom: 0px !important;}\u00a0\u00bb]\n<h1 style=\"text-align: center;\"><span style=\"color: #ffffff;\">Simtex\u2122<\/span><\/h1>\n[\/vc_column_text][mk_padding_divider][vc_row_inner][vc_column_inner width=\u00a0\u00bb1\/4&Prime;][mk_button dimension=\u00a0\u00bboutline\u00a0\u00bb size=\u00a0\u00bblarge\u00a0\u00bb url=\u00a0\u00bb\/simtex_general\/\u00a0\u00bb align=\u00a0\u00bbcenter\u00a0\u00bb fullwidth=\u00a0\u00bbtrue\u00a0\u00bb margin_right=\u00a0\u00bb0&Prime; outline_skin=\u00a0\u00bbcustom\u00a0\u00bb outline_active_color=\u00a0\u00bb#ffffff\u00a0\u00bb outline_hover_bg_color=\u00a0\u00bb#ffffff\u00a0\u00bb outline_hover_color=\u00a0\u00bb#00005e\u00a0\u00bb]Informations g\u00e9n\u00e9rales[\/mk_button][\/vc_column_inner][vc_column_inner width=\u00a0\u00bb1\/4&Prime;][mk_button dimension=\u00a0\u00bboutline\u00a0\u00bb size=\u00a0\u00bblarge\u00a0\u00bb url=\u00a0\u00bb\/simtex_paper\u00a0\u00bb align=\u00a0\u00bbcenter\u00a0\u00bb fullwidth=\u00a0\u00bbtrue\u00a0\u00bb outline_skin=\u00a0\u00bbcustom\u00a0\u00bb outline_active_text_color=\u00a0\u00bb#ffffff\u00a0\u00bb outline_hover_bg_color=\u00a0\u00bb#ffffff\u00a0\u00bb outline_hover_color=\u00a0\u00bb#00005e\u00a0\u00bb]Calandrage du papier[\/mk_button][\/vc_column_inner][vc_column_inner width=\u00a0\u00bb1\/4&Prime;][mk_button dimension=\u00a0\u00bboutline\u00a0\u00bb size=\u00a0\u00bblarge\u00a0\u00bb url=\u00a0\u00bb\/simtex\/\u00a0\u00bb align=\u00a0\u00bbcenter\u00a0\u00bb fullwidth=\u00a0\u00bbtrue\u00a0\u00bb outline_skin=\u00a0\u00bbcustom\u00a0\u00bb outline_active_color=\u00a0\u00bb#ffffff\u00a0\u00bb outline_hover_bg_color=\u00a0\u00bb#ffffff\u00a0\u00bb outline_hover_color=\u00a0\u00bb#00005e\u00a0\u00bb]Gaufrage Simtex\u2122[\/mk_button][\/vc_column_inner][vc_column_inner width=\u00a0\u00bb1\/4&Prime;][mk_button dimension=\u00a0\u00bboutline\u00a0\u00bb size=\u00a0\u00bblarge\u00a0\u00bb url=\u00a0\u00bb\/simtex_textiles\u00a0\u00bb align=\u00a0\u00bbcenter\u00a0\u00bb fullwidth=\u00a0\u00bbtrue\u00a0\u00bb id=\u00a0\u00bbaktiv\u00a0\u00bb outline_skin=\u00a0\u00bbcustom\u00a0\u00bb outline_active_color=\u00a0\u00bb#ffffff\u00a0\u00bb outline_hover_bg_color=\u00a0\u00bb#ffffff\u00a0\u00bb outline_hover_color=\u00a0\u00bb#00005e\u00a0\u00bb]Calandrage textile[\/mk_button][\/vc_column_inner][\/vc_row_inner][\/vc_column][\/mk_page_section][mk_page_section bg_image=\u00a0\u00bbhttps:\/\/kwf-hilger.com\/wp-content\/uploads\/2019\/04\/hintergrund_logo.png\u00a0\u00bb video_color_mask=\u00a0\u00bb#ffffff\u00a0\u00bb video_opacity=\u00a0\u00bb0.7&Prime; min_height=\u00a0\u00bb0&Prime; padding_top=\u00a0\u00bb0&Prime; padding_bottom=\u00a0\u00bb0&Prime; section_id=\u00a0\u00bbwoollenpaper\u00a0\u00bb sidebar=\u00a0\u00bbsidebar-1&Prime;][vc_column][mk_padding_divider size=\u00a0\u00bb60&Prime;][vc_column_text css=\u00a0\u00bb.vc_custom_1567083916957{margin-bottom: 0px !important;}\u00a0\u00bb]\n<h2 class=\"p1\" style=\"text-align: center;\"><span style=\"color: #00005e;\"><span class=\"s1\"> Calandrage de textile haute performance \u00a0<\/span><\/span><\/h2>\n[\/vc_column_text][vc_separator color=\u00a0\u00bbcustom\u00a0\u00bb border_width=\u00a0\u00bb2&Prime; accent_color=\u00a0\u00bb#00005e\u00a0\u00bb][\/vc_column][vc_column][mk_padding_divider size=\u00a0\u00bb60&Prime;][vc_row_inner][vc_column_inner width=\u00a0\u00bb1\/2&Prime;][vc_column_text css=\u00a0\u00bb.vc_custom_1567083940943{margin-bottom: 0px !important;}\u00a0\u00bb]\n<h3><span style=\"color: #00005e;\"><span class=\"s1\">Pourquoi utiliser Simtex\u2122 <\/span><\/span><\/h3>\n[\/vc_column_text][vc_separator color=\u00a0\u00bbcustom\u00a0\u00bb accent_color=\u00a0\u00bb#00005e\u00a0\u00bb][mk_custom_list style=\u00a0\u00bbmk-icon-caret-right\u00a0\u00bb]\n<ul>\n<li>Intervalles d&rsquo;aff\u00fbtage jusqu&rsquo;\u00e0 1000\u00a0heures<\/li>\n<li>Pas de perte de brillance ni de lissage par rapport \u00e0 un rouleau de coton\u00a0; pincement enti\u00e8rement \u00e9lastique.<\/li>\n<li>Shore D plage 70-90<\/li>\n<li>Plus grande profondeur de mat\u00e9riau<\/li>\n<li>L&rsquo;arbre de rouleau original peut \u00eatre utilis\u00e9<\/li>\n<li>Dur\u00e9e de vie plus longue<\/li>\n<li>Marquage minimal<\/li>\n<li>Dommage minimal caus\u00e9 par le bord de manchon<\/li>\n<\/ul>\n[\/mk_custom_list][\/vc_column_inner][vc_column_inner width=\u00a0\u00bb1\/2&Prime;][vc_column_text css=\u00a0\u00bb.vc_custom_1567083963105{margin-bottom: 0px !important;}\u00a0\u00bb]\n<h3><span style=\"color: #00005e;\"><span class=\"s1\"><b>Pourquoi passer \u00e0 Simtex\u2122<\/b><\/span><\/span><\/h3>\n[\/vc_column_text][vc_separator color=\u00a0\u00bbcustom\u00a0\u00bb accent_color=\u00a0\u00bb#00005e\u00a0\u00bb][mk_custom_list style=\u00a0\u00bbmk-icon-caret-right\u00a0\u00bb]Simtex \u2122 pr\u00e9sente toute l&rsquo;\u00e9lasticit\u00e9 d&rsquo;un rouleau en coton, augmentant ainsi le gla\u00e7age et le lissage gr\u00e2ce \u00e0 la technologie de micro-glissement<\/p>\n<ul>\n<li>\u00c9lasticit\u00e9 compl\u00e8te semblable \u00e0 celle d&rsquo;un rouleau en coton, augmentant ainsi le gla\u00e7age et le lissage gr\u00e2ce \u00e0 la technologie de micro-glissement<\/li>\n<li>Diam\u00e8tre utile de 100\u00a0mm<\/li>\n<li>R\u00e9sistance \u00e0 une temp\u00e9rature de surface de 250\u00a0\u00b0C<\/li>\n<\/ul>\n[\/mk_custom_list][\/vc_column_inner][\/vc_row_inner][vc_row_inner][vc_column_inner width=\u00a0\u00bb1\/3&Prime;][mk_image src=\u00a0\u00bbhttps:\/\/kwf-hilger.com\/wp-content\/uploads\/2019\/06\/simtex-close-up-4.jpg\u00a0\u00bb image_size=\u00a0\u00bbfull\u00a0\u00bb lightbox=\u00a0\u00bbtrue\u00a0\u00bb align=\u00a0\u00bbcenter\u00a0\u00bb el_class=\u00a0\u00bbletterhough\u00a0\u00bb][\/vc_column_inner][vc_column_inner width=\u00a0\u00bb1\/3&Prime;][mk_image src=\u00a0\u00bbhttps:\/\/kwf-hilger.com\/wp-content\/uploads\/2019\/06\/simtex-1.jpg\u00a0\u00bb image_size=\u00a0\u00bbfull\u00a0\u00bb lightbox=\u00a0\u00bbtrue\u00a0\u00bb align=\u00a0\u00bbcenter\u00a0\u00bb el_class=\u00a0\u00bbletterhough\u00a0\u00bb][\/vc_column_inner][vc_column_inner width=\u00a0\u00bb1\/3&Prime;][mk_image src=\u00a0\u00bbhttps:\/\/kwf-hilger.com\/wp-content\/uploads\/2019\/06\/simtex-3.jpg\u00a0\u00bb image_size=\u00a0\u00bbfull\u00a0\u00bb lightbox=\u00a0\u00bbtrue\u00a0\u00bb align=\u00a0\u00bbcenter\u00a0\u00bb el_class=\u00a0\u00bbletterhough\u00a0\u00bb][\/vc_column_inner][\/vc_row_inner][\/vc_column][vc_column][mk_padding_divider size=\u00a0\u00bb60&Prime;][vc_column_text css=\u00a0\u00bb.vc_custom_1567083987991{margin-bottom: 0px !important;}\u00a0\u00bb]\n<h2 style=\"text-align: center;\"><span style=\"color: #00005e;\">Exemples<\/span><\/h2>\n[\/vc_column_text][vc_separator color=\u00a0\u00bbcustom\u00a0\u00bb border_width=\u00a0\u00bb2&Prime; accent_color=\u00a0\u00bb#00005e\u00a0\u00bb][mk_padding_divider size=\u00a0\u00bb30&Prime;][vc_row_inner][vc_column_inner width=\u00a0\u00bb1\/3&Prime;][vc_column_text css=\u00a0\u00bb.vc_custom_1570011814398{margin-bottom: 0px !important;}\u00a0\u00bb]\n<div class=\"vc_col-sm-12 wpb_column column_container _ height-full\">\n<h3 id=\"padding-56\" class=\"mk-padding-divider clearfix\"><span style=\"color: #00005e;\">Rouleau en coton <\/span><\/h3>\n<\/div>\n[\/vc_column_text][vc_separator color=\u00a0\u00bbcustom\u00a0\u00bb accent_color=\u00a0\u00bb#00005e\u00a0\u00bb][mk_custom_list style=\u00a0\u00bbmk-icon-caret-right\u00a0\u00bb]\n<ul>\n<li>Profondeur du mat\u00e9riau\u00a0: 50\u00a0mm<\/li>\n<li>Profondeur de coupe\u00a0: 1,25\u00a0mm<\/li>\n<li>Intervalles d&rsquo;aff\u00fbtage\u00a0: 200\u00a0heures<\/li>\n<li>Dur\u00e9e de vie th\u00e9orique\u00a0: 8\u00a0000\u00a0heures<\/li>\n<\/ul>\n[\/mk_custom_list][\/vc_column_inner][vc_column_inner width=\u00a0\u00bb1\/3&Prime;][vc_column_text css=\u00a0\u00bb.vc_custom_1567084001575{margin-bottom: 0px !important;}\u00a0\u00bb]\n<div class=\"vc_col-sm-12 wpb_column column_container _ height-full\">\n<h3 id=\"padding-56\" class=\"mk-padding-divider clearfix\"><span style=\"color: #00005e;\"><b>Rouleau en composite\/polym\u00e8re<\/b><\/span><\/h3>\n<\/div>\n[\/vc_column_text][vc_separator color=\u00a0\u00bbcustom\u00a0\u00bb accent_color=\u00a0\u00bb#00005e\u00a0\u00bb][mk_custom_list style=\u00a0\u00bbmk-icon-caret-right\u00a0\u00bb]\n<ul>\n<li>Profondeur du mat\u00e9riau\u00a0: 5\u00a0mm<\/li>\n<li>Profondeur de coupe\u00a0: 0,37\u00a0mm<\/li>\n<li>Intervalles d&rsquo;aff\u00fbtage\u00a0: 2\u00a0000\u00a0heures<\/li>\n<li>Dur\u00e9e de vie th\u00e9orique\u00a0: 27\u00a0000\u00a0heures<\/li>\n<\/ul>\n[\/mk_custom_list][\/vc_column_inner][vc_column_inner width=\u00a0\u00bb1\/3&Prime;][vc_column_text css=\u00a0\u00bb.vc_custom_1567084024536{margin-bottom: 0px !important;}\u00a0\u00bb]\n<div class=\"vc_col-sm-12 wpb_column column_container _ height-full\">\n<h3><span style=\"color: #00005e;\">Simtex\u2122<\/span><\/h3>\n<\/div>\n[\/vc_column_text][vc_separator color=\u00a0\u00bbcustom\u00a0\u00bb accent_color=\u00a0\u00bb#00005e\u00a0\u00bb][mk_custom_list style=\u00a0\u00bbmk-icon-caret-right\u00a0\u00bb]\n<ul>\n<li>Profondeur du mat\u00e9riau\u00a0: 50\u00a0mm<\/li>\n<li>Profondeur de coupe\u00a0: 1\u00a0mm<\/li>\n<li>Intervalles d&rsquo;aff\u00fbtage\u00a0: 1\u00a0500\u00a0heures<\/li>\n<li>Dur\u00e9e de vie th\u00e9orique\u00a0: 50\u00a0000\u00a0heures<\/li>\n<\/ul>\n[\/mk_custom_list][\/vc_column_inner][\/vc_row_inner][\/vc_column][vc_column][mk_padding_divider size=\u00a0\u00bb60&Prime;][mk_padding_divider size=\u00a0\u00bb60&Prime;][\/vc_column][\/mk_page_section]\n<\/div>","protected":false},"excerpt":{"rendered":"<p>[mk_page_section bg_image=\u00a0\u00bbhttps:\/\/kwf-hilger.com\/wp-content\/uploads\/2019\/04\/kwf_bild_intro_blau.jpg\u00a0\u00bb bg_position=\u00a0\u00bbleft center\u00a0\u00bb bg_repeat=\u00a0\u00bbno-repeat\u00a0\u00bb bg_stretch=\u00a0\u00bbtrue\u00a0\u00bb speed_factor=\u00a0\u00bb0.4&Prime; video_color_mask=\u00a0\u00bb#1b34b5&Prime; video_opacity=\u00a0\u00bb0.5&Prime; min_height=\u00a0\u00bb400&Prime; full_width=\u00a0\u00bbtrue\u00a0\u00bb js_vertical_centered=\u00a0\u00bbtrue\u00a0\u00bb padding_top=\u00a0\u00bb0&Prime; padding_bottom=\u00a0\u00bb0&Prime; sidebar=\u00a0\u00bbsidebar-1&Prime;][vc_column][vc_column_text animation=\u00a0\u00bbscale-up\u00a0\u00bb el_class=\u00a0\u00bbschatten\u00a0\u00bb css=\u00a0\u00bb.vc_custom_1560945072884{margin-bottom: 0px !important;}\u00a0\u00bb] Simtex\u2122 [\/vc_column_text][mk_padding_divider][vc_row_inner][vc_column_inner width=\u00a0\u00bb1\/4&Prime;][mk_button dimension=\u00a0\u00bboutline\u00a0\u00bb size=\u00a0\u00bblarge\u00a0\u00bb url=\u00a0\u00bb\/simtex_general\/\u00a0\u00bb align=\u00a0\u00bbcenter\u00a0\u00bb fullwidth=\u00a0\u00bbtrue\u00a0\u00bb margin_right=\u00a0\u00bb0&Prime; outline_skin=\u00a0\u00bbcustom\u00a0\u00bb outline_active_color=\u00a0\u00bb#ffffff\u00a0\u00bb outline_hover_bg_color=\u00a0\u00bb#ffffff\u00a0\u00bb outline_hover_color=\u00a0\u00bb#00005e\u00a0\u00bb]Informations g\u00e9n\u00e9rales[\/mk_button][\/vc_column_inner][vc_column_inner width=\u00a0\u00bb1\/4&Prime;][mk_button dimension=\u00a0\u00bboutline\u00a0\u00bb size=\u00a0\u00bblarge\u00a0\u00bb url=\u00a0\u00bb\/simtex_paper\u00a0\u00bb align=\u00a0\u00bbcenter\u00a0\u00bb fullwidth=\u00a0\u00bbtrue\u00a0\u00bb outline_skin=\u00a0\u00bbcustom\u00a0\u00bb outline_active_text_color=\u00a0\u00bb#ffffff\u00a0\u00bb outline_hover_bg_color=\u00a0\u00bb#ffffff\u00a0\u00bb outline_hover_color=\u00a0\u00bb#00005e\u00a0\u00bb]Calandrage du papier[\/mk_button][\/vc_column_inner][vc_column_inner width=\u00a0\u00bb1\/4&Prime;][mk_button dimension=\u00a0\u00bboutline\u00a0\u00bb size=\u00a0\u00bblarge\u00a0\u00bb url=\u00a0\u00bb\/simtex\/\u00a0\u00bb align=\u00a0\u00bbcenter\u00a0\u00bb fullwidth=\u00a0\u00bbtrue\u00a0\u00bb outline_skin=\u00a0\u00bbcustom\u00a0\u00bb outline_active_color=\u00a0\u00bb#ffffff\u00a0\u00bb outline_hover_bg_color=\u00a0\u00bb#ffffff\u00a0\u00bb [&hellip;]<\/p>\n","protected":false},"author":1,"featured_media":0,"parent":0,"menu_order":0,"comment_status":"closed","ping_status":"closed","template":"","meta":{"footnotes":""},"class_list":["post-834","page","type-page","status-publish","hentry"],"_links":{"self":[{"href":"https:\/\/kwf-hilger.com\/fr\/wp-json\/wp\/v2\/pages\/834","targetHints":{"allow":["GET"]}}],"collection":[{"href":"https:\/\/kwf-hilger.com\/fr\/wp-json\/wp\/v2\/pages"}],"about":[{"href":"https:\/\/kwf-hilger.com\/fr\/wp-json\/wp\/v2\/types\/page"}],"author":[{"embeddable":true,"href":"https:\/\/kwf-hilger.com\/fr\/wp-json\/wp\/v2\/users\/1"}],"replies":[{"embeddable":true,"href":"https:\/\/kwf-hilger.com\/fr\/wp-json\/wp\/v2\/comments?post=834"}],"version-history":[{"count":51,"href":"https:\/\/kwf-hilger.com\/fr\/wp-json\/wp\/v2\/pages\/834\/revisions"}],"predecessor-version":[{"id":2315,"href":"https:\/\/kwf-hilger.com\/fr\/wp-json\/wp\/v2\/pages\/834\/revisions\/2315"}],"wp:attachment":[{"href":"https:\/\/kwf-hilger.com\/fr\/wp-json\/wp\/v2\/media?parent=834"}],"curies":[{"name":"wp","href":"https:\/\/api.w.org\/{rel}","templated":true}]}}