{"id":1229,"date":"2019-04-23T15:08:40","date_gmt":"2019-04-23T13:08:40","guid":{"rendered":"https:\/\/kwf-hilger.com\/?page_id=1229"},"modified":"2020-07-15T15:08:10","modified_gmt":"2020-07-15T13:08:10","slug":"startseite","status":"publish","type":"page","link":"https:\/\/kwf-hilger.com\/it\/","title":{"rendered":"Home"},"content":{"rendered":"<div class=\"wpb-content-wrapper\">[mk_page_section bg_image=&#8221;https:\/\/kwf-hilger.com\/wp-content\/uploads\/2019\/04\/helligkeit_kontrast-1-kopie.jpg&#8221; bg_position=&#8221;center center&#8221; bg_repeat=&#8221;no-repeat&#8221; bg_stretch=&#8221;true&#8221; speed_factor=&#8221;0.4&#8243; min_height=&#8221;300&#8243; full_width=&#8221;true&#8221; js_vertical_centered=&#8221;true&#8221; padding_top=&#8221;0&#8243; padding_bottom=&#8221;0&#8243; sidebar=&#8221;sidebar-1&#8243;][vc_column][vc_single_image image=&#8221;1179&#8243; img_size=&#8221;full&#8221; alignment=&#8221;center&#8221;][vc_separator color=&#8221;white&#8221; el_width=&#8221;40&#8243;][vc_column_text css=&#8221;.vc_custom_1570013184711{margin-bottom: 0px !important;}&#8221;]\n<p style=\"text-align: center;\"><span style=\"color: #ffffff;\">DIE KALANDERWALZENFABRIK HILGER GMBH &amp; CO. KG \u2022 L&#8217;AZIENDA TEDESCA LEADER NELLA PRODUZIONE DI RULLI PER CALANDRATURA<\/span><\/p>\n[\/vc_column_text][\/vc_column][\/mk_page_section][mk_page_section bg_image=&#8221;https:\/\/kwf-hilger.com\/wp-content\/uploads\/2019\/04\/hintergrund_logo.png&#8221; bg_position=&#8221;right center&#8221; video_color_mask=&#8221;#ffffff&#8221; video_opacity=&#8221;0.7&#8243; min_height=&#8221;0&#8243; padding_top=&#8221;0&#8243; padding_bottom=&#8221;0&#8243; sidebar=&#8221;sidebar-1&#8243;][vc_column][mk_padding_divider size=&#8221;60&#8243;][vc_column_text css=&#8221;.vc_custom_1570013240810{margin-bottom: 0px !important;}&#8221;]\n<p style=\"color: #00005e; text-align: justify !important;\"><span style=\"color: #00005e;\">L\u2019azienda <strong>KWF Hilger GmbH &amp; Co. KG<\/strong> \u00e8 fornitore leader mondiale di rulli di calandratura di alta qualit\u00e0 per il settore della carta, dell\u2019incisione e per quello tessile. La nostra maestria e precisione, combinate al nostro desiderio di innovazione, ci hanno consentito di attrarre e fidelizzare le aziende leader nel settore della carta e tessile, nonch\u00e9 i produttori di calandre in tutto il mondo.<\/span><\/p>\n<p style=\"color: #00005e; text-align: justify !important;\"><span style=\"color: #00005e;\">Al fine di ampliare la nostra gamma di prodotti, KWF e <strong>Richard Hough Ltd.<\/strong> hanno aderito ad un accordo di trasferimento della tecnologia alla fine del 2018. Questo ci ha consentito di aumentare l\u2019offerta di prodotti, fino a poter coprire il <strong>settore automobilistico<\/strong>, nonch\u00e9 a produrre<strong> rulli in tessuto non-tessuto per la finitura di metalli<\/strong>. Lo staff tecnico dirigente di RHL lavora ora presso il laboratorio KWF in Germania, con la consulenza del signor Anthony Ashton.<\/span><\/p>\n<p style=\"color: #00005e; text-align: justify !important;\"><span style=\"color: #00005e;\"><strong>Roberto\u2122<\/strong>,<strong> Robertex\u2122<\/strong>,<strong> Nollap\u2122<\/strong>,<strong> Super Elastic\u2122<\/strong>,<strong> Syncast\u2122<\/strong> e <strong>Simtex\u2122<\/strong> fanno ora parte della nostra gamma di prodotti. I rulli KWF sono da sempre sinonimi di qualit\u00e0 e longevit\u00e0, resistendo anche agli ambienti di produzione pi\u00f9 duri. Le nostre relazioni di lunga data con i clienti sono la vera prova del nostro standard costantemente elevato nel lavoro.<\/span><\/p>\n[\/vc_column_text][mk_padding_divider][vc_column_text css=&#8221;.vc_custom_1567159468537{margin-bottom: 0px !important;}&#8221;]\n<h2 style=\"text-align: center;\"><span style=\"color: #00005e;\">Prodotti<\/span><\/h2>\n[\/vc_column_text][vc_separator color=&#8221;custom&#8221; border_width=&#8221;2&#8243; accent_color=&#8221;#00005e&#8221;][mk_padding_divider size=&#8221;20&#8243;][vc_row_inner][vc_column_inner width=&#8221;1\/3&#8243;][vc_single_image image=&#8221;1652&#8243; img_size=&#8221;full&#8221; alignment=&#8221;center&#8221; el_class=&#8221;.productimg&#8221;][mk_button dimension=&#8221;outline&#8221; size=&#8221;large&#8221; url=&#8221;\/supercalendering-rolls-for-the-paper-industry\/&#8221; align=&#8221;center&#8221; fullwidth=&#8221;true&#8221; id=&#8221;productmenu&#8221; margin_bottom=&#8221;0&#8243; margin_right=&#8221;0&#8243; outline_skin=&#8221;custom&#8221; outline_active_color=&#8221;#00005e&#8221; outline_active_text_color=&#8221;#ffffff&#8221; outline_hover_bg_color=&#8221;#ffffff&#8221; outline_hover_color=&#8221;#00005e&#8221;]Rulli per super-calandratura per l\u2019industria cartaria[\/mk_button][mk_padding_divider visibility=&#8221;visible-sm&#8221;][\/vc_column_inner][vc_column_inner width=&#8221;1\/3&#8243;][vc_single_image image=&#8221;1660&#8243; img_size=&#8221;full&#8221; alignment=&#8221;center&#8221; el_class=&#8221;.productimg&#8221;][mk_button dimension=&#8221;outline&#8221; size=&#8221;large&#8221; url=&#8221;\/embossing-rolls\/&#8221; align=&#8221;center&#8221; fullwidth=&#8221;true&#8221; id=&#8221;productmenu&#8221; margin_bottom=&#8221;0&#8243; margin_right=&#8221;0&#8243; outline_skin=&#8221;custom&#8221; outline_active_color=&#8221;#00005e&#8221; outline_active_text_color=&#8221;#ffffff&#8221; outline_hover_bg_color=&#8221;#ffffff&#8221; outline_hover_color=&#8221;#00005e&#8221;]Rulli di incisione[\/mk_button][mk_padding_divider visibility=&#8221;visible-sm&#8221;][\/vc_column_inner][vc_column_inner width=&#8221;1\/3&#8243;][vc_single_image image=&#8221;1650&#8243; img_size=&#8221;full&#8221; alignment=&#8221;center&#8221; el_class=&#8221;.productimg&#8221;][mk_button dimension=&#8221;outline&#8221; size=&#8221;large&#8221; url=&#8221;\/calendering-rolls-for-the-textile-industry\/&#8221; align=&#8221;center&#8221; fullwidth=&#8221;true&#8221; id=&#8221;productmenu&#8221; margin_bottom=&#8221;0&#8243; margin_right=&#8221;0&#8243; outline_skin=&#8221;custom&#8221; outline_active_color=&#8221;#00005e&#8221; outline_active_text_color=&#8221;#ffffff&#8221; outline_hover_bg_color=&#8221;#ffffff&#8221; outline_hover_color=&#8221;#00005e&#8221;]Rulli di calandratura per il settore tessile[\/mk_button][mk_padding_divider visibility=&#8221;visible-sm&#8221;][\/vc_column_inner][\/vc_row_inner][mk_padding_divider][vc_row_inner column_padding=&#8221;&#8221;][vc_column_inner width=&#8221;1\/3&#8243;][vc_single_image image=&#8221;1656&#8243; img_size=&#8221;full&#8221; alignment=&#8221;center&#8221; el_class=&#8221;.productimg&#8221;][mk_button dimension=&#8221;outline&#8221; size=&#8221;large&#8221; url=&#8221;\/calendering-rolls-for-the-textile-industry-2\/&#8221; align=&#8221;center&#8221; fullwidth=&#8221;true&#8221; id=&#8221;productmenu&#8221; margin_bottom=&#8221;0&#8243; margin_right=&#8221;0&#8243; outline_skin=&#8221;custom&#8221; outline_active_color=&#8221;#00005e&#8221; outline_active_text_color=&#8221;#ffffff&#8221; outline_hover_bg_color=&#8221;#ffffff&#8221; outline_hover_color=&#8221;#00005e&#8221;]Rulli di strizzaggio per il settore tessile[\/mk_button][mk_padding_divider visibility=&#8221;visible-sm&#8221;][\/vc_column_inner][vc_column_inner width=&#8221;1\/3&#8243;][vc_single_image image=&#8221;1990&#8243; img_size=&#8221;full&#8221; alignment=&#8221;center&#8221; el_class=&#8221;.productimg&#8221;][mk_button dimension=&#8221;outline&#8221; size=&#8221;large&#8221; url=&#8221;\/nonwoven-rolls-for-metal-finishing\/&#8221; align=&#8221;center&#8221; fullwidth=&#8221;true&#8221; id=&#8221;productmenu&#8221; margin_bottom=&#8221;0&#8243; margin_right=&#8221;0&#8243; outline_skin=&#8221;custom&#8221; outline_active_color=&#8221;#00005e&#8221; outline_active_text_color=&#8221;#ffffff&#8221; outline_hover_bg_color=&#8221;#ffffff&#8221; outline_hover_color=&#8221;#00005e&#8221;]Rulli in tessuto non-tessuto per finitura di metalli[\/mk_button][mk_padding_divider visibility=&#8221;visible-sm&#8221;][\/vc_column_inner][vc_column_inner width=&#8221;1\/3&#8243;][vc_single_image image=&#8221;1654&#8243; img_size=&#8221;full&#8221; alignment=&#8221;center&#8221; el_class=&#8221;.productimg&#8221;][mk_button dimension=&#8221;outline&#8221; size=&#8221;large&#8221; url=&#8221;\/rollers-for-the-automotive-industry-2\/&#8221; align=&#8221;center&#8221; fullwidth=&#8221;true&#8221; id=&#8221;productmenu&#8221; margin_bottom=&#8221;0&#8243; margin_right=&#8221;0&#8243; outline_skin=&#8221;custom&#8221; outline_active_color=&#8221;#00005e&#8221; outline_active_text_color=&#8221;#ffffff&#8221; outline_hover_bg_color=&#8221;#ffffff&#8221; outline_hover_color=&#8221;#00005e&#8221;]Rulli per il settore dell\u2019automotive[\/mk_button][mk_padding_divider visibility=&#8221;visible-sm&#8221;][\/vc_column_inner][\/vc_row_inner][mk_padding_divider][vc_row_inner column_padding=&#8221;&#8221;][vc_column_inner width=&#8221;1\/3&#8243;][vc_single_image image=&#8221;1657&#8243; img_size=&#8221;full&#8221; alignment=&#8221;center&#8221; el_class=&#8221;.productimg&#8221;][mk_button dimension=&#8221;outline&#8221; size=&#8221;large&#8221; url=&#8221;\/service\/#new&#8221; align=&#8221;center&#8221; fullwidth=&#8221;true&#8221; id=&#8221;productmenu&#8221; margin_bottom=&#8221;0&#8243; margin_right=&#8221;0&#8243; outline_skin=&#8221;custom&#8221; outline_active_color=&#8221;#00005e&#8221; outline_active_text_color=&#8221;#ffffff&#8221; outline_hover_bg_color=&#8221;#ffffff&#8221; outline_hover_color=&#8221;#00005e&#8221;]Produzione di nuovi rulli[\/mk_button][mk_padding_divider visibility=&#8221;visible-sm&#8221;][\/vc_column_inner][vc_column_inner width=&#8221;1\/3&#8243;][vc_single_image image=&#8221;1655&#8243; img_size=&#8221;full&#8221; alignment=&#8221;center&#8221; el_class=&#8221;.productimg&#8221;][mk_button dimension=&#8221;outline&#8221; size=&#8221;large&#8221; url=&#8221;\/service\/#recon&#8221; align=&#8221;center&#8221; fullwidth=&#8221;true&#8221; id=&#8221;productmenu&#8221; margin_bottom=&#8221;0&#8243; margin_right=&#8221;0&#8243; outline_skin=&#8221;custom&#8221; outline_active_color=&#8221;#00005e&#8221; outline_active_text_color=&#8221;#ffffff&#8221; outline_hover_bg_color=&#8221;#ffffff&#8221; outline_hover_color=&#8221;#00005e&#8221;]Rinnovo di rulli[\/mk_button][mk_padding_divider visibility=&#8221;visible-sm&#8221;][\/vc_column_inner][vc_column_inner width=&#8221;1\/3&#8243;][vc_single_image image=&#8221;1658&#8243; img_size=&#8221;full&#8221; alignment=&#8221;center&#8221; el_class=&#8221;.productimg&#8221;][mk_button dimension=&#8221;outline&#8221; size=&#8221;large&#8221; url=&#8221;\/service\/#grind&#8221; align=&#8221;center&#8221; fullwidth=&#8221;true&#8221; id=&#8221;productmenu&#8221; margin_bottom=&#8221;0&#8243; margin_right=&#8221;0&#8243; outline_skin=&#8221;custom&#8221; outline_active_color=&#8221;#00005e&#8221; outline_active_text_color=&#8221;#ffffff&#8221; outline_hover_bg_color=&#8221;#ffffff&#8221; outline_hover_color=&#8221;#00005e&#8221;]Affilatura di precisione[\/mk_button][mk_padding_divider visibility=&#8221;visible-sm&#8221;][\/vc_column_inner][\/vc_row_inner][mk_padding_divider][mk_padding_divider][mk_padding_divider][\/vc_column][\/mk_page_section][mk_page_section bg_image=&#8221;https:\/\/kwf-hilger.com\/wp-content\/uploads\/2019\/04\/helligkeit_kontrast-1-kopie.jpg&#8221; bg_position=&#8221;right bottom&#8221; bg_repeat=&#8221;no-repeat&#8221; bg_stretch=&#8221;true&#8221; speed_factor=&#8221;0.4&#8243; min_height=&#8221;0&#8243; js_vertical_centered=&#8221;true&#8221; padding_top=&#8221;0&#8243; padding_bottom=&#8221;0&#8243; sidebar=&#8221;sidebar-1&#8243;][vc_column][mk_padding_divider size=&#8221;60&#8243;][vc_column_text css=&#8221;.vc_custom_1570013306925{margin-bottom: 0px !important;}&#8221;]\n<h2 style=\"text-align: center;\"><span style=\"color: #ffffff;\">Innovazione SIMTEX\u2122<\/span><\/h2>\n<p style=\"font-size: 23px; text-align: justify;\"><span style=\"color: #ffffff;\"><br \/>\nSviluppato da RHL e KWF Hilger, il Simtex\u2122 \u00e8 un nuovo involucro di rulli per calandratura di carta e tessuto, nonch\u00e9 per incisione ad alta velocit\u00e0. Esso viene realizzato con una speciale formula di fibre sintetiche ed \u00e8 in grado di resistere a una temperatura superficiale massima di 250\u00b0 Celsius.<br \/>\n<\/span><\/p>\n[\/vc_column_text][mk_padding_divider size=&#8221;20&#8243;][mk_button dimension=&#8221;outline&#8221; size=&#8221;large&#8221; url=&#8221;\/simtex_general\/&#8221; align=&#8221;center&#8221; margin_right=&#8221;0&#8243; el_class=&#8221;einereihe&#8221; outline_skin=&#8221;custom&#8221; outline_active_color=&#8221;#ffffff&#8221; outline_hover_bg_color=&#8221;#ffffff&#8221; outline_hover_color=&#8221;#00005e&#8221;]Vai a SIMTEX\u2122[\/mk_button][mk_padding_divider size=&#8221;60&#8243;][\/vc_column][\/mk_page_section]\n<\/div>","protected":false},"excerpt":{"rendered":"<p>[mk_page_section bg_image=&#8221;https:\/\/kwf-hilger.com\/wp-content\/uploads\/2019\/04\/helligkeit_kontrast-1-kopie.jpg&#8221; bg_position=&#8221;center center&#8221; bg_repeat=&#8221;no-repeat&#8221; bg_stretch=&#8221;true&#8221; speed_factor=&#8221;0.4&#8243; min_height=&#8221;300&#8243; full_width=&#8221;true&#8221; js_vertical_centered=&#8221;true&#8221; padding_top=&#8221;0&#8243; padding_bottom=&#8221;0&#8243; sidebar=&#8221;sidebar-1&#8243;][vc_column][vc_single_image image=&#8221;1179&#8243; img_size=&#8221;full&#8221; alignment=&#8221;center&#8221;][vc_separator color=&#8221;white&#8221; el_width=&#8221;40&#8243;][vc_column_text css=&#8221;.vc_custom_1570013184711{margin-bottom: 0px !important;}&#8221;] DIE KALANDERWALZENFABRIK HILGER GMBH &amp; CO. KG \u2022 L&#8217;AZIENDA TEDESCA LEADER NELLA PRODUZIONE DI RULLI PER CALANDRATURA [\/vc_column_text][\/vc_column][\/mk_page_section][mk_page_section bg_image=&#8221;https:\/\/kwf-hilger.com\/wp-content\/uploads\/2019\/04\/hintergrund_logo.png&#8221; bg_position=&#8221;right center&#8221; video_color_mask=&#8221;#ffffff&#8221; video_opacity=&#8221;0.7&#8243; min_height=&#8221;0&#8243; padding_top=&#8221;0&#8243; padding_bottom=&#8221;0&#8243; sidebar=&#8221;sidebar-1&#8243;][vc_column][mk_padding_divider size=&#8221;60&#8243;][vc_column_text css=&#8221;.vc_custom_1570013240810{margin-bottom: 0px !important;}&#8221;] L\u2019azienda KWF Hilger [&hellip;]<\/p>\n","protected":false},"author":1,"featured_media":0,"parent":0,"menu_order":0,"comment_status":"closed","ping_status":"closed","template":"","meta":{"footnotes":""},"class_list":["post-1229","page","type-page","status-publish","hentry"],"_links":{"self":[{"href":"https:\/\/kwf-hilger.com\/it\/wp-json\/wp\/v2\/pages\/1229","targetHints":{"allow":["GET"]}}],"collection":[{"href":"https:\/\/kwf-hilger.com\/it\/wp-json\/wp\/v2\/pages"}],"about":[{"href":"https:\/\/kwf-hilger.com\/it\/wp-json\/wp\/v2\/types\/page"}],"author":[{"embeddable":true,"href":"https:\/\/kwf-hilger.com\/it\/wp-json\/wp\/v2\/users\/1"}],"replies":[{"embeddable":true,"href":"https:\/\/kwf-hilger.com\/it\/wp-json\/wp\/v2\/comments?post=1229"}],"version-history":[{"count":77,"href":"https:\/\/kwf-hilger.com\/it\/wp-json\/wp\/v2\/pages\/1229\/revisions"}],"predecessor-version":[{"id":2309,"href":"https:\/\/kwf-hilger.com\/it\/wp-json\/wp\/v2\/pages\/1229\/revisions\/2309"}],"wp:attachment":[{"href":"https:\/\/kwf-hilger.com\/it\/wp-json\/wp\/v2\/media?parent=1229"}],"curies":[{"name":"wp","href":"https:\/\/api.w.org\/{rel}","templated":true}]}}