{"id":1610,"date":"2019-06-17T10:30:59","date_gmt":"2019-06-17T08:30:59","guid":{"rendered":"https:\/\/kwf-hilger.com\/?page_id=1610"},"modified":"2019-10-02T13:18:47","modified_gmt":"2019-10-02T11:18:47","slug":"history","status":"publish","type":"page","link":"https:\/\/kwf-hilger.com\/it\/history\/","title":{"rendered":"Storia"},"content":{"rendered":"[mk_page_section bg_image=&#8221;https:\/\/kwf-hilger.com\/wp-content\/uploads\/2019\/04\/hintergrund_logo.png&#8221; bg_position=&#8221;center center&#8221; video_color_mask=&#8221;#ffffff&#8221; video_opacity=&#8221;0.7&#8243; min_height=&#8221;0&#8243; padding_top=&#8221;0&#8243; padding_bottom=&#8221;0&#8243; sidebar=&#8221;sidebar-1&#8243;][vc_column][mk_padding_divider size=&#8221;60&#8243;][vc_column_text css=&#8221;.vc_custom_1567159183332{margin-bottom: 0px !important;}&#8221;]\n<h2 style=\"text-align: center;\"><span style=\"color: #00005e;\">Storia<\/span><\/h2>\n[\/vc_column_text][vc_separator color=&#8221;custom&#8221; border_width=&#8221;2&#8243; accent_color=&#8221;#00005e&#8221;][vc_column_text disable_pattern=&#8221;false&#8221; css=&#8221;.vc_custom_1570013132575{margin-bottom: 0px !important;}&#8221;]\n<p style=\"color: #00005e; text-align: justify !important;\">Le radici della mia famiglia affondano nell\u2019industria della carta. Il mio bisnonno, Norbert Klagges, fond\u00f2 la cartiera <strong>Kabel<\/strong> ad Hagen nel 1897. Nel 1904 fond\u00f2 la cartiera <strong>Reisholz<\/strong>, mentre nel 1910 acquist\u00f2 la <strong>Uetersen<\/strong>. Nel 1913 tutte e tre le aziende vennero fuse nella <strong>Papierfabrik Reisholz AG<\/strong> e qualche anno dopo divennero la <strong>Feldmuehle GmbH<\/strong>.<\/p>\n<p style=\"color: #00005e; text-align: justify !important;\">La mia famiglia \u00e8 dunque alla terza generazione di attivit\u00e0 nel settore della calandratura. Mio nonno, il dott. Franz Hilger, possedeva la <strong>ECK Haubold GmbH<\/strong>. La Eck venne fondata nel 1849. Egli esport\u00f2 la carta ECK e le calandre per tessuti, diffondendo la tecnologia in tutto il mondo. Eck era sinonimo di qualit\u00e0 tedesca, precisione e longevit\u00e0 &#8211; tanto che ancora oggi esistono calandre ECK operative in giro per il mando. Infatti, il mio laboratorio riceve di tanto in tanto ordini di riempimento di rulli per calandre ECK.<\/p>\n<p style=\"color: #00005e; text-align: justify !important;\">La mia famiglia vendette l\u2019attivit\u00e0 di produzione di calandre alla <strong>Escher Wyss AG \/ Sulzer<\/strong> nel 1973, tuttavia trattenne la parte dell\u2019azienda che produceva i rulli. Con il nome di <strong>Kalanderwalzenfabrik (KWF) GmbH &amp; Co. KG<\/strong>, la nuova azienda, gestita da mio padre, Paul Hilger, forniva rulli nuovi e rigenerati alle aziende leader nel settore della carta in tutto il mondo. La maggior parte delle aziende tessili o delle cartiere ha stivato i propri rulli a D\u00fcsseldorf negli ultimi 100 anni. Sebbene l\u2019originale KWF venne venduta a <strong>Jan Kleinewefers GmbH &amp; Co. KG<\/strong> nel 1989 e successivamente a <strong>Voith Paper GmbH &amp; Co. KG<\/strong> nel 1994, il laboratorio di rulli \u00e8 rimasto di propriet\u00e0 della mia famiglia a D\u00fcsseldorf. Alla fine del 2010 abbiamo avuto la possibilit\u00e0 di riacquistare il laboratorio di rulli da Voith Paper e attualmente operiamo di nuovo sotto il nome di Kalanderwalzenfabrik (KWF) Hilger GmbH &amp; Co. KG; inoltre, siamo molto orgogliosi del nostro portfolio clienti diversificato e internazionale.<\/p>\n[\/vc_column_text][mk_padding_divider size=&#8221;60&#8243;][\/vc_column][vc_column width=&#8221;1\/2&#8243;][mk_image src=&#8221;https:\/\/kwf-hilger.com\/wp-content\/uploads\/2019\/06\/kwf-brosch-kopie.jpg&#8221; image_size=&#8221;large&#8221; lightbox=&#8221;true&#8221;][\/vc_column][vc_column width=&#8221;1\/2&#8243;][mk_image src=&#8221;https:\/\/kwf-hilger.com\/wp-content\/uploads\/2019\/06\/firma-kopie.jpg&#8221; image_size=&#8221;large&#8221; lightbox=&#8221;true&#8221; align=&#8221;right&#8221;][\/vc_column][\/mk_page_section]","protected":false},"excerpt":{"rendered":"<p>[mk_page_section bg_image=&#8221;https:\/\/kwf-hilger.com\/wp-content\/uploads\/2019\/04\/hintergrund_logo.png&#8221; bg_position=&#8221;center center&#8221; video_color_mask=&#8221;#ffffff&#8221; video_opacity=&#8221;0.7&#8243; min_height=&#8221;0&#8243; padding_top=&#8221;0&#8243; padding_bottom=&#8221;0&#8243; sidebar=&#8221;sidebar-1&#8243;][vc_column][mk_padding_divider size=&#8221;60&#8243;][vc_column_text css=&#8221;.vc_custom_1567159183332{margin-bottom: 0px !important;}&#8221;] Storia [\/vc_column_text][vc_separator color=&#8221;custom&#8221; border_width=&#8221;2&#8243; accent_color=&#8221;#00005e&#8221;][vc_column_text disable_pattern=&#8221;false&#8221; css=&#8221;.vc_custom_1570013132575{margin-bottom: 0px !important;}&#8221;] Le radici della mia famiglia affondano nell\u2019industria della carta. Il mio bisnonno, Norbert Klagges, fond\u00f2 la cartiera Kabel ad Hagen nel 1897. Nel 1904 fond\u00f2 la cartiera Reisholz, mentre nel 1910 acquist\u00f2 [&hellip;]<\/p>\n","protected":false},"author":1,"featured_media":0,"parent":0,"menu_order":0,"comment_status":"closed","ping_status":"closed","template":"","meta":{"footnotes":""},"class_list":["post-1610","page","type-page","status-publish","hentry"],"_links":{"self":[{"href":"https:\/\/kwf-hilger.com\/it\/wp-json\/wp\/v2\/pages\/1610","targetHints":{"allow":["GET"]}}],"collection":[{"href":"https:\/\/kwf-hilger.com\/it\/wp-json\/wp\/v2\/pages"}],"about":[{"href":"https:\/\/kwf-hilger.com\/it\/wp-json\/wp\/v2\/types\/page"}],"author":[{"embeddable":true,"href":"https:\/\/kwf-hilger.com\/it\/wp-json\/wp\/v2\/users\/1"}],"replies":[{"embeddable":true,"href":"https:\/\/kwf-hilger.com\/it\/wp-json\/wp\/v2\/comments?post=1610"}],"version-history":[{"count":17,"href":"https:\/\/kwf-hilger.com\/it\/wp-json\/wp\/v2\/pages\/1610\/revisions"}],"predecessor-version":[{"id":2289,"href":"https:\/\/kwf-hilger.com\/it\/wp-json\/wp\/v2\/pages\/1610\/revisions\/2289"}],"wp:attachment":[{"href":"https:\/\/kwf-hilger.com\/it\/wp-json\/wp\/v2\/media?parent=1610"}],"curies":[{"name":"wp","href":"https:\/\/api.w.org\/{rel}","templated":true}]}}