{"id":1617,"date":"2019-06-17T11:07:53","date_gmt":"2019-06-17T09:07:53","guid":{"rendered":"https:\/\/kwf-hilger.com\/?page_id=1617"},"modified":"2020-07-15T15:41:51","modified_gmt":"2020-07-15T13:41:51","slug":"supercalendering-rolls-for-the-paper-industry","status":"publish","type":"page","link":"https:\/\/kwf-hilger.com\/it\/supercalendering-rolls-for-the-paper-industry\/","title":{"rendered":"Rulli per super-calandratura per l\u2019industria cartaria"},"content":{"rendered":"<div class=\"wpb-content-wrapper\">[mk_page_section bg_image=&#8221;https:\/\/kwf-hilger.com\/wp-content\/uploads\/2019\/04\/helligkeit_kontrast-1-kopie.jpg&#8221; bg_position=&#8221;left center&#8221; bg_repeat=&#8221;no-repeat&#8221; bg_stretch=&#8221;true&#8221; speed_factor=&#8221;0.4&#8243; video_color_mask=&#8221;#1b34b5&#8243; video_opacity=&#8221;0.5&#8243; min_height=&#8221;400&#8243; full_width=&#8221;true&#8221; js_vertical_centered=&#8221;true&#8221; padding_top=&#8221;0&#8243; padding_bottom=&#8221;0&#8243; sidebar=&#8221;sidebar-1&#8243;][vc_column][vc_column_text animation=&#8221;scale-up&#8221; el_class=&#8221;schatten&#8221; css=&#8221;.vc_custom_1567160895637{margin-bottom: 0px !important;}&#8221;]\n<h1 style=\"text-align: center;\"><span style=\"color: #ffffff;\">Rulli per super-calandratura per l\u2019industria cartaria<\/span><\/h1>\n[\/vc_column_text][vc_column_text disable_pattern=&#8221;false&#8221; css=&#8221;.vc_custom_1570014641623{margin-bottom: 0px !important;}&#8221;]\n<p style=\"color: #00005e; text-align: center;\"><span style=\"color: #ffffff;\">Siamo specialisti nella produzione di rulli interi per super-calandratura (compresi alberi con anima in acciaio) oppure nella ricarica dei rulli a vostra disposizione. <\/span><\/p>\n[\/vc_column_text][mk_padding_divider][\/vc_column][\/mk_page_section][mk_page_section bg_image=&#8221;https:\/\/kwf-hilger.com\/wp-content\/uploads\/2019\/04\/hintergrund_logo.png&#8221; bg_position=&#8221;left center&#8221; video_color_mask=&#8221;#ffffff&#8221; video_opacity=&#8221;0.7&#8243; min_height=&#8221;0&#8243; padding_top=&#8221;0&#8243; padding_bottom=&#8221;0&#8243; section_id=&#8221;supercalender&#8221; sidebar=&#8221;sidebar-1&#8243;][vc_column][mk_padding_divider size=&#8221;60&#8243;][vc_column_text css=&#8221;.vc_custom_1567160910093{margin-bottom: 0px !important;}&#8221;]\n<h2 style=\"text-align: center;\"><span style=\"color: #00005e;\">Super-calandratura della carta<\/span><\/h2>\n[\/vc_column_text][vc_separator color=&#8221;custom&#8221; border_width=&#8221;2&#8243; accent_color=&#8221;#00005e&#8221;][mk_padding_divider size=&#8221;30&#8243;][vc_row_inner][vc_column_inner width=&#8221;1\/2&#8243;][vc_column_text css=&#8221;.vc_custom_1567160917213{margin-bottom: 0px !important;}&#8221;]\n<h3><span style=\"color: #00005e;\"><b>Riempimento di materiali per super-calandratura<\/b><\/span><\/h3>\n[\/vc_column_text][vc_separator color=&#8221;custom&#8221; accent_color=&#8221;#00005e&#8221;][mk_custom_list style=&#8221;mk-icon-caret-right&#8221;]\n<ul>\n<li>Carta blue denim<\/li>\n<li>Carta di lana \u2013 intervallo da10% \u2013 45%<\/li>\n<li>Fiberun WBN (RHL\u00b4s HTCN)<\/li>\n<li>Challenge<\/li>\n<\/ul>\n[\/mk_custom_list][\/vc_column_inner][vc_column_inner width=&#8221;1\/2&#8243;][vc_column_text css=&#8221;.vc_custom_1567160929758{margin-bottom: 0px !important;}&#8221;]\n<h3><span style=\"color: #00005e;\"><b>Involucri disponibili per calandratura ad alta temperatura<\/b><\/span><\/h3>\n[\/vc_column_text][vc_separator color=&#8221;custom&#8221; accent_color=&#8221;#00005e&#8221;][mk_custom_list style=&#8221;mk-icon-caret-right&#8221;]\n<ul>\n<li>Fiberun WBN (RHL\u00b4s HTCN)<\/li>\n<li>Challenge\u2122<\/li>\n<li>Simtex\u2122<\/li>\n<\/ul>\n[\/mk_custom_list][\/vc_column_inner][\/vc_row_inner][mk_padding_divider size=&#8221;30&#8243;][vc_row_inner][vc_column_inner width=&#8221;1\/2&#8243;][vc_column_text css=&#8221;.vc_custom_1567160946933{margin-bottom: 0px !important;}&#8221;]\n<h3><span style=\"color: #00005e;\"><strong>Rullo di calandratura con propriet\u00e0 per finitura carta Caratteristiche<br \/>\n<\/strong><\/span><\/h3>\n[\/vc_column_text][mk_image src=&#8221;https:\/\/kwf-hilger.com\/wp-content\/uploads\/2019\/04\/supercalender_table.png&#8221; image_size=&#8221;full&#8221; lightbox=&#8221;true&#8221;][vc_column_text css=&#8221;.vc_custom_1570014698227{margin-bottom: 0px !important;}&#8221;]<span style=\"color: #00005e;\"><i> <small>Le temperature massime sono da intendersi esclusivamente come riferimento. Azionare i rulli ad elevate temperature, velocit\u00e0 e pressioni di linea pu\u00f2 ridurre la vita utile dell\u2019involucro del rullo e causare un guasto prematuro.<\/small><\/i><\/span>[\/vc_column_text][\/vc_column_inner][vc_column_inner width=&#8221;1\/2&#8243;][vc_column_text css=&#8221;.vc_custom_1567160965772{margin-bottom: 0px !important;}&#8221;]\n<h3><span style=\"color: #00005e;\"><strong>Propriet\u00e0 della cavit\u00e0 correlate alle caratteristiche di calandratura<\/strong><\/span><\/h3>\n[\/vc_column_text][mk_image src=&#8221;https:\/\/kwf-hilger.com\/wp-content\/uploads\/2019\/06\/tabelle_kwf.png&#8221; image_size=&#8221;full&#8221; lightbox=&#8221;true&#8221;][\/vc_column_inner][\/vc_row_inner][\/vc_column][vc_column][vc_row_inner][vc_column_inner][mk_padding_divider size=&#8221;60&#8243;][mk_padding_divider size=&#8221;60&#8243;][vc_column_text css=&#8221;.vc_custom_1567160972263{margin-bottom: 0px !important;}&#8221;]\n<h2 style=\"text-align: center;\"><span style=\"color: #00005e;\">Involucro di calandratura Fiberun WBN (RHL\u00b4s HTCN)<\/span><\/h2>\n[\/vc_column_text][vc_separator color=&#8221;custom&#8221; border_width=&#8221;2&#8243; accent_color=&#8221;#00005e&#8221;][\/vc_column_inner][\/vc_row_inner][vc_row_inner][vc_column_inner width=&#8221;1\/2&#8243;][vc_column_text css=&#8221;.vc_custom_1570014733060{margin-bottom: 0px !important;}&#8221;]\n<p style=\"color: #00005e; text-align: justify !important;\">Fiberun WBN (RHL\u00b4s HTCN) presenta il pi\u00f9 elevato grado di polimerizzazione mai posseduto da un involucro di calandratura in fibra. Una combinazione di fiocchi di fibra vergine di alta qualit\u00e0 e di battitori Hollander che garantiscono una minore fragilit\u00e0 e maggiore stabilit\u00e0 dimensionale rispetto ai comuni riempitivi di calandratura in cotone e blue denim. Presenta una maggiore durata utile grazie alla minore fragilit\u00e0 e maggiore stabilit\u00e0 dimensionale.<\/p>\n<p style=\"color: #00005e; text-align: justify !important;\">Ci\u00f2 si traduce in intervalli di affilatura maggiori o nel dover lavorare minor materiale dalla superficie del rullo a intervalli di affilatura regolari.<\/p>\n<p style=\"color: #00005e; text-align: justify !important;\">I clienti hanno notato un aumento del 50% della vita utile rispetto agli involucri convenzionali in blue denim. Ci\u00f2 si traduce, per esempio, nel dover rimuovere solo 1,5 mm di diametro durante l\u2019affilatura, anzich\u00e9 i 3 mm usuali per gli involucri comuni.<\/p>\n[\/vc_column_text][mk_image src=&#8221;https:\/\/kwf-hilger.com\/wp-content\/uploads\/2019\/06\/web-sup-paper-rolls.jpg&#8221; image_size=&#8221;full&#8221; lightbox=&#8221;true&#8221; el_class=&#8221;letterhough&#8221;][\/vc_column_inner][vc_column_inner width=&#8221;1\/2&#8243;][mk_image src=&#8221;https:\/\/kwf-hilger.com\/wp-content\/uploads\/2019\/06\/white-paper-roll-close-up.jpg&#8221; image_size=&#8221;full&#8221; lightbox=&#8221;true&#8221; el_class=&#8221;letterhough&#8221;][mk_padding_divider][vc_column_text css=&#8221;.vc_custom_1567161008694{margin-bottom: 0px !important;}&#8221;]\n<h3><span style=\"color: #00005e;\">Involucri Fiberun WBN (RHL\u00b4s HTCN)<\/span><\/h3>\n[\/vc_column_text][vc_separator color=&#8221;custom&#8221; accent_color=&#8221;#00005e&#8221;][mk_custom_list style=&#8221;mk-icon-caret-right&#8221;]\n<ul>\n<li>Maggiore efficienza<\/li>\n<li>Un modo pi\u00f9 green di pensare<\/li>\n<li>Una migliore posizione per il futuro<\/li>\n<li>Qualit\u00e0 migliorata<\/li>\n<li>Ottimizzazione delle capacit\u00e0 di super-calandratura<\/li>\n<\/ul>\n[\/mk_custom_list][\/vc_column_inner][\/vc_row_inner][\/vc_column][vc_column][vc_row_inner][vc_column_inner][mk_padding_divider size=&#8221;60&#8243;][mk_padding_divider size=&#8221;60&#8243;][vc_column_text css=&#8221;.vc_custom_1570014752200{margin-bottom: 0px !important;}&#8221;]\n<h2 style=\"text-align: center;\"><span style=\"color: #00005e;\">Materie prime \u2013 Fiberun WBN (RHL\u00b4s HTCN)<\/span><\/h2>\n[\/vc_column_text][vc_separator color=&#8221;custom&#8221; border_width=&#8221;2&#8243; accent_color=&#8221;#00005e&#8221;][\/vc_column_inner][\/vc_row_inner][vc_row_inner][vc_column_inner width=&#8221;1\/2&#8243;][mk_image src=&#8221;https:\/\/kwf-hilger.com\/wp-content\/uploads\/2019\/06\/image002.jpg&#8221; image_size=&#8221;full&#8221; lightbox=&#8221;true&#8221; el_class=&#8221;letterhough&#8221;][\/vc_column_inner][vc_column_inner width=&#8221;1\/2&#8243;][mk_image src=&#8221;https:\/\/kwf-hilger.com\/wp-content\/uploads\/2019\/06\/image003.png&#8221; image_size=&#8221;full&#8221; lightbox=&#8221;true&#8221;][mk_padding_divider size=&#8221;20&#8243;][vc_column_text css=&#8221;.vc_custom_1567161086287{margin-bottom: 0px !important;}&#8221;]<span style=\"color: #00005e;\">Tecnologia pionieristica &#8211; il riempimento per fibre pi\u00f9 avanzato sul mercato.<\/span>[\/vc_column_text][mk_padding_divider size=&#8221;20&#8243;][vc_column_text css=&#8221;.vc_custom_1570014774501{margin-bottom: 0px !important;}&#8221;]\n<p style=\"color: #00005e; text-align: justify !important;\">Il cotone lavorato in questo modo elimina virtualmente la contaminazione da materiali come poliestere, gomma sintetica (Lycra), tacchetti \/ rivetti metallici, zip e bottoni ecc. Necessit\u00e0 di utilizzo dei comuni battitori Hollander al fine di preservare tutta la forza e lunghezza delle fibre &#8211; riduzione del lavoro meccanico per preservare il maggiore DP. Nessuna sostanza chimica utilizzata prima dell\u2019introduzione nella carta.<\/p>\n<p style=\"color: #00005e; text-align: justify !important;\">Fibre lunghissime grazie al cotone vergine &#8211; questo vuol dire una migliore trasmissione di calore all\u2019interno dell\u2019involucro della cavit\u00e0 e eccellente stabilit\u00e0 dimensionale dell\u2019involucro del rullo che fornisce un contatto prolungato con l\u2019albero del rullo.<\/p>\n[\/vc_column_text][\/vc_column_inner][\/vc_row_inner][vc_row_inner][vc_column_inner][mk_padding_divider size=&#8221;60&#8243;][mk_padding_divider size=&#8221;60&#8243;][vc_column_text css=&#8221;.vc_custom_1567161108735{margin-bottom: 0px !important;}&#8221;]\n<h2 style=\"text-align: center;\"><span style=\"color: #00005e;\">Fiberun WBN (RHL\u00b4s HTCN) vs BLUE DEMIN<\/span><\/h2>\n[\/vc_column_text][vc_separator color=&#8221;custom&#8221; border_width=&#8221;2&#8243; accent_color=&#8221;#00005e&#8221;][\/vc_column_inner][\/vc_row_inner][vc_row_inner][vc_column_inner width=&#8221;1\/2&#8243;][vc_column_text css=&#8221;.vc_custom_1567161115144{margin-bottom: 0px !important;}&#8221;]\n<h3><span style=\"color: #00005e;\">Differenze tra Fiberun WBN (RHL\u00b4s HTCN) e BLUE DENIM<\/span><\/h3>\n[\/vc_column_text][vc_separator color=&#8221;custom&#8221; accent_color=&#8221;#00005e&#8221;][mk_custom_list style=&#8221;mk-icon-caret-right&#8221;]\n<ul>\n<li>Fiberun WBN (RHL\u00b4s HTCN) ha una porosit\u00e0 Bendsten maggiore di 2000 ml \/ min e questo vuol dire che l\u2019aria lo attraversa in modo relativamente facile, grazie alle fibre vergini lunghe.<\/li>\n<li>Il blue denim ha una porosit\u00e0 Bendsten di 600 ml \/ min, quindi l\u2019aria lo attraversa in modo soddisfacente.<\/li>\n<li>In termini di calandratura, un foglio aperto rappresenta una caratteristica ottimale, poich\u00e9 la carta preme foglio su foglio fino a ottenere una sola massa omogenea. Dopo tale pressione, ci vogliono martello e scalpello per separare i fogli! Un foglio chiuso vuol dire che ciascun foglio sar\u00e0 separato anche dopo una pressione a 3000 tonnellate!<\/li>\n<li>Un rullo realizzato con fogli non pi\u00f9 chiusi non si conformer\u00e0 alle modifiche geometriche nella calandra in modo naturale come fa un foglio aperto come il Fiberun WBN (RHL\u00b4s HTCN)<\/li>\n<li>Un foglio aperto di carta Fiberun WBN (RHL\u00b4s HTCN) consente una distribuzione di calore molto migliore rispetto a un foglio chiuso.<\/li>\n<\/ul>\n[\/mk_custom_list][\/vc_column_inner][vc_column_inner width=&#8221;1\/2&#8243;][mk_image src=&#8221;https:\/\/kwf-hilger.com\/wp-content\/uploads\/2019\/04\/bildschirmfoto-2019-04-01-um-11.32.03.jpg&#8221; image_size=&#8221;full&#8221; lightbox=&#8221;true&#8221;][\/vc_column_inner][\/vc_row_inner][mk_padding_divider size=&#8221;30&#8243;][vc_row_inner][vc_column_inner width=&#8221;1\/2&#8243;][mk_image src=&#8221;https:\/\/kwf-hilger.com\/wp-content\/uploads\/2019\/06\/website-precision-grinding-2.jpg&#8221; image_size=&#8221;full&#8221; lightbox=&#8221;true&#8221; el_class=&#8221;letterhough&#8221;][\/vc_column_inner][vc_column_inner width=&#8221;1\/2&#8243;][mk_image src=&#8221;https:\/\/kwf-hilger.com\/wp-content\/uploads\/2019\/06\/bs-being-ground.jpg&#8221; image_size=&#8221;full&#8221; lightbox=&#8221;true&#8221; el_class=&#8221;letterhough&#8221;][\/vc_column_inner][\/vc_row_inner][mk_padding_divider size=&#8221;30&#8243;][vc_row_inner][vc_column_inner width=&#8221;1\/2&#8243;][vc_column_text css=&#8221;.vc_custom_1567161129376{margin-bottom: 0px !important;}&#8221;]\n<h3><span style=\"color: #00005e;\">Stabilit\u00e0 dinamica<\/span><\/h3>\n[\/vc_column_text][vc_separator color=&#8221;custom&#8221; accent_color=&#8221;#00005e&#8221;][mk_custom_list style=&#8221;mk-icon-caret-right&#8221;]\n<ul>\n<li>Rimozione potenzialmente minore tramite affilatura<\/li>\n<li>Minore possibilit\u00e0 di avvallamento<\/li>\n<li>Pi\u00f9 rotolamento uniforme sulla superficie<\/li>\n<li>Lunga durata prima della comparsa dei segni di invecchiamento<\/li>\n<\/ul>\n[\/mk_custom_list][\/vc_column_inner][vc_column_inner width=&#8221;1\/2&#8243;][vc_column_text css=&#8221;.vc_custom_1567161149640{margin-bottom: 0px !important;}&#8221;]\n<h3><span style=\"color: #00005e;\">Vantaggi rispetto ai rulli in composito \/ polimerici<\/span><\/h3>\n[\/vc_column_text][vc_separator color=&#8221;custom&#8221; accent_color=&#8221;#00005e&#8221;][mk_custom_list style=&#8221;mk-icon-caret-right&#8221;]\n<ul>\n<li>Diversamente dai rulli in composito \/ plastica, il Fiberun WBN (RHL\u00b4s HTCN) pu\u00f2 essere usato per migliorare la calandratura con il vantaggio di creare una brillantezza a piena frizione nella scanalatura grazie all\u2019effetto \u201cmicro-slip\u201d.<\/li>\n<\/ul>\n[\/mk_custom_list][\/vc_column_inner][\/vc_row_inner][vc_row_inner][vc_column_inner width=&#8221;1\/2&#8243;][vc_column_text css=&#8221;.vc_custom_1567161163207{margin-bottom: 0px !important;}&#8221;]\n<h3><span style=\"color: #00005e;\">Perch\u00e9 usare il Fiberun WBN (RHL\u00b4s HTCN)<\/span><\/h3>\n[\/vc_column_text][vc_separator color=&#8221;custom&#8221; accent_color=&#8221;#00005e&#8221;][mk_custom_list style=&#8221;mk-icon-caret-right&#8221;]\n<ul>\n<li>Pi\u00f9 conveniente<\/li>\n<li>Nessuna tendenza a sovra-densificare la superficie della carta<\/li>\n<li>Meno rischi collegati a diametri pi\u00f9 larghi<\/li>\n<li>Facile da usare con la tecnologia convenzionale<\/li>\n<\/ul>\n[\/mk_custom_list][\/vc_column_inner][vc_column_inner width=&#8221;1\/2&#8243;][vc_column_text css=&#8221;.vc_custom_1567161177784{margin-bottom: 0px !important;}&#8221;]\n<h3><span style=\"color: #00005e;\"><b>Vantaggi rispetto ai rulli in composito \/ polimerici<\/b><\/span><\/h3>\n[\/vc_column_text][vc_separator color=&#8221;custom&#8221; accent_color=&#8221;#00005e&#8221;][mk_custom_list style=&#8221;mk-icon-caret-right&#8221;]\n<ul>\n<li>Maggiore resistenza al calore<\/li>\n<li>Llucentezza o produzione maggiori (grazie all\u2019aumento di temperatura \/ pressione o ad una velocit\u00e0 superiore)<\/li>\n<li>Durata potenzialmente maggiore durante la produzione<\/li>\n<li>Elevata prestazione anche a diametri ridotti<\/li>\n<\/ul>\n[\/mk_custom_list][\/vc_column_inner][\/vc_row_inner][mk_padding_divider size=&#8221;30&#8243;][vc_row_inner][vc_column_inner width=&#8221;1\/2&#8243;][mk_image src=&#8221;https:\/\/kwf-hilger.com\/wp-content\/uploads\/2019\/06\/0283-24-01-2014.jpg&#8221; image_size=&#8221;full&#8221; lightbox=&#8221;true&#8221; el_class=&#8221;letterhough&#8221;][\/vc_column_inner][vc_column_inner width=&#8221;1\/2&#8243;][mk_image src=&#8221;https:\/\/kwf-hilger.com\/wp-content\/uploads\/2019\/06\/img_7828.jpg&#8221; image_size=&#8221;full&#8221; lightbox=&#8221;true&#8221; el_class=&#8221;letterhough&#8221;][\/vc_column_inner][\/vc_row_inner][mk_padding_divider size=&#8221;60&#8243;][mk_padding_divider size=&#8221;60&#8243;][\/vc_column][\/mk_page_section]\n<\/div>","protected":false},"excerpt":{"rendered":"<p>[mk_page_section bg_image=&#8221;https:\/\/kwf-hilger.com\/wp-content\/uploads\/2019\/04\/helligkeit_kontrast-1-kopie.jpg&#8221; bg_position=&#8221;left center&#8221; bg_repeat=&#8221;no-repeat&#8221; bg_stretch=&#8221;true&#8221; speed_factor=&#8221;0.4&#8243; video_color_mask=&#8221;#1b34b5&#8243; video_opacity=&#8221;0.5&#8243; min_height=&#8221;400&#8243; full_width=&#8221;true&#8221; js_vertical_centered=&#8221;true&#8221; padding_top=&#8221;0&#8243; padding_bottom=&#8221;0&#8243; sidebar=&#8221;sidebar-1&#8243;][vc_column][vc_column_text animation=&#8221;scale-up&#8221; el_class=&#8221;schatten&#8221; css=&#8221;.vc_custom_1567160895637{margin-bottom: 0px !important;}&#8221;] Rulli per super-calandratura per l\u2019industria cartaria [\/vc_column_text][vc_column_text disable_pattern=&#8221;false&#8221; css=&#8221;.vc_custom_1570014641623{margin-bottom: 0px !important;}&#8221;] Siamo specialisti nella produzione di rulli interi per super-calandratura (compresi alberi con anima in acciaio) oppure nella ricarica dei rulli a vostra disposizione. [\/vc_column_text][mk_padding_divider][\/vc_column][\/mk_page_section][mk_page_section [&hellip;]<\/p>\n","protected":false},"author":1,"featured_media":0,"parent":0,"menu_order":0,"comment_status":"closed","ping_status":"closed","template":"","meta":{"footnotes":""},"class_list":["post-1617","page","type-page","status-publish","hentry"],"_links":{"self":[{"href":"https:\/\/kwf-hilger.com\/it\/wp-json\/wp\/v2\/pages\/1617","targetHints":{"allow":["GET"]}}],"collection":[{"href":"https:\/\/kwf-hilger.com\/it\/wp-json\/wp\/v2\/pages"}],"about":[{"href":"https:\/\/kwf-hilger.com\/it\/wp-json\/wp\/v2\/types\/page"}],"author":[{"embeddable":true,"href":"https:\/\/kwf-hilger.com\/it\/wp-json\/wp\/v2\/users\/1"}],"replies":[{"embeddable":true,"href":"https:\/\/kwf-hilger.com\/it\/wp-json\/wp\/v2\/comments?post=1617"}],"version-history":[{"count":45,"href":"https:\/\/kwf-hilger.com\/it\/wp-json\/wp\/v2\/pages\/1617\/revisions"}],"predecessor-version":[{"id":2319,"href":"https:\/\/kwf-hilger.com\/it\/wp-json\/wp\/v2\/pages\/1617\/revisions\/2319"}],"wp:attachment":[{"href":"https:\/\/kwf-hilger.com\/it\/wp-json\/wp\/v2\/media?parent=1617"}],"curies":[{"name":"wp","href":"https:\/\/api.w.org\/{rel}","templated":true}]}}