{"id":1619,"date":"2019-06-17T11:08:03","date_gmt":"2019-06-17T09:08:03","guid":{"rendered":"https:\/\/kwf-hilger.com\/?page_id=1619"},"modified":"2020-07-15T15:45:13","modified_gmt":"2020-07-15T13:45:13","slug":"embossing-rolls","status":"publish","type":"page","link":"https:\/\/kwf-hilger.com\/it\/embossing-rolls\/","title":{"rendered":"Rulli di incisione"},"content":{"rendered":"<div class=\"wpb-content-wrapper\">[mk_page_section bg_image=&#8221;https:\/\/kwf-hilger.com\/wp-content\/uploads\/2019\/04\/kwf_bild_intro_blau.jpg&#8221; bg_position=&#8221;left center&#8221; bg_repeat=&#8221;no-repeat&#8221; bg_stretch=&#8221;true&#8221; speed_factor=&#8221;0.4&#8243; video_color_mask=&#8221;#1b34b5&#8243; video_opacity=&#8221;0.5&#8243; min_height=&#8221;400&#8243; full_width=&#8221;true&#8221; js_vertical_centered=&#8221;true&#8221; padding_top=&#8221;0&#8243; padding_bottom=&#8221;0&#8243; sidebar=&#8221;sidebar-1&#8243;][vc_column][vc_column_text animation=&#8221;scale-up&#8221; el_class=&#8221;schatten&#8221; css=&#8221;.vc_custom_1567158961617{margin-bottom: 0px !important;}&#8221;]\n<h1 style=\"text-align: center;\"><span style=\"color: #ffffff;\">Rulli di incisione<\/span><\/h1>\n[\/vc_column_text][vc_column_text disable_pattern=&#8221;false&#8221; css=&#8221;.vc_custom_1570012909517{margin-bottom: 0px !important;}&#8221;]\n<p style=\"color: #00005e; text-align: center;\"><span style=\"color: #ffffff;\">I rulli applicatori con riempimento in fibra rappresentano l\u2019alternativa pi\u00f9 performante ed economica<br \/>\nper la maggior parte delle applicazioni di incisione moderne.<\/span><\/p>\n<p>&nbsp;<\/p>\n[\/vc_column_text][mk_padding_divider][vc_row_inner][vc_column_inner width=&#8221;1\/3&#8243;][mk_button dimension=&#8221;outline&#8221; size=&#8221;large&#8221; url=&#8221;#woollenpaper&#8221; align=&#8221;center&#8221; fullwidth=&#8221;true&#8221; outline_skin=&#8221;custom&#8221; outline_active_text_color=&#8221;#ffffff&#8221; outline_hover_bg_color=&#8221;#ffffff&#8221; outline_hover_color=&#8221;#00005e&#8221;]Carta di lana[\/mk_button][\/vc_column_inner][vc_column_inner width=&#8221;1\/3&#8243;][mk_button dimension=&#8221;outline&#8221; size=&#8221;large&#8221; url=&#8221;#superelastic&#8221; align=&#8221;center&#8221; fullwidth=&#8221;true&#8221; outline_skin=&#8221;custom&#8221; outline_active_color=&#8221;#ffffff&#8221; outline_hover_bg_color=&#8221;#ffffff&#8221; outline_hover_color=&#8221;#00005e&#8221;]Super Elastic\u2122[\/mk_button][\/vc_column_inner][vc_column_inner width=&#8221;1\/3&#8243;][mk_button dimension=&#8221;outline&#8221; size=&#8221;large&#8221; url=&#8221;#syncastembossing&#8221; align=&#8221;center&#8221; fullwidth=&#8221;true&#8221; outline_skin=&#8221;custom&#8221; outline_active_color=&#8221;#ffffff&#8221; outline_hover_bg_color=&#8221;#ffffff&#8221; outline_hover_color=&#8221;#00005e&#8221;]Syncast\u2122[\/mk_button][\/vc_column_inner][\/vc_row_inner][\/vc_column][\/mk_page_section][mk_page_section bg_image=&#8221;https:\/\/kwf-hilger.com\/wp-content\/uploads\/2019\/04\/hintergrund_logo.png&#8221; bg_position=&#8221;center center&#8221; video_color_mask=&#8221;#ffffff&#8221; video_opacity=&#8221;0.7&#8243; min_height=&#8221;0&#8243; padding_top=&#8221;0&#8243; padding_bottom=&#8221;0&#8243; section_id=&#8221;woollenpaper&#8221; sidebar=&#8221;sidebar-1&#8243;][vc_column][mk_padding_divider size=&#8221;60&#8243;][vc_column_text css=&#8221;.vc_custom_1567158985834{margin-bottom: 0px !important;}&#8221;]\n<h2 style=\"text-align: center;\"><span style=\"color: #00005e;\">Carta di lana<\/span><\/h2>\n[\/vc_column_text][vc_separator color=&#8221;custom&#8221; border_width=&#8221;2&#8243; accent_color=&#8221;#00005e&#8221;][vc_row_inner][vc_column_inner width=&#8221;1\/2&#8243;][vc_column_text css=&#8221;.vc_custom_1570012927286{margin-bottom: 0px !important;}&#8221;]<span style=\"color: #00005e;\"><strong>Propriet\u00e0 del rullo correlate alle caratteristiche di calandratura<\/strong><\/span>[\/vc_column_text][vc_single_image image=&#8221;1694&#8243; img_size=&#8221;full&#8221;][\/vc_column_inner][vc_column_inner width=&#8221;1\/2&#8243;][mk_padding_divider size=&#8221;60&#8243;][mk_custom_list style=&#8221;mk-icon-caret-right&#8221;]\n<ul>\n<li>Involucro a base di cotone e carta di lana con struttura compressa<\/li>\n<li>Il contenuto di lana (10-45%) e la durezza possono essere modificate per adeguarsi all\u2019applicazione<\/li>\n<li>Si adatta al rullo in acciaio inciso per un\u2019applicazione precisa<\/li>\n<li>Adatto per disegni delicati o profondi<\/li>\n<li>Applicazioni con o senza ingranaggi<\/li>\n<\/ul>\n[\/mk_custom_list][\/vc_column_inner][\/vc_row_inner][vc_row_inner][vc_column_inner width=&#8221;1\/3&#8243;][mk_image src=&#8221;https:\/\/kwf-hilger.com\/wp-content\/uploads\/2019\/06\/web-sup-embossing-rolls.jpg&#8221; image_size=&#8221;large&#8221; lightbox=&#8221;true&#8221; align=&#8221;center&#8221; el_class=&#8221;letterhough&#8221;][\/vc_column_inner][vc_column_inner width=&#8221;1\/3&#8243;][mk_image src=&#8221;https:\/\/kwf-hilger.com\/wp-content\/uploads\/2019\/06\/paper-roll-in-press.jpg&#8221; image_size=&#8221;large&#8221; lightbox=&#8221;true&#8221; align=&#8221;center&#8221; el_class=&#8221;letterhough&#8221;][\/vc_column_inner][vc_column_inner width=&#8221;1\/3&#8243;][mk_image src=&#8221;https:\/\/kwf-hilger.com\/wp-content\/uploads\/2019\/06\/paper.jpg&#8221; image_size=&#8221;large&#8221; lightbox=&#8221;true&#8221; align=&#8221;center&#8221; el_class=&#8221;letterhough&#8221;][\/vc_column_inner][\/vc_row_inner][\/vc_column][vc_column][vc_row_inner el_id=&#8221;superelastic&#8221;][vc_column_inner][mk_padding_divider size=&#8221;60&#8243;][mk_padding_divider size=&#8221;60&#8243;][vc_column_text css=&#8221;.vc_custom_1560854644272{margin-bottom: 0px !important;}&#8221;]\n<h2 style=\"text-align: center;\"><span style=\"color: #00005e;\">Super Elastic\u2122<\/span><\/h2>\n[\/vc_column_text][vc_separator color=&#8221;custom&#8221; border_width=&#8221;2&#8243; accent_color=&#8221;#00005e&#8221;][\/vc_column_inner][\/vc_row_inner][vc_row_inner][vc_column_inner width=&#8221;1\/2&#8243;][mk_custom_list style=&#8221;mk-icon-caret-right&#8221;]\n<ul>\n<li>Involucro 100% a base di cotone tessuto con struttura compressa<\/li>\n<li>Adatto per disegni delicati (profondit\u00e0 del motivo inferiore a 1mm)<\/li>\n<li>Tempo di inserimento ridotto<\/li>\n<li>I motivi cavi possono essere azionati insieme senza necessit\u00e0 di riaffilatura (ideale per incisori Turret)<\/li>\n<li>Resilienza elevata &#8211; i piccoli danni svaniscono con facilit\u00e0<\/li>\n<li>Meno mezzi di lavorazione, vita di rotolamento maggiore e tempi di fermo ridotti<\/li>\n<li>Applicazioni con o senza ingranaggi<\/li>\n<li>Maggiore rotolamento utile e migliore produttivit\u00e0 rispetto ai tradizionali rulli in carta di lana<\/li>\n<\/ul>\n[\/mk_custom_list][\/vc_column_inner][vc_column_inner width=&#8221;1\/2&#8243;][vc_single_image image=&#8221;1697&#8243; img_size=&#8221;full&#8221;][\/vc_column_inner][\/vc_row_inner][\/vc_column][vc_column][vc_row_inner el_id=&#8221;syncastembossing&#8221;][vc_column_inner][mk_padding_divider size=&#8221;60&#8243;][mk_padding_divider size=&#8221;60&#8243;][vc_column_text css=&#8221;.vc_custom_1560939163281{margin-bottom: 0px !important;}&#8221;]\n<h2 style=\"text-align: center;\"><span style=\"color: #00005e;\">Syncast\u2122<\/span><\/h2>\n[\/vc_column_text][vc_separator color=&#8221;custom&#8221; border_width=&#8221;2&#8243; accent_color=&#8221;#00005e&#8221;][\/vc_column_inner][\/vc_row_inner][vc_row_inner][vc_column_inner width=&#8221;1\/2&#8243;][mk_custom_list style=&#8221;mk-icon-caret-right&#8221;]\n<ul>\n<li>Stoffe naturali tessute e lavorate<\/li>\n<li>Stoffe sintetiche tessute e lavorate<\/li>\n<li>Stoffe non-tessute<\/li>\n<li>Carta<\/li>\n<li>Vinile \/ simil-pelle<\/li>\n<li>Pellicole di alluminio<\/li>\n<\/ul>\n[\/mk_custom_list][mk_padding_divider size=&#8221;10&#8243;][vc_column_text css=&#8221;.vc_custom_1567159028674{margin-bottom: 0px !important;}&#8221;]\n<h3><span class=\"s1\" style=\"color: #00005f;\">Vantaggi operativi<\/span><\/h3>\n[\/vc_column_text][vc_separator color=&#8221;custom&#8221; accent_color=&#8221;#00005e&#8221;][mk_custom_list style=&#8221;mk-icon-caret-right&#8221;]\n<ul>\n<li>Eccellente effetto lisciante<\/li>\n<li>Eccellente effetto brillante se usato insieme a rulli in acciaio altamente lucidanti<\/li>\n<li>Eccellente densificazione del panno di calandratura<\/li>\n<li>La stabilit\u00e0 di funzionamento consente una lucentezza maggiore e pi\u00f9 omogenea a maggiori velocit\u00e0<\/li>\n<li>Il Syncast\u2122 produce eccellenti effetti lucidi \/ al tatto \/ opachi se usato insieme a rulli in cotone<\/li>\n<\/ul>\n[\/mk_custom_list][\/vc_column_inner][vc_column_inner width=&#8221;1\/2&#8243;][mk_image src=&#8221;https:\/\/kwf-hilger.com\/wp-content\/uploads\/2019\/06\/symcast-2.jpg&#8221; image_size=&#8221;large&#8221; lightbox=&#8221;true&#8221; align=&#8221;center&#8221; el_class=&#8221;letterhough&#8221;][\/vc_column_inner][\/vc_row_inner][vc_row_inner][vc_column_inner width=&#8221;1\/2&#8243;][mk_image src=&#8221;https:\/\/kwf-hilger.com\/wp-content\/uploads\/2019\/06\/symcast-4.jpg&#8221; image_size=&#8221;large&#8221; lightbox=&#8221;true&#8221; align=&#8221;center&#8221; el_class=&#8221;letterhough&#8221;][\/vc_column_inner][vc_column_inner width=&#8221;1\/2&#8243;][mk_image src=&#8221;https:\/\/kwf-hilger.com\/wp-content\/uploads\/2019\/06\/symcast-9.jpg&#8221; image_size=&#8221;full&#8221; lightbox=&#8221;true&#8221; align=&#8221;center&#8221; el_class=&#8221;letterhough&#8221;][\/vc_column_inner][\/vc_row_inner][mk_padding_divider size=&#8221;60&#8243;][vc_row_inner][vc_column_inner][mk_table style=&#8221;style2&#8243;]\n<table width=\"100%\">\n<thead>\n<tr>\n<th style=\"text-align: left;\"><strong><span style=\"color: #ffffff !important;\">Materiale Syncast\u2122<\/span><\/strong><\/th>\n<th style=\"text-align: left;\"><span style=\"color: #ffffff;\">Poliammide PA6G:<\/span><\/th>\n<\/tr>\n<\/thead>\n<tbody>\n<tr>\n<td style=\"text-align: left;\"><span style=\"color: #00005f;\">Colore<\/span><\/td>\n<td style=\"text-align: left;\"><span style=\"color: #00005f;\">Naturale<\/span><\/td>\n<\/tr>\n<tr>\n<td style=\"text-align: left;\"><span style=\"color: #00005f;\">Durezza<\/span><\/td>\n<td style=\"text-align: left;\"><span style=\"color: #00005f;\">87\u00b0 +\/-1 Shore D<\/span><\/td>\n<\/tr>\n<tr>\n<td style=\"text-align: left;\"><span style=\"color: #00005f;\">Temperatura superficiale massima del rullo in acciaio riscaldato<\/span><\/td>\n<td style=\"text-align: left;\"><span style=\"color: #00005f;\">200-220\u00b0C<\/span><\/td>\n<\/tr>\n<tr>\n<td style=\"text-align: left;\"><span style=\"color: #00005f;\">Temperatura superficiale massima del rullo SYNCAST\u2122<\/span><\/td>\n<td style=\"text-align: left;\"><span style=\"color: #00005f;\">130\u00b0C<\/span><\/td>\n<\/tr>\n<tr>\n<td style=\"text-align: left;\"><span style=\"color: #00005f;\">Pressione lineare massima<\/span><\/td>\n<td style=\"text-align: left;\"><span style=\"color: #00005f;\">35o kN\/m<\/span><\/td>\n<\/tr>\n<\/tbody>\n<\/table>\n[\/mk_table][\/vc_column_inner][\/vc_row_inner][mk_padding_divider size=&#8221;60&#8243;][mk_padding_divider size=&#8221;60&#8243;][\/vc_column][\/mk_page_section]\n<\/div>","protected":false},"excerpt":{"rendered":"<p>[mk_page_section bg_image=&#8221;https:\/\/kwf-hilger.com\/wp-content\/uploads\/2019\/04\/kwf_bild_intro_blau.jpg&#8221; bg_position=&#8221;left center&#8221; bg_repeat=&#8221;no-repeat&#8221; bg_stretch=&#8221;true&#8221; speed_factor=&#8221;0.4&#8243; video_color_mask=&#8221;#1b34b5&#8243; video_opacity=&#8221;0.5&#8243; min_height=&#8221;400&#8243; full_width=&#8221;true&#8221; js_vertical_centered=&#8221;true&#8221; padding_top=&#8221;0&#8243; padding_bottom=&#8221;0&#8243; sidebar=&#8221;sidebar-1&#8243;][vc_column][vc_column_text animation=&#8221;scale-up&#8221; el_class=&#8221;schatten&#8221; css=&#8221;.vc_custom_1567158961617{margin-bottom: 0px !important;}&#8221;] Rulli di incisione [\/vc_column_text][vc_column_text disable_pattern=&#8221;false&#8221; css=&#8221;.vc_custom_1570012909517{margin-bottom: 0px !important;}&#8221;] I rulli applicatori con riempimento in fibra rappresentano l\u2019alternativa pi\u00f9 performante ed economica per la maggior parte delle applicazioni di incisione moderne. &nbsp; [\/vc_column_text][mk_padding_divider][vc_row_inner][vc_column_inner width=&#8221;1\/3&#8243;][mk_button dimension=&#8221;outline&#8221; size=&#8221;large&#8221; [&hellip;]<\/p>\n","protected":false},"author":1,"featured_media":0,"parent":0,"menu_order":0,"comment_status":"closed","ping_status":"closed","template":"","meta":{"footnotes":""},"class_list":["post-1619","page","type-page","status-publish","hentry"],"_links":{"self":[{"href":"https:\/\/kwf-hilger.com\/it\/wp-json\/wp\/v2\/pages\/1619","targetHints":{"allow":["GET"]}}],"collection":[{"href":"https:\/\/kwf-hilger.com\/it\/wp-json\/wp\/v2\/pages"}],"about":[{"href":"https:\/\/kwf-hilger.com\/it\/wp-json\/wp\/v2\/types\/page"}],"author":[{"embeddable":true,"href":"https:\/\/kwf-hilger.com\/it\/wp-json\/wp\/v2\/users\/1"}],"replies":[{"embeddable":true,"href":"https:\/\/kwf-hilger.com\/it\/wp-json\/wp\/v2\/comments?post=1619"}],"version-history":[{"count":29,"href":"https:\/\/kwf-hilger.com\/it\/wp-json\/wp\/v2\/pages\/1619\/revisions"}],"predecessor-version":[{"id":2320,"href":"https:\/\/kwf-hilger.com\/it\/wp-json\/wp\/v2\/pages\/1619\/revisions\/2320"}],"wp:attachment":[{"href":"https:\/\/kwf-hilger.com\/it\/wp-json\/wp\/v2\/media?parent=1619"}],"curies":[{"name":"wp","href":"https:\/\/api.w.org\/{rel}","templated":true}]}}