{"id":1623,"date":"2019-06-17T11:08:27","date_gmt":"2019-06-17T09:08:27","guid":{"rendered":"https:\/\/kwf-hilger.com\/?page_id=1623"},"modified":"2020-01-24T14:08:26","modified_gmt":"2020-01-24T13:08:26","slug":"calendering-rolls-for-the-textile-industry-2","status":"publish","type":"page","link":"https:\/\/kwf-hilger.com\/it\/calendering-rolls-for-the-textile-industry-2\/","title":{"rendered":"Rulli di strizzaggio per il settore tessile"},"content":{"rendered":"<div class=\"wpb-content-wrapper\">[mk_page_section bg_image=&#8221;https:\/\/kwf-hilger.com\/wp-content\/uploads\/2019\/04\/kwf_bild_intro_blau.jpg&#8221; bg_position=&#8221;left bottom&#8221; bg_repeat=&#8221;no-repeat&#8221; bg_stretch=&#8221;true&#8221; speed_factor=&#8221;0.4&#8243; video_color_mask=&#8221;#1b34b5&#8243; video_opacity=&#8221;0.5&#8243; min_height=&#8221;400&#8243; full_width=&#8221;true&#8221; js_vertical_centered=&#8221;true&#8221; padding_top=&#8221;0&#8243; padding_bottom=&#8221;0&#8243; sidebar=&#8221;sidebar-1&#8243;][vc_column][vc_column_text animation=&#8221;scale-up&#8221; el_class=&#8221;schatten&#8221; css=&#8221;.vc_custom_1567160552234{margin-bottom: 0px !important;}&#8221;]\n<h1 style=\"text-align: center;\"><span style=\"color: #ffffff;\">Rulli di strizzaggio per il settore tessile<\/span><\/h1>\n[\/vc_column_text][mk_padding_divider][vc_row_inner][vc_column_inner width=&#8221;1\/3&#8243;][mk_button dimension=&#8221;outline&#8221; size=&#8221;large&#8221; url=&#8221;#roberto&#8221; align=&#8221;center&#8221; fullwidth=&#8221;true&#8221; outline_skin=&#8221;custom&#8221; outline_active_color=&#8221;#ffffff&#8221; outline_hover_bg_color=&#8221;#ffffff&#8221; outline_hover_color=&#8221;#00005e&#8221;]Roberto\u2122[\/mk_button][\/vc_column_inner][vc_column_inner width=&#8221;1\/3&#8243;][mk_button dimension=&#8221;outline&#8221; size=&#8221;large&#8221; url=&#8221;#nollap&#8221; align=&#8221;center&#8221; fullwidth=&#8221;true&#8221; outline_skin=&#8221;custom&#8221; outline_active_color=&#8221;#ffffff&#8221; outline_hover_bg_color=&#8221;#ffffff&#8221; outline_hover_color=&#8221;#00005e&#8221;]Nollap\u2122[\/mk_button][\/vc_column_inner][vc_column_inner width=&#8221;1\/3&#8243;][mk_button dimension=&#8221;outline&#8221; size=&#8221;large&#8221; url=&#8221;#robertex&#8221; align=&#8221;center&#8221; fullwidth=&#8221;true&#8221; outline_skin=&#8221;custom&#8221; outline_active_color=&#8221;#ffffff&#8221; outline_hover_bg_color=&#8221;#ffffff&#8221; outline_hover_color=&#8221;#00005e&#8221;]Robertex\u2122[\/mk_button][\/vc_column_inner][\/vc_row_inner][\/vc_column][\/mk_page_section][mk_page_section bg_image=&#8221;https:\/\/kwf-hilger.com\/wp-content\/uploads\/2019\/04\/hintergrund_logo.png&#8221; bg_position=&#8221;left bottom&#8221; video_color_mask=&#8221;#ffffff&#8221; video_opacity=&#8221;0.7&#8243; min_height=&#8221;0&#8243; padding_top=&#8221;0&#8243; padding_bottom=&#8221;0&#8243; section_id=&#8221;roberto&#8221; sidebar=&#8221;sidebar-1&#8243;][vc_column][mk_padding_divider size=&#8221;60&#8243;][vc_column_text css=&#8221;.vc_custom_1560958239940{margin-bottom: 0px !important;}&#8221;]\n<h2 style=\"text-align: center;\"><span style=\"color: #00005e;\">Roberto\u2122<\/span><\/h2>\n[\/vc_column_text][vc_column_text css=&#8221;.vc_custom_1567160562529{margin-bottom: 0px !important;}&#8221;]\n<p class=\"p1\" style=\"text-align: center;\"><span class=\"s1\" style=\"color: #00005e;\">Rulli di strizzaggio ad elevata rimozione<\/span><\/p>\n[\/vc_column_text][vc_separator color=&#8221;custom&#8221; border_width=&#8221;2&#8243; accent_color=&#8221;#00005e&#8221;][vc_row_inner][vc_column_inner width=&#8221;1\/2&#8243;][vc_column_text css=&#8221;.vc_custom_1570014455715{margin-bottom: 0px !important;}&#8221;]\n<p style=\"color: #00005e; text-align: justify !important;\">I rulli Roberto\u2122, prodotti esclusivamente da KWF Hilger GmbH &amp; Co. KG, sono dei sostituti ad alta prestazione per rulli di strizzatura convenzionali in gomma o PU, con una prestazione significativamente maggiore e vita utile assolutamente superiore rispetto alla gomma o al PU.<\/p>\n[\/vc_column_text][mk_padding_divider size=&#8221;20&#8243;][mk_padding_divider size=&#8221;20&#8243;][vc_column_text css=&#8221;.vc_custom_1567160577091{margin-bottom: 0px !important;}&#8221;]\n<h3><span class=\"s1\" style=\"color: #00005e;\">Applicazioni<\/span><\/h3>\n[\/vc_column_text][vc_separator color=&#8221;custom&#8221; accent_color=&#8221;#00005e&#8221;][mk_custom_list style=&#8221;mk-icon-caret-right&#8221;]\n<ul>\n<li>Estrazione altamente efficiente di liquidi da fibre tessute, lavorate, non tessute<\/li>\n<li>Estrazione altamente efficiente di liquidi da fibre singole &#8211; ad es. filati di rayon \u201cpost-trattamento\u201d<\/li>\n<\/ul>\n[\/mk_custom_list][\/vc_column_inner][vc_column_inner width=&#8221;1\/2&#8243;][mk_image src=&#8221;https:\/\/kwf-hilger.com\/wp-content\/uploads\/2019\/06\/nishat-mills-3.jpg&#8221; image_size=&#8221;full&#8221; lightbox=&#8221;true&#8221; align=&#8221;center&#8221; el_class=&#8221;letterhough&#8221;][\/vc_column_inner][\/vc_row_inner][mk_padding_divider size=&#8221;60&#8243;][vc_row_inner][vc_column_inner][vc_column_text css=&#8221;.vc_custom_1567160609530{margin-bottom: 0px !important;}&#8221;]\n<h3 class=\"p1\"><span class=\"s1\" style=\"color: #00005e;\">Costruzioni<\/span><\/h3>\n[\/vc_column_text][vc_separator color=&#8221;custom&#8221; accent_color=&#8221;#00005e&#8221;][\/vc_column_inner][\/vc_row_inner][vc_row_inner][vc_column_inner width=&#8221;1\/2&#8243;][vc_column_text css=&#8221;.vc_custom_1570014475001{margin-bottom: 0px !important;}&#8221;]\n<p style=\"color: #00005e; text-align: justify !important;\">I rulli in fibra Roberto\u2122 sono realizzati con alberi con anima in acciaio di alta qualit\u00e0 e terminali in acciaio o acciaio inox che trattengono un involucro in fibra micro-porosa ad elevata compressione, realizzato con fibre miste ricoperte con un materiale legante sintetico. La gamma di materiali Roberto\u2122 disponibile \u00e8 talmente ampia da soddisfare diverse applicazioni per il settore tessile. Gli involucri dei rulli Roberto\u2122 sono costituiti da una matrice a base di fibra, con superficie e interno porosi. Le fibre sono legate tra loro meccanicamente e mediante un trattamento termico e chimico. L\u2019involucro possiede un volume vuoto pari a circa il 40% (piccole cavit\u00e0 interconnesse). La resilienza delle fibre e le caratteristiche elastiche del sistema legante garantiscono che la struttura porosa \/ aperta abbia un elevato grado di flessibilit\u00e0, elasticit\u00e0 e forza.<\/p>\n[\/vc_column_text][\/vc_column_inner][vc_column_inner width=&#8221;1\/2&#8243;][mk_image src=&#8221;https:\/\/kwf-hilger.com\/wp-content\/uploads\/2019\/03\/bildschirmfoto-2019-03-29-um-14.33.49.png&#8221; image_size=&#8221;full&#8221; lightbox=&#8221;true&#8221; align=&#8221;center&#8221; el_class=&#8221;letterhough&#8221;][\/vc_column_inner][\/vc_row_inner][mk_padding_divider size=&#8221;60&#8243;][vc_row_inner][vc_column_inner][vc_column_text css=&#8221;.vc_custom_1567160622410{margin-bottom: 0px !important;}&#8221;]\n<h3 class=\"p1\"><span class=\"s1\" style=\"color: #00005e;\">Prestazione<\/span><\/h3>\n[\/vc_column_text][vc_separator color=&#8221;custom&#8221; accent_color=&#8221;#00005e&#8221;][vc_column_text css=&#8221;.vc_custom_1570014483407{margin-bottom: 0px !important;}&#8221;]\n<p style=\"color: #00005e; text-align: justify !important;\">L&#8217;eccellente prestazione di strizzatura dei rulli Roberto\u2122 si ottiene grazie alla combinazione dell&#8217;azione di strizzatura e alla potente e profonda aspirazione. Quando il tessuto si inserisce nella scanalatura, il liquido in eccesso viene rimosso tramite strizzatura e, immediatamente dopo la scanalatura, il liquido viene aspirato nel rullo Roberto\u2122; ci\u00f2 consente una prestazione di strizzatura maggiore del 20-50% rispetto ai comuni rulli in gomma e PU.<\/p>\n[\/vc_column_text][\/vc_column_inner][\/vc_row_inner][mk_padding_divider size=&#8221;60&#8243;][vc_row_inner][vc_column_inner width=&#8221;1\/2&#8243;][mk_image src=&#8221;https:\/\/kwf-hilger.com\/wp-content\/uploads\/2019\/06\/nishat-mills-10.jpg&#8221; image_size=&#8221;large&#8221; lightbox=&#8221;true&#8221; align=&#8221;center&#8221; el_class=&#8221;letterhough&#8221;][\/vc_column_inner][vc_column_inner width=&#8221;1\/2&#8243;][mk_image src=&#8221;https:\/\/kwf-hilger.com\/wp-content\/uploads\/2019\/06\/website-achsen-2.jpg&#8221; image_size=&#8221;full&#8221; lightbox=&#8221;true&#8221; align=&#8221;center&#8221; el_class=&#8221;letterhough&#8221;][\/vc_column_inner][\/vc_row_inner][mk_padding_divider size=&#8221;60&#8243;][vc_row_inner][vc_column_inner width=&#8221;1\/2&#8243;][vc_column_text css=&#8221;.vc_custom_1567160636098{margin-bottom: 0px !important;}&#8221;]\n<h3 class=\"p1\"><span class=\"s1\" style=\"color: #00005e;\">Vantaggi<\/span><\/h3>\n[\/vc_column_text][vc_separator color=&#8221;custom&#8221; accent_color=&#8221;#00005e&#8221;][mk_custom_list style=&#8221;mk-icon-caret-right&#8221;]\n<ul>\n<li>Eccellente prestazione di strizzatura grazie all&#8217;effetto combinato di aspirazione profonda e strizzatura (20-50% in pi\u00f9 rispetto a gomma e PU)<\/li>\n<li>Maggiori velocit\u00e0 di asciugatura ottenibili<\/li>\n<li>I rulli Roberto\u2122 consentono un significativo risparmio energetico (fino al 40%)<\/li>\n<li>Rapido recupero dell\u2019investimento &#8211; la spesa iniziale pu\u00f2 essere bilanciata dal risparmio energetico gi\u00e0 in pochi mesi<\/li>\n<li>Sviluppati appositamente per resistere anche alla maggior parte delle sostanze chimiche di lavorazione<\/li>\n<li>Azione di strizzatura pi\u00f9 delicata grazie all&#8217;estrema resilienza, rispetto ai rulli duri che possono danneggiare la struttura in fibra del tessuto<\/li>\n<li>I rulli Roberto\u2122 possono essere usati per sostituire altri tipi di rulli di strizzatura e possono essere messi in funzione insieme a rulli in metallo, ebanite e gomma dura<\/li>\n<li>I rulli Roberto\u2122 possono essere rettificati molte volte in pi\u00f9 rispetto ai rulli di strizzaturao convenzionali, grazie allo spessore dell\u2019involucrocon una conseguente maggiore vita utile del rullo<\/li>\n<\/ul>\n[\/mk_custom_list][\/vc_column_inner][vc_column_inner width=&#8221;1\/2&#8243;][vc_column_text css=&#8221;.vc_custom_1570014502740{margin-bottom: 0px !important;}&#8221;]\n<h3 class=\"p1\"><span class=\"s1\" style=\"color: #00005e;\">Risultati di prestazione<\/span><\/h3>\n[\/vc_column_text][vc_separator color=&#8221;custom&#8221; accent_color=&#8221;#00005e&#8221;][vc_column_text css=&#8221;.vc_custom_1570014509597{margin-bottom: 0px !important;}&#8221;]\n<p class=\"p2\"><span class=\"s1\" style=\"color: #00005e;\">I risultati di prestazione illustrati di seguito sono stati raggiunti con 50 m \/ minuto, 54 kg \/ cm di carico e a 20\u00b0C<\/span><\/p>\n[\/vc_column_text][mk_padding_divider size=&#8221;20&#8243;][mk_padding_divider size=&#8221;20&#8243;][mk_image src=&#8221;https:\/\/kwf-hilger.com\/wp-content\/uploads\/2019\/03\/bildschirmfoto-2019-03-29-um-14.38.10.png&#8221; image_size=&#8221;full&#8221; lightbox=&#8221;true&#8221;][\/vc_column_inner][\/vc_row_inner][\/vc_column][vc_column][vc_row_inner el_id=&#8221;nollap&#8221;][vc_column_inner][mk_padding_divider size=&#8221;60&#8243;][mk_padding_divider size=&#8221;60&#8243;][vc_column_text css=&#8221;.vc_custom_1560865563087{margin-bottom: 0px !important;}&#8221;]\n<h2 style=\"text-align: center;\"><span style=\"color: #00005e;\">Nollap\u2122 <\/span><\/h2>\n[\/vc_column_text][vc_column_text css=&#8221;.vc_custom_1567160665610{margin-bottom: 0px !important;}&#8221;]\n<p style=\"text-align: center;\"><span style=\"color: #00005e;\">Rulli di strizzaggio ad elevata rimozione per fibre in viscosa<\/span><\/p>\n[\/vc_column_text][vc_separator color=&#8221;custom&#8221; border_width=&#8221;2&#8243; accent_color=&#8221;#00005e&#8221;][\/vc_column_inner][\/vc_row_inner][vc_row_inner][vc_column_inner width=&#8221;1\/2&#8243;][vc_column_text css=&#8221;.vc_custom_1567160672819{margin-bottom: 0px !important;}&#8221;]\n<h3 class=\"p1\"><span class=\"s1\" style=\"color: #00005e;\">Applicazioni<\/span><\/h3>\n[\/vc_column_text][vc_separator color=&#8221;custom&#8221; accent_color=&#8221;#00005e&#8221;][vc_column_text css=&#8221;.vc_custom_1570014525704{margin-bottom: 0px !important;}&#8221;]\n<p style=\"color: #00005e; text-align: justify !important;\">I rulli in fibra Nollap\u2122 sono progettati per la strizzatura altamente efficiente di fibre sintetiche di viscosa e filati. Di solito si ottiene un\u2019umidit\u00e0 residua pari al 100%, con conseguente elevato risparmio sui costi energetici rispetto alla strizzatura con un rullo in gomma o con rulli in acciaio doppi.<\/p>\n[\/vc_column_text][mk_padding_divider size=&#8221;20&#8243;][mk_padding_divider size=&#8221;20&#8243;][vc_column_text css=&#8221;.vc_custom_1567160686963{margin-bottom: 0px !important;}&#8221;]\n<h3 class=\"p1\"><span style=\"color: #00005e;\">Descrizioni<\/span><\/h3>\n[\/vc_column_text][vc_separator color=&#8221;custom&#8221; accent_color=&#8221;#00005e&#8221;][vc_column_text css=&#8221;.vc_custom_1570014534223{margin-bottom: 0px !important;}&#8221;]\n<p style=\"color: #00005e; text-align: justify !important;\">I rulli in fibra Nollap\u2122 presentano una \u201cimbottitura\u201d in fibre speciali, microporosa e altamente compressa, rivestita con un composto di lattice, che tiene gli elementi costantemente legati tra loro.<\/p>\n[\/vc_column_text][\/vc_column_inner][vc_column_inner width=&#8221;1\/2&#8243;][mk_image src=&#8221;https:\/\/kwf-hilger.com\/wp-content\/uploads\/2019\/06\/nollap-4.jpg&#8221; image_size=&#8221;full&#8221; lightbox=&#8221;true&#8221; align=&#8221;center&#8221; el_class=&#8221;letterhough&#8221;][mk_padding_divider size=&#8221;20&#8243;][\/vc_column_inner][\/vc_row_inner][mk_padding_divider size=&#8221;60&#8243;][vc_row_inner][vc_column_inner][mk_image src=&#8221;https:\/\/kwf-hilger.com\/wp-content\/uploads\/2019\/06\/nollap-3.jpg&#8221; image_size=&#8221;full&#8221; lightbox=&#8221;true&#8221; align=&#8221;center&#8221; el_class=&#8221;letterhough&#8221;][\/vc_column_inner][\/vc_row_inner][mk_padding_divider size=&#8221;60&#8243;][vc_row_inner][vc_column_inner width=&#8221;1\/2&#8243;][vc_column_text css=&#8221;.vc_custom_1567160701231{margin-bottom: 0px !important;}&#8221;]\n<h3 class=\"p1\"><span class=\"s1\" style=\"color: #00005e;\">Funzionamento<\/span><\/h3>\n[\/vc_column_text][vc_separator color=&#8221;custom&#8221; accent_color=&#8221;#00005e&#8221;][mk_custom_list style=&#8221;mk-icon-caret-right&#8221;]\n<ul>\n<li>Per natura, le fibre in viscosa sono altamente igroscopiche e non rilasciano facilmente i liquidi. Le fibre fluiscono liberamente, rendendo lo spessore del tappetino irregolare e ci\u00f2 causa sollecitazioni diverse alla scanalatura del rullo.<\/li>\n<li>Le fibre in viscosa sono sensibili alle contaminazioni. KWF progetta e produce i rulli Nollap\u2122 per questa speciale applicazione e utilizza materiale che non pu\u00f2 contaminare le fibre.<\/li>\n<li>Siamo diventati leader in questa tecnologia, sviluppando un design con coppia elevata per questo tipo di funzionamento. Aggiorniamo e miglioriamo costantemente i rulli Nollap\u2122 in base ai risultati forniti da Ricerca &amp; Sviluppo e ai feedback dei clienti.<\/li>\n<li>Quando la fibra o il filato entra nella scanalatura, il liquido in eccesso viene eliminato tramite strizzatura e, immediatamente dopo la scanalatura, il liquido in eccesso viene aspirato nel rullo parzialmente fuoriuscito; in tal modo si crea un sistema di estrazione altamente efficiente.<\/li>\n<\/ul>\n[\/mk_custom_list][mk_image src=&#8221;https:\/\/kwf-hilger.com\/wp-content\/uploads\/2019\/06\/nollap-2.jpg&#8221; image_size=&#8221;full&#8221; lightbox=&#8221;true&#8221; align=&#8221;center&#8221; el_class=&#8221;letterhough&#8221;][\/vc_column_inner][vc_column_inner width=&#8221;1\/2&#8243;][vc_column_text css=&#8221;.vc_custom_1567160718947{margin-bottom: 0px !important;}&#8221;]\n<div id=\"list-27\" class=\"mk-list-styles mk-align-none clear\" data-charcode=\"mk-moon-thumbs-up-3\" data-family=\"\">\n<h3 class=\"p1\"><span class=\"s1\" style=\"color: #00005e;\">Vantaggi<\/span><\/h3>\n<\/div>\n[\/vc_column_text][vc_separator color=&#8221;custom&#8221; accent_color=&#8221;#00005e&#8221;][mk_custom_list style=&#8221;mk-icon-caret-right&#8221;]\n<ul>\n<li>Di norma si ottiene un\u2019umidit\u00e0 residua pari a circa il 100%, con conseguente elevato risparmio in corrispondenza degli essiccatori<\/li>\n<li>Un grande vantaggio rispetto ai rulli ricoperti in acciaio o gomma \u00e8 che nemmeno un letto di fibre disuniforme rappresenta un problema per il rullo Nollap\u2122<\/li>\n<li>I segni di danni vengono eliminati facilmente grazie alla natura resiliente del materiale di \u201cimbottitura\u201d<\/li>\n<li>Gli oggetti estranei, come piccoli pezzi di macchinario o altri detriti, cadono semplicemente nel rullo e non devono essere rimossi<\/li>\n<li>Diversamente dai rulli in plastica, che si danneggiano facilmente e non sono in grado di resistere alle elevate pressioni di strizzatura, grazie alla loro struttura laminata e all&#8217;elevato grado di resilienza, i rulli in fibra Nollap\u2122 si riprendono facilmente da eventuali danni<\/li>\n<li>Con i rulli in fibra Nollap\u2122 \u00e8 possibile ottenere pressioni di strizzatura superiori a 215kg per cm lineare<\/li>\n<li>I rulli in fibra Nollap\u2122 garantiscono un risparmio medio sui costi energetici pari al 20% rispetto ai rulli in gomma comuni<\/li>\n<li>I rulli in fibra Nollap\u2122 possono essere rettificati al fine di rimuovere segni insolitamente profondi<\/li>\n<li>I rulli in fibra Nollap\u2122 possono sostituire semplicemente altri tipi di rulli di strizzatura e possono essere ricaricati appena raggiunto il diametro minimo<\/li>\n<li>I vantaggi operativi dei rulli in fibra Nollap\u2122 superano di gran lunga l\u2019entit\u00e0 di costo<\/li>\n<li>I rulli in fibra migliorano l&#8217;effetto di strizzatura senza dover applicare alcuna pressione sulle fibre<\/li>\n<li>I rulli in fibra Nollap\u2122 hanno un coefficiente di frizione molto maggiore rispetto ai rulli in metallo \/ gomma, eliminando cos\u00ec lo slittamento<\/li>\n<li>L\u2019elevato coefficiente di frizione nei rulli in fibra Nollap\u2122 non presenta punti duri o interruzioni, n\u00e9 causa macchie sulle fibre di viscosa<\/li>\n<li>I rulli in fibra Nollap\u2122 durano di norma oltre 5 anni, mentre il periodo di recupero dell\u2019investimento ammonta a meno di un anno<\/li>\n<\/ul>\n[\/mk_custom_list][\/vc_column_inner][\/vc_row_inner][\/vc_column][vc_column][vc_row_inner el_id=&#8221;robertex&#8221;][vc_column_inner][mk_padding_divider size=&#8221;60&#8243;][mk_padding_divider size=&#8221;60&#8243;][vc_column_text css=&#8221;.vc_custom_1560958253181{margin-bottom: 0px !important;}&#8221;]\n<h2 style=\"text-align: center;\"><span style=\"color: #00005e;\">Robertex\u2122<\/span><\/h2>\n[\/vc_column_text][vc_column_text css=&#8221;.vc_custom_1567160737268{margin-bottom: 0px !important;}&#8221;]\n<p class=\"p1\" style=\"text-align: center;\"><span class=\"s1\" style=\"color: #00005e;\"> Rulli resistenti alle sostanze chimiche <\/span><\/p>\n[\/vc_column_text][vc_separator color=&#8221;custom&#8221; border_width=&#8221;2&#8243; accent_color=&#8221;#00005e&#8221;][\/vc_column_inner][\/vc_row_inner][vc_row_inner][vc_column_inner width=&#8221;1\/2&#8243;][vc_column_text css=&#8221;.vc_custom_1570014573148{margin-bottom: 0px !important;}&#8221;]\n<p style=\"color: #00005e; text-align: justify !important;\">Vi presentiamo il Robertex\u2122 &#8211; il primo rullo di strizzatura ad alta prestazione resistente alle sostanze chimiche, appositamente progettato per operare in ambienti aggressivi di lavorazioni tessili. La scelta ideale per l\u2019uso in ambienti caustici o acidi.<\/p>\n[\/vc_column_text][mk_padding_divider size=&#8221;20&#8243;][vc_column_text css=&#8221;.vc_custom_1567160751131{margin-bottom: 0px !important;}&#8221;]\n<h3 class=\"p1\"><span class=\"s1\" style=\"color: #00005e;\">Applicazioni<\/span><\/h3>\n[\/vc_column_text][vc_separator color=&#8221;custom&#8221; accent_color=&#8221;#00005e&#8221;][mk_custom_list style=&#8221;mk-icon-caret-right&#8221;]\n<ul>\n<li>Estrazione altamente efficiente di liquidi da fibre tessute, lavorate, non tessute<\/li>\n<li>Estrazione altamente efficiente di liquidi da fibre singole &#8211; ad es. filati di rayon \u201cpost-trattamento\u201d<\/li>\n<\/ul>\n[\/mk_custom_list][\/vc_column_inner][vc_column_inner width=&#8221;1\/2&#8243;][mk_image src=&#8221;https:\/\/kwf-hilger.com\/wp-content\/uploads\/2019\/06\/img_7772.jpg&#8221; image_size=&#8221;full&#8221; lightbox=&#8221;true&#8221; align=&#8221;center&#8221; el_class=&#8221;letterhough&#8221;][\/vc_column_inner][\/vc_row_inner][mk_padding_divider size=&#8221;60&#8243;][vc_row_inner][vc_column_inner width=&#8221;1\/2&#8243;][vc_column_text css=&#8221;.vc_custom_1567160769908{margin-bottom: 0px !important;}&#8221;]\n<h3 class=\"p1\"><span class=\"s1\" style=\"color: #00005f;\">Costruzione<\/span><\/h3>\n[\/vc_column_text][vc_separator color=&#8221;custom&#8221; accent_color=&#8221;#00005e&#8221;][vc_column_text css=&#8221;.vc_custom_1570014600531{margin-bottom: 0px !important;}&#8221;]\n<p style=\"color: #00005e; text-align: justify !important;\"><span style=\"color: #00005e;\">I rulli in fibra Robertex\u2122 sono realizzati con alberi con anima in acciaio di alta qualit\u00e0 e terminali in acciaio o acciaio inox che trattengono un involucro in fibra microporosa ad elevata compressione, realizzato con fibre miste ricoperte con un materiale legante sintetico. La gamma di materiali Robertex\u2122 disponibile \u00e8 talmente ampia da soddisfare diverse applicazioni per il settore tessile.<\/span><\/p>\n<p style=\"color: #00005e; text-align: justify !important;\"><span style=\"color: #00005e;\"><br \/>\nGli involucri dei rulli Robertex\u2122 sono costituiti da una matrice a base di fibra, con superficie e interno porosi. Le fibre sono legate tra loro meccanicamente e mediante un trattamento termico e chimico. L\u2019involucro possiede un volume vuoto pari a circa il 40% (piccole cavit\u00e0 interconnesse). La resilienza delle fibre e le caratteristiche elastiche del sistema legante garantisce che la struttura porosa \/ aperta abbia un elevato grado di flessibilit\u00e0, elasticit\u00e0 e forza.<\/span><\/p>\n<p>&nbsp;<\/p>\n[\/vc_column_text][\/vc_column_inner][vc_column_inner width=&#8221;1\/2&#8243;][vc_column_text css=&#8221;.vc_custom_1567160788044{margin-bottom: 0px !important;}&#8221;]\n<h3 class=\"p1\"><span class=\"s1\" style=\"color: #00005f;\">Vantaggi<\/span><\/h3>\n[\/vc_column_text][vc_separator color=&#8221;custom&#8221; accent_color=&#8221;#00005e&#8221;][mk_custom_list style=&#8221;mk-icon-caret-right&#8221;]La scelta ideale per l\u2019uso in ambienti caustici o acidi<\/p>\n<ul>\n<li>Intervallo di pH operativo: 0-14<\/li>\n<li>Temperatura massima: 100c<\/li>\n<li>Robertex\u2122 \u00e8 l\u2019alternativa ad elevata prestazione ai rulli in gomma<\/li>\n<li>grazie alla sua esclusiva fibra sintetica non tessuta. Robertex\u2122 dura fino a 10 volte di pi\u00f9 dei rulli in gomma, con una capacit\u00e0 idroespellente eccezionalmente conveniente<\/li>\n<li>Costi chimici ridotti &#8211; grazie alla riduzione della contaminazione incrociata, Robertex\u2122 aiuta a ridurre il consumo di liquidi, tagliando i costi di smaltimento<\/li>\n<li>Robertex\u2122 pu\u00f2 durare molto pi\u00f9 a lungo dei rulli in gomma e la minore sostituzione necessaria consente tempi di fermo minori e maggiore produttivit\u00e0<\/li>\n<\/ul>\n[\/mk_custom_list][\/vc_column_inner][\/vc_row_inner][mk_padding_divider size=&#8221;60&#8243;][mk_padding_divider size=&#8221;60&#8243;][\/vc_column][\/mk_page_section]\n<\/div>","protected":false},"excerpt":{"rendered":"<p>[mk_page_section bg_image=&#8221;https:\/\/kwf-hilger.com\/wp-content\/uploads\/2019\/04\/kwf_bild_intro_blau.jpg&#8221; bg_position=&#8221;left bottom&#8221; bg_repeat=&#8221;no-repeat&#8221; bg_stretch=&#8221;true&#8221; speed_factor=&#8221;0.4&#8243; video_color_mask=&#8221;#1b34b5&#8243; video_opacity=&#8221;0.5&#8243; min_height=&#8221;400&#8243; full_width=&#8221;true&#8221; js_vertical_centered=&#8221;true&#8221; padding_top=&#8221;0&#8243; padding_bottom=&#8221;0&#8243; sidebar=&#8221;sidebar-1&#8243;][vc_column][vc_column_text animation=&#8221;scale-up&#8221; el_class=&#8221;schatten&#8221; css=&#8221;.vc_custom_1567160552234{margin-bottom: 0px !important;}&#8221;] Rulli di strizzaggio per il settore tessile [\/vc_column_text][mk_padding_divider][vc_row_inner][vc_column_inner width=&#8221;1\/3&#8243;][mk_button dimension=&#8221;outline&#8221; size=&#8221;large&#8221; url=&#8221;#roberto&#8221; align=&#8221;center&#8221; fullwidth=&#8221;true&#8221; outline_skin=&#8221;custom&#8221; outline_active_color=&#8221;#ffffff&#8221; outline_hover_bg_color=&#8221;#ffffff&#8221; outline_hover_color=&#8221;#00005e&#8221;]Roberto\u2122[\/mk_button][\/vc_column_inner][vc_column_inner width=&#8221;1\/3&#8243;][mk_button dimension=&#8221;outline&#8221; size=&#8221;large&#8221; url=&#8221;#nollap&#8221; align=&#8221;center&#8221; fullwidth=&#8221;true&#8221; outline_skin=&#8221;custom&#8221; outline_active_color=&#8221;#ffffff&#8221; outline_hover_bg_color=&#8221;#ffffff&#8221; outline_hover_color=&#8221;#00005e&#8221;]Nollap\u2122[\/mk_button][\/vc_column_inner][vc_column_inner width=&#8221;1\/3&#8243;][mk_button dimension=&#8221;outline&#8221; size=&#8221;large&#8221; url=&#8221;#robertex&#8221; align=&#8221;center&#8221; fullwidth=&#8221;true&#8221; outline_skin=&#8221;custom&#8221; [&hellip;]<\/p>\n","protected":false},"author":1,"featured_media":0,"parent":0,"menu_order":0,"comment_status":"closed","ping_status":"closed","template":"","meta":{"footnotes":""},"class_list":["post-1623","page","type-page","status-publish","hentry"],"_links":{"self":[{"href":"https:\/\/kwf-hilger.com\/it\/wp-json\/wp\/v2\/pages\/1623","targetHints":{"allow":["GET"]}}],"collection":[{"href":"https:\/\/kwf-hilger.com\/it\/wp-json\/wp\/v2\/pages"}],"about":[{"href":"https:\/\/kwf-hilger.com\/it\/wp-json\/wp\/v2\/types\/page"}],"author":[{"embeddable":true,"href":"https:\/\/kwf-hilger.com\/it\/wp-json\/wp\/v2\/users\/1"}],"replies":[{"embeddable":true,"href":"https:\/\/kwf-hilger.com\/it\/wp-json\/wp\/v2\/comments?post=1623"}],"version-history":[{"count":34,"href":"https:\/\/kwf-hilger.com\/it\/wp-json\/wp\/v2\/pages\/1623\/revisions"}],"predecessor-version":[{"id":1754,"href":"https:\/\/kwf-hilger.com\/it\/wp-json\/wp\/v2\/pages\/1623\/revisions\/1754"}],"wp:attachment":[{"href":"https:\/\/kwf-hilger.com\/it\/wp-json\/wp\/v2\/media?parent=1623"}],"curies":[{"name":"wp","href":"https:\/\/api.w.org\/{rel}","templated":true}]}}